{"id":11374,"date":"2023-04-13T23:07:15","date_gmt":"2023-04-14T03:07:15","guid":{"rendered":"https:\/\/victoriavynn.ca\/product\/victoria-vynn-professional-drill-bit-diamond-groove-ball-5mm\/"},"modified":"2026-03-22T14:10:51","modified_gmt":"2026-03-22T18:10:51","slug":"meilleur-foret-professionnel-pour-clous-a-bille-5mm","status":"publish","type":"product","link":"https:\/\/victoriavynn.ca\/fr\/product\/best-professional-ball-nail-drill-bit-5mm\/","title":{"rendered":"Victoria VYNN Professional Drill Bit Diamond Groove Ball 5mm"},"content":{"rendered":"<p>Le meilleur foret professionnel pour les ongles \u00e0 bille. Longue dur\u00e9e de vie et super efficace.<\/p>\n<p>Le tr\u00e9pan diamant\u00e9 en forme de boule est utilis\u00e9 pour lisser les plis p\u00e9riungu\u00e9aux. La surface cannel\u00e9e ne chauffe pas et dissipe parfaitement la chaleur.<\/p>\n<p>La pr\u00e9paration de la plaque de l'ongle est une \u00e9tape obligatoire qui ne doit pas \u00eatre n\u00e9glig\u00e9e ! Si l'on veut obtenir un dessin beau et durable, il faut travailler soigneusement les ongles et les cuticules qui les entourent. Des outils de manucure et de p\u00e9dicure de qualit\u00e9 et bien adapt\u00e9s vous permettront d'obtenir rapidement l'effet d\u00e9sir\u00e9. Familiarisez-vous avec notre offre et concentrez-vous sur le confort du travail !<\/p>\n<p>&nbsp;<\/p>","protected":false},"excerpt":{"rendered":"<p>Le meilleur foret professionnel pour clous \u00e0 bille. Longue dur\u00e9e de vie et super efficace. Victoria VYNN est la marque de fournitures pour ongles de salon la plus vendue au Canada.<\/p>\n<p>Sp\u00e9cifications du produit :<\/p>\n<p><img loading=\"lazy\" decoding=\"async\" class=\"size-full wp-image-8772 alignleft\" src=\"https:\/\/victoriavynn.ca\/wp-content\/uploads\/2019\/11\/SALON-QUALITY.webp\" alt=\"GEL NAIL BUILDER\" width=\"125\" height=\"150\" \/><\/p>\n<p><img loading=\"lazy\" decoding=\"async\" class=\"size-full wp-image-11515 alignleft\" src=\"https:\/\/victoriavynn.ca\/wp-content\/uploads\/2023\/04\/STRONG-DURABLE.webp\" alt=\"SOLIDE ET DURABLE\" width=\"125\" height=\"150\" srcset=\"https:\/\/i0.wp.com\/victoriavynn.ca\/wp-content\/uploads\/2023\/04\/STRONG-DURABLE.webp?w=125&amp;ssl=1 125w, https:\/\/i0.wp.com\/victoriavynn.ca\/wp-content\/uploads\/2023\/04\/STRONG-DURABLE.webp?resize=10%2C12&amp;ssl=1 10w\" sizes=\"auto, (max-width: 125px) 100vw, 125px\" \/><\/p>\n<p><img loading=\"lazy\" decoding=\"async\" class=\"size-full wp-image-11627 alignleft\" src=\"https:\/\/victoriavynn.ca\/wp-content\/uploads\/2023\/04\/DIAMOND-MATERIAL.webp\" alt=\"MAT\u00c9RIAU EN DIAMANT\" width=\"125\" height=\"150\" srcset=\"https:\/\/i0.wp.com\/victoriavynn.ca\/wp-content\/uploads\/2023\/04\/DIAMOND-MATERIAL.webp?w=125&amp;ssl=1 125w, https:\/\/i0.wp.com\/victoriavynn.ca\/wp-content\/uploads\/2023\/04\/DIAMOND-MATERIAL.webp?resize=10%2C12&amp;ssl=1 10w\" sizes=\"auto, (max-width: 125px) 100vw, 125px\" \/><\/p>\n<p>&nbsp;<\/p>\n<p>&nbsp;<\/p>\n<p>&nbsp;<\/p>\n<p>&nbsp;<\/p>\n<p>&nbsp;<\/p>\n<p>&nbsp;<\/p>\n<p>&nbsp;<\/p>\n<p>&nbsp;<\/p>","protected":false},"featured_media":11634,"comment_status":"open","ping_status":"closed","template":"","meta":{"jetpack_post_was_ever_published":false,"jetpack_publicize_message":"","jetpack_publicize_feature_enabled":true,"jetpack_social_post_already_shared":false,"jetpack_social_options":{"image_generator_settings":{"template":"highway","default_image_id":0,"font":"","enabled":false},"version":2}},"product_brand":[],"product_cat":[571],"product_tag":[602,326,600],"class_list":{"0":"post-11374","1":"product","2":"type-product","3":"status-publish","4":"has-post-thumbnail","6":"product_cat-victoria-vynn-professional-nail-drill-bits","7":"product_tag-diamond-drill-bit","8":"product_tag-diamond-nail-drill-bit-ball","9":"product_tag-drill-bits","10":"product_shipping_class-cardboard-box","11":"pa_size-head-diameter-5-mm","13":"first","14":"instock","15":"taxable","16":"shipping-taxable","17":"purchasable","18":"product-type-simple"},"jetpack_publicize_connections":[],"jetpack-related-posts":[{"id":11284,"url":"https:\/\/victoriavynn.ca\/fr\/product\/best-professional-small-ball-drill-bit\/","url_meta":{"origin":11374,"position":0},"title":"Victoria VYNN Professional Drill Bit Diamond Small Ball 3.3mm","author":"Serge Sahakian","date":"avril 13, 2023","format":false,"excerpt":"Le meilleur foret professionnel \u00e0 petite bille. Longue dur\u00e9e de vie et super efficace. Le petit foret diamant\u00e9 en forme de boule est utilis\u00e9 pour enlever, nettoyer et lisser les plis p\u00e9riungu\u00e9aux. Victoria VYNN est la marque de fournitures de salon la plus vendue au Canada. Sp\u00e9cifications du produit : \u00a0 \u00a0 \u00a0 \u00a0 \u00a0 \u00a0 \u00a0 \u00a0","rel":"","context":"Similar post","block_context":{"text":"Similar post","link":""},"img":{"alt_text":"Victoria VYNN best professional small ball drill bit 3.3mm","src":"https:\/\/i0.wp.com\/victoriavynn.ca\/wp-content\/uploads\/2023\/04\/Victoria-VYNN-best-professional-small-ball-drill-bit-3.3mm.webp?fit=750%2C1000&ssl=1&resize=350%2C200","width":350,"height":200,"srcset":"https:\/\/i0.wp.com\/victoriavynn.ca\/wp-content\/uploads\/2023\/04\/Victoria-VYNN-best-professional-small-ball-drill-bit-3.3mm.webp?fit=750%2C1000&ssl=1&resize=350%2C200 1x, https:\/\/i0.wp.com\/victoriavynn.ca\/wp-content\/uploads\/2023\/04\/Victoria-VYNN-best-professional-small-ball-drill-bit-3.3mm.webp?fit=750%2C1000&ssl=1&resize=525%2C300 1.5x, https:\/\/i0.wp.com\/victoriavynn.ca\/wp-content\/uploads\/2023\/04\/Victoria-VYNN-best-professional-small-ball-drill-bit-3.3mm.webp?fit=750%2C1000&ssl=1&resize=700%2C400 2x"},"classes":[]},{"id":11376,"url":"https:\/\/victoriavynn.ca\/fr\/product\/best-professional-flame-nail-drill-bit-2-1\/","url_meta":{"origin":11374,"position":1},"title":"Victoria VYNN Professional Drill Bit Diamond Groove Flame 2.1mm","author":"Serge Sahakian","date":"avril 13, 2023","format":false,"excerpt":"Le meilleur foret professionnel pour ongles. Longue dur\u00e9e et super efficace. Victoria VYNN est la marque de fournitures pour ongles de salon la plus vendue au Canada. Sp\u00e9cifications du produit : \u00a0 \u00a0 \u00a0 \u00a0 \u00a0 \u00a0 \u00a0 \u00a0","rel":"","context":"Similar post","block_context":{"text":"Similar post","link":""},"img":{"alt_text":"Best Professional Flame Nail Drill Bit Victoria VYNN Groove 2.1","src":"https:\/\/i0.wp.com\/victoriavynn.ca\/wp-content\/uploads\/2023\/04\/Best-Professional-Flame-Nail-Drill-Bit-Victoria-VYNN-Grrove-2.1.webp?fit=750%2C1000&ssl=1&resize=350%2C200","width":350,"height":200,"srcset":"https:\/\/i0.wp.com\/victoriavynn.ca\/wp-content\/uploads\/2023\/04\/Best-Professional-Flame-Nail-Drill-Bit-Victoria-VYNN-Grrove-2.1.webp?fit=750%2C1000&ssl=1&resize=350%2C200 1x, https:\/\/i0.wp.com\/victoriavynn.ca\/wp-content\/uploads\/2023\/04\/Best-Professional-Flame-Nail-Drill-Bit-Victoria-VYNN-Grrove-2.1.webp?fit=750%2C1000&ssl=1&resize=525%2C300 1.5x, https:\/\/i0.wp.com\/victoriavynn.ca\/wp-content\/uploads\/2023\/04\/Best-Professional-Flame-Nail-Drill-Bit-Victoria-VYNN-Grrove-2.1.webp?fit=750%2C1000&ssl=1&resize=700%2C400 2x"},"classes":[]},{"id":11372,"url":"https:\/\/victoriavynn.ca\/fr\/product\/best-professional-mini-flame-drill-bit\/","url_meta":{"origin":11374,"position":2},"title":"Victoria VYNN Professional Drill Bit Diamond Flame 1.8mm","author":"Serge Sahakian","date":"avril 13, 2023","format":false,"excerpt":"Le meilleur mini-m\u00e8che \u00e0 flamme professionnelle. Longue dur\u00e9e et super efficace. Victoria VYNN est la marque de fournitures pour ongles de salon la plus vendue au Canada. Sp\u00e9cifications du produit : \u00a0 \u00a0 \u00a0 \u00a0 \u00a0 \u00a0 \u00a0 \u00a0","rel":"","context":"Similar post","block_context":{"text":"Similar post","link":""},"img":{"alt_text":"Victoria VYNN best professional mini flame drill bit 1.8mm","src":"https:\/\/i0.wp.com\/victoriavynn.ca\/wp-content\/uploads\/2023\/04\/Victoria-VYNN-best-professional-mini-flame-drill-bit-1.8mm.webp?fit=750%2C1000&ssl=1&resize=350%2C200","width":350,"height":200,"srcset":"https:\/\/i0.wp.com\/victoriavynn.ca\/wp-content\/uploads\/2023\/04\/Victoria-VYNN-best-professional-mini-flame-drill-bit-1.8mm.webp?fit=750%2C1000&ssl=1&resize=350%2C200 1x, https:\/\/i0.wp.com\/victoriavynn.ca\/wp-content\/uploads\/2023\/04\/Victoria-VYNN-best-professional-mini-flame-drill-bit-1.8mm.webp?fit=750%2C1000&ssl=1&resize=525%2C300 1.5x, https:\/\/i0.wp.com\/victoriavynn.ca\/wp-content\/uploads\/2023\/04\/Victoria-VYNN-best-professional-mini-flame-drill-bit-1.8mm.webp?fit=750%2C1000&ssl=1&resize=700%2C400 2x"},"classes":[]},{"id":11286,"url":"https:\/\/victoriavynn.ca\/fr\/product\/professional-small-flame-drill-bit-1-6mm\/","url_meta":{"origin":11374,"position":3},"title":"Victoria VYNN Professional Drill Bit Diamond Small Flame 1.6mm","author":"Serge Sahakian","date":"avril 13, 2023","format":false,"excerpt":"Le meilleur foret professionnel \u00e0 petite flamme. Longue dur\u00e9e de vie et super efficace. Il est parfait pour les manucures combin\u00e9es. Enl\u00e8ve avec pr\u00e9cision les cuticules et nettoie les plis p\u00e9riungu\u00e9aux des mains et des pieds. La forme de la flamme permet de repousser et de soulever d\u00e9licatement les cuticules. Il permet de retirer les cuticules dans les endroits difficiles d'acc\u00e8s....","rel":"","context":"Similar post","block_context":{"text":"Similar post","link":""},"img":{"alt_text":"VICTORIA VYNN best professional small flame drill bits 1.6mm","src":"https:\/\/i0.wp.com\/victoriavynn.ca\/wp-content\/uploads\/2023\/04\/best-professional-small-flame-nail-drill-bits-1.6mm.webp?fit=750%2C1000&ssl=1&resize=350%2C200","width":350,"height":200,"srcset":"https:\/\/i0.wp.com\/victoriavynn.ca\/wp-content\/uploads\/2023\/04\/best-professional-small-flame-nail-drill-bits-1.6mm.webp?fit=750%2C1000&ssl=1&resize=350%2C200 1x, https:\/\/i0.wp.com\/victoriavynn.ca\/wp-content\/uploads\/2023\/04\/best-professional-small-flame-nail-drill-bits-1.6mm.webp?fit=750%2C1000&ssl=1&resize=525%2C300 1.5x, https:\/\/i0.wp.com\/victoriavynn.ca\/wp-content\/uploads\/2023\/04\/best-professional-small-flame-nail-drill-bits-1.6mm.webp?fit=750%2C1000&ssl=1&resize=700%2C400 2x"},"classes":[]},{"id":11370,"url":"https:\/\/victoriavynn.ca\/fr\/product\/best-professional-ceramic-nail-drill-bit\/","url_meta":{"origin":11374,"position":4},"title":"Victoria VYNN Professional Drill Bit Ceramic Typhoon 6mm","author":"Serge Sahakian","date":"avril 13, 2023","format":false,"excerpt":"Le meilleur foret professionnel en c\u00e9ramique pour les ongles - Typhoon Format. Principalement utilis\u00e9 pour enlever le vernis en gel, le gel et l'acrylique. Longue dur\u00e9e de vie et super efficace. Le foret en c\u00e9ramique en forme de c\u00f4ne enl\u00e8ve avec pr\u00e9cision et rapidit\u00e9 le vernis hybride, le gel et la masse acrylique-gel. Lors du travail, le foret en c\u00e9ramique ne transf\u00e8re pas la chaleur...","rel":"","context":"Similar post","block_context":{"text":"Similar post","link":""},"img":{"alt_text":"best professional ceramic nail drill bit Typhoon 6mm","src":"https:\/\/i0.wp.com\/victoriavynn.ca\/wp-content\/uploads\/2023\/04\/best-professional-ceramic-nail-drill-bit.webp?fit=750%2C1000&ssl=1&resize=350%2C200","width":350,"height":200,"srcset":"https:\/\/i0.wp.com\/victoriavynn.ca\/wp-content\/uploads\/2023\/04\/best-professional-ceramic-nail-drill-bit.webp?fit=750%2C1000&ssl=1&resize=350%2C200 1x, https:\/\/i0.wp.com\/victoriavynn.ca\/wp-content\/uploads\/2023\/04\/best-professional-ceramic-nail-drill-bit.webp?fit=750%2C1000&ssl=1&resize=525%2C300 1.5x, https:\/\/i0.wp.com\/victoriavynn.ca\/wp-content\/uploads\/2023\/04\/best-professional-ceramic-nail-drill-bit.webp?fit=750%2C1000&ssl=1&resize=700%2C400 2x"},"classes":[]},{"id":11362,"url":"https:\/\/victoriavynn.ca\/fr\/product\/premium-carbide-nail-drill-bits-6mm\/","url_meta":{"origin":11374,"position":5},"title":"Victoria VYNN Professional Drill Bit Carbide Cyclone 6mm","author":"Serge Sahakian","date":"avril 13, 2023","format":false,"excerpt":"Les meilleurs forets \u00e0 ongles en carbure de premi\u00e8re qualit\u00e9 - Format professionnel \u00e0 double cyclone. Principalement utilis\u00e9 pour enlever le vernis en gel, le gel et l'acrylique. Longue dur\u00e9e de vie et super efficace. Le foret au carbure en forme de c\u00f4ne est fabriqu\u00e9 en carbure fritt\u00e9, une mati\u00e8re premi\u00e8re extr\u00eamement durable. L'un des forets les plus r\u00e9sistants, il...","rel":"","context":"Similar post","block_context":{"text":"Similar post","link":""},"img":{"alt_text":"Victoria VYNN best premium carbide nail drill bits professional cyclone 6mm","src":"https:\/\/i0.wp.com\/victoriavynn.ca\/wp-content\/uploads\/2023\/04\/Victoria-VYNN-best-premium-carbide-nail-drill-bits-professional-cyclone-6mm-.webp?fit=750%2C1000&ssl=1&resize=350%2C200","width":350,"height":200,"srcset":"https:\/\/i0.wp.com\/victoriavynn.ca\/wp-content\/uploads\/2023\/04\/Victoria-VYNN-best-premium-carbide-nail-drill-bits-professional-cyclone-6mm-.webp?fit=750%2C1000&ssl=1&resize=350%2C200 1x, https:\/\/i0.wp.com\/victoriavynn.ca\/wp-content\/uploads\/2023\/04\/Victoria-VYNN-best-premium-carbide-nail-drill-bits-professional-cyclone-6mm-.webp?fit=750%2C1000&ssl=1&resize=525%2C300 1.5x, https:\/\/i0.wp.com\/victoriavynn.ca\/wp-content\/uploads\/2023\/04\/Victoria-VYNN-best-premium-carbide-nail-drill-bits-professional-cyclone-6mm-.webp?fit=750%2C1000&ssl=1&resize=700%2C400 2x"},"classes":[]}],"jetpack_sharing_enabled":true,"_links":{"self":[{"href":"https:\/\/victoriavynn.ca\/fr\/wp-json\/wp\/v2\/product\/11374","targetHints":{"allow":["GET"]}}],"collection":[{"href":"https:\/\/victoriavynn.ca\/fr\/wp-json\/wp\/v2\/product"}],"about":[{"href":"https:\/\/victoriavynn.ca\/fr\/wp-json\/wp\/v2\/types\/product"}],"replies":[{"embeddable":true,"href":"https:\/\/victoriavynn.ca\/fr\/wp-json\/wp\/v2\/comments?post=11374"}],"wp:featuredmedia":[{"embeddable":true,"href":"https:\/\/victoriavynn.ca\/fr\/wp-json\/wp\/v2\/media\/11634"}],"wp:attachment":[{"href":"https:\/\/victoriavynn.ca\/fr\/wp-json\/wp\/v2\/media?parent=11374"}],"wp:term":[{"taxonomy":"product_brand","embeddable":true,"href":"https:\/\/victoriavynn.ca\/fr\/wp-json\/wp\/v2\/product_brand?post=11374"},{"taxonomy":"product_cat","embeddable":true,"href":"https:\/\/victoriavynn.ca\/fr\/wp-json\/wp\/v2\/product_cat?post=11374"},{"taxonomy":"product_tag","embeddable":true,"href":"https:\/\/victoriavynn.ca\/fr\/wp-json\/wp\/v2\/product_tag?post=11374"}],"curies":[{"name":"wp","href":"https:\/\/api.w.org\/{rel}","templated":true}]}}