{"id":1224,"date":"2020-03-15T12:31:48","date_gmt":"2020-03-15T16:31:48","guid":{"rendered":"https:\/\/victoriavynn.ca\/?post_type=product&#038;p=1224"},"modified":"2026-05-04T14:02:46","modified_gmt":"2026-05-04T18:02:46","slug":"couche-de-base-master-gel","status":"publish","type":"product","link":"https:\/\/victoriavynn.ca\/fr\/product\/master-gel-base-coat\/","title":{"rendered":"Master Gel Base Coat"},"content":{"rendered":"<div class=\"et_pb_section et_pb_section_8 my-row4 et_section_specialty\">\n<div class=\"et_pb_row et_pb_gutters3\">\n<div class=\"et_pb_column et_pb_column_1_2 et_pb_column_14 et_pb_specialty_column et_pb_css_mix_blend_mode_passthrough\">\n<div class=\"et_pb_row_inner et_pb_row_inner_4\">\n<div class=\"et_pb_column et_pb_column_4_4 et_pb_column_inner et_pb_column_inner_6 et-last-child\">\n<div class=\"et_pb_module et_pb_text et_pb_text_14 et_pb_bg_layout_light et_pb_text_align_left\">\n<div class=\"et_pb_text_inner\"><em>Un produit de base sp\u00e9cialement con\u00e7u pour le syst\u00e8me Master Gel.<\/em><\/div>\n<div><\/div>\n<\/div>\n<\/div>\n<\/div>\n<div class=\"et_pb_row_inner et_pb_row_inner_5 et_pb_row_1-4_1-4\">\n<div class=\"et_pb_column et_pb_column_1_4 et_pb_column_inner et_pb_column_inner_7\">\n<div class=\"et_pb_module et_pb_text et_pb_text_15 et_pb_bg_layout_light et_pb_text_align_left\">\n<div class=\"et_pb_text_inner\">\n<ul>\n<li class=\"p1\">Augmente l'adh\u00e9rence<\/li>\n<li class=\"p1\">\u00e9galise la plaque de l'ongle, ce qui facilite l'application du Master Gel.<\/li>\n<li class=\"p1\">Emp\u00eache l'air de p\u00e9n\u00e9trer<\/li>\n<li class=\"p1\">Temps de polym\u00e9risation dans une lampe LED 30 sec<\/li>\n<\/ul>\n<\/div>\n<\/div>\n<\/div>\n<div class=\"et_pb_column et_pb_column_1_4 et_pb_column_inner et_pb_column_inner_8\">\n<div class=\"et_pb_module et_pb_text et_pb_text_16 et_pb_bg_layout_light et_pb_text_align_left\">\n<div class=\"et_pb_text_inner\">\n<ul>\n<li class=\"p1\">Sans danger pour la plaque \u00e0 ongles<\/li>\n<li class=\"p1\">Durci dans une lampe LED en 30 secondes UV 120 secondes<\/li>\n<\/ul>\n<\/div>\n<\/div>\n<\/div>\n<\/div>\n<div class=\"et_pb_row_inner et_pb_row_inner_6 price-button-woo\">\n<div class=\"et_pb_column et_pb_column_4_4 et_pb_column_inner et_pb_column_inner_9 et-last-child\">\n<div class=\"et_pb_module et_pb_woopro_price et_pb_woopro_price_1\">\n<div class=\"et_pb_module_inner\"><\/div>\n<\/div>\n<div class=\"et_pb_module et_pb_woopro_add_to_cart et_pb_woopro_add_to_cart_1 hide-quantity\">\n<div class=\"et_pb_module_inner\"><\/div>\n<\/div>\n<\/div>\n<\/div>\n<\/div>\n<\/div>\n<\/div>\n<div class=\"et_pb_section et_pb_section_9 et_section_regular\">\n<div class=\"et_pb_row et_pb_row_7\"><\/div>\n<\/div>","protected":false},"excerpt":{"rendered":"<p>Victoria VYNN Master Gel System<\/p>","protected":false},"featured_media":1210,"comment_status":"open","ping_status":"closed","template":"","meta":[],"product_brand":[],"product_cat":[25],"product_tag":[],"class_list":{"0":"post-1224","1":"product","2":"type-product","3":"status-publish","4":"has-post-thumbnail","6":"product_cat-gel-acrylic-nails","7":"product_shipping_class-cardboard-box","9":"first","10":"instock","11":"taxable","12":"shipping-taxable","13":"purchasable","14":"product-type-simple"},"jetpack_sharing_enabled":true,"_links":{"self":[{"href":"https:\/\/victoriavynn.ca\/fr\/wp-json\/wp\/v2\/product\/1224","targetHints":{"allow":["GET"]}}],"collection":[{"href":"https:\/\/victoriavynn.ca\/fr\/wp-json\/wp\/v2\/product"}],"about":[{"href":"https:\/\/victoriavynn.ca\/fr\/wp-json\/wp\/v2\/types\/product"}],"replies":[{"embeddable":true,"href":"https:\/\/victoriavynn.ca\/fr\/wp-json\/wp\/v2\/comments?post=1224"}],"wp:featuredmedia":[{"embeddable":true,"href":"https:\/\/victoriavynn.ca\/fr\/wp-json\/wp\/v2\/media\/1210"}],"wp:attachment":[{"href":"https:\/\/victoriavynn.ca\/fr\/wp-json\/wp\/v2\/media?parent=1224"}],"wp:term":[{"taxonomy":"product_brand","embeddable":true,"href":"https:\/\/victoriavynn.ca\/fr\/wp-json\/wp\/v2\/product_brand?post=1224"},{"taxonomy":"product_cat","embeddable":true,"href":"https:\/\/victoriavynn.ca\/fr\/wp-json\/wp\/v2\/product_cat?post=1224"},{"taxonomy":"product_tag","embeddable":true,"href":"https:\/\/victoriavynn.ca\/fr\/wp-json\/wp\/v2\/product_tag?post=1224"}],"curies":[{"name":"wp","href":"https:\/\/api.w.org\/{rel}","templated":true}]}}