{"id":1226,"date":"2020-03-15T12:37:23","date_gmt":"2020-03-15T16:37:23","guid":{"rendered":"https:\/\/victoriavynn.ca\/?post_type=product&#038;p=1226"},"modified":"2026-04-02T16:54:56","modified_gmt":"2026-04-02T20:54:56","slug":"master-gel-liquide-200ml","status":"publish","type":"product","link":"https:\/\/victoriavynn.ca\/fr\/product\/master-gel-liquid-200ml\/","title":{"rendered":"Master Gel Liquid"},"content":{"rendered":"<div class=\"et_pb_row_inner et_pb_row_inner_4\">\n<div class=\"et_pb_column et_pb_column_4_4 et_pb_column_inner et_pb_column_inner_6 et-last-child\">\n<div class=\"et_pb_module et_pb_text et_pb_text_13 et_pb_bg_layout_light et_pb_text_align_left\">\n<div class=\"et_pb_text_inner\"><em>Liquide pour le mod\u00e8le de masse Master Gel<\/em><\/div>\n<div><\/div>\n<\/div>\n<\/div>\n<\/div>\n<div class=\"et_pb_row_inner et_pb_row_inner_5 et_pb_row_1-4_1-4\">\n<div class=\"et_pb_column et_pb_column_1_4 et_pb_column_inner et_pb_column_inner_7\">\n<div class=\"et_pb_module et_pb_text et_pb_text_14 et_pb_bg_layout_light et_pb_text_align_left\">\n<div class=\"et_pb_text_inner\">\n<ul>\n<li class=\"p1\">Associ\u00e9 \u00e0 la masse Master Gel, il lui conf\u00e8re une \u00e9lasticit\u00e9 et la possibilit\u00e9 d'\u00eatre facilement model\u00e9.<\/li>\n<li class=\"p1\">N'active pas le processus de polym\u00e9risation<\/li>\n<li>Ne contient pas de monom\u00e8res<\/li>\n<li>A une odeur agr\u00e9able et non irritante.<\/li>\n<\/ul>\n<\/div>\n<\/div>\n<\/div>\n<\/div>","protected":false},"excerpt":{"rendered":"<p>Victoria VYNN Master Gel System<\/p>","protected":false},"featured_media":1214,"comment_status":"open","ping_status":"closed","template":"","meta":{"jetpack_post_was_ever_published":false,"jetpack_publicize_message":"","jetpack_publicize_feature_enabled":true,"jetpack_social_post_already_shared":false,"jetpack_social_options":{"image_generator_settings":{"template":"highway","default_image_id":0,"font":"","enabled":false},"version":2}},"product_brand":[],"product_cat":[25],"product_tag":[],"class_list":{"0":"post-1226","1":"product","2":"type-product","3":"status-publish","4":"has-post-thumbnail","6":"product_cat-gel-acrylic-nails","7":"product_shipping_class-cardboard-box","9":"first","10":"instock","11":"taxable","12":"shipping-taxable","13":"purchasable","14":"product-type-simple"},"jetpack_publicize_connections":[],"jetpack-related-posts":[{"id":1202,"url":"https:\/\/victoriavynn.ca\/fr\/product\/acrylic-gel-canada-master-gel-60g\/","url_meta":{"origin":1226,"position":0},"title":"Master Gel (Acrygel)","author":"Serge Sahakian","date":"mars 15, 2020","format":false,"excerpt":"Best Selling Acrylic Gel in Canada! Victoria VYNN Master Gel is a 2 in 1 a combination of the benefits of acrylic and gel. The unique acrygel formula guarantees comfort of work, full control over the product, without time pressure. Provides a durable and flexible manicure. Safety Specifications: \u00a0 \u00a0\u2026","rel":"","context":"Similar post","block_context":{"text":"Similar post","link":""},"img":{"alt_text":"acrygel master gel","src":"https:\/\/i0.wp.com\/victoriavynn.ca\/wp-content\/uploads\/2020\/03\/master-gel-.webp?fit=750%2C1000&ssl=1&resize=350%2C200","width":350,"height":200,"srcset":"https:\/\/i0.wp.com\/victoriavynn.ca\/wp-content\/uploads\/2020\/03\/master-gel-.webp?fit=750%2C1000&ssl=1&resize=350%2C200 1x, https:\/\/i0.wp.com\/victoriavynn.ca\/wp-content\/uploads\/2020\/03\/master-gel-.webp?fit=750%2C1000&ssl=1&resize=525%2C300 1.5x, https:\/\/i0.wp.com\/victoriavynn.ca\/wp-content\/uploads\/2020\/03\/master-gel-.webp?fit=750%2C1000&ssl=1&resize=700%2C400 2x"},"classes":[]},{"id":1227,"url":"https:\/\/victoriavynn.ca\/fr\/product\/2in1-acrylgel-brush\/","url_meta":{"origin":1226,"position":1},"title":"Pinceau et spatule Master Gel","author":"Serge Sahakian","date":"mars 15, 2020","format":false,"excerpt":"Acrylgel Brush is a tool for the application of Master Gel with two ends: brush and spatula. Canada\u2019s Best Selling Gel Polish Brand Victoria VYNN provides the nail techs and professionals with High Quality Nail Products to create astonishing nail art finishes. Check our site frequently for new products!","rel":"","context":"Similar post","block_context":{"text":"Similar post","link":""},"img":{"alt_text":"Acrylgel Brush","src":"https:\/\/i0.wp.com\/victoriavynn.ca\/wp-content\/uploads\/2020\/03\/Acrylgel-Brush.png?fit=1000%2C1000&ssl=1&resize=350%2C200","width":350,"height":200,"srcset":"https:\/\/i0.wp.com\/victoriavynn.ca\/wp-content\/uploads\/2020\/03\/Acrylgel-Brush.png?fit=1000%2C1000&ssl=1&resize=350%2C200 1x, https:\/\/i0.wp.com\/victoriavynn.ca\/wp-content\/uploads\/2020\/03\/Acrylgel-Brush.png?fit=1000%2C1000&ssl=1&resize=525%2C300 1.5x, https:\/\/i0.wp.com\/victoriavynn.ca\/wp-content\/uploads\/2020\/03\/Acrylgel-Brush.png?fit=1000%2C1000&ssl=1&resize=700%2C400 2x"},"classes":[]},{"id":1228,"url":"https:\/\/victoriavynn.ca\/fr\/product\/acryilgel-tube-key\/","url_meta":{"origin":1226,"position":2},"title":"Cl\u00e9 Master Gel Tube","author":"Serge Sahakian","date":"mars 15, 2020","format":false,"excerpt":"The Ultimate Tube Key. Canada\u2019s Best Selling Gel Polish Brand Victoria VYNN provides the nail techs and professionals with High Quality Nail Products to create astonishing nail art finishes. Check our site frequently for new products! Tube squeezer Facilitates squeezing the mass out of the tube","rel":"","context":"Similar post","block_context":{"text":"Similar post","link":""},"img":{"alt_text":"tube key","src":"https:\/\/i0.wp.com\/victoriavynn.ca\/wp-content\/uploads\/2020\/03\/master-gel-wyciskacz.jpg?fit=753%2C753&ssl=1&resize=350%2C200","width":350,"height":200,"srcset":"https:\/\/i0.wp.com\/victoriavynn.ca\/wp-content\/uploads\/2020\/03\/master-gel-wyciskacz.jpg?fit=753%2C753&ssl=1&resize=350%2C200 1x, https:\/\/i0.wp.com\/victoriavynn.ca\/wp-content\/uploads\/2020\/03\/master-gel-wyciskacz.jpg?fit=753%2C753&ssl=1&resize=525%2C300 1.5x, https:\/\/i0.wp.com\/victoriavynn.ca\/wp-content\/uploads\/2020\/03\/master-gel-wyciskacz.jpg?fit=753%2C753&ssl=1&resize=700%2C400 2x"},"classes":[]},{"id":1225,"url":"https:\/\/victoriavynn.ca\/fr\/product\/master-gel-top-coat\/","url_meta":{"origin":1226,"position":3},"title":"Master Gel Top Coat","author":"Serge Sahakian","date":"mars 15, 2020","format":false,"excerpt":"Victoria VYNN Master Gel System","rel":"","context":"Similar post","block_context":{"text":"Similar post","link":""},"img":{"alt_text":"master gel top","src":"https:\/\/i0.wp.com\/victoriavynn.ca\/wp-content\/uploads\/2020\/03\/master-gel-top.webp?fit=750%2C1000&ssl=1&resize=350%2C200","width":350,"height":200,"srcset":"https:\/\/i0.wp.com\/victoriavynn.ca\/wp-content\/uploads\/2020\/03\/master-gel-top.webp?fit=750%2C1000&ssl=1&resize=350%2C200 1x, https:\/\/i0.wp.com\/victoriavynn.ca\/wp-content\/uploads\/2020\/03\/master-gel-top.webp?fit=750%2C1000&ssl=1&resize=525%2C300 1.5x, https:\/\/i0.wp.com\/victoriavynn.ca\/wp-content\/uploads\/2020\/03\/master-gel-top.webp?fit=750%2C1000&ssl=1&resize=700%2C400 2x"},"classes":[]},{"id":1224,"url":"https:\/\/victoriavynn.ca\/fr\/product\/master-gel-base-coat\/","url_meta":{"origin":1226,"position":4},"title":"Master Gel Base Coat","author":"Serge Sahakian","date":"mars 15, 2020","format":false,"excerpt":"Victoria VYNN Master Gel System","rel":"","context":"Similar post","block_context":{"text":"Similar post","link":""},"img":{"alt_text":"","src":"https:\/\/i0.wp.com\/victoriavynn.ca\/wp-content\/uploads\/2020\/03\/master-gel-base.jpg?fit=753%2C753&ssl=1&resize=350%2C200","width":350,"height":200,"srcset":"https:\/\/i0.wp.com\/victoriavynn.ca\/wp-content\/uploads\/2020\/03\/master-gel-base.jpg?fit=753%2C753&ssl=1&resize=350%2C200 1x, https:\/\/i0.wp.com\/victoriavynn.ca\/wp-content\/uploads\/2020\/03\/master-gel-base.jpg?fit=753%2C753&ssl=1&resize=525%2C300 1.5x, https:\/\/i0.wp.com\/victoriavynn.ca\/wp-content\/uploads\/2020\/03\/master-gel-base.jpg?fit=753%2C753&ssl=1&resize=700%2C400 2x"},"classes":[]},{"id":10897,"url":"https:\/\/victoriavynn.ca\/fr\/product\/victoria-vynn-color-chart-master-gel\/","url_meta":{"origin":1226,"position":5},"title":"Victoria VYNN Color Chart Master Gel","author":"Serge Sahakian","date":"mars 8, 2023","format":false,"excerpt":"","rel":"","context":"Similar post","block_context":{"text":"Similar post","link":""},"img":{"alt_text":"Victoria VYNN Master Gel Promotional Kit","src":"https:\/\/i0.wp.com\/victoriavynn.ca\/wp-content\/uploads\/2023\/03\/color-chart-master-gel-gb.jpeg?fit=1200%2C1200&ssl=1&resize=350%2C200","width":350,"height":200,"srcset":"https:\/\/i0.wp.com\/victoriavynn.ca\/wp-content\/uploads\/2023\/03\/color-chart-master-gel-gb.jpeg?fit=1200%2C1200&ssl=1&resize=350%2C200 1x, https:\/\/i0.wp.com\/victoriavynn.ca\/wp-content\/uploads\/2023\/03\/color-chart-master-gel-gb.jpeg?fit=1200%2C1200&ssl=1&resize=525%2C300 1.5x, https:\/\/i0.wp.com\/victoriavynn.ca\/wp-content\/uploads\/2023\/03\/color-chart-master-gel-gb.jpeg?fit=1200%2C1200&ssl=1&resize=700%2C400 2x, https:\/\/i0.wp.com\/victoriavynn.ca\/wp-content\/uploads\/2023\/03\/color-chart-master-gel-gb.jpeg?fit=1200%2C1200&ssl=1&resize=1050%2C600 3x"},"classes":[]}],"jetpack_sharing_enabled":true,"_links":{"self":[{"href":"https:\/\/victoriavynn.ca\/fr\/wp-json\/wp\/v2\/product\/1226","targetHints":{"allow":["GET"]}}],"collection":[{"href":"https:\/\/victoriavynn.ca\/fr\/wp-json\/wp\/v2\/product"}],"about":[{"href":"https:\/\/victoriavynn.ca\/fr\/wp-json\/wp\/v2\/types\/product"}],"replies":[{"embeddable":true,"href":"https:\/\/victoriavynn.ca\/fr\/wp-json\/wp\/v2\/comments?post=1226"}],"wp:featuredmedia":[{"embeddable":true,"href":"https:\/\/victoriavynn.ca\/fr\/wp-json\/wp\/v2\/media\/1214"}],"wp:attachment":[{"href":"https:\/\/victoriavynn.ca\/fr\/wp-json\/wp\/v2\/media?parent=1226"}],"wp:term":[{"taxonomy":"product_brand","embeddable":true,"href":"https:\/\/victoriavynn.ca\/fr\/wp-json\/wp\/v2\/product_brand?post=1226"},{"taxonomy":"product_cat","embeddable":true,"href":"https:\/\/victoriavynn.ca\/fr\/wp-json\/wp\/v2\/product_cat?post=1226"},{"taxonomy":"product_tag","embeddable":true,"href":"https:\/\/victoriavynn.ca\/fr\/wp-json\/wp\/v2\/product_tag?post=1226"}],"curies":[{"name":"wp","href":"https:\/\/api.w.org\/{rel}","templated":true}]}}