{"id":12266,"date":"2023-06-05T21:30:55","date_gmt":"2023-06-06T01:30:55","guid":{"rendered":"https:\/\/victoriavynn.ca\/product\/nailly-basic-pro-series-cuticle-nipper-jaw-16\/"},"modified":"2026-04-18T13:27:35","modified_gmt":"2026-04-18T17:27:35","slug":"nailly-basic-pro-series-cuticle-nipper-jaw-16","status":"publish","type":"product","link":"https:\/\/victoriavynn.ca\/fr\/product\/nailly-basic-pro-series-cuticle-nipper-jaw-16\/","title":{"rendered":"Nailly Basic Pro Series Pince \u00e0 cuticules M\u00e2choire 16"},"content":{"rendered":"","protected":false},"excerpt":{"rendered":"","protected":false},"featured_media":12267,"comment_status":"open","ping_status":"closed","template":"","meta":{"jetpack_post_was_ever_published":false,"jetpack_publicize_message":"","jetpack_publicize_feature_enabled":true,"jetpack_social_post_already_shared":false,"jetpack_social_options":{"image_generator_settings":{"template":"highway","default_image_id":0,"font":"","enabled":false},"version":2}},"product_brand":[],"product_cat":[595],"product_tag":[605],"class_list":{"0":"post-12266","1":"product","2":"type-product","3":"status-publish","4":"has-post-thumbnail","6":"product_cat-nailly-manicure-nail-care-accessories","7":"product_tag-cuticle-nippers","8":"product_shipping_class-cardboard-box","10":"first","11":"instock","12":"taxable","13":"shipping-taxable","14":"purchasable","15":"product-type-simple"},"jetpack_publicize_connections":[],"jetpack-related-posts":[{"id":12268,"url":"https:\/\/victoriavynn.ca\/fr\/product\/nailly-basic-pro-series-cuticle-nipper-jaw-12\/","url_meta":{"origin":12266,"position":0},"title":"Nailly Basic Pro Series Pince \u00e0 cuticules M\u00e2choire 12","author":"Serge Sahakian","date":"juin 5, 2023","format":false,"excerpt":"","rel":"","context":"Similar post","block_context":{"text":"Similar post","link":""},"img":{"alt_text":"","src":"https:\/\/i0.wp.com\/victoriavynn.ca\/wp-content\/uploads\/2023\/06\/Nailly-Basic-Pro-Series-Cuticle-Nipper-Jaw-12-_-.png?fit=750%2C1000&ssl=1&resize=350%2C200","width":350,"height":200,"srcset":"https:\/\/i0.wp.com\/victoriavynn.ca\/wp-content\/uploads\/2023\/06\/Nailly-Basic-Pro-Series-Cuticle-Nipper-Jaw-12-_-.png?fit=750%2C1000&ssl=1&resize=350%2C200 1x, https:\/\/i0.wp.com\/victoriavynn.ca\/wp-content\/uploads\/2023\/06\/Nailly-Basic-Pro-Series-Cuticle-Nipper-Jaw-12-_-.png?fit=750%2C1000&ssl=1&resize=525%2C300 1.5x, https:\/\/i0.wp.com\/victoriavynn.ca\/wp-content\/uploads\/2023\/06\/Nailly-Basic-Pro-Series-Cuticle-Nipper-Jaw-12-_-.png?fit=750%2C1000&ssl=1&resize=700%2C400 2x"},"classes":[]},{"id":12358,"url":"https:\/\/victoriavynn.ca\/fr\/product\/nailly-basic-pro-series-cuticle-nipper-jaw-14\/","url_meta":{"origin":12266,"position":1},"title":"Nailly Basic Pro Series Pince \u00e0 cuticules M\u00e2choire 14","author":"Serge Sahakian","date":"juin 5, 2023","format":false,"excerpt":"","rel":"","context":"Similar post","block_context":{"text":"Similar post","link":""},"img":{"alt_text":"","src":"https:\/\/i0.wp.com\/victoriavynn.ca\/wp-content\/uploads\/2023\/06\/Nailly-Basic-Pro-Series-Cuticle-Nipper-Jaw-14-1.png?fit=750%2C1000&ssl=1&resize=350%2C200","width":350,"height":200,"srcset":"https:\/\/i0.wp.com\/victoriavynn.ca\/wp-content\/uploads\/2023\/06\/Nailly-Basic-Pro-Series-Cuticle-Nipper-Jaw-14-1.png?fit=750%2C1000&ssl=1&resize=350%2C200 1x, https:\/\/i0.wp.com\/victoriavynn.ca\/wp-content\/uploads\/2023\/06\/Nailly-Basic-Pro-Series-Cuticle-Nipper-Jaw-14-1.png?fit=750%2C1000&ssl=1&resize=525%2C300 1.5x, https:\/\/i0.wp.com\/victoriavynn.ca\/wp-content\/uploads\/2023\/06\/Nailly-Basic-Pro-Series-Cuticle-Nipper-Jaw-14-1.png?fit=750%2C1000&ssl=1&resize=700%2C400 2x"},"classes":[]},{"id":10409,"url":"https:\/\/victoriavynn.ca\/fr\/product\/staleks-full-jaw-cuticle-nipper-expert-11\/","url_meta":{"origin":12266,"position":2},"title":"Staleks Expert 11 Pince \u00e0 cuticules professionnelle","author":"Serge Sahakian","date":"f\u00e9vrier 3, 2023","format":false,"excerpt":"Pince \u00e0 cuticules professionnelle \u00e0 m\u00e2choire compl\u00e8te de haute qualit\u00e9. Staleks se consacre \u00e0 la qualit\u00e9 de ses produits. L'acier utilis\u00e9 pour la production des embouts est exceptionnellement r\u00e9sistant \u00e0 la corrosion et d'une duret\u00e9 in\u00e9gal\u00e9e, garantissant un tranchant durable. Nous nous sommes associ\u00e9s \u00e0 Staleks au Canada pour fournir un ensemble complet de produits professionnels...","rel":"","context":"Similar post","block_context":{"text":"Similar post","link":""},"img":{"alt_text":"Staleks Full Jaw Cuticle Nipper Expert 11","src":"https:\/\/i0.wp.com\/victoriavynn.ca\/wp-content\/uploads\/2023\/02\/Steleks-Full-Jaw-Cuticle-Nipper-Expert-11-11mm.webp?fit=750%2C1000&ssl=1&resize=350%2C200","width":350,"height":200,"srcset":"https:\/\/i0.wp.com\/victoriavynn.ca\/wp-content\/uploads\/2023\/02\/Steleks-Full-Jaw-Cuticle-Nipper-Expert-11-11mm.webp?fit=750%2C1000&ssl=1&resize=350%2C200 1x, https:\/\/i0.wp.com\/victoriavynn.ca\/wp-content\/uploads\/2023\/02\/Steleks-Full-Jaw-Cuticle-Nipper-Expert-11-11mm.webp?fit=750%2C1000&ssl=1&resize=525%2C300 1.5x, https:\/\/i0.wp.com\/victoriavynn.ca\/wp-content\/uploads\/2023\/02\/Steleks-Full-Jaw-Cuticle-Nipper-Expert-11-11mm.webp?fit=750%2C1000&ssl=1&resize=700%2C400 2x"},"classes":[]},{"id":15125,"url":"https:\/\/victoriavynn.ca\/fr\/product\/staleks-beauty-care-20-3mm-quarter-jaw-cuticle-nipper\/","url_meta":{"origin":12266,"position":3},"title":"Staleks Beauty &amp; Care 20 3mm Quarter Jaw Cuticle Nipper","author":"Serge Sahakian","date":"septembre 9, 2023","format":false,"excerpt":"NBC-20-3","rel":"","context":"Similar post","block_context":{"text":"Similar post","link":""},"img":{"alt_text":"","src":"https:\/\/i0.wp.com\/victoriavynn.ca\/wp-content\/uploads\/2023\/09\/staleks-beauty-care-cuticle-nipper-20_.png?fit=750%2C1000&ssl=1&resize=350%2C200","width":350,"height":200,"srcset":"https:\/\/i0.wp.com\/victoriavynn.ca\/wp-content\/uploads\/2023\/09\/staleks-beauty-care-cuticle-nipper-20_.png?fit=750%2C1000&ssl=1&resize=350%2C200 1x, https:\/\/i0.wp.com\/victoriavynn.ca\/wp-content\/uploads\/2023\/09\/staleks-beauty-care-cuticle-nipper-20_.png?fit=750%2C1000&ssl=1&resize=525%2C300 1.5x, https:\/\/i0.wp.com\/victoriavynn.ca\/wp-content\/uploads\/2023\/09\/staleks-beauty-care-cuticle-nipper-20_.png?fit=750%2C1000&ssl=1&resize=700%2C400 2x"},"classes":[]},{"id":17995,"url":"https:\/\/victoriavynn.ca\/fr\/product\/staleks-expert-80-9mm-full-jaw-professional-cuticle-nipper\/","url_meta":{"origin":12266,"position":4},"title":"Staleks Expert 80 9mm Full Jaw Professional Cuticle Nipper (pince \u00e0 cuticules professionnelle)","author":"Serge Sahakian","date":"mai 28, 2024","format":false,"excerpt":"NE-80-9","rel":"","context":"Similar post","block_context":{"text":"Similar post","link":""},"img":{"alt_text":"","src":"https:\/\/i0.wp.com\/victoriavynn.ca\/wp-content\/uploads\/2024\/05\/ne-80-9_3_result-800x800-1.jpg?fit=800%2C800&ssl=1&resize=350%2C200","width":350,"height":200,"srcset":"https:\/\/i0.wp.com\/victoriavynn.ca\/wp-content\/uploads\/2024\/05\/ne-80-9_3_result-800x800-1.jpg?fit=800%2C800&ssl=1&resize=350%2C200 1x, https:\/\/i0.wp.com\/victoriavynn.ca\/wp-content\/uploads\/2024\/05\/ne-80-9_3_result-800x800-1.jpg?fit=800%2C800&ssl=1&resize=525%2C300 1.5x, https:\/\/i0.wp.com\/victoriavynn.ca\/wp-content\/uploads\/2024\/05\/ne-80-9_3_result-800x800-1.jpg?fit=800%2C800&ssl=1&resize=700%2C400 2x"},"classes":[]},{"id":17997,"url":"https:\/\/victoriavynn.ca\/fr\/product\/staleks-expert-80-6mm-full-jaw-professional-cuticle-nipper\/","url_meta":{"origin":12266,"position":5},"title":"Staleks Expert 80 6mm Full Jaw Professional Cuticle Nipper","author":"Serge Sahakian","date":"mai 28, 2024","format":false,"excerpt":"NE-80-6","rel":"","context":"Similar post","block_context":{"text":"Similar post","link":""},"img":{"alt_text":"","src":"https:\/\/i0.wp.com\/victoriavynn.ca\/wp-content\/uploads\/2024\/05\/ne-80-6_3_result-800x800-1.jpg?fit=800%2C800&ssl=1&resize=350%2C200","width":350,"height":200,"srcset":"https:\/\/i0.wp.com\/victoriavynn.ca\/wp-content\/uploads\/2024\/05\/ne-80-6_3_result-800x800-1.jpg?fit=800%2C800&ssl=1&resize=350%2C200 1x, https:\/\/i0.wp.com\/victoriavynn.ca\/wp-content\/uploads\/2024\/05\/ne-80-6_3_result-800x800-1.jpg?fit=800%2C800&ssl=1&resize=525%2C300 1.5x, https:\/\/i0.wp.com\/victoriavynn.ca\/wp-content\/uploads\/2024\/05\/ne-80-6_3_result-800x800-1.jpg?fit=800%2C800&ssl=1&resize=700%2C400 2x"},"classes":[]}],"jetpack_sharing_enabled":true,"_links":{"self":[{"href":"https:\/\/victoriavynn.ca\/fr\/wp-json\/wp\/v2\/product\/12266","targetHints":{"allow":["GET"]}}],"collection":[{"href":"https:\/\/victoriavynn.ca\/fr\/wp-json\/wp\/v2\/product"}],"about":[{"href":"https:\/\/victoriavynn.ca\/fr\/wp-json\/wp\/v2\/types\/product"}],"replies":[{"embeddable":true,"href":"https:\/\/victoriavynn.ca\/fr\/wp-json\/wp\/v2\/comments?post=12266"}],"wp:featuredmedia":[{"embeddable":true,"href":"https:\/\/victoriavynn.ca\/fr\/wp-json\/wp\/v2\/media\/12267"}],"wp:attachment":[{"href":"https:\/\/victoriavynn.ca\/fr\/wp-json\/wp\/v2\/media?parent=12266"}],"wp:term":[{"taxonomy":"product_brand","embeddable":true,"href":"https:\/\/victoriavynn.ca\/fr\/wp-json\/wp\/v2\/product_brand?post=12266"},{"taxonomy":"product_cat","embeddable":true,"href":"https:\/\/victoriavynn.ca\/fr\/wp-json\/wp\/v2\/product_cat?post=12266"},{"taxonomy":"product_tag","embeddable":true,"href":"https:\/\/victoriavynn.ca\/fr\/wp-json\/wp\/v2\/product_tag?post=12266"}],"curies":[{"name":"wp","href":"https:\/\/api.w.org\/{rel}","templated":true}]}}