{"id":1227,"date":"2020-03-15T08:39:05","date_gmt":"2020-03-15T12:39:05","guid":{"rendered":"https:\/\/victoriavynn.ca\/?post_type=product&#038;p=1227"},"modified":"2026-03-20T09:17:19","modified_gmt":"2026-03-20T13:17:19","slug":"pinceau-acrylgel-2en1","status":"publish","type":"product","link":"https:\/\/victoriavynn.ca\/fr\/product\/2in1-acrylgel-brush\/","title":{"rendered":"Pinceau et spatule Master Gel"},"content":{"rendered":"<div class=\"et_pb_section et_pb_section_8 my-row4 et_section_specialty\">\n<div class=\"et_pb_row et_pb_gutters3\">\n<div class=\"et_pb_column et_pb_column_1_2 et_pb_column_14 et_pb_specialty_column et_pb_css_mix_blend_mode_passthrough\">\n<div class=\"et_pb_row_inner et_pb_row_inner_4\">\n<div class=\"et_pb_column et_pb_column_4_4 et_pb_column_inner et_pb_column_inner_6 et-last-child\">\n<div class=\"et_pb_module et_pb_text et_pb_text_13 et_pb_bg_layout_light et_pb_text_align_left\">\n<div class=\"et_pb_text_inner\">Acrylgel Brush est un outil pour l'application de Master Gel avec deux extr\u00e9mit\u00e9s : pinceau et spatule.<\/div>\n<\/div>\n<\/div>\n<\/div>\n<\/div>\n<\/div>\n<div><\/div>\n<div class=\"et_pb_row et_pb_gutters3\">\n<div class=\"et_pb_column et_pb_column_1_2 et_pb_column_14 et_pb_specialty_column et_pb_css_mix_blend_mode_passthrough\">\n<div class=\"et_pb_row_inner et_pb_row_inner_5 et_pb_row_1-4_1-4\">\n<div class=\"et_pb_column et_pb_column_1_4 et_pb_column_inner et_pb_column_inner_7\">\n<div class=\"et_pb_module et_pb_text et_pb_text_14 et_pb_bg_layout_light et_pb_text_align_left\">\n<div class=\"et_pb_text_inner\">\n<ul>\n<li class=\"p1\">Dans des emballages en aluminium<\/li>\n<li class=\"p1\">La spatule facilite le dosage de la masse du tube.<\/li>\n<li class=\"p1\">La brosse aux poils sp\u00e9ciaux et aux formes en demi-cercle permet une application pr\u00e9cise.<\/li>\n<\/ul>\n<p>Victoria VYNN, la marque de vernis \u00e0 gel la plus vendue au Canada, fournit aux proth\u00e9sistes ongulaires et aux professionnels des produits de haute qualit\u00e9 pour cr\u00e9er des finitions \u00e9tonnantes de nail art. V\u00e9rifiez notre site fr\u00e9quemment pour les nouveaux produits !<\/p>\n<\/div>\n<\/div>\n<\/div>\n<div class=\"et_pb_column et_pb_column_1_4 et_pb_column_inner et_pb_column_inner_8 et_pb_column_empty\"><\/div>\n<\/div>\n<div class=\"et_pb_row_inner et_pb_row_inner_6 price-button-woo\">\n<div class=\"et_pb_column et_pb_column_4_4 et_pb_column_inner et_pb_column_inner_9 et-last-child\">\n<div class=\"et_pb_module et_pb_woopro_price et_pb_woopro_price_1\">\n<div class=\"et_pb_module_inner\"><\/div>\n<\/div>\n<div class=\"et_pb_module et_pb_woopro_add_to_cart et_pb_woopro_add_to_cart_1 hide-quantity\">\n<div class=\"et_pb_module_inner\"><\/div>\n<\/div>\n<\/div>\n<\/div>\n<\/div>\n<\/div>\n<\/div>\n<div class=\"et_pb_section et_pb_section_9 et_section_regular\">\n<div class=\"et_pb_row et_pb_row_7\"><\/div>\n<\/div>","protected":false},"excerpt":{"rendered":"<p>Acrylgel Brush est un outil pour l'application de Master Gel avec deux extr\u00e9mit\u00e9s : pinceau et spatule.<\/p>\n<p>Victoria VYNN, la marque de vernis \u00e0 gel la plus vendue au Canada, fournit aux proth\u00e9sistes ongulaires et aux professionnels des produits de haute qualit\u00e9 pour cr\u00e9er des finitions \u00e9tonnantes de nail art. V\u00e9rifiez notre site fr\u00e9quemment pour les nouveaux produits !<\/p>","protected":false},"featured_media":7169,"comment_status":"open","ping_status":"closed","template":"","meta":{"jetpack_post_was_ever_published":false,"jetpack_publicize_message":"","jetpack_publicize_feature_enabled":true,"jetpack_social_post_already_shared":false,"jetpack_social_options":{"image_generator_settings":{"template":"highway","default_image_id":0,"font":"","enabled":false},"version":2}},"product_brand":[],"product_cat":[25],"product_tag":[],"class_list":{"0":"post-1227","1":"product","2":"type-product","3":"status-publish","4":"has-post-thumbnail","6":"product_cat-gel-acrylic-nails","7":"product_shipping_class-cardboard-box","9":"first","10":"instock","11":"taxable","12":"shipping-taxable","13":"purchasable","14":"product-type-simple"},"jetpack_publicize_connections":[],"jetpack-related-posts":[{"id":48886,"url":"https:\/\/victoriavynn.ca\/fr\/product\/victoria-vynn-nail-tech-essentials-set-14-pack\/","url_meta":{"origin":1227,"position":0},"title":"Victoria VYNN Nail Tech Essentials Set 14 Pack","author":"Serge Sahakian","date":"f\u00e9vrier 11, 2026","format":false,"excerpt":"What\u2019s Inside the Set? \u00a0Nail Prep & Foundation Salon Nail Prep 15ml Tape Bond 8ml Mega Base Clear 8ml Gel Polish No. 214 Top Oh! My Gloss 8ml \u00a0Builder & Sculpting System Salon Build Gel Base 15ml Mousse Gel Coral Soft No.3 15ml Master Gel Milky White No.2 60g Master\u2026","rel":"","context":"Similar post","block_context":{"text":"Similar post","link":""},"img":{"alt_text":"BUILD GEL SET new","src":"https:\/\/i0.wp.com\/victoriavynn.ca\/wp-content\/uploads\/2026\/02\/build-gel-set-new.webp?fit=750%2C1000&ssl=1&resize=350%2C200","width":350,"height":200,"srcset":"https:\/\/i0.wp.com\/victoriavynn.ca\/wp-content\/uploads\/2026\/02\/build-gel-set-new.webp?fit=750%2C1000&ssl=1&resize=350%2C200 1x, https:\/\/i0.wp.com\/victoriavynn.ca\/wp-content\/uploads\/2026\/02\/build-gel-set-new.webp?fit=750%2C1000&ssl=1&resize=525%2C300 1.5x, https:\/\/i0.wp.com\/victoriavynn.ca\/wp-content\/uploads\/2026\/02\/build-gel-set-new.webp?fit=750%2C1000&ssl=1&resize=700%2C400 2x"},"classes":[]},{"id":2946,"url":"https:\/\/victoriavynn.ca\/fr\/product\/victoria-vynn-nail-art-flat-gel-brush-4\/","url_meta":{"origin":1227,"position":1},"title":"Victoria VYNN Pinceau plat pour gel Nail Art 4","author":"Serge Sahakian","date":"ao\u00fbt 18, 2022","format":false,"excerpt":"Victoria VYNN Instruments et accessoires","rel":"","context":"Similar post","block_context":{"text":"Similar post","link":""},"img":{"alt_text":"","src":"https:\/\/i0.wp.com\/victoriavynn.ca\/wp-content\/uploads\/2022\/08\/nail-art-pedzel-do-zelu-4-plaski.jpeg?fit=700%2C700&ssl=1&resize=350%2C200","width":350,"height":200,"srcset":"https:\/\/i0.wp.com\/victoriavynn.ca\/wp-content\/uploads\/2022\/08\/nail-art-pedzel-do-zelu-4-plaski.jpeg?fit=700%2C700&ssl=1&resize=350%2C200 1x, https:\/\/i0.wp.com\/victoriavynn.ca\/wp-content\/uploads\/2022\/08\/nail-art-pedzel-do-zelu-4-plaski.jpeg?fit=700%2C700&ssl=1&resize=525%2C300 1.5x, https:\/\/i0.wp.com\/victoriavynn.ca\/wp-content\/uploads\/2022\/08\/nail-art-pedzel-do-zelu-4-plaski.jpeg?fit=700%2C700&ssl=1&resize=700%2C400 2x"},"classes":[]},{"id":2948,"url":"https:\/\/victoriavynn.ca\/fr\/product\/victoria-vynn-nail-art-oval-gel-brush-8\/","url_meta":{"origin":1227,"position":2},"title":"Victoria VYNN Nail Art pinceau ovale pour gel 8","author":"Serge Sahakian","date":"ao\u00fbt 18, 2022","format":false,"excerpt":"Victoria VYNN Instruments et accessoires","rel":"","context":"Similar post","block_context":{"text":"Similar post","link":""},"img":{"alt_text":"","src":"https:\/\/i0.wp.com\/victoriavynn.ca\/wp-content\/uploads\/2022\/08\/nail-art-pedzel-do-zelu-8-owalny.jpeg?fit=700%2C700&ssl=1&resize=350%2C200","width":350,"height":200,"srcset":"https:\/\/i0.wp.com\/victoriavynn.ca\/wp-content\/uploads\/2022\/08\/nail-art-pedzel-do-zelu-8-owalny.jpeg?fit=700%2C700&ssl=1&resize=350%2C200 1x, https:\/\/i0.wp.com\/victoriavynn.ca\/wp-content\/uploads\/2022\/08\/nail-art-pedzel-do-zelu-8-owalny.jpeg?fit=700%2C700&ssl=1&resize=525%2C300 1.5x, https:\/\/i0.wp.com\/victoriavynn.ca\/wp-content\/uploads\/2022\/08\/nail-art-pedzel-do-zelu-8-owalny.jpeg?fit=700%2C700&ssl=1&resize=700%2C400 2x"},"classes":[]},{"id":2964,"url":"https:\/\/victoriavynn.ca\/fr\/product\/victoria-vynn-nail-art-brush-049-2\/","url_meta":{"origin":1227,"position":3},"title":"Victoria VYNN Pinceau Nail Art 049 2","author":"Serge Sahakian","date":"ao\u00fbt 18, 2022","format":false,"excerpt":"Victoria VYNN Instruments et accessoires","rel":"","context":"Similar post","block_context":{"text":"Similar post","link":""},"img":{"alt_text":"","src":"https:\/\/i0.wp.com\/victoriavynn.ca\/wp-content\/uploads\/2022\/08\/pedzel-do-zdobien-049-2.jpeg?fit=753%2C753&ssl=1&resize=350%2C200","width":350,"height":200,"srcset":"https:\/\/i0.wp.com\/victoriavynn.ca\/wp-content\/uploads\/2022\/08\/pedzel-do-zdobien-049-2.jpeg?fit=753%2C753&ssl=1&resize=350%2C200 1x, https:\/\/i0.wp.com\/victoriavynn.ca\/wp-content\/uploads\/2022\/08\/pedzel-do-zdobien-049-2.jpeg?fit=753%2C753&ssl=1&resize=525%2C300 1.5x, https:\/\/i0.wp.com\/victoriavynn.ca\/wp-content\/uploads\/2022\/08\/pedzel-do-zdobien-049-2.jpeg?fit=753%2C753&ssl=1&resize=700%2C400 2x"},"classes":[]},{"id":2970,"url":"https:\/\/victoriavynn.ca\/fr\/product\/victoria-vynn-gel-brush-090-1\/","url_meta":{"origin":1227,"position":4},"title":"Pinceau \u00e0 gel Victoria VYNN 090 1","author":"Serge Sahakian","date":"ao\u00fbt 18, 2022","format":false,"excerpt":"Victoria VYNN Instruments et accessoires","rel":"","context":"Similar post","block_context":{"text":"Similar post","link":""},"img":{"alt_text":"","src":"https:\/\/i0.wp.com\/victoriavynn.ca\/wp-content\/uploads\/2022\/08\/pedzel-do-zelu-090-1.jpeg?fit=753%2C753&ssl=1&resize=350%2C200","width":350,"height":200,"srcset":"https:\/\/i0.wp.com\/victoriavynn.ca\/wp-content\/uploads\/2022\/08\/pedzel-do-zelu-090-1.jpeg?fit=753%2C753&ssl=1&resize=350%2C200 1x, https:\/\/i0.wp.com\/victoriavynn.ca\/wp-content\/uploads\/2022\/08\/pedzel-do-zelu-090-1.jpeg?fit=753%2C753&ssl=1&resize=525%2C300 1.5x, https:\/\/i0.wp.com\/victoriavynn.ca\/wp-content\/uploads\/2022\/08\/pedzel-do-zelu-090-1.jpeg?fit=753%2C753&ssl=1&resize=700%2C400 2x"},"classes":[]},{"id":2968,"url":"https:\/\/victoriavynn.ca\/fr\/product\/victoria-vynn-gel-brush-086-1\/","url_meta":{"origin":1227,"position":5},"title":"Pinceau gel Victoria VYNN 086 1","author":"Serge Sahakian","date":"ao\u00fbt 18, 2022","format":false,"excerpt":"Victoria VYNN Instruments et accessoires","rel":"","context":"Similar post","block_context":{"text":"Similar post","link":""},"img":{"alt_text":"","src":"https:\/\/i0.wp.com\/victoriavynn.ca\/wp-content\/uploads\/2022\/08\/pedzel-do-zelu-086-1.jpeg?fit=753%2C753&ssl=1&resize=350%2C200","width":350,"height":200,"srcset":"https:\/\/i0.wp.com\/victoriavynn.ca\/wp-content\/uploads\/2022\/08\/pedzel-do-zelu-086-1.jpeg?fit=753%2C753&ssl=1&resize=350%2C200 1x, https:\/\/i0.wp.com\/victoriavynn.ca\/wp-content\/uploads\/2022\/08\/pedzel-do-zelu-086-1.jpeg?fit=753%2C753&ssl=1&resize=525%2C300 1.5x, https:\/\/i0.wp.com\/victoriavynn.ca\/wp-content\/uploads\/2022\/08\/pedzel-do-zelu-086-1.jpeg?fit=753%2C753&ssl=1&resize=700%2C400 2x"},"classes":[]}],"jetpack_sharing_enabled":true,"_links":{"self":[{"href":"https:\/\/victoriavynn.ca\/fr\/wp-json\/wp\/v2\/product\/1227","targetHints":{"allow":["GET"]}}],"collection":[{"href":"https:\/\/victoriavynn.ca\/fr\/wp-json\/wp\/v2\/product"}],"about":[{"href":"https:\/\/victoriavynn.ca\/fr\/wp-json\/wp\/v2\/types\/product"}],"replies":[{"embeddable":true,"href":"https:\/\/victoriavynn.ca\/fr\/wp-json\/wp\/v2\/comments?post=1227"}],"wp:featuredmedia":[{"embeddable":true,"href":"https:\/\/victoriavynn.ca\/fr\/wp-json\/wp\/v2\/media\/7169"}],"wp:attachment":[{"href":"https:\/\/victoriavynn.ca\/fr\/wp-json\/wp\/v2\/media?parent=1227"}],"wp:term":[{"taxonomy":"product_brand","embeddable":true,"href":"https:\/\/victoriavynn.ca\/fr\/wp-json\/wp\/v2\/product_brand?post=1227"},{"taxonomy":"product_cat","embeddable":true,"href":"https:\/\/victoriavynn.ca\/fr\/wp-json\/wp\/v2\/product_cat?post=1227"},{"taxonomy":"product_tag","embeddable":true,"href":"https:\/\/victoriavynn.ca\/fr\/wp-json\/wp\/v2\/product_tag?post=1227"}],"curies":[{"name":"wp","href":"https:\/\/api.w.org\/{rel}","templated":true}]}}