{"id":12278,"date":"2023-06-05T21:31:11","date_gmt":"2023-06-06T01:31:11","guid":{"rendered":"https:\/\/victoriavynn.ca\/product\/nailly-professional-nail-polish-remover-pads-1000-pcs\/"},"modified":"2026-04-02T22:50:35","modified_gmt":"2026-04-03T02:50:35","slug":"nailly-dissolvant-de-vernis-a-ongles-professionnel-1000-pcs","status":"publish","type":"product","link":"https:\/\/victoriavynn.ca\/fr\/product\/nailly-professional-nail-polish-remover-pads-1000-pcs\/","title":{"rendered":"Nailly Tampons dissolvants professionnels pour vernis \u00e0 ongles 1 000 pi\u00e8ces"},"content":{"rendered":"","protected":false},"excerpt":{"rendered":"","protected":false},"featured_media":12279,"comment_status":"open","ping_status":"closed","template":"","meta":{"jetpack_post_was_ever_published":false,"jetpack_publicize_message":"","jetpack_publicize_feature_enabled":true,"jetpack_social_post_already_shared":false,"jetpack_social_options":{"image_generator_settings":{"template":"highway","default_image_id":0,"font":"","enabled":false},"version":2}},"product_brand":[],"product_cat":[595],"product_tag":[92],"class_list":{"0":"post-12278","1":"product","2":"type-product","3":"status-publish","4":"has-post-thumbnail","6":"product_cat-nailly-manicure-nail-care-accessories","7":"product_tag-nail-accessories","8":"product_shipping_class-cardboard-box","10":"first","11":"instock","12":"taxable","13":"shipping-taxable","14":"purchasable","15":"product-type-simple"},"jetpack_publicize_connections":[],"jetpack-related-posts":[{"id":12324,"url":"https:\/\/victoriavynn.ca\/fr\/product\/professional-cordless-nail-e-file-machine\/","url_meta":{"origin":12278,"position":0},"title":"US-809 E-File Foreuse \u00e9lectrique rechargeable pour clous 35 000 tr\/min","author":"Serge Sahakian","date":"juin 5, 2023","format":false,"excerpt":"Nos machines \u00e0 ongles sans fil Nailly Professional sont con\u00e7ues pour les professionnels - ces produits acc\u00e9l\u00e8rent le processus d'\u00e9limination du vernis et des cuticules tout en apportant de la pr\u00e9cision \u00e0 votre manucure ou p\u00e9dicure. Un ensemble d'outils de manucure \u00e9lectrique peut fonctionner \u00e0 la fois sur les faux ongles et les ongles naturels et peut \u00eatre multit\u00e2che : il peut...","rel":"","context":"Similar post","block_context":{"text":"Similar post","link":""},"img":{"alt_text":"Nailly Professional Cordless Nail E-File Machine 35,000 RPM White","src":"https:\/\/i0.wp.com\/victoriavynn.ca\/wp-content\/uploads\/2023\/06\/Nailly-Professional-Cordless-E-File-35000-RPM-US-809-White-1.webp?fit=750%2C1000&ssl=1&resize=350%2C200","width":350,"height":200,"srcset":"https:\/\/i0.wp.com\/victoriavynn.ca\/wp-content\/uploads\/2023\/06\/Nailly-Professional-Cordless-E-File-35000-RPM-US-809-White-1.webp?fit=750%2C1000&ssl=1&resize=350%2C200 1x, https:\/\/i0.wp.com\/victoriavynn.ca\/wp-content\/uploads\/2023\/06\/Nailly-Professional-Cordless-E-File-35000-RPM-US-809-White-1.webp?fit=750%2C1000&ssl=1&resize=525%2C300 1.5x, https:\/\/i0.wp.com\/victoriavynn.ca\/wp-content\/uploads\/2023\/06\/Nailly-Professional-Cordless-E-File-35000-RPM-US-809-White-1.webp?fit=750%2C1000&ssl=1&resize=700%2C400 2x"},"classes":[]},{"id":12280,"url":"https:\/\/victoriavynn.ca\/fr\/product\/nailly-professional-nail-pads-500-pieces\/","url_meta":{"origin":12278,"position":1},"title":"Nailly Tampons \u00e0 ongles professionnels 500 pi\u00e8ces","author":"Serge Sahakian","date":"juin 5, 2023","format":false,"excerpt":"","rel":"","context":"Similar post","block_context":{"text":"Similar post","link":""},"img":{"alt_text":"","src":"https:\/\/i0.wp.com\/victoriavynn.ca\/wp-content\/uploads\/2023\/06\/Nailly-Professional-Nail-Pads-500-pieces-2.png?fit=750%2C1000&ssl=1&resize=350%2C200","width":350,"height":200,"srcset":"https:\/\/i0.wp.com\/victoriavynn.ca\/wp-content\/uploads\/2023\/06\/Nailly-Professional-Nail-Pads-500-pieces-2.png?fit=750%2C1000&ssl=1&resize=350%2C200 1x, https:\/\/i0.wp.com\/victoriavynn.ca\/wp-content\/uploads\/2023\/06\/Nailly-Professional-Nail-Pads-500-pieces-2.png?fit=750%2C1000&ssl=1&resize=525%2C300 1.5x, https:\/\/i0.wp.com\/victoriavynn.ca\/wp-content\/uploads\/2023\/06\/Nailly-Professional-Nail-Pads-500-pieces-2.png?fit=750%2C1000&ssl=1&resize=700%2C400 2x"},"classes":[]},{"id":12356,"url":"https:\/\/victoriavynn.ca\/fr\/product\/nailly-2in1-uv-led-lamp-and-arm-rest\/","url_meta":{"origin":12278,"position":2},"title":"H5 Dual 2in1 UV\/LED Lamp &amp; Hand Rest Black 72 Watt","author":"Serge Sahakian","date":"juin 5, 2023","format":false,"excerpt":"H5 Dual 2in1 Lampe LED UV et accoudoir (Noir). Combinaison d'une lampe \u00e0 LED UV de 72W et d'un accoudoir. Placez confortablement votre bras sur le coussin \u00e0 ongles et attendez l'application du vernis en gel, puis glissez rapidement vers le bas pour durcir le vernis en gel.","rel":"","context":"Similar post","block_context":{"text":"Similar post","link":""},"img":{"alt_text":"Nailly Professional H5 Dual 2in1 UV LED Lamp and Arm Rest Black 72 Watt_","src":"https:\/\/i0.wp.com\/victoriavynn.ca\/wp-content\/uploads\/2023\/06\/H5-Dual-2in1-UV-LED-Lamp-and-Hand-Arm-Rest-Black-72-Watt_-.webp?fit=750%2C1000&ssl=1&resize=350%2C200","width":350,"height":200,"srcset":"https:\/\/i0.wp.com\/victoriavynn.ca\/wp-content\/uploads\/2023\/06\/H5-Dual-2in1-UV-LED-Lamp-and-Hand-Arm-Rest-Black-72-Watt_-.webp?fit=750%2C1000&ssl=1&resize=350%2C200 1x, https:\/\/i0.wp.com\/victoriavynn.ca\/wp-content\/uploads\/2023\/06\/H5-Dual-2in1-UV-LED-Lamp-and-Hand-Arm-Rest-Black-72-Watt_-.webp?fit=750%2C1000&ssl=1&resize=525%2C300 1.5x, https:\/\/i0.wp.com\/victoriavynn.ca\/wp-content\/uploads\/2023\/06\/H5-Dual-2in1-UV-LED-Lamp-and-Hand-Arm-Rest-Black-72-Watt_-.webp?fit=750%2C1000&ssl=1&resize=700%2C400 2x"},"classes":[]},{"id":12322,"url":"https:\/\/victoriavynn.ca\/fr\/product\/2in1-uv-led-nail-lamp-and-hand-rest-oval\/","url_meta":{"origin":12278,"position":3},"title":"H9 Dual 2in1 UV\/LED Lamp &amp; Hand Rest 48 Watt (White)","author":"Serge Sahakian","date":"juin 5, 2023","format":false,"excerpt":"H9 Dual 2in1 UV LED Nail Lamp and Hand Rest Oval (White). Combinaison d'une puissante lampe \u00e0 ongles \u00e0 LED UV de 48 W et d'un repose-mains. Placez confortablement votre bras sur le coussin \u00e0 ongles et attendez l'application du vernis en gel, puis glissez rapidement vers le bas pour durcir le vernis en gel.","rel":"","context":"Similar post","block_context":{"text":"Similar post","link":""},"img":{"alt_text":"Nailly Professional 2in1 UV LED Nail Lamp and Hand Rest Oval 48 Watt","src":"https:\/\/i0.wp.com\/victoriavynn.ca\/wp-content\/uploads\/2023\/06\/H9-Dual-2in1-UV-LED-Lamp-and-Hand-Arm-Rest-oval-white-48-watt_-1-3.webp?fit=750%2C1000&ssl=1&resize=350%2C200","width":350,"height":200,"srcset":"https:\/\/i0.wp.com\/victoriavynn.ca\/wp-content\/uploads\/2023\/06\/H9-Dual-2in1-UV-LED-Lamp-and-Hand-Arm-Rest-oval-white-48-watt_-1-3.webp?fit=750%2C1000&ssl=1&resize=350%2C200 1x, https:\/\/i0.wp.com\/victoriavynn.ca\/wp-content\/uploads\/2023\/06\/H9-Dual-2in1-UV-LED-Lamp-and-Hand-Arm-Rest-oval-white-48-watt_-1-3.webp?fit=750%2C1000&ssl=1&resize=525%2C300 1.5x, https:\/\/i0.wp.com\/victoriavynn.ca\/wp-content\/uploads\/2023\/06\/H9-Dual-2in1-UV-LED-Lamp-and-Hand-Arm-Rest-oval-white-48-watt_-1-3.webp?fit=750%2C1000&ssl=1&resize=700%2C400 2x"},"classes":[]},{"id":12336,"url":"https:\/\/victoriavynn.ca\/fr\/product\/snrqi-t8-professional-uv-led-nail-lamp-72w\/","url_meta":{"origin":12278,"position":4},"title":"SNRQI T8 Professional UV\/LED Lamp 72 Watt with Hand Pillow","author":"Serge Sahakian","date":"juin 5, 2023","format":false,"excerpt":"Nailly Professional UV LED Lamp 72 Watt with Hand Pillow. Cette machine au design moderne permet de polym\u00e9riser facilement tous les types de gels et de vernis en gel, c'est-\u00e0-dire les gels UV, les gels LED, les gels de construction, les gels acryliques, les gels durs, etc. Sp\u00e9cifications du produit :","rel":"","context":"Similar post","block_context":{"text":"Similar post","link":""},"img":{"alt_text":"nailly professional uv led nail lamp 72 watt high power","src":"https:\/\/i0.wp.com\/victoriavynn.ca\/wp-content\/uploads\/2023\/06\/nailly-professional-uv-led-nail-lamp-72-watt-high-power-.webp?fit=750%2C1000&ssl=1&resize=350%2C200","width":350,"height":200,"srcset":"https:\/\/i0.wp.com\/victoriavynn.ca\/wp-content\/uploads\/2023\/06\/nailly-professional-uv-led-nail-lamp-72-watt-high-power-.webp?fit=750%2C1000&ssl=1&resize=350%2C200 1x, https:\/\/i0.wp.com\/victoriavynn.ca\/wp-content\/uploads\/2023\/06\/nailly-professional-uv-led-nail-lamp-72-watt-high-power-.webp?fit=750%2C1000&ssl=1&resize=525%2C300 1.5x, https:\/\/i0.wp.com\/victoriavynn.ca\/wp-content\/uploads\/2023\/06\/nailly-professional-uv-led-nail-lamp-72-watt-high-power-.webp?fit=750%2C1000&ssl=1&resize=700%2C400 2x"},"classes":[]},{"id":12332,"url":"https:\/\/victoriavynn.ca\/fr\/product\/nailly-best-cordless-uv-led-nail-lamp-s10\/","url_meta":{"origin":12278,"position":5},"title":"Lampe UV\/LED professionnelle rechargeable sans fil S10 66 Watt","author":"Serge Sahakian","date":"juin 5, 2023","format":false,"excerpt":"Nailly S10 Lampe UV LED professionnelle rechargeable sans fil 66 Watt est la lampe UV LED portable sans fil la plus efficace. Notre meilleure lampe \u00e0 LED UV sans fil a une dur\u00e9e de vie de 50 000 heures. La machine l\u00e9g\u00e8re et portable peut facilement gu\u00e9rir tous les types de gels et de vernis en gel...","rel":"","context":"Similar post","block_context":{"text":"Similar post","link":""},"img":{"alt_text":"Nailly professional best cordless uv led nail lamp 66watt cordless","src":"https:\/\/i0.wp.com\/victoriavynn.ca\/wp-content\/uploads\/2023\/06\/nailly-professional-Cordless-uv-led-nail-lamp-66watt-1-5.webp?fit=750%2C1000&ssl=1&resize=350%2C200","width":350,"height":200,"srcset":"https:\/\/i0.wp.com\/victoriavynn.ca\/wp-content\/uploads\/2023\/06\/nailly-professional-Cordless-uv-led-nail-lamp-66watt-1-5.webp?fit=750%2C1000&ssl=1&resize=350%2C200 1x, https:\/\/i0.wp.com\/victoriavynn.ca\/wp-content\/uploads\/2023\/06\/nailly-professional-Cordless-uv-led-nail-lamp-66watt-1-5.webp?fit=750%2C1000&ssl=1&resize=525%2C300 1.5x, https:\/\/i0.wp.com\/victoriavynn.ca\/wp-content\/uploads\/2023\/06\/nailly-professional-Cordless-uv-led-nail-lamp-66watt-1-5.webp?fit=750%2C1000&ssl=1&resize=700%2C400 2x"},"classes":[]}],"jetpack_sharing_enabled":true,"_links":{"self":[{"href":"https:\/\/victoriavynn.ca\/fr\/wp-json\/wp\/v2\/product\/12278","targetHints":{"allow":["GET"]}}],"collection":[{"href":"https:\/\/victoriavynn.ca\/fr\/wp-json\/wp\/v2\/product"}],"about":[{"href":"https:\/\/victoriavynn.ca\/fr\/wp-json\/wp\/v2\/types\/product"}],"replies":[{"embeddable":true,"href":"https:\/\/victoriavynn.ca\/fr\/wp-json\/wp\/v2\/comments?post=12278"}],"wp:featuredmedia":[{"embeddable":true,"href":"https:\/\/victoriavynn.ca\/fr\/wp-json\/wp\/v2\/media\/12279"}],"wp:attachment":[{"href":"https:\/\/victoriavynn.ca\/fr\/wp-json\/wp\/v2\/media?parent=12278"}],"wp:term":[{"taxonomy":"product_brand","embeddable":true,"href":"https:\/\/victoriavynn.ca\/fr\/wp-json\/wp\/v2\/product_brand?post=12278"},{"taxonomy":"product_cat","embeddable":true,"href":"https:\/\/victoriavynn.ca\/fr\/wp-json\/wp\/v2\/product_cat?post=12278"},{"taxonomy":"product_tag","embeddable":true,"href":"https:\/\/victoriavynn.ca\/fr\/wp-json\/wp\/v2\/product_tag?post=12278"}],"curies":[{"name":"wp","href":"https:\/\/api.w.org\/{rel}","templated":true}]}}