{"id":1228,"date":"2020-03-15T12:41:16","date_gmt":"2020-03-15T12:41:16","guid":{"rendered":"https:\/\/victoriavynn.ca\/?post_type=product&#038;p=1228"},"modified":"2026-02-17T10:32:34","modified_gmt":"2026-02-17T15:32:34","slug":"acryilgel-tube-key","status":"publish","type":"product","link":"https:\/\/victoriavynn.ca\/fr\/product\/acryilgel-tube-key\/","title":{"rendered":"Cl\u00e9 Master Gel Tube"},"content":{"rendered":"<p>La cl\u00e9 ultime du tube. La marque de vernis en gel la plus vendue au Canada, Victoria VYNN, fournit aux techniciens et aux professionnels des ongles des produits de haute qualit\u00e9 pour cr\u00e9er des finitions \u00e9tonnantes de nail art. V\u00e9rifiez notre site fr\u00e9quemment pour les nouveaux produits !<\/p>\n<ul>\n<li class=\"p1\">Presse-tube<\/li>\n<li class=\"p1\">Facilite l'extraction de la masse du tube.<\/li>\n<\/ul>","protected":false},"excerpt":{"rendered":"<p>La cl\u00e9 ultime du tube. La marque de vernis en gel la plus vendue au Canada, Victoria VYNN, fournit aux techniciens et aux professionnels des ongles des produits de haute qualit\u00e9 pour cr\u00e9er des finitions \u00e9tonnantes de nail art. V\u00e9rifiez notre site fr\u00e9quemment pour les nouveaux produits !<\/p>\n<ul>\n<li class=\"p1\">Presse-tube<\/li>\n<li class=\"p1\">Facilite l'extraction de la masse du tube.<\/li>\n<\/ul>","protected":false},"featured_media":1220,"comment_status":"open","ping_status":"closed","template":"","meta":[],"product_brand":[],"product_cat":[25],"product_tag":[92],"class_list":{"0":"post-1228","1":"product","2":"type-product","3":"status-publish","4":"has-post-thumbnail","6":"product_cat-gel-acrylic-nails","7":"product_tag-nail-accessories","9":"first","10":"outofstock","11":"taxable","12":"shipping-taxable","13":"purchasable","14":"product-type-simple"},"jetpack_sharing_enabled":true,"_links":{"self":[{"href":"https:\/\/victoriavynn.ca\/fr\/wp-json\/wp\/v2\/product\/1228","targetHints":{"allow":["GET"]}}],"collection":[{"href":"https:\/\/victoriavynn.ca\/fr\/wp-json\/wp\/v2\/product"}],"about":[{"href":"https:\/\/victoriavynn.ca\/fr\/wp-json\/wp\/v2\/types\/product"}],"replies":[{"embeddable":true,"href":"https:\/\/victoriavynn.ca\/fr\/wp-json\/wp\/v2\/comments?post=1228"}],"wp:featuredmedia":[{"embeddable":true,"href":"https:\/\/victoriavynn.ca\/fr\/wp-json\/wp\/v2\/media\/1220"}],"wp:attachment":[{"href":"https:\/\/victoriavynn.ca\/fr\/wp-json\/wp\/v2\/media?parent=1228"}],"wp:term":[{"taxonomy":"product_brand","embeddable":true,"href":"https:\/\/victoriavynn.ca\/fr\/wp-json\/wp\/v2\/product_brand?post=1228"},{"taxonomy":"product_cat","embeddable":true,"href":"https:\/\/victoriavynn.ca\/fr\/wp-json\/wp\/v2\/product_cat?post=1228"},{"taxonomy":"product_tag","embeddable":true,"href":"https:\/\/victoriavynn.ca\/fr\/wp-json\/wp\/v2\/product_tag?post=1228"}],"curies":[{"name":"wp","href":"https:\/\/api.w.org\/{rel}","templated":true}]}}