{"id":12322,"date":"2023-06-05T21:32:31","date_gmt":"2023-06-06T01:32:31","guid":{"rendered":"https:\/\/victoriavynn.ca\/product\/h9-dual-2in1-uv-led-lamp-hand-rest-black-48-watt\/"},"modified":"2026-02-13T19:03:09","modified_gmt":"2026-02-14T00:03:09","slug":"lampe-a-ongles-et-repose-mains-ovale-2en1-a-led-uv","status":"publish","type":"product","link":"https:\/\/victoriavynn.ca\/fr\/product\/2in1-uv-led-nail-lamp-and-hand-rest-oval\/","title":{"rendered":"H9 Dual 2in1 UV\/LED Lamp &amp; Hand Rest 48 Watt (White)"},"content":{"rendered":"<p><span class=\"a-list-item\">H9 Dual 2in1 UV LED Nail Lamp and Hand Rest Oval (White). Combinaison d'une puissante lampe \u00e0 ongles \u00e0 LED UV de 48 W et d'un repose-mains. Placez confortablement votre bras sur le coussin \u00e0 ongles et attendez l'application du vernis en gel, puis glissez rapidement vers le bas pour durcir le vernis en gel.<\/span><\/p>\n<ul class=\"a-unordered-list a-vertical a-spacing-mini\">\n<li><span class=\"a-list-item\">Coussin d'accoudoir doux pour le nail art : Fabriqu\u00e9 en cuir microfibre de haute qualit\u00e9, doux et respectueux de la peau, il peut r\u00e9duire la pression sur les mains et soulager la fatigue des mains. Le coussin repose-bras pour manucure est suffisamment spacieux pour que les deux mains et les deux pieds puissent s'y glisser sans endommager votre manucure.<\/span><\/li>\n<li><span class=\"a-list-item\">Conception innovante 2 en 1 : Lampe \u00e0 ongles LED UV puissante de 48W. Placez confortablement votre bras sur le coussin \u00e0 ongles et attendez l'application du vernis en gel, puis glissez rapidement vers le bas pour durcir le vernis en gel.<\/span><\/li>\n<li><span class=\"a-list-item\">Support antid\u00e9rapant et amovible : les pieds du repose-mains pour manucure sont dot\u00e9s de coussinets antid\u00e9rapants. Ils peuvent soutenir fermement vos mains et vos pieds pour am\u00e9liorer l'efficacit\u00e9 de la manucure.<\/span><\/li>\n<li><span class=\"a-list-item\">Facile \u00e0 utiliser et \u00e0 nettoyer : Contr\u00f4le par un seul interrupteur. Il est tr\u00e8s pratique de le nettoyer avec des lingettes humides.<\/span><\/li>\n<\/ul>","protected":false},"excerpt":{"rendered":"<p><span class=\"a-list-item\">H9 Dual 2in1 UV LED Nail Lamp and Hand Rest Oval (White). Combinaison d'une puissante lampe \u00e0 ongles \u00e0 LED UV de 48 W et d'un repose-mains. Placez confortablement votre bras sur le coussin \u00e0 ongles et attendez l'application du vernis en gel, puis glissez rapidement vers le bas pour durcir le vernis en gel.<\/span><\/p>","protected":false},"featured_media":12438,"comment_status":"open","ping_status":"closed","template":"","meta":{"jetpack_post_was_ever_published":false,"jetpack_publicize_message":"","jetpack_publicize_feature_enabled":true,"jetpack_social_post_already_shared":false,"jetpack_social_options":{"image_generator_settings":{"template":"highway","default_image_id":0,"font":"","enabled":false},"version":2}},"product_brand":[],"product_cat":[594],"product_tag":[597],"class_list":{"0":"post-12322","1":"product","2":"type-product","3":"status-publish","4":"has-post-thumbnail","6":"product_cat-nailly-uv-led-nail-lamps","7":"product_tag-uv-led-nail-lamp","8":"product_shipping_class-cardboard-box","10":"first","11":"instock","12":"taxable","13":"shipping-taxable","14":"purchasable","15":"product-type-simple"},"jetpack_publicize_connections":[],"jetpack-related-posts":[{"id":12356,"url":"https:\/\/victoriavynn.ca\/fr\/product\/nailly-2in1-uv-led-lamp-and-arm-rest\/","url_meta":{"origin":12322,"position":0},"title":"H5 Dual 2in1 UV\/LED Lamp &amp; Hand Rest Black 72 Watt","author":"Serge Sahakian","date":"juin 5, 2023","format":false,"excerpt":"H5 Dual 2in1 Lampe LED UV et accoudoir (Noir). Combinaison d'une lampe \u00e0 LED UV de 72W et d'un accoudoir. Placez confortablement votre bras sur le coussin \u00e0 ongles et attendez l'application du vernis en gel, puis glissez rapidement vers le bas pour durcir le vernis en gel.","rel":"","context":"Similar post","block_context":{"text":"Similar post","link":""},"img":{"alt_text":"Nailly Professional H5 Dual 2in1 UV LED Lamp and Arm Rest Black 72 Watt_","src":"https:\/\/i0.wp.com\/victoriavynn.ca\/wp-content\/uploads\/2023\/06\/H5-Dual-2in1-UV-LED-Lamp-and-Hand-Arm-Rest-Black-72-Watt_-.webp?fit=750%2C1000&ssl=1&resize=350%2C200","width":350,"height":200,"srcset":"https:\/\/i0.wp.com\/victoriavynn.ca\/wp-content\/uploads\/2023\/06\/H5-Dual-2in1-UV-LED-Lamp-and-Hand-Arm-Rest-Black-72-Watt_-.webp?fit=750%2C1000&ssl=1&resize=350%2C200 1x, https:\/\/i0.wp.com\/victoriavynn.ca\/wp-content\/uploads\/2023\/06\/H5-Dual-2in1-UV-LED-Lamp-and-Hand-Arm-Rest-Black-72-Watt_-.webp?fit=750%2C1000&ssl=1&resize=525%2C300 1.5x, https:\/\/i0.wp.com\/victoriavynn.ca\/wp-content\/uploads\/2023\/06\/H5-Dual-2in1-UV-LED-Lamp-and-Hand-Arm-Rest-Black-72-Watt_-.webp?fit=750%2C1000&ssl=1&resize=700%2C400 2x"},"classes":[]},{"id":12336,"url":"https:\/\/victoriavynn.ca\/fr\/product\/snrqi-t8-professional-uv-led-nail-lamp-72w\/","url_meta":{"origin":12322,"position":1},"title":"SNRQI T8 Professional UV\/LED Lamp 72 Watt with Hand Pillow","author":"Serge Sahakian","date":"juin 5, 2023","format":false,"excerpt":"Nailly Professional UV LED Lamp 72 Watt with Hand Pillow. Cette machine au design moderne permet de polym\u00e9riser facilement tous les types de gels et de vernis en gel, c'est-\u00e0-dire les gels UV, les gels LED, les gels de construction, les gels acryliques, les gels durs, etc. Sp\u00e9cifications du produit :","rel":"","context":"Similar post","block_context":{"text":"Similar post","link":""},"img":{"alt_text":"nailly professional uv led nail lamp 72 watt high power","src":"https:\/\/i0.wp.com\/victoriavynn.ca\/wp-content\/uploads\/2023\/06\/nailly-professional-uv-led-nail-lamp-72-watt-high-power-.webp?fit=750%2C1000&ssl=1&resize=350%2C200","width":350,"height":200,"srcset":"https:\/\/i0.wp.com\/victoriavynn.ca\/wp-content\/uploads\/2023\/06\/nailly-professional-uv-led-nail-lamp-72-watt-high-power-.webp?fit=750%2C1000&ssl=1&resize=350%2C200 1x, https:\/\/i0.wp.com\/victoriavynn.ca\/wp-content\/uploads\/2023\/06\/nailly-professional-uv-led-nail-lamp-72-watt-high-power-.webp?fit=750%2C1000&ssl=1&resize=525%2C300 1.5x, https:\/\/i0.wp.com\/victoriavynn.ca\/wp-content\/uploads\/2023\/06\/nailly-professional-uv-led-nail-lamp-72-watt-high-power-.webp?fit=750%2C1000&ssl=1&resize=700%2C400 2x"},"classes":[]},{"id":2884,"url":"https:\/\/victoriavynn.ca\/fr\/product\/victoria-vynn-nail-art-gel-3d-smart-white\/","url_meta":{"origin":12322,"position":2},"title":"Gel de salon 3D UV\/LED Smart White","author":"Serge Sahakian","date":"ao\u00fbt 18, 2022","format":false,"excerpt":"Le gel blanc neige et cr\u00e9meux avec une couche de dispersion est parfait pour cr\u00e9er une ligne de sourire pr\u00e9cise dans une manucure fran\u00e7aise. Les gels \u00e0 forte pigmentation sont recommand\u00e9s pour les d\u00e9corations ou comme couche uniforme sur les ongles. Les couleurs peuvent \u00eatre combin\u00e9es entre elles, avec des vernis hybrides, ainsi qu'avec un top hybride. La consistance \u00e9paisse et cr\u00e9meuse...","rel":"","context":"Similar post","block_context":{"text":"Similar post","link":""},"img":{"alt_text":"nail art gel","src":"https:\/\/i0.wp.com\/victoriavynn.ca\/wp-content\/uploads\/2022\/08\/art-gel-3d-smart-white-5ml.jpeg?fit=753%2C753&ssl=1&resize=350%2C200","width":350,"height":200,"srcset":"https:\/\/i0.wp.com\/victoriavynn.ca\/wp-content\/uploads\/2022\/08\/art-gel-3d-smart-white-5ml.jpeg?fit=753%2C753&ssl=1&resize=350%2C200 1x, https:\/\/i0.wp.com\/victoriavynn.ca\/wp-content\/uploads\/2022\/08\/art-gel-3d-smart-white-5ml.jpeg?fit=753%2C753&ssl=1&resize=525%2C300 1.5x, https:\/\/i0.wp.com\/victoriavynn.ca\/wp-content\/uploads\/2022\/08\/art-gel-3d-smart-white-5ml.jpeg?fit=753%2C753&ssl=1&resize=700%2C400 2x"},"classes":[]},{"id":12334,"url":"https:\/\/victoriavynn.ca\/fr\/product\/best-rechargeable-uv-led-nail-lamp-60w-s20\/","url_meta":{"origin":12322,"position":3},"title":"Lampe UV\/LED professionnelle rechargeable sans fil S20 60 Watt","author":"Serge Sahakian","date":"juin 5, 2023","format":false,"excerpt":"Nailly S20 est une lampe \u00e0 LED UV professionnelle sans fil de 66 Watt. Cette lampe \u00e0 LED UV portable sans fil est tr\u00e8s efficace. Notre meilleure lampe UV rechargeable a une dur\u00e9e de vie de 50 000 heures. La machine l\u00e9g\u00e8re et portable peut facilement gu\u00e9rir tous les types de gels et de vernis en gel...","rel":"","context":"Similar post","block_context":{"text":"Similar post","link":""},"img":{"alt_text":"nailly professional best rechargeable uv led nail lamp 60watt s20 cordless wireless uv led dryer","src":"https:\/\/i0.wp.com\/victoriavynn.ca\/wp-content\/uploads\/2023\/06\/nailly-professional-best-rechargeable-uv-led-nail-lamp-60watt-1-5.webp?fit=750%2C1000&ssl=1&resize=350%2C200","width":350,"height":200,"srcset":"https:\/\/i0.wp.com\/victoriavynn.ca\/wp-content\/uploads\/2023\/06\/nailly-professional-best-rechargeable-uv-led-nail-lamp-60watt-1-5.webp?fit=750%2C1000&ssl=1&resize=350%2C200 1x, https:\/\/i0.wp.com\/victoriavynn.ca\/wp-content\/uploads\/2023\/06\/nailly-professional-best-rechargeable-uv-led-nail-lamp-60watt-1-5.webp?fit=750%2C1000&ssl=1&resize=525%2C300 1.5x, https:\/\/i0.wp.com\/victoriavynn.ca\/wp-content\/uploads\/2023\/06\/nailly-professional-best-rechargeable-uv-led-nail-lamp-60watt-1-5.webp?fit=750%2C1000&ssl=1&resize=700%2C400 2x"},"classes":[]},{"id":12332,"url":"https:\/\/victoriavynn.ca\/fr\/product\/nailly-best-cordless-uv-led-nail-lamp-s10\/","url_meta":{"origin":12322,"position":4},"title":"Lampe UV\/LED professionnelle rechargeable sans fil S10 66 Watt","author":"Serge Sahakian","date":"juin 5, 2023","format":false,"excerpt":"Nailly S10 Lampe UV LED professionnelle rechargeable sans fil 66 Watt est la lampe UV LED portable sans fil la plus efficace. Notre meilleure lampe \u00e0 LED UV sans fil a une dur\u00e9e de vie de 50 000 heures. La machine l\u00e9g\u00e8re et portable peut facilement gu\u00e9rir tous les types de gels et de vernis en gel...","rel":"","context":"Similar post","block_context":{"text":"Similar post","link":""},"img":{"alt_text":"Nailly professional best cordless uv led nail lamp 66watt cordless","src":"https:\/\/i0.wp.com\/victoriavynn.ca\/wp-content\/uploads\/2023\/06\/nailly-professional-Cordless-uv-led-nail-lamp-66watt-1-5.webp?fit=750%2C1000&ssl=1&resize=350%2C200","width":350,"height":200,"srcset":"https:\/\/i0.wp.com\/victoriavynn.ca\/wp-content\/uploads\/2023\/06\/nailly-professional-Cordless-uv-led-nail-lamp-66watt-1-5.webp?fit=750%2C1000&ssl=1&resize=350%2C200 1x, https:\/\/i0.wp.com\/victoriavynn.ca\/wp-content\/uploads\/2023\/06\/nailly-professional-Cordless-uv-led-nail-lamp-66watt-1-5.webp?fit=750%2C1000&ssl=1&resize=525%2C300 1.5x, https:\/\/i0.wp.com\/victoriavynn.ca\/wp-content\/uploads\/2023\/06\/nailly-professional-Cordless-uv-led-nail-lamp-66watt-1-5.webp?fit=750%2C1000&ssl=1&resize=700%2C400 2x"},"classes":[]},{"id":11306,"url":"https:\/\/victoriavynn.ca\/fr\/product\/best-selling-lipgloss-nails-gel-just-base\/","url_meta":{"origin":12322,"position":5},"title":"Victoria VYNN Gel Polish Just Base","author":"Serge Sahakian","date":"avril 13, 2023","format":false,"excerpt":"Une manucure r\u00e9alis\u00e9e \u00e0 l'aide d'une simple base et d'un top hybride est une tendance unique cette ann\u00e9e, sous le nom intrigant de \"Lipgloss Nails Gel\". Inspir\u00e9e du gloss, cette manucure est \u00e0 la fois subtile, naturelle et fabuleusement belle. Elle est parfaite pour tout type de manucure et...","rel":"","context":"Similar post","block_context":{"text":"Similar post","link":""},"img":{"alt_text":"Victoria VYNN Best Lipgloss Nails Gel Just Base Rubber Base Coat 2023 Rosen","src":"https:\/\/i0.wp.com\/victoriavynn.ca\/wp-content\/uploads\/2023\/04\/Victoria-VYNN-Best-Lipgloss-Nails-Gel-Just-Base-Rubber-Base-Coat-2023-Rosen.webp?fit=750%2C1000&ssl=1&resize=350%2C200","width":350,"height":200,"srcset":"https:\/\/i0.wp.com\/victoriavynn.ca\/wp-content\/uploads\/2023\/04\/Victoria-VYNN-Best-Lipgloss-Nails-Gel-Just-Base-Rubber-Base-Coat-2023-Rosen.webp?fit=750%2C1000&ssl=1&resize=350%2C200 1x, https:\/\/i0.wp.com\/victoriavynn.ca\/wp-content\/uploads\/2023\/04\/Victoria-VYNN-Best-Lipgloss-Nails-Gel-Just-Base-Rubber-Base-Coat-2023-Rosen.webp?fit=750%2C1000&ssl=1&resize=525%2C300 1.5x, https:\/\/i0.wp.com\/victoriavynn.ca\/wp-content\/uploads\/2023\/04\/Victoria-VYNN-Best-Lipgloss-Nails-Gel-Just-Base-Rubber-Base-Coat-2023-Rosen.webp?fit=750%2C1000&ssl=1&resize=700%2C400 2x"},"classes":[]}],"jetpack_sharing_enabled":true,"_links":{"self":[{"href":"https:\/\/victoriavynn.ca\/fr\/wp-json\/wp\/v2\/product\/12322","targetHints":{"allow":["GET"]}}],"collection":[{"href":"https:\/\/victoriavynn.ca\/fr\/wp-json\/wp\/v2\/product"}],"about":[{"href":"https:\/\/victoriavynn.ca\/fr\/wp-json\/wp\/v2\/types\/product"}],"replies":[{"embeddable":true,"href":"https:\/\/victoriavynn.ca\/fr\/wp-json\/wp\/v2\/comments?post=12322"}],"wp:featuredmedia":[{"embeddable":true,"href":"https:\/\/victoriavynn.ca\/fr\/wp-json\/wp\/v2\/media\/12438"}],"wp:attachment":[{"href":"https:\/\/victoriavynn.ca\/fr\/wp-json\/wp\/v2\/media?parent=12322"}],"wp:term":[{"taxonomy":"product_brand","embeddable":true,"href":"https:\/\/victoriavynn.ca\/fr\/wp-json\/wp\/v2\/product_brand?post=12322"},{"taxonomy":"product_cat","embeddable":true,"href":"https:\/\/victoriavynn.ca\/fr\/wp-json\/wp\/v2\/product_cat?post=12322"},{"taxonomy":"product_tag","embeddable":true,"href":"https:\/\/victoriavynn.ca\/fr\/wp-json\/wp\/v2\/product_tag?post=12322"}],"curies":[{"name":"wp","href":"https:\/\/api.w.org\/{rel}","templated":true}]}}