{"id":12324,"date":"2023-06-05T21:32:32","date_gmt":"2023-06-06T01:32:32","guid":{"rendered":"https:\/\/victoriavynn.ca\/product\/us-809-e-file-rechargeable-electric-nail-drill-35000-rpm-white\/"},"modified":"2026-02-13T17:49:30","modified_gmt":"2026-02-13T22:49:30","slug":"lime-a-ongles-professionnelle-sans-fil","status":"publish","type":"product","link":"https:\/\/victoriavynn.ca\/fr\/product\/professional-cordless-nail-e-file-machine\/","title":{"rendered":"US-809 E-File Foreuse \u00e9lectrique rechargeable pour clous 35 000 tr\/min"},"content":{"rendered":"<p>US-909 Machine \u00e0 ongles sans fil rechargeable :<\/p>\n<ul class=\"a-unordered-list a-vertical a-spacing-mini\">\n<li><span class=\"a-list-item\">Utilisation multifonctionnelle de la perceuse \u00e0 clous : Con\u00e7u avec une pi\u00e8ce \u00e0 main en alliage d'aluminium de haute qualit\u00e9, il est l\u00e9ger pour un fonctionnement stable. Utilis\u00e9 pour la manucure, la p\u00e9dicure, le polissage, le modelage, etc. Il est id\u00e9al pour une utilisation professionnelle dans les salons de coiffure et pour les d\u00e9butants \u00e0 la maison.<\/span><\/li>\n<li class=\"a-spacing-small\"><span class=\"a-list-item\">Conception l\u00e9g\u00e8re et compacte : Le contr\u00f4leur compact et le poids l\u00e9ger permettent non seulement d'\u00e9conomiser de l'espace sur votre bureau, mais ils sont \u00e9galement pratiques \u00e0 transporter et conviennent \u00e0 de nombreuses occasions.<\/span><\/li>\n<li class=\"a-spacing-small\"><span class=\"a-list-item\">Kit de per\u00e7age multifonctionnel : cette lime \u00e0 ongles peut \u00eatre utilis\u00e9e pour fa\u00e7onner, polir, meuler, polir et enlever les ongles acryliques, les ongles en polygel, les ongles \u00e9pais, la poudre de trempage, les faux ongles, les ongles naturels et la peau morte de la cuticule.<\/span><\/li>\n<li class=\"a-spacing-small\"><span class=\"a-list-item\">Faible chaleur, faible bruit et faibles vibrations : Cette perceuse \u00e0 clous est \u00e9quip\u00e9e d'un moteur puissant et silencieux avec une dissipation thermique intelligente, ce qui permet \u00e0 la machine de ne pas chauffer, de ne pas faire de bruit et de ne pas vibrer pendant l'utilisation.<\/span><\/li>\n<li class=\"a-spacing-small\"><span class=\"a-list-item\">Facile \u00e0 utiliser : Professionnel pour l'utilisation \u00e0 domicile ou en voyage, l'efficacit\u00e9 \u00e9lev\u00e9e et la performance stable garantissent la longue dur\u00e9e de vie de ce foret \u00e0 ongles.<\/span><\/li>\n<li>Vitesse maximale 35 000 tr\/min<\/li>\n<li>Super silencieux (faible bruit)<\/li>\n<\/ul>","protected":false},"excerpt":{"rendered":"<p>Nos limes \u00e9lectriques sans fil Nailly Professional sont con\u00e7ues pour les professionnels - ces produits acc\u00e9l\u00e8rent le processus de retrait du vernis et des cuticules tout en apportant de la pr\u00e9cision \u00e0 votre manucure ou p\u00e9dicure. Un ensemble d'outils de manucure \u00e9lectrique peut fonctionner \u00e0 la fois sur les faux ongles et les ongles naturels et peut \u00eatre multit\u00e2che : il peut limer et fa\u00e7onner vos ongles, retirer facilement le vernis en gel, enlever les ongles en acrylique \u00e0 la maison, couper vos cuticules et polir vos callosit\u00e9s jusqu'\u00e0 ce qu'elles soient lisses.<\/p>\n<p>Sp\u00e9cifications du produit :<\/p>\n<p><img loading=\"lazy\" decoding=\"async\" class=\"size-full wp-image-12477 alignleft\" src=\"https:\/\/victoriavynn.ca\/wp-content\/uploads\/2023\/06\/HIGH-POWER-2.webp\" alt=\"HAUTE PUISSANCE\" width=\"125\" height=\"150\" srcset=\"https:\/\/i0.wp.com\/victoriavynn.ca\/wp-content\/uploads\/2023\/06\/HIGH-POWER-2.webp?w=125&amp;ssl=1 125w, https:\/\/i0.wp.com\/victoriavynn.ca\/wp-content\/uploads\/2023\/06\/HIGH-POWER-2.webp?resize=10%2C12&amp;ssl=1 10w\" sizes=\"auto, (max-width: 125px) 100vw, 125px\" \/><\/p>\n<p><img loading=\"lazy\" decoding=\"async\" class=\"size-full wp-image-12466 alignleft\" src=\"https:\/\/victoriavynn.ca\/wp-content\/uploads\/2023\/06\/LITHIUM-ION-BATTERTY.webp\" alt=\"BATTERIE LITHIUM-ION\" width=\"125\" height=\"150\" srcset=\"https:\/\/i0.wp.com\/victoriavynn.ca\/wp-content\/uploads\/2023\/06\/LITHIUM-ION-BATTERTY.webp?w=125&amp;ssl=1 125w, https:\/\/i0.wp.com\/victoriavynn.ca\/wp-content\/uploads\/2023\/06\/LITHIUM-ION-BATTERTY.webp?resize=10%2C12&amp;ssl=1 10w\" sizes=\"auto, (max-width: 125px) 100vw, 125px\" \/><\/p>\n<p><img loading=\"lazy\" decoding=\"async\" class=\"size-full wp-image-12467 alignleft\" src=\"https:\/\/victoriavynn.ca\/wp-content\/uploads\/2023\/06\/RECHARGEABLE-LOGO.webp\" alt=\"LOGO RECHARGEABLE\" width=\"125\" height=\"150\" srcset=\"https:\/\/i0.wp.com\/victoriavynn.ca\/wp-content\/uploads\/2023\/06\/RECHARGEABLE-LOGO.webp?w=125&amp;ssl=1 125w, https:\/\/i0.wp.com\/victoriavynn.ca\/wp-content\/uploads\/2023\/06\/RECHARGEABLE-LOGO.webp?resize=10%2C12&amp;ssl=1 10w\" sizes=\"auto, (max-width: 125px) 100vw, 125px\" \/><\/p>","protected":false},"featured_media":12517,"comment_status":"open","ping_status":"closed","template":"","meta":{"jetpack_post_was_ever_published":false,"jetpack_publicize_message":"","jetpack_publicize_feature_enabled":true,"jetpack_social_post_already_shared":false,"jetpack_social_options":{"image_generator_settings":{"template":"highway","default_image_id":0,"font":"","enabled":false},"version":2}},"product_brand":[],"product_cat":[593],"product_tag":[599],"class_list":{"0":"post-12324","1":"product","2":"type-product","3":"status-publish","4":"has-post-thumbnail","6":"product_cat-nailly-e-file-machines","7":"product_tag-e-file-machines","8":"product_shipping_class-cardboard-box","10":"first","11":"instock","12":"taxable","13":"shipping-taxable","14":"purchasable","15":"product-type-variable","16":"wvs-archive-product-wrapper"},"jetpack_publicize_connections":[],"jetpack-related-posts":[{"id":22097,"url":"https:\/\/victoriavynn.ca\/fr\/product\/victoria-vynn-cordless-nail-drill-40000-rpm\/","url_meta":{"origin":12324,"position":0},"title":"Victoria VYNN Perceuse \u00e0 clous sans fil 40 000 tr\/min","author":"Serge Sahakian","date":"juin 17, 2025","format":false,"excerpt":"La perceuse \u00e0 ongles sans fil de Victoria Vynn est l'outil id\u00e9al pour la manucure et la p\u00e9dicure - au salon, \u00e0 la maison ou en d\u00e9placement. Il est l\u00e9ger, silencieux et confortable \u00e0 utiliser, et son emballage \u00e9l\u00e9gant facilite son transport. Sp\u00e9cifications des produits : \u00a0 \u00a0 \u00a0 \u00a0 \u00a0 \u00a0","rel":"","context":"Similar post","block_context":{"text":"Similar post","link":""},"img":{"alt_text":"Victoria VYNN Cordless Nail Drill","src":"https:\/\/i0.wp.com\/victoriavynn.ca\/wp-content\/uploads\/2025\/06\/victoria-vynn-cordless-nail-drill-.webp?fit=750%2C1000&ssl=1&resize=350%2C200","width":350,"height":200,"srcset":"https:\/\/i0.wp.com\/victoriavynn.ca\/wp-content\/uploads\/2025\/06\/victoria-vynn-cordless-nail-drill-.webp?fit=750%2C1000&ssl=1&resize=350%2C200 1x, https:\/\/i0.wp.com\/victoriavynn.ca\/wp-content\/uploads\/2025\/06\/victoria-vynn-cordless-nail-drill-.webp?fit=750%2C1000&ssl=1&resize=525%2C300 1.5x, https:\/\/i0.wp.com\/victoriavynn.ca\/wp-content\/uploads\/2025\/06\/victoria-vynn-cordless-nail-drill-.webp?fit=750%2C1000&ssl=1&resize=700%2C400 2x"},"classes":[]},{"id":48270,"url":"https:\/\/victoriavynn.ca\/fr\/product\/daichong-dreamer-4th-gen-shake-switch-nail-drill\/","url_meta":{"origin":12324,"position":1},"title":"Daichong Dreamer Nail Drill Shake Switch 4\u00e8me g\u00e9n\u00e9ration","author":"Serge Sahakian","date":"f\u00e9vrier 5, 2026","format":false,"excerpt":"D\u00e9couvrez la perceuse \u00e0 ongles professionnelle Daichong Dreamer 4th Gen. Interrupteur innovant, puissance douce, faible vibration, r\u00e9sultats dignes d'un salon de coiffure. Sp\u00e9cifications du produit : \u00a0 \u00a0 \u00a0 \u00a0 \u00a0 \u00a0","rel":"","context":"Similar post","block_context":{"text":"Similar post","link":""},"img":{"alt_text":"daichong nail drill gen 4","src":"https:\/\/i0.wp.com\/victoriavynn.ca\/wp-content\/uploads\/2026\/02\/daichong-nail-drill-gen-4.webp?fit=750%2C1000&ssl=1&resize=350%2C200","width":350,"height":200,"srcset":"https:\/\/i0.wp.com\/victoriavynn.ca\/wp-content\/uploads\/2026\/02\/daichong-nail-drill-gen-4.webp?fit=750%2C1000&ssl=1&resize=350%2C200 1x, https:\/\/i0.wp.com\/victoriavynn.ca\/wp-content\/uploads\/2026\/02\/daichong-nail-drill-gen-4.webp?fit=750%2C1000&ssl=1&resize=525%2C300 1.5x, https:\/\/i0.wp.com\/victoriavynn.ca\/wp-content\/uploads\/2026\/02\/daichong-nail-drill-gen-4.webp?fit=750%2C1000&ssl=1&resize=700%2C400 2x"},"classes":[]},{"id":34776,"url":"https:\/\/victoriavynn.ca\/fr\/product\/msmo-vibe-pro-electric-nail-file-cordless\/","url_meta":{"origin":12324,"position":2},"title":"MSMO Vibe PRO Lime \u00e0 ongles \u00e9lectrique (sans fil)","author":"Serge Sahakian","date":"octobre 16, 2025","format":false,"excerpt":"","rel":"","context":"Similar post","block_context":{"text":"Similar post","link":""},"img":{"alt_text":"vibe pro","src":"https:\/\/i0.wp.com\/victoriavynn.ca\/wp-content\/uploads\/2025\/10\/msmo-vibe-pro.png?fit=1200%2C1200&ssl=1&resize=350%2C200","width":350,"height":200,"srcset":"https:\/\/i0.wp.com\/victoriavynn.ca\/wp-content\/uploads\/2025\/10\/msmo-vibe-pro.png?fit=1200%2C1200&ssl=1&resize=350%2C200 1x, https:\/\/i0.wp.com\/victoriavynn.ca\/wp-content\/uploads\/2025\/10\/msmo-vibe-pro.png?fit=1200%2C1200&ssl=1&resize=525%2C300 1.5x, https:\/\/i0.wp.com\/victoriavynn.ca\/wp-content\/uploads\/2025\/10\/msmo-vibe-pro.png?fit=1200%2C1200&ssl=1&resize=700%2C400 2x, https:\/\/i0.wp.com\/victoriavynn.ca\/wp-content\/uploads\/2025\/10\/msmo-vibe-pro.png?fit=1200%2C1200&ssl=1&resize=1050%2C600 3x"},"classes":[]},{"id":12340,"url":"https:\/\/victoriavynn.ca\/fr\/product\/champion-3-professional-nail-drill-e-file-45000-rpm\/","url_meta":{"origin":12324,"position":3},"title":"Champion 3 Professional Nail Drill E-File 45,000 RPM","author":"Serge Sahakian","date":"juin 5, 2023","format":false,"excerpt":"","rel":"","context":"Similar post","block_context":{"text":"Similar post","link":""},"img":{"alt_text":"","src":"https:\/\/i0.wp.com\/victoriavynn.ca\/wp-content\/uploads\/2023\/06\/Untitled-8-2.jpg?fit=500%2C500&ssl=1&resize=350%2C200","width":350,"height":200},"classes":[]},{"id":42996,"url":"https:\/\/victoriavynn.ca\/fr\/product\/ulka-carbide-nail-drill-bit-corn-red-head-diameter-5-0-mm-working-part-13-mm-c513-f-2\/","url_meta":{"origin":12324,"position":4},"title":"\u00dcLKA M\u00e8che \u00e0 clous en carbure de ma\u00efs t\u00eate rouge diam\u00e8tre 5.0 mm \/ partie travaillante 13 mm (C513-F)","author":"Serge Sahakian","date":"D\u00e9cembre 10, 2025","format":false,"excerpt":"L'embout \u00dcLKA en carbure \u201cCorn\u201d avec marquage rouge est destin\u00e9 aux travaux d\u00e9licats. Il permet de retirer en toute s\u00e9curit\u00e9 et en douceur les couches minces, les couches de base et les gels mous sans causer d'inconfort. Un choix pratique pour les clientes aux ongles fragiles. Sp\u00e9cifications du produit : Forme : Ma\u00efs Grain : Diam\u00e8tre de la t\u00eate : 5.0 mm Longueur de la t\u00eate :...","rel":"","context":"Similar post","block_context":{"text":"Similar post","link":""},"img":{"alt_text":"U\u0308LKA Carbide nail drill bit corn red head diameter 5.0 mm : working part 13 mm (C513-F)","src":"https:\/\/i0.wp.com\/victoriavynn.ca\/wp-content\/uploads\/2025\/12\/ulka-carbide-nail-drill-bit-corn-red-head-diameter-5.0-mm-working-part-13-mm-c513-f-.webp?fit=750%2C1000&ssl=1&resize=350%2C200","width":350,"height":200,"srcset":"https:\/\/i0.wp.com\/victoriavynn.ca\/wp-content\/uploads\/2025\/12\/ulka-carbide-nail-drill-bit-corn-red-head-diameter-5.0-mm-working-part-13-mm-c513-f-.webp?fit=750%2C1000&ssl=1&resize=350%2C200 1x, https:\/\/i0.wp.com\/victoriavynn.ca\/wp-content\/uploads\/2025\/12\/ulka-carbide-nail-drill-bit-corn-red-head-diameter-5.0-mm-working-part-13-mm-c513-f-.webp?fit=750%2C1000&ssl=1&resize=525%2C300 1.5x, https:\/\/i0.wp.com\/victoriavynn.ca\/wp-content\/uploads\/2025\/12\/ulka-carbide-nail-drill-bit-corn-red-head-diameter-5.0-mm-working-part-13-mm-c513-f-.webp?fit=750%2C1000&ssl=1&resize=700%2C400 2x"},"classes":[]},{"id":43002,"url":"https:\/\/victoriavynn.ca\/fr\/product\/ulka-carbide-cone-bit-blue-6mm-c615-m\/","url_meta":{"origin":12324,"position":5},"title":"\u00dcLKA M\u00e8che \u00e0 clou carbure c\u00f4ne bleu diam\u00e8tre t\u00eate 6.0 mm \/ partie travaillante 15 mm (C615-M)","author":"Serge Sahakian","date":"D\u00e9cembre 10, 2025","format":false,"excerpt":"L'embout \u00dcLKA en carbure \u201cCone\u201d avec marquage bleu est con\u00e7u pour nettoyer les parois lat\u00e9rales, enlever les rev\u00eatements et travailler sur diff\u00e9rentes zones de l'ongle. Sa forme conique offre pr\u00e9cision et acc\u00e8s, tandis que le grain moyen assure l'efficacit\u00e9 et le confort du client. Sp\u00e9cifications du produit : Forme : C\u00f4ne Grain : Grosseur de la t\u00eate : 6.0 mm Diam\u00e8tre de la...","rel":"","context":"Similar post","block_context":{"text":"Similar post","link":""},"img":{"alt_text":"U\u0308LKA Carbide nail drill bit cone blue head diameter 6.0 mm : working part 15 mm (C615-M)","src":"https:\/\/i0.wp.com\/victoriavynn.ca\/wp-content\/uploads\/2025\/12\/ulka-carbide-nail-drill-bit-cone-blue-head-diameter-6.0-mm-working-part-15-mm-c615-m-.webp?fit=750%2C1000&ssl=1&resize=350%2C200","width":350,"height":200,"srcset":"https:\/\/i0.wp.com\/victoriavynn.ca\/wp-content\/uploads\/2025\/12\/ulka-carbide-nail-drill-bit-cone-blue-head-diameter-6.0-mm-working-part-15-mm-c615-m-.webp?fit=750%2C1000&ssl=1&resize=350%2C200 1x, https:\/\/i0.wp.com\/victoriavynn.ca\/wp-content\/uploads\/2025\/12\/ulka-carbide-nail-drill-bit-cone-blue-head-diameter-6.0-mm-working-part-15-mm-c615-m-.webp?fit=750%2C1000&ssl=1&resize=525%2C300 1.5x, https:\/\/i0.wp.com\/victoriavynn.ca\/wp-content\/uploads\/2025\/12\/ulka-carbide-nail-drill-bit-cone-blue-head-diameter-6.0-mm-working-part-15-mm-c615-m-.webp?fit=750%2C1000&ssl=1&resize=700%2C400 2x"},"classes":[]}],"jetpack_sharing_enabled":true,"_links":{"self":[{"href":"https:\/\/victoriavynn.ca\/fr\/wp-json\/wp\/v2\/product\/12324","targetHints":{"allow":["GET"]}}],"collection":[{"href":"https:\/\/victoriavynn.ca\/fr\/wp-json\/wp\/v2\/product"}],"about":[{"href":"https:\/\/victoriavynn.ca\/fr\/wp-json\/wp\/v2\/types\/product"}],"replies":[{"embeddable":true,"href":"https:\/\/victoriavynn.ca\/fr\/wp-json\/wp\/v2\/comments?post=12324"}],"wp:featuredmedia":[{"embeddable":true,"href":"https:\/\/victoriavynn.ca\/fr\/wp-json\/wp\/v2\/media\/12517"}],"wp:attachment":[{"href":"https:\/\/victoriavynn.ca\/fr\/wp-json\/wp\/v2\/media?parent=12324"}],"wp:term":[{"taxonomy":"product_brand","embeddable":true,"href":"https:\/\/victoriavynn.ca\/fr\/wp-json\/wp\/v2\/product_brand?post=12324"},{"taxonomy":"product_cat","embeddable":true,"href":"https:\/\/victoriavynn.ca\/fr\/wp-json\/wp\/v2\/product_cat?post=12324"},{"taxonomy":"product_tag","embeddable":true,"href":"https:\/\/victoriavynn.ca\/fr\/wp-json\/wp\/v2\/product_tag?post=12324"}],"curies":[{"name":"wp","href":"https:\/\/api.w.org\/{rel}","templated":true}]}}