{"id":12326,"date":"2023-06-05T21:32:34","date_gmt":"2023-06-06T01:32:34","guid":{"rendered":"https:\/\/victoriavynn.ca\/product\/nailly-basic-premium-salon-quality-grey-straight-nail-file-180-240-set-of-10\/"},"modified":"2026-02-16T19:53:31","modified_gmt":"2026-02-17T00:53:31","slug":"nailly-basic-premium-qualite-salon-lime-droite-grise-180-240-set-de-10","status":"publish","type":"product","link":"https:\/\/victoriavynn.ca\/fr\/product\/nailly-basic-premium-salon-quality-grey-straight-nail-file-180-240-set-of-10\/","title":{"rendered":"Nailly Basic Premium qualit\u00e9 salon lime droite grise 180\/240 (lot de 10)"},"content":{"rendered":"","protected":false},"excerpt":{"rendered":"","protected":false},"featured_media":12327,"comment_status":"open","ping_status":"closed","template":"","meta":{"jetpack_post_was_ever_published":false,"jetpack_publicize_message":"","jetpack_publicize_feature_enabled":true,"jetpack_social_post_already_shared":false,"jetpack_social_options":{"image_generator_settings":{"template":"highway","default_image_id":0,"font":"","enabled":false},"version":2}},"product_brand":[],"product_cat":[595],"product_tag":[610,92],"class_list":{"0":"post-12326","1":"product","2":"type-product","3":"status-publish","4":"has-post-thumbnail","6":"product_cat-nailly-manicure-nail-care-accessories","7":"product_tag-disposable-nail-files-buffers","8":"product_tag-nail-accessories","9":"product_shipping_class-cardboard-box","11":"first","12":"instock","13":"taxable","14":"shipping-taxable","15":"purchasable","16":"product-type-simple"},"jetpack_publicize_connections":[],"jetpack-related-posts":[{"id":12348,"url":"https:\/\/victoriavynn.ca\/fr\/product\/nailly-basic-premium-salon-quality-grey-crescent-nail-file-180-240-set-of-10\/","url_meta":{"origin":12326,"position":0},"title":"Nailly Basic Premium qualit\u00e9 salon lime \u00e0 ongles en forme de croissant gris 180\/240 (lot de 10)","author":"Serge Sahakian","date":"juin 5, 2023","format":false,"excerpt":"","rel":"","context":"Similar post","block_context":{"text":"Similar post","link":""},"img":{"alt_text":"","src":"https:\/\/i0.wp.com\/victoriavynn.ca\/wp-content\/uploads\/2023\/06\/Nail-Files-Crescent-Set-of-10-pcs-180240-2.png?fit=750%2C1000&ssl=1&resize=350%2C200","width":350,"height":200,"srcset":"https:\/\/i0.wp.com\/victoriavynn.ca\/wp-content\/uploads\/2023\/06\/Nail-Files-Crescent-Set-of-10-pcs-180240-2.png?fit=750%2C1000&ssl=1&resize=350%2C200 1x, https:\/\/i0.wp.com\/victoriavynn.ca\/wp-content\/uploads\/2023\/06\/Nail-Files-Crescent-Set-of-10-pcs-180240-2.png?fit=750%2C1000&ssl=1&resize=525%2C300 1.5x, https:\/\/i0.wp.com\/victoriavynn.ca\/wp-content\/uploads\/2023\/06\/Nail-Files-Crescent-Set-of-10-pcs-180240-2.png?fit=750%2C1000&ssl=1&resize=700%2C400 2x"},"classes":[]},{"id":12350,"url":"https:\/\/victoriavynn.ca\/fr\/product\/nailly-basic-premium-salon-quality-grey-straight-nail-file-100-180-set-of-10\/","url_meta":{"origin":12326,"position":1},"title":"Nailly Basic Premium qualit\u00e9 salon lime droite grise 100\/180 (lot de 10)","author":"Serge Sahakian","date":"juin 5, 2023","format":false,"excerpt":"","rel":"","context":"Similar post","block_context":{"text":"Similar post","link":""},"img":{"alt_text":"","src":"https:\/\/i0.wp.com\/victoriavynn.ca\/wp-content\/uploads\/2023\/06\/Nail-Files-Straight-Set-of-10-pcs-100180-2.png?fit=750%2C1000&ssl=1&resize=350%2C200","width":350,"height":200,"srcset":"https:\/\/i0.wp.com\/victoriavynn.ca\/wp-content\/uploads\/2023\/06\/Nail-Files-Straight-Set-of-10-pcs-100180-2.png?fit=750%2C1000&ssl=1&resize=350%2C200 1x, https:\/\/i0.wp.com\/victoriavynn.ca\/wp-content\/uploads\/2023\/06\/Nail-Files-Straight-Set-of-10-pcs-100180-2.png?fit=750%2C1000&ssl=1&resize=525%2C300 1.5x, https:\/\/i0.wp.com\/victoriavynn.ca\/wp-content\/uploads\/2023\/06\/Nail-Files-Straight-Set-of-10-pcs-100180-2.png?fit=750%2C1000&ssl=1&resize=700%2C400 2x"},"classes":[]},{"id":12314,"url":"https:\/\/victoriavynn.ca\/fr\/product\/nailly-basic-premium-salon-quality-grey-crescent-nail-file-100-180-set-of-10\/","url_meta":{"origin":12326,"position":2},"title":"Nailly Basic Premium qualit\u00e9 salon lime \u00e0 ongles en forme de croissant gris 100\/180 (lot de 10)","author":"Serge Sahakian","date":"juin 5, 2023","format":false,"excerpt":"","rel":"","context":"Similar post","block_context":{"text":"Similar post","link":""},"img":{"alt_text":"","src":"https:\/\/i0.wp.com\/victoriavynn.ca\/wp-content\/uploads\/2023\/06\/Nail-Files-Crescent-Set-of-10-pcs-100180-3.png?fit=750%2C1000&ssl=1&resize=350%2C200","width":350,"height":200,"srcset":"https:\/\/i0.wp.com\/victoriavynn.ca\/wp-content\/uploads\/2023\/06\/Nail-Files-Crescent-Set-of-10-pcs-100180-3.png?fit=750%2C1000&ssl=1&resize=350%2C200 1x, https:\/\/i0.wp.com\/victoriavynn.ca\/wp-content\/uploads\/2023\/06\/Nail-Files-Crescent-Set-of-10-pcs-100180-3.png?fit=750%2C1000&ssl=1&resize=525%2C300 1.5x, https:\/\/i0.wp.com\/victoriavynn.ca\/wp-content\/uploads\/2023\/06\/Nail-Files-Crescent-Set-of-10-pcs-100180-3.png?fit=750%2C1000&ssl=1&resize=700%2C400 2x"},"classes":[]},{"id":3010,"url":"https:\/\/victoriavynn.ca\/fr\/product\/victoria-vynn-black-straight-nail-file-180-240\/","url_meta":{"origin":12326,"position":3},"title":"Victoria VYNN Lime \u00e0 ongles professionnelle droite noire 180\/240","author":"Serge Sahakian","date":"ao\u00fbt 18, 2022","format":false,"excerpt":"Victoria VYNN Lime \u00e0 ongles de haute qualit\u00e9 pour les ongles naturels. Forme droite noire - a deux grains : 180\/240. Achetez en toute confiance ! Le premier distributeur canadien de fournitures professionnelles pour les ongles.","rel":"","context":"Similar post","block_context":{"text":"Similar post","link":""},"img":{"alt_text":"","src":"https:\/\/i0.wp.com\/victoriavynn.ca\/wp-content\/uploads\/2022\/08\/straight-black-180-240-1.jpeg?fit=753%2C753&ssl=1&resize=350%2C200","width":350,"height":200,"srcset":"https:\/\/i0.wp.com\/victoriavynn.ca\/wp-content\/uploads\/2022\/08\/straight-black-180-240-1.jpeg?fit=753%2C753&ssl=1&resize=350%2C200 1x, https:\/\/i0.wp.com\/victoriavynn.ca\/wp-content\/uploads\/2022\/08\/straight-black-180-240-1.jpeg?fit=753%2C753&ssl=1&resize=525%2C300 1.5x, https:\/\/i0.wp.com\/victoriavynn.ca\/wp-content\/uploads\/2022\/08\/straight-black-180-240-1.jpeg?fit=753%2C753&ssl=1&resize=700%2C400 2x"},"classes":[]},{"id":3006,"url":"https:\/\/victoriavynn.ca\/fr\/product\/high-quality-nail-file-natural-nails-bs240\/","url_meta":{"origin":12326,"position":4},"title":"Victoria VYNN Lime \u00e0 ongles professionnelle droite noire 180\/240","author":"Serge Sahakian","date":"ao\u00fbt 18, 2022","format":false,"excerpt":"Lime \u00e0 ongles professionnelle pour ongles naturels. Poss\u00e8de deux grains : 180\/240.","rel":"","context":"Similar post","block_context":{"text":"Similar post","link":""},"img":{"alt_text":"high quality nail file","src":"https:\/\/i0.wp.com\/victoriavynn.ca\/wp-content\/uploads\/2022\/08\/bs240.webp?fit=1000%2C1000&ssl=1&resize=350%2C200","width":350,"height":200,"srcset":"https:\/\/i0.wp.com\/victoriavynn.ca\/wp-content\/uploads\/2022\/08\/bs240.webp?fit=1000%2C1000&ssl=1&resize=350%2C200 1x, https:\/\/i0.wp.com\/victoriavynn.ca\/wp-content\/uploads\/2022\/08\/bs240.webp?fit=1000%2C1000&ssl=1&resize=525%2C300 1.5x, https:\/\/i0.wp.com\/victoriavynn.ca\/wp-content\/uploads\/2022\/08\/bs240.webp?fit=1000%2C1000&ssl=1&resize=700%2C400 2x"},"classes":[]},{"id":2998,"url":"https:\/\/victoriavynn.ca\/fr\/product\/professional-nail-file-for-salon-wb240\/","url_meta":{"origin":12326,"position":5},"title":"Lime \u00e0 ongles professionnelle blanche en forme de banane 180\/240","author":"Serge Sahakian","date":"ao\u00fbt 18, 2022","format":false,"excerpt":"Victoria VYNN Lime \u00e0 ongles professionnelle pour salon pour ongles naturels. En forme de banane blanche - a deux grains : 180\/240. Achetez en toute confiance ! Le premier distributeur canadien de fournitures professionnelles pour les ongles.","rel":"","context":"Similar post","block_context":{"text":"Similar post","link":""},"img":{"alt_text":"professional nail file for salon","src":"https:\/\/i0.wp.com\/victoriavynn.ca\/wp-content\/uploads\/2022\/08\/wb240.webp?fit=1000%2C1000&ssl=1&resize=350%2C200","width":350,"height":200,"srcset":"https:\/\/i0.wp.com\/victoriavynn.ca\/wp-content\/uploads\/2022\/08\/wb240.webp?fit=1000%2C1000&ssl=1&resize=350%2C200 1x, https:\/\/i0.wp.com\/victoriavynn.ca\/wp-content\/uploads\/2022\/08\/wb240.webp?fit=1000%2C1000&ssl=1&resize=525%2C300 1.5x, https:\/\/i0.wp.com\/victoriavynn.ca\/wp-content\/uploads\/2022\/08\/wb240.webp?fit=1000%2C1000&ssl=1&resize=700%2C400 2x"},"classes":[]}],"jetpack_sharing_enabled":true,"_links":{"self":[{"href":"https:\/\/victoriavynn.ca\/fr\/wp-json\/wp\/v2\/product\/12326","targetHints":{"allow":["GET"]}}],"collection":[{"href":"https:\/\/victoriavynn.ca\/fr\/wp-json\/wp\/v2\/product"}],"about":[{"href":"https:\/\/victoriavynn.ca\/fr\/wp-json\/wp\/v2\/types\/product"}],"replies":[{"embeddable":true,"href":"https:\/\/victoriavynn.ca\/fr\/wp-json\/wp\/v2\/comments?post=12326"}],"wp:featuredmedia":[{"embeddable":true,"href":"https:\/\/victoriavynn.ca\/fr\/wp-json\/wp\/v2\/media\/12327"}],"wp:attachment":[{"href":"https:\/\/victoriavynn.ca\/fr\/wp-json\/wp\/v2\/media?parent=12326"}],"wp:term":[{"taxonomy":"product_brand","embeddable":true,"href":"https:\/\/victoriavynn.ca\/fr\/wp-json\/wp\/v2\/product_brand?post=12326"},{"taxonomy":"product_cat","embeddable":true,"href":"https:\/\/victoriavynn.ca\/fr\/wp-json\/wp\/v2\/product_cat?post=12326"},{"taxonomy":"product_tag","embeddable":true,"href":"https:\/\/victoriavynn.ca\/fr\/wp-json\/wp\/v2\/product_tag?post=12326"}],"curies":[{"name":"wp","href":"https:\/\/api.w.org\/{rel}","templated":true}]}}