{"id":12332,"date":"2023-06-05T21:34:50","date_gmt":"2023-06-06T01:34:50","guid":{"rendered":"https:\/\/victoriavynn.ca\/product\/cordless-s10-rechargeable-professional-uv-led-lamp-48-watt\/"},"modified":"2026-02-13T19:03:08","modified_gmt":"2026-02-14T00:03:08","slug":"nailly-meilleure-lampe-a-ongles-uv-led-sans-fil-s10","status":"publish","type":"product","link":"https:\/\/victoriavynn.ca\/fr\/product\/nailly-best-cordless-uv-led-nail-lamp-s10\/","title":{"rendered":"Lampe UV\/LED professionnelle rechargeable sans fil S10 66 Watt"},"content":{"rendered":"<p>Propri\u00e9t\u00e9s de notre meilleure lampe \u00e0 ongles LED UV sans fil :<\/p>\n<ul>\n<li>Double source de lumi\u00e8re : Lumi\u00e8re UV 365nm et lumi\u00e8re LED 405nm S\u00e9cheur de gel 2 en 1.  Lampe \u00e0 ongles 66W. 30 perles LED<\/li>\n<li>Batterie au lithium de 7800 mAh<\/li>\n<li>Peut \u00eatre utilis\u00e9 pendant le chargement (courant alternatif direct)<\/li>\n<li>L\u00e9ger et portable<\/li>\n<li>Durcissement de tous les types de gels et de vernis en gel, c'est-\u00e0-dire les gels UV, les gels LED, les gels de construction, les gels acryliques, les gels durs, etc.<\/li>\n<li>Diff\u00e9rents modes possibles (10S\/30S\/60S\/99S mode basse temp\u00e9rature)<\/li>\n<li>Capteur infrarouge Auto Smart<\/li>\n<li>Dur\u00e9e de vie de 50 000 heures<\/li>\n<\/ul>","protected":false},"excerpt":{"rendered":"<p>Nailly S10 Lampe UV LED professionnelle rechargeable sans fil 66 Watt est la lampe UV LED portable sans fil la plus efficace. Notre meilleure lampe \u00e0 LED UV sans fil a une dur\u00e9e de vie de 50 000 heures. La machine l\u00e9g\u00e8re et portable peut facilement gu\u00e9rir tous les types de gels et de vernis en gel, c'est-\u00e0-dire les gels UV, les gels LED, les gels de construction, les gels acryliques, les gels durs, etc.<\/p>\n<p>Sp\u00e9cifications du produit :<\/p>\n<p><img loading=\"lazy\" decoding=\"async\" class=\"size-full wp-image-11856 alignleft\" src=\"https:\/\/victoriavynn.ca\/wp-content\/uploads\/2023\/03\/LONG-LASTING-1.webp\" alt=\"LONGUE DUR\u00c9E\" width=\"125\" height=\"150\" srcset=\"https:\/\/i0.wp.com\/victoriavynn.ca\/wp-content\/uploads\/2023\/03\/LONG-LASTING-1.webp?w=125&amp;ssl=1 125w, https:\/\/i0.wp.com\/victoriavynn.ca\/wp-content\/uploads\/2023\/03\/LONG-LASTING-1.webp?resize=10%2C12&amp;ssl=1 10w\" sizes=\"auto, (max-width: 125px) 100vw, 125px\" \/><\/p>\n<p><img loading=\"lazy\" decoding=\"async\" class=\"size-full wp-image-12466 alignleft\" src=\"https:\/\/victoriavynn.ca\/wp-content\/uploads\/2023\/06\/LITHIUM-ION-BATTERTY.webp\" alt=\"BATTERIE LITHIUM-ION\" width=\"125\" height=\"150\" srcset=\"https:\/\/i0.wp.com\/victoriavynn.ca\/wp-content\/uploads\/2023\/06\/LITHIUM-ION-BATTERTY.webp?w=125&amp;ssl=1 125w, https:\/\/i0.wp.com\/victoriavynn.ca\/wp-content\/uploads\/2023\/06\/LITHIUM-ION-BATTERTY.webp?resize=10%2C12&amp;ssl=1 10w\" sizes=\"auto, (max-width: 125px) 100vw, 125px\" \/><\/p>\n<p><img loading=\"lazy\" decoding=\"async\" class=\"size-full wp-image-12467 alignleft\" src=\"https:\/\/victoriavynn.ca\/wp-content\/uploads\/2023\/06\/RECHARGEABLE-LOGO.webp\" alt=\"LOGO RECHARGEABLE\" width=\"125\" height=\"150\" srcset=\"https:\/\/i0.wp.com\/victoriavynn.ca\/wp-content\/uploads\/2023\/06\/RECHARGEABLE-LOGO.webp?w=125&amp;ssl=1 125w, https:\/\/i0.wp.com\/victoriavynn.ca\/wp-content\/uploads\/2023\/06\/RECHARGEABLE-LOGO.webp?resize=10%2C12&amp;ssl=1 10w\" sizes=\"auto, (max-width: 125px) 100vw, 125px\" \/><\/p>","protected":false},"featured_media":12445,"comment_status":"open","ping_status":"closed","template":"","meta":{"jetpack_post_was_ever_published":false,"jetpack_publicize_message":"","jetpack_publicize_feature_enabled":true,"jetpack_social_post_already_shared":false,"jetpack_social_options":{"image_generator_settings":{"template":"highway","default_image_id":0,"font":"","enabled":false},"version":2}},"product_brand":[],"product_cat":[594],"product_tag":[597],"class_list":{"0":"post-12332","1":"product","2":"type-product","3":"status-publish","4":"has-post-thumbnail","6":"product_cat-nailly-uv-led-nail-lamps","7":"product_tag-uv-led-nail-lamp","8":"product_shipping_class-cardboard-box","10":"first","11":"instock","12":"taxable","13":"shipping-taxable","14":"purchasable","15":"product-type-simple"},"jetpack_publicize_connections":[],"jetpack-related-posts":[{"id":12334,"url":"https:\/\/victoriavynn.ca\/fr\/product\/best-rechargeable-uv-led-nail-lamp-60w-s20\/","url_meta":{"origin":12332,"position":0},"title":"Lampe UV\/LED professionnelle rechargeable sans fil S20 60 Watt","author":"Serge Sahakian","date":"juin 5, 2023","format":false,"excerpt":"Nailly S20 est une lampe \u00e0 LED UV professionnelle sans fil de 66 Watt. Cette lampe \u00e0 LED UV portable sans fil est tr\u00e8s efficace. Notre meilleure lampe UV rechargeable a une dur\u00e9e de vie de 50 000 heures. La machine l\u00e9g\u00e8re et portable peut facilement gu\u00e9rir tous les types de gels et de vernis en gel...","rel":"","context":"Similar post","block_context":{"text":"Similar post","link":""},"img":{"alt_text":"nailly professional best rechargeable uv led nail lamp 60watt s20 cordless wireless uv led dryer","src":"https:\/\/i0.wp.com\/victoriavynn.ca\/wp-content\/uploads\/2023\/06\/nailly-professional-best-rechargeable-uv-led-nail-lamp-60watt-1-5.webp?fit=750%2C1000&ssl=1&resize=350%2C200","width":350,"height":200,"srcset":"https:\/\/i0.wp.com\/victoriavynn.ca\/wp-content\/uploads\/2023\/06\/nailly-professional-best-rechargeable-uv-led-nail-lamp-60watt-1-5.webp?fit=750%2C1000&ssl=1&resize=350%2C200 1x, https:\/\/i0.wp.com\/victoriavynn.ca\/wp-content\/uploads\/2023\/06\/nailly-professional-best-rechargeable-uv-led-nail-lamp-60watt-1-5.webp?fit=750%2C1000&ssl=1&resize=525%2C300 1.5x, https:\/\/i0.wp.com\/victoriavynn.ca\/wp-content\/uploads\/2023\/06\/nailly-professional-best-rechargeable-uv-led-nail-lamp-60watt-1-5.webp?fit=750%2C1000&ssl=1&resize=700%2C400 2x"},"classes":[]},{"id":12336,"url":"https:\/\/victoriavynn.ca\/fr\/product\/snrqi-t8-professional-uv-led-nail-lamp-72w\/","url_meta":{"origin":12332,"position":1},"title":"SNRQI T8 Professional UV\/LED Lamp 72 Watt with Hand Pillow","author":"Serge Sahakian","date":"juin 5, 2023","format":false,"excerpt":"Nailly Professional UV LED Lamp 72 Watt with Hand Pillow. Cette machine au design moderne permet de polym\u00e9riser facilement tous les types de gels et de vernis en gel, c'est-\u00e0-dire les gels UV, les gels LED, les gels de construction, les gels acryliques, les gels durs, etc. Sp\u00e9cifications du produit :","rel":"","context":"Similar post","block_context":{"text":"Similar post","link":""},"img":{"alt_text":"nailly professional uv led nail lamp 72 watt high power","src":"https:\/\/i0.wp.com\/victoriavynn.ca\/wp-content\/uploads\/2023\/06\/nailly-professional-uv-led-nail-lamp-72-watt-high-power-.webp?fit=750%2C1000&ssl=1&resize=350%2C200","width":350,"height":200,"srcset":"https:\/\/i0.wp.com\/victoriavynn.ca\/wp-content\/uploads\/2023\/06\/nailly-professional-uv-led-nail-lamp-72-watt-high-power-.webp?fit=750%2C1000&ssl=1&resize=350%2C200 1x, https:\/\/i0.wp.com\/victoriavynn.ca\/wp-content\/uploads\/2023\/06\/nailly-professional-uv-led-nail-lamp-72-watt-high-power-.webp?fit=750%2C1000&ssl=1&resize=525%2C300 1.5x, https:\/\/i0.wp.com\/victoriavynn.ca\/wp-content\/uploads\/2023\/06\/nailly-professional-uv-led-nail-lamp-72-watt-high-power-.webp?fit=750%2C1000&ssl=1&resize=700%2C400 2x"},"classes":[]},{"id":12799,"url":"https:\/\/victoriavynn.ca\/fr\/product\/cordless-professional-multi-led-nail-lamp\/","url_meta":{"origin":12332,"position":2},"title":"Victoria VYNN Lampe professionnelle multi LED sans fil 36 Watt","author":"Serge Sahakian","date":"juin 9, 2023","format":false,"excerpt":"Victoria VYNN Cordless Professional Multi LED Nail Lamp is designed for curing all gel, acrylic gel and hybrid products. The lamp has 81 optimally placed diodes and four curing times, including the \"low heat\" mode. It is a progressive irradiation, which makes the lamp power increase gradually, and the burning\u2026","rel":"","context":"Similar post","block_context":{"text":"Similar post","link":""},"img":{"alt_text":"Victoria VYNN Cordless Professional Multi LED Nail Lamp","src":"https:\/\/i0.wp.com\/victoriavynn.ca\/wp-content\/uploads\/2023\/06\/Victoria-VYNN-Cordless-Professional-Multi-LED-Nail-Lamp-1-3.webp?fit=750%2C1000&ssl=1&resize=350%2C200","width":350,"height":200,"srcset":"https:\/\/i0.wp.com\/victoriavynn.ca\/wp-content\/uploads\/2023\/06\/Victoria-VYNN-Cordless-Professional-Multi-LED-Nail-Lamp-1-3.webp?fit=750%2C1000&ssl=1&resize=350%2C200 1x, https:\/\/i0.wp.com\/victoriavynn.ca\/wp-content\/uploads\/2023\/06\/Victoria-VYNN-Cordless-Professional-Multi-LED-Nail-Lamp-1-3.webp?fit=750%2C1000&ssl=1&resize=525%2C300 1.5x, https:\/\/i0.wp.com\/victoriavynn.ca\/wp-content\/uploads\/2023\/06\/Victoria-VYNN-Cordless-Professional-Multi-LED-Nail-Lamp-1-3.webp?fit=750%2C1000&ssl=1&resize=700%2C400 2x"},"classes":[]},{"id":12322,"url":"https:\/\/victoriavynn.ca\/fr\/product\/2in1-uv-led-nail-lamp-and-hand-rest-oval\/","url_meta":{"origin":12332,"position":3},"title":"H9 Dual 2in1 UV\/LED Lamp &amp; Hand Rest 48 Watt (White)","author":"Serge Sahakian","date":"juin 5, 2023","format":false,"excerpt":"H9 Dual 2in1 UV LED Nail Lamp and Hand Rest Oval (White). Combinaison d'une puissante lampe \u00e0 ongles \u00e0 LED UV de 48 W et d'un repose-mains. Placez confortablement votre bras sur le coussin \u00e0 ongles et attendez l'application du vernis en gel, puis glissez rapidement vers le bas pour durcir le vernis en gel.","rel":"","context":"Similar post","block_context":{"text":"Similar post","link":""},"img":{"alt_text":"Nailly Professional 2in1 UV LED Nail Lamp and Hand Rest Oval 48 Watt","src":"https:\/\/i0.wp.com\/victoriavynn.ca\/wp-content\/uploads\/2023\/06\/H9-Dual-2in1-UV-LED-Lamp-and-Hand-Arm-Rest-oval-white-48-watt_-1-3.webp?fit=750%2C1000&ssl=1&resize=350%2C200","width":350,"height":200,"srcset":"https:\/\/i0.wp.com\/victoriavynn.ca\/wp-content\/uploads\/2023\/06\/H9-Dual-2in1-UV-LED-Lamp-and-Hand-Arm-Rest-oval-white-48-watt_-1-3.webp?fit=750%2C1000&ssl=1&resize=350%2C200 1x, https:\/\/i0.wp.com\/victoriavynn.ca\/wp-content\/uploads\/2023\/06\/H9-Dual-2in1-UV-LED-Lamp-and-Hand-Arm-Rest-oval-white-48-watt_-1-3.webp?fit=750%2C1000&ssl=1&resize=525%2C300 1.5x, https:\/\/i0.wp.com\/victoriavynn.ca\/wp-content\/uploads\/2023\/06\/H9-Dual-2in1-UV-LED-Lamp-and-Hand-Arm-Rest-oval-white-48-watt_-1-3.webp?fit=750%2C1000&ssl=1&resize=700%2C400 2x"},"classes":[]},{"id":12356,"url":"https:\/\/victoriavynn.ca\/fr\/product\/nailly-2in1-uv-led-lamp-and-arm-rest\/","url_meta":{"origin":12332,"position":4},"title":"H5 Dual 2in1 UV\/LED Lamp &amp; Hand Rest Black 72 Watt","author":"Serge Sahakian","date":"juin 5, 2023","format":false,"excerpt":"H5 Dual 2in1 Lampe LED UV et accoudoir (Noir). Combinaison d'une lampe \u00e0 LED UV de 72W et d'un accoudoir. Placez confortablement votre bras sur le coussin \u00e0 ongles et attendez l'application du vernis en gel, puis glissez rapidement vers le bas pour durcir le vernis en gel.","rel":"","context":"Similar post","block_context":{"text":"Similar post","link":""},"img":{"alt_text":"Nailly Professional H5 Dual 2in1 UV LED Lamp and Arm Rest Black 72 Watt_","src":"https:\/\/i0.wp.com\/victoriavynn.ca\/wp-content\/uploads\/2023\/06\/H5-Dual-2in1-UV-LED-Lamp-and-Hand-Arm-Rest-Black-72-Watt_-.webp?fit=750%2C1000&ssl=1&resize=350%2C200","width":350,"height":200,"srcset":"https:\/\/i0.wp.com\/victoriavynn.ca\/wp-content\/uploads\/2023\/06\/H5-Dual-2in1-UV-LED-Lamp-and-Hand-Arm-Rest-Black-72-Watt_-.webp?fit=750%2C1000&ssl=1&resize=350%2C200 1x, https:\/\/i0.wp.com\/victoriavynn.ca\/wp-content\/uploads\/2023\/06\/H5-Dual-2in1-UV-LED-Lamp-and-Hand-Arm-Rest-Black-72-Watt_-.webp?fit=750%2C1000&ssl=1&resize=525%2C300 1.5x, https:\/\/i0.wp.com\/victoriavynn.ca\/wp-content\/uploads\/2023\/06\/H5-Dual-2in1-UV-LED-Lamp-and-Hand-Arm-Rest-Black-72-Watt_-.webp?fit=750%2C1000&ssl=1&resize=700%2C400 2x"},"classes":[]},{"id":2878,"url":"https:\/\/victoriavynn.ca\/fr\/product\/nail-art-gel-3d-creamy-white\/","url_meta":{"origin":12332,"position":5},"title":"Gel de salon pour ongles 3D UV\/LED blanc cr\u00e8me","author":"Serge Sahakian","date":"ao\u00fbt 18, 2022","format":false,"excerpt":"Victoria VYNN 3D UV\/LED Gel sont des gels de nail art \u00e0 forte pigmentation, recommand\u00e9s pour divers types de d\u00e9corations ou comme couche uniforme sur les ongles. Durcis dans une lampe UV et LED. La marque de vernis gel la plus vendue au Canada, Victoria VYNN, fournit aux proth\u00e9sistes ongulaires et aux professionnels...","rel":"","context":"Similar post","block_context":{"text":"Similar post","link":""},"img":{"alt_text":"3d nail art gel","src":"https:\/\/i0.wp.com\/victoriavynn.ca\/wp-content\/uploads\/2022\/08\/art-gel-3d-01-creamy-white-5ml.jpeg?fit=753%2C753&ssl=1&resize=350%2C200","width":350,"height":200,"srcset":"https:\/\/i0.wp.com\/victoriavynn.ca\/wp-content\/uploads\/2022\/08\/art-gel-3d-01-creamy-white-5ml.jpeg?fit=753%2C753&ssl=1&resize=350%2C200 1x, https:\/\/i0.wp.com\/victoriavynn.ca\/wp-content\/uploads\/2022\/08\/art-gel-3d-01-creamy-white-5ml.jpeg?fit=753%2C753&ssl=1&resize=525%2C300 1.5x, https:\/\/i0.wp.com\/victoriavynn.ca\/wp-content\/uploads\/2022\/08\/art-gel-3d-01-creamy-white-5ml.jpeg?fit=753%2C753&ssl=1&resize=700%2C400 2x"},"classes":[]}],"jetpack_sharing_enabled":true,"_links":{"self":[{"href":"https:\/\/victoriavynn.ca\/fr\/wp-json\/wp\/v2\/product\/12332","targetHints":{"allow":["GET"]}}],"collection":[{"href":"https:\/\/victoriavynn.ca\/fr\/wp-json\/wp\/v2\/product"}],"about":[{"href":"https:\/\/victoriavynn.ca\/fr\/wp-json\/wp\/v2\/types\/product"}],"replies":[{"embeddable":true,"href":"https:\/\/victoriavynn.ca\/fr\/wp-json\/wp\/v2\/comments?post=12332"}],"wp:featuredmedia":[{"embeddable":true,"href":"https:\/\/victoriavynn.ca\/fr\/wp-json\/wp\/v2\/media\/12445"}],"wp:attachment":[{"href":"https:\/\/victoriavynn.ca\/fr\/wp-json\/wp\/v2\/media?parent=12332"}],"wp:term":[{"taxonomy":"product_brand","embeddable":true,"href":"https:\/\/victoriavynn.ca\/fr\/wp-json\/wp\/v2\/product_brand?post=12332"},{"taxonomy":"product_cat","embeddable":true,"href":"https:\/\/victoriavynn.ca\/fr\/wp-json\/wp\/v2\/product_cat?post=12332"},{"taxonomy":"product_tag","embeddable":true,"href":"https:\/\/victoriavynn.ca\/fr\/wp-json\/wp\/v2\/product_tag?post=12332"}],"curies":[{"name":"wp","href":"https:\/\/api.w.org\/{rel}","templated":true}]}}