{"id":12336,"date":"2023-06-05T21:34:53","date_gmt":"2023-06-06T01:34:53","guid":{"rendered":"https:\/\/victoriavynn.ca\/product\/snrqi-t8-professional-uv-led-lamp-72-watt-with-hand-pillow\/"},"modified":"2026-04-07T18:10:02","modified_gmt":"2026-04-07T22:10:02","slug":"snrqi-t8-professional-uv-led-nail-lamp-72w","status":"publish","type":"product","link":"https:\/\/victoriavynn.ca\/fr\/product\/snrqi-t8-professional-uv-led-nail-lamp-72w\/","title":{"rendered":"SNRQI T8 Professional UV\/LED Lamp 72 Watt with Hand Pillow"},"content":{"rendered":"<p>Propri\u00e9t\u00e9s de notre lampe \u00e0 ongles professionnelle \u00e0 LED UV :<\/p>\n<ul>\n<li>Double source de lumi\u00e8re : Lampe \u00e0 ongles LED UV. 60 perles LED<\/li>\n<li>72 Watt<\/li>\n<li>Direct AC<\/li>\n<li>Accoudoir Couchen<\/li>\n<li>Durcissement de tous les types de gels et de vernis en gel, c'est-\u00e0-dire les gels UV, les gels LED, les gels de construction, les gels acryliques, les gels durs, etc.<\/li>\n<li>Diff\u00e9rents modes (10S\/30S\/60S\/120S)<\/li>\n<li>Capteur infrarouge Auto Smart<\/li>\n<li>\u00c9cran d'affichage<\/li>\n<\/ul>","protected":false},"excerpt":{"rendered":"<p>Nailly Professional UV LED Lamp 72 Watt with Hand Pillow. Cette machine au design moderne permet de polym\u00e9riser facilement tous les types de gels et de vernis en gel, c'est-\u00e0-dire les gels UV, les gels LED, les gels de construction, les gels acryliques, les gels durs, etc.<\/p>\n<p>Sp\u00e9cifications du produit :<\/p>\n<p><img loading=\"lazy\" decoding=\"async\" class=\"size-full wp-image-11856 alignleft\" src=\"https:\/\/victoriavynn.ca\/wp-content\/uploads\/2023\/03\/LONG-LASTING-1.webp\" alt=\"LONGUE DUR\u00c9E\" width=\"125\" height=\"150\" srcset=\"https:\/\/i0.wp.com\/victoriavynn.ca\/wp-content\/uploads\/2023\/03\/LONG-LASTING-1.webp?w=125&amp;ssl=1 125w, https:\/\/i0.wp.com\/victoriavynn.ca\/wp-content\/uploads\/2023\/03\/LONG-LASTING-1.webp?resize=10%2C12&amp;ssl=1 10w\" sizes=\"auto, (max-width: 125px) 100vw, 125px\" \/><\/p>\n<p><img loading=\"lazy\" decoding=\"async\" class=\"size-full wp-image-12477 alignleft\" src=\"https:\/\/victoriavynn.ca\/wp-content\/uploads\/2023\/06\/HIGH-POWER-2.webp\" alt=\"HAUTE PUISSANCE\" width=\"125\" height=\"150\" srcset=\"https:\/\/i0.wp.com\/victoriavynn.ca\/wp-content\/uploads\/2023\/06\/HIGH-POWER-2.webp?w=125&amp;ssl=1 125w, https:\/\/i0.wp.com\/victoriavynn.ca\/wp-content\/uploads\/2023\/06\/HIGH-POWER-2.webp?resize=10%2C12&amp;ssl=1 10w\" sizes=\"auto, (max-width: 125px) 100vw, 125px\" \/><\/p>\n<p><img loading=\"lazy\" decoding=\"async\" class=\"size-full wp-image-12478 alignleft\" src=\"https:\/\/victoriavynn.ca\/wp-content\/uploads\/2023\/06\/ARM-REST-PILLOW.webp\" alt=\"OREILLER D&#039;ACCOUDOIR\" width=\"125\" height=\"150\" srcset=\"https:\/\/i0.wp.com\/victoriavynn.ca\/wp-content\/uploads\/2023\/06\/ARM-REST-PILLOW.webp?w=125&amp;ssl=1 125w, https:\/\/i0.wp.com\/victoriavynn.ca\/wp-content\/uploads\/2023\/06\/ARM-REST-PILLOW.webp?resize=10%2C12&amp;ssl=1 10w\" sizes=\"auto, (max-width: 125px) 100vw, 125px\" \/><\/p>","protected":false},"featured_media":12469,"comment_status":"open","ping_status":"closed","template":"","meta":{"jetpack_post_was_ever_published":false,"jetpack_publicize_message":"","jetpack_publicize_feature_enabled":true,"jetpack_social_post_already_shared":false,"jetpack_social_options":{"image_generator_settings":{"template":"highway","default_image_id":0,"font":"","enabled":false},"version":2}},"product_brand":[],"product_cat":[594],"product_tag":[597],"class_list":{"0":"post-12336","1":"product","2":"type-product","3":"status-publish","4":"has-post-thumbnail","6":"product_cat-nailly-uv-led-nail-lamps","7":"product_tag-uv-led-nail-lamp","8":"product_shipping_class-cardboard-box","10":"first","11":"instock","12":"taxable","13":"shipping-taxable","14":"purchasable","15":"product-type-simple"},"jetpack_publicize_connections":[],"jetpack-related-posts":[{"id":37078,"url":"https:\/\/victoriavynn.ca\/fr\/product\/victoria-vynn-salon-gel-polish-top-coat-top-gun-no-wipe\/","url_meta":{"origin":12336,"position":0},"title":"Victoria VYNN Salon Gel Polish Top Coat \"Top Gun\" No Wipe","author":"Serge Sahakian","date":"octobre 18, 2025","format":false,"excerpt":"Une brillance pure en une seule couche. Le Top Coat GUN donne \u00e0 votre manucure la brillance miroir et la protection ultimes - lisse, solide et parfaite sans essuyage. Sp\u00e9cifications du produit : \u00a0 \u00a0 \u00a0 \u00a0 \u00a0 \u00a0","rel":"","context":"Similar post","block_context":{"text":"Similar post","link":""},"img":{"alt_text":"victoria vynn top coat gun 8ml","src":"https:\/\/i0.wp.com\/victoriavynn.ca\/wp-content\/uploads\/2025\/10\/victoria-vynn-top-coat-gun-8ml.webp?fit=750%2C1000&ssl=1&resize=350%2C200","width":350,"height":200,"srcset":"https:\/\/i0.wp.com\/victoriavynn.ca\/wp-content\/uploads\/2025\/10\/victoria-vynn-top-coat-gun-8ml.webp?fit=750%2C1000&ssl=1&resize=350%2C200 1x, https:\/\/i0.wp.com\/victoriavynn.ca\/wp-content\/uploads\/2025\/10\/victoria-vynn-top-coat-gun-8ml.webp?fit=750%2C1000&ssl=1&resize=525%2C300 1.5x, https:\/\/i0.wp.com\/victoriavynn.ca\/wp-content\/uploads\/2025\/10\/victoria-vynn-top-coat-gun-8ml.webp?fit=750%2C1000&ssl=1&resize=700%2C400 2x"},"classes":[]},{"id":47969,"url":"https:\/\/victoriavynn.ca\/fr\/product\/victoria-vynn-no-444-red-y-for-future-gel-polish\/","url_meta":{"origin":12336,"position":1},"title":"Victoria VYNN Gel Polish No. 444 Red-y for Future","author":"Serge Sahakian","date":"f\u00e9vrier 2, 2026","format":false,"excerpt":"Victoria VYNN No. 444 Red-y for Future gel polish, un rouge moderne et vibrant avec une haute pigmentation, une brillance longue dur\u00e9e, compatible LED &amp; UV pour les Salons au Canada. Collection : Ladies Love Red Sp\u00e9cifications du produit :           Consistance : moyennement \u00e9pais, avec une finition \"auto-nivelante\". Couverture et durcissement : Con\u00e7u pour durer, adh\u00e8re bien,...","rel":"","context":"Similar post","block_context":{"text":"Similar post","link":""},"img":{"alt_text":"victoria vynn salon gel polish no. 444 red-y for future","src":"https:\/\/i0.wp.com\/victoriavynn.ca\/wp-content\/uploads\/2026\/02\/victoria-vynn-salon-gel-polish-no.-444-red-y-for-future.webp?fit=750%2C1000&ssl=1&resize=350%2C200","width":350,"height":200,"srcset":"https:\/\/i0.wp.com\/victoriavynn.ca\/wp-content\/uploads\/2026\/02\/victoria-vynn-salon-gel-polish-no.-444-red-y-for-future.webp?fit=750%2C1000&ssl=1&resize=350%2C200 1x, https:\/\/i0.wp.com\/victoriavynn.ca\/wp-content\/uploads\/2026\/02\/victoria-vynn-salon-gel-polish-no.-444-red-y-for-future.webp?fit=750%2C1000&ssl=1&resize=525%2C300 1.5x, https:\/\/i0.wp.com\/victoriavynn.ca\/wp-content\/uploads\/2026\/02\/victoria-vynn-salon-gel-polish-no.-444-red-y-for-future.webp?fit=750%2C1000&ssl=1&resize=700%2C400 2x"},"classes":[]},{"id":37067,"url":"https:\/\/victoriavynn.ca\/fr\/product\/victoria-vynn-salon-gel-polish-top-coat-top-it-no-wipe\/","url_meta":{"origin":12336,"position":2},"title":"Victoria VYNN Salon Gel Polish Top Coat \"Top It\" No Wipe","author":"Serge Sahakian","date":"octobre 18, 2025","format":false,"excerpt":"Victoria VYNN Top It No Wipe Top Coat est un vernis de finition solide de qualit\u00e9 professionnelle dont les caract\u00e9ristiques s'adaptent bien \u00e0 l'utilisation en salon - en particulier la facilit\u00e9 d'application sans essuyage, la fluidit\u00e9 de l'auto-nivellement et la finition tr\u00e8s brillante. Sp\u00e9cification du produit : \u00a0 \u00a0 \u00a0 \u00a0 \u00a0 \u00a0","rel":"","context":"Similar post","block_context":{"text":"Similar post","link":""},"img":{"alt_text":"victoria vynn top it 8ml","src":"https:\/\/i0.wp.com\/victoriavynn.ca\/wp-content\/uploads\/2025\/10\/victoria-vynn-top-it-8ml.webp?fit=750%2C1000&ssl=1&resize=350%2C200","width":350,"height":200,"srcset":"https:\/\/i0.wp.com\/victoriavynn.ca\/wp-content\/uploads\/2025\/10\/victoria-vynn-top-it-8ml.webp?fit=750%2C1000&ssl=1&resize=350%2C200 1x, https:\/\/i0.wp.com\/victoriavynn.ca\/wp-content\/uploads\/2025\/10\/victoria-vynn-top-it-8ml.webp?fit=750%2C1000&ssl=1&resize=525%2C300 1.5x, https:\/\/i0.wp.com\/victoriavynn.ca\/wp-content\/uploads\/2025\/10\/victoria-vynn-top-it-8ml.webp?fit=750%2C1000&ssl=1&resize=700%2C400 2x"},"classes":[]},{"id":47975,"url":"https:\/\/victoriavynn.ca\/fr\/product\/victoria-vynn-gel-polish-441-redbellion\/","url_meta":{"origin":12336,"position":3},"title":"Victoria VYNN Gel Polish No. 441 Redbellion","author":"Serge Sahakian","date":"f\u00e9vrier 2, 2026","format":false,"excerpt":"Victoria VYNN No. 441 Redbellion est un vernis gel rouge profond et audacieux avec une finition brillante, une couleur intense et une durabilit\u00e9 professionnelle. Collection : Ladies Love Red Sp\u00e9cifications du produit :         Consistance : moyennement \u00e9pais, avec une finition \"auto-nivelante\". Couverture et durcissement : con\u00e7u pour durer, adh\u00e8re bien, durcit sous lampes UV\/LED. Enl\u00e8vement : il se dissout dans...","rel":"","context":"Similar post","block_context":{"text":"Similar post","link":""},"img":{"alt_text":"victoria vynn salon gel polish no. 441 Redcoco","src":"https:\/\/i0.wp.com\/victoriavynn.ca\/wp-content\/uploads\/2026\/02\/victoria-vynn-salon-gel-polish-no.-441-redcoco-.webp?fit=750%2C1000&ssl=1&resize=350%2C200","width":350,"height":200,"srcset":"https:\/\/i0.wp.com\/victoriavynn.ca\/wp-content\/uploads\/2026\/02\/victoria-vynn-salon-gel-polish-no.-441-redcoco-.webp?fit=750%2C1000&ssl=1&resize=350%2C200 1x, https:\/\/i0.wp.com\/victoriavynn.ca\/wp-content\/uploads\/2026\/02\/victoria-vynn-salon-gel-polish-no.-441-redcoco-.webp?fit=750%2C1000&ssl=1&resize=525%2C300 1.5x, https:\/\/i0.wp.com\/victoriavynn.ca\/wp-content\/uploads\/2026\/02\/victoria-vynn-salon-gel-polish-no.-441-redcoco-.webp?fit=750%2C1000&ssl=1&resize=700%2C400 2x"},"classes":[]},{"id":47987,"url":"https:\/\/victoriavynn.ca\/fr\/product\/victoria-vynn-top-matte-no-wipe\/","url_meta":{"origin":12336,"position":4},"title":"Victoria VYNN Gel Polish Top Coat No Wipe Matte 2.0","author":"Serge Sahakian","date":"f\u00e9vrier 2, 2026","format":false,"excerpt":"Victoria VYNN Top Matte No Wipe offre une finition velout\u00e9e et mate sans essuyage et une tenue durable, digne d'un salon de coiffure. Sp\u00e9cification du produit :","rel":"","context":"Similar post","block_context":{"text":"Similar post","link":""},"img":{"alt_text":"victoria vynn top matte new version 2.0","src":"https:\/\/i0.wp.com\/victoriavynn.ca\/wp-content\/uploads\/2026\/02\/victoria-vynn-top-matte-new-version-2.0.webp?fit=750%2C1000&ssl=1&resize=350%2C200","width":350,"height":200,"srcset":"https:\/\/i0.wp.com\/victoriavynn.ca\/wp-content\/uploads\/2026\/02\/victoria-vynn-top-matte-new-version-2.0.webp?fit=750%2C1000&ssl=1&resize=350%2C200 1x, https:\/\/i0.wp.com\/victoriavynn.ca\/wp-content\/uploads\/2026\/02\/victoria-vynn-top-matte-new-version-2.0.webp?fit=750%2C1000&ssl=1&resize=525%2C300 1.5x, https:\/\/i0.wp.com\/victoriavynn.ca\/wp-content\/uploads\/2026\/02\/victoria-vynn-top-matte-new-version-2.0.webp?fit=750%2C1000&ssl=1&resize=700%2C400 2x"},"classes":[]},{"id":47973,"url":"https:\/\/victoriavynn.ca\/fr\/product\/victoria-vynn-gel-polish-442-sex-revolution\/","url_meta":{"origin":12336,"position":5},"title":"Victoria VYNN Gel Polish No. 442 Sex Revolution","author":"Serge Sahakian","date":"f\u00e9vrier 2, 2026","format":false,"excerpt":"Victoria VYNN No. 442 Sex Revolution est un vernis gel rouge audacieux avec une pigmentation riche, une finition brillante et une tenue professionnelle. Collection : Ladies Love Red Sp\u00e9cifications du produit :           Consistance : moyennement \u00e9pais, avec une finition \"auto-nivelante\". Couverture et durcissement : Con\u00e7u pour durer, adh\u00e8re bien, durcit sous lampes UV\/LED. Enl\u00e8vement : il se dissout...","rel":"","context":"Similar post","block_context":{"text":"Similar post","link":""},"img":{"alt_text":"victoria vynn salon gel polish no. 442 Sex Revolution","src":"https:\/\/i0.wp.com\/victoriavynn.ca\/wp-content\/uploads\/2026\/02\/victoria-vynn-salon-gel-polish-no.-442-sex-revolution-.webp?fit=750%2C1000&ssl=1&resize=350%2C200","width":350,"height":200,"srcset":"https:\/\/i0.wp.com\/victoriavynn.ca\/wp-content\/uploads\/2026\/02\/victoria-vynn-salon-gel-polish-no.-442-sex-revolution-.webp?fit=750%2C1000&ssl=1&resize=350%2C200 1x, https:\/\/i0.wp.com\/victoriavynn.ca\/wp-content\/uploads\/2026\/02\/victoria-vynn-salon-gel-polish-no.-442-sex-revolution-.webp?fit=750%2C1000&ssl=1&resize=525%2C300 1.5x, https:\/\/i0.wp.com\/victoriavynn.ca\/wp-content\/uploads\/2026\/02\/victoria-vynn-salon-gel-polish-no.-442-sex-revolution-.webp?fit=750%2C1000&ssl=1&resize=700%2C400 2x"},"classes":[]}],"jetpack_sharing_enabled":true,"_links":{"self":[{"href":"https:\/\/victoriavynn.ca\/fr\/wp-json\/wp\/v2\/product\/12336","targetHints":{"allow":["GET"]}}],"collection":[{"href":"https:\/\/victoriavynn.ca\/fr\/wp-json\/wp\/v2\/product"}],"about":[{"href":"https:\/\/victoriavynn.ca\/fr\/wp-json\/wp\/v2\/types\/product"}],"replies":[{"embeddable":true,"href":"https:\/\/victoriavynn.ca\/fr\/wp-json\/wp\/v2\/comments?post=12336"}],"wp:featuredmedia":[{"embeddable":true,"href":"https:\/\/victoriavynn.ca\/fr\/wp-json\/wp\/v2\/media\/12469"}],"wp:attachment":[{"href":"https:\/\/victoriavynn.ca\/fr\/wp-json\/wp\/v2\/media?parent=12336"}],"wp:term":[{"taxonomy":"product_brand","embeddable":true,"href":"https:\/\/victoriavynn.ca\/fr\/wp-json\/wp\/v2\/product_brand?post=12336"},{"taxonomy":"product_cat","embeddable":true,"href":"https:\/\/victoriavynn.ca\/fr\/wp-json\/wp\/v2\/product_cat?post=12336"},{"taxonomy":"product_tag","embeddable":true,"href":"https:\/\/victoriavynn.ca\/fr\/wp-json\/wp\/v2\/product_tag?post=12336"}],"curies":[{"name":"wp","href":"https:\/\/api.w.org\/{rel}","templated":true}]}}