{"id":12340,"date":"2023-06-05T21:34:56","date_gmt":"2023-06-06T01:34:56","guid":{"rendered":"https:\/\/victoriavynn.ca\/product\/champion-3-professional-nail-drill-e-file-45000-rpm\/"},"modified":"2026-04-16T14:34:21","modified_gmt":"2026-04-16T18:34:21","slug":"champion-3-professional-nail-drill-e-file-45000-rpm","status":"publish","type":"product","link":"https:\/\/victoriavynn.ca\/fr\/product\/champion-3-professional-nail-drill-e-file-45000-rpm\/","title":{"rendered":"Champion 3 Professional Nail Drill E-File 45,000 RPM"},"content":{"rendered":"","protected":false},"excerpt":{"rendered":"","protected":false},"featured_media":12341,"comment_status":"open","ping_status":"closed","template":"","meta":{"jetpack_post_was_ever_published":false,"jetpack_publicize_message":"","jetpack_publicize_feature_enabled":true,"jetpack_social_post_already_shared":false,"jetpack_social_options":{"image_generator_settings":{"template":"highway","default_image_id":0,"font":"","enabled":false},"version":2}},"product_brand":[],"product_cat":[593],"product_tag":[599],"class_list":{"0":"post-12340","1":"product","2":"type-product","3":"status-publish","4":"has-post-thumbnail","6":"product_cat-nailly-e-file-machines","7":"product_tag-e-file-machines","8":"product_shipping_class-cardboard-box","10":"first","11":"outofstock","12":"taxable","13":"shipping-taxable","14":"purchasable","15":"product-type-simple"},"jetpack_publicize_connections":[],"jetpack-related-posts":[{"id":12324,"url":"https:\/\/victoriavynn.ca\/fr\/product\/professional-cordless-nail-e-file-machine\/","url_meta":{"origin":12340,"position":0},"title":"US-809 E-File Foreuse \u00e9lectrique rechargeable pour clous 35 000 tr\/min","author":"Serge Sahakian","date":"juin 5, 2023","format":false,"excerpt":"Nos machines \u00e0 ongles sans fil Nailly Professional sont con\u00e7ues pour les professionnels - ces produits acc\u00e9l\u00e8rent le processus d'\u00e9limination du vernis et des cuticules tout en apportant de la pr\u00e9cision \u00e0 votre manucure ou p\u00e9dicure. Un ensemble d'outils de manucure \u00e9lectrique peut fonctionner \u00e0 la fois sur les faux ongles et les ongles naturels et peut \u00eatre multit\u00e2che : il peut...","rel":"","context":"Similar post","block_context":{"text":"Similar post","link":""},"img":{"alt_text":"Nailly Professional Cordless Nail E-File Machine 35,000 RPM White","src":"https:\/\/i0.wp.com\/victoriavynn.ca\/wp-content\/uploads\/2023\/06\/Nailly-Professional-Cordless-E-File-35000-RPM-US-809-White-1.webp?fit=750%2C1000&ssl=1&resize=350%2C200","width":350,"height":200,"srcset":"https:\/\/i0.wp.com\/victoriavynn.ca\/wp-content\/uploads\/2023\/06\/Nailly-Professional-Cordless-E-File-35000-RPM-US-809-White-1.webp?fit=750%2C1000&ssl=1&resize=350%2C200 1x, https:\/\/i0.wp.com\/victoriavynn.ca\/wp-content\/uploads\/2023\/06\/Nailly-Professional-Cordless-E-File-35000-RPM-US-809-White-1.webp?fit=750%2C1000&ssl=1&resize=525%2C300 1.5x, https:\/\/i0.wp.com\/victoriavynn.ca\/wp-content\/uploads\/2023\/06\/Nailly-Professional-Cordless-E-File-35000-RPM-US-809-White-1.webp?fit=750%2C1000&ssl=1&resize=700%2C400 2x"},"classes":[]},{"id":22097,"url":"https:\/\/victoriavynn.ca\/fr\/product\/victoria-vynn-cordless-nail-drill-40000-rpm\/","url_meta":{"origin":12340,"position":1},"title":"Victoria VYNN Perceuse \u00e0 clous sans fil 40 000 tr\/min","author":"Serge Sahakian","date":"juin 17, 2025","format":false,"excerpt":"La perceuse \u00e0 ongles sans fil de Victoria Vynn est l'outil id\u00e9al pour la manucure et la p\u00e9dicure - au salon, \u00e0 la maison ou en d\u00e9placement. Il est l\u00e9ger, silencieux et confortable \u00e0 utiliser, et son emballage \u00e9l\u00e9gant facilite son transport. Sp\u00e9cifications des produits : \u00a0 \u00a0 \u00a0 \u00a0 \u00a0 \u00a0","rel":"","context":"Similar post","block_context":{"text":"Similar post","link":""},"img":{"alt_text":"Victoria VYNN Cordless Nail Drill","src":"https:\/\/i0.wp.com\/victoriavynn.ca\/wp-content\/uploads\/2025\/06\/victoria-vynn-cordless-nail-drill-.webp?fit=750%2C1000&ssl=1&resize=350%2C200","width":350,"height":200,"srcset":"https:\/\/i0.wp.com\/victoriavynn.ca\/wp-content\/uploads\/2025\/06\/victoria-vynn-cordless-nail-drill-.webp?fit=750%2C1000&ssl=1&resize=350%2C200 1x, https:\/\/i0.wp.com\/victoriavynn.ca\/wp-content\/uploads\/2025\/06\/victoria-vynn-cordless-nail-drill-.webp?fit=750%2C1000&ssl=1&resize=525%2C300 1.5x, https:\/\/i0.wp.com\/victoriavynn.ca\/wp-content\/uploads\/2025\/06\/victoria-vynn-cordless-nail-drill-.webp?fit=750%2C1000&ssl=1&resize=700%2C400 2x"},"classes":[]},{"id":48270,"url":"https:\/\/victoriavynn.ca\/fr\/product\/daichong-dreamer-4th-gen-shake-switch-nail-drill\/","url_meta":{"origin":12340,"position":2},"title":"Daichong Dreamer Nail Drill Shake Switch 4\u00e8me g\u00e9n\u00e9ration","author":"Serge Sahakian","date":"f\u00e9vrier 5, 2026","format":false,"excerpt":"D\u00e9couvrez la perceuse \u00e0 ongles professionnelle Daichong Dreamer 4th Gen. Interrupteur innovant, puissance douce, faible vibration, r\u00e9sultats dignes d'un salon de coiffure. Sp\u00e9cifications du produit : \u00a0 \u00a0 \u00a0 \u00a0 \u00a0 \u00a0","rel":"","context":"Similar post","block_context":{"text":"Similar post","link":""},"img":{"alt_text":"daichong nail drill gen 4","src":"https:\/\/i0.wp.com\/victoriavynn.ca\/wp-content\/uploads\/2026\/02\/daichong-nail-drill-gen-4.webp?fit=750%2C1000&ssl=1&resize=350%2C200","width":350,"height":200,"srcset":"https:\/\/i0.wp.com\/victoriavynn.ca\/wp-content\/uploads\/2026\/02\/daichong-nail-drill-gen-4.webp?fit=750%2C1000&ssl=1&resize=350%2C200 1x, https:\/\/i0.wp.com\/victoriavynn.ca\/wp-content\/uploads\/2026\/02\/daichong-nail-drill-gen-4.webp?fit=750%2C1000&ssl=1&resize=525%2C300 1.5x, https:\/\/i0.wp.com\/victoriavynn.ca\/wp-content\/uploads\/2026\/02\/daichong-nail-drill-gen-4.webp?fit=750%2C1000&ssl=1&resize=700%2C400 2x"},"classes":[]},{"id":42994,"url":"https:\/\/victoriavynn.ca\/fr\/product\/ulka-diamond-nail-drill-bit-rounded-cylinder-red-head-diameter-3-mm-working-part-10-mm-c310-f-2\/","url_meta":{"origin":12340,"position":3},"title":"\u00dcLKA M\u00e8che \u00e0 clou diamant\u00e9e cylindre arrondi t\u00eate rouge diam\u00e8tre 3 mm \/ partie travaillante 10 mm (C310-F)","author":"Serge Sahakian","date":"D\u00e9cembre 10, 2025","format":false,"excerpt":"Le cylindre arrondi \u00dcLKA Diamond en marquage rouge est destin\u00e9 aux ongles fins et sensibles. Il permet d'affiner la surface en douceur et de r\u00e9aliser des finitions pr\u00e9cises, tout en garantissant la s\u00e9curit\u00e9 et le confort pendant le processus. Embout cylindrique diamant\u00e9 \u00e0 grain fin pour une finition d\u00e9licate. Caract\u00e9ristiques du produit : Travail doux et pr\u00e9cis sur les zones sensibles Laisse...","rel":"","context":"Similar post","block_context":{"text":"Similar post","link":""},"img":{"alt_text":"ulka diamond drill bit f310","src":"https:\/\/i0.wp.com\/victoriavynn.ca\/wp-content\/uploads\/2025\/12\/ulka-diamond-drill-bit-f310-.webp?fit=750%2C1000&ssl=1&resize=350%2C200","width":350,"height":200,"srcset":"https:\/\/i0.wp.com\/victoriavynn.ca\/wp-content\/uploads\/2025\/12\/ulka-diamond-drill-bit-f310-.webp?fit=750%2C1000&ssl=1&resize=350%2C200 1x, https:\/\/i0.wp.com\/victoriavynn.ca\/wp-content\/uploads\/2025\/12\/ulka-diamond-drill-bit-f310-.webp?fit=750%2C1000&ssl=1&resize=525%2C300 1.5x, https:\/\/i0.wp.com\/victoriavynn.ca\/wp-content\/uploads\/2025\/12\/ulka-diamond-drill-bit-f310-.webp?fit=750%2C1000&ssl=1&resize=700%2C400 2x"},"classes":[]},{"id":42992,"url":"https:\/\/victoriavynn.ca\/fr\/product\/ulka-diamond-nail-drill-bit-rounded-cylinder-blue-head-diameter-3-mm-working-part-10-mm-c310-m-2\/","url_meta":{"origin":12340,"position":4},"title":"\u00dcLKA M\u00e8che \u00e0 clou diamant\u00e9e cylindre arrondi bleu t\u00eate diam\u00e8tre 3 mm \/ partie travaillante 10 mm (C310-M)","author":"Serge Sahakian","date":"D\u00e9cembre 10, 2025","format":false,"excerpt":"M\u00e8che diamant\u00e9e haute performance pour une mise en forme et un lissage pr\u00e9cis. Hygi\u00e9nique, durable et parfait pour une utilisation quotidienne en salon. Sp\u00e9cifications du produit : Forme : Cylindre arrondi Grain : Diam\u00e8tre de la t\u00eate : 3.0 mm Longueur de la t\u00eate : 10 mm Mat\u00e9riau : Rev\u00eatement en diamant de haute qualit\u00e9 Couleur du grain : Bleu Code produit : C310-M","rel":"","context":"Similar post","block_context":{"text":"Similar post","link":""},"img":{"alt_text":"ulka diamond drill bit c310","src":"https:\/\/i0.wp.com\/victoriavynn.ca\/wp-content\/uploads\/2025\/12\/ulka-diamond-drill-bit-c310.webp?fit=750%2C1000&ssl=1&resize=350%2C200","width":350,"height":200,"srcset":"https:\/\/i0.wp.com\/victoriavynn.ca\/wp-content\/uploads\/2025\/12\/ulka-diamond-drill-bit-c310.webp?fit=750%2C1000&ssl=1&resize=350%2C200 1x, https:\/\/i0.wp.com\/victoriavynn.ca\/wp-content\/uploads\/2025\/12\/ulka-diamond-drill-bit-c310.webp?fit=750%2C1000&ssl=1&resize=525%2C300 1.5x, https:\/\/i0.wp.com\/victoriavynn.ca\/wp-content\/uploads\/2025\/12\/ulka-diamond-drill-bit-c310.webp?fit=750%2C1000&ssl=1&resize=700%2C400 2x"},"classes":[]},{"id":9324,"url":"https:\/\/victoriavynn.ca\/fr\/product\/staleks-diamond-e-file-bit-frustum\/","url_meta":{"origin":12340,"position":5},"title":"Staleks PRO Expert Diamond Nail Drill Bit \"Frustum\" (foret \u00e0 ongles)","author":"Serge Sahakian","date":"janvier 1, 2023","format":false,"excerpt":"Professional Use \"Frustum\" E File Bit Staleks dedicates itself to the product quality. The Steel used for the production of the bits is exceptionally resistant to corrosion and has unmatched hardness, ensuring long-lasting sharpness. We have Partnered with Staleks in Canada to provide a Full Professional Package of Products to\u2026","rel":"","context":"Similar post","block_context":{"text":"Similar post","link":""},"img":{"alt_text":"Staleks Best e file bit frustum type","src":"https:\/\/i0.wp.com\/victoriavynn.ca\/wp-content\/uploads\/2023\/01\/Staleks-FRUSTUM-Featured-Image.jpg?fit=750%2C1000&ssl=1&resize=350%2C200","width":350,"height":200,"srcset":"https:\/\/i0.wp.com\/victoriavynn.ca\/wp-content\/uploads\/2023\/01\/Staleks-FRUSTUM-Featured-Image.jpg?fit=750%2C1000&ssl=1&resize=350%2C200 1x, https:\/\/i0.wp.com\/victoriavynn.ca\/wp-content\/uploads\/2023\/01\/Staleks-FRUSTUM-Featured-Image.jpg?fit=750%2C1000&ssl=1&resize=525%2C300 1.5x, https:\/\/i0.wp.com\/victoriavynn.ca\/wp-content\/uploads\/2023\/01\/Staleks-FRUSTUM-Featured-Image.jpg?fit=750%2C1000&ssl=1&resize=700%2C400 2x"},"classes":[]}],"jetpack_sharing_enabled":true,"_links":{"self":[{"href":"https:\/\/victoriavynn.ca\/fr\/wp-json\/wp\/v2\/product\/12340","targetHints":{"allow":["GET"]}}],"collection":[{"href":"https:\/\/victoriavynn.ca\/fr\/wp-json\/wp\/v2\/product"}],"about":[{"href":"https:\/\/victoriavynn.ca\/fr\/wp-json\/wp\/v2\/types\/product"}],"replies":[{"embeddable":true,"href":"https:\/\/victoriavynn.ca\/fr\/wp-json\/wp\/v2\/comments?post=12340"}],"wp:featuredmedia":[{"embeddable":true,"href":"https:\/\/victoriavynn.ca\/fr\/wp-json\/wp\/v2\/media\/12341"}],"wp:attachment":[{"href":"https:\/\/victoriavynn.ca\/fr\/wp-json\/wp\/v2\/media?parent=12340"}],"wp:term":[{"taxonomy":"product_brand","embeddable":true,"href":"https:\/\/victoriavynn.ca\/fr\/wp-json\/wp\/v2\/product_brand?post=12340"},{"taxonomy":"product_cat","embeddable":true,"href":"https:\/\/victoriavynn.ca\/fr\/wp-json\/wp\/v2\/product_cat?post=12340"},{"taxonomy":"product_tag","embeddable":true,"href":"https:\/\/victoriavynn.ca\/fr\/wp-json\/wp\/v2\/product_tag?post=12340"}],"curies":[{"name":"wp","href":"https:\/\/api.w.org\/{rel}","templated":true}]}}