{"id":12352,"date":"2023-06-05T21:35:06","date_gmt":"2023-06-06T01:35:06","guid":{"rendered":"https:\/\/victoriavynn.ca\/product\/nailly-professional-aurora-mermaid-pigments-pack-of-6\/"},"modified":"2026-03-13T15:23:38","modified_gmt":"2026-03-13T19:23:38","slug":"nailly-professional-aurora-mermaid-pigments-pack-de-6","status":"publish","type":"product","link":"https:\/\/victoriavynn.ca\/fr\/product\/nailly-professional-aurora-mermaid-pigments-pack-of-6\/","title":{"rendered":"Nailly Professional Aurora Mermaid Powder Pigments (Pack de 6)"},"content":{"rendered":"","protected":false},"excerpt":{"rendered":"","protected":false},"featured_media":12353,"comment_status":"open","ping_status":"closed","template":"","meta":{"jetpack_post_was_ever_published":false,"jetpack_publicize_message":"","jetpack_publicize_feature_enabled":true,"jetpack_social_post_already_shared":false,"jetpack_social_options":{"image_generator_settings":{"template":"highway","default_image_id":0,"font":"","enabled":false},"version":2}},"product_brand":[],"product_cat":[595],"product_tag":[604],"class_list":{"0":"post-12352","1":"product","2":"type-product","3":"status-publish","4":"has-post-thumbnail","6":"product_cat-nailly-manicure-nail-care-accessories","7":"product_tag-nail-art","8":"product_shipping_class-cardboard-box","10":"first","11":"instock","12":"taxable","13":"shipping-taxable","14":"purchasable","15":"product-type-simple"},"jetpack_publicize_connections":[],"jetpack-related-posts":[{"id":12274,"url":"https:\/\/victoriavynn.ca\/fr\/product\/nailly-professional-color-charts-36-nail-spots-pack-of-3\/","url_meta":{"origin":12352,"position":0},"title":"Nailly Professional Color Charts 36 Nail Spots (Pack de 3)","author":"Serge Sahakian","date":"juin 5, 2023","format":false,"excerpt":"","rel":"","context":"Similar post","block_context":{"text":"Similar post","link":""},"img":{"alt_text":"","src":"https:\/\/i0.wp.com\/victoriavynn.ca\/wp-content\/uploads\/2023\/06\/Professional-Color-Charts-36-Pieces-Off-WhitePack-of-3-2.png?fit=750%2C1000&ssl=1&resize=350%2C200","width":350,"height":200,"srcset":"https:\/\/i0.wp.com\/victoriavynn.ca\/wp-content\/uploads\/2023\/06\/Professional-Color-Charts-36-Pieces-Off-WhitePack-of-3-2.png?fit=750%2C1000&ssl=1&resize=350%2C200 1x, https:\/\/i0.wp.com\/victoriavynn.ca\/wp-content\/uploads\/2023\/06\/Professional-Color-Charts-36-Pieces-Off-WhitePack-of-3-2.png?fit=750%2C1000&ssl=1&resize=525%2C300 1.5x, https:\/\/i0.wp.com\/victoriavynn.ca\/wp-content\/uploads\/2023\/06\/Professional-Color-Charts-36-Pieces-Off-WhitePack-of-3-2.png?fit=750%2C1000&ssl=1&resize=700%2C400 2x"},"classes":[]},{"id":12276,"url":"https:\/\/victoriavynn.ca\/fr\/product\/nailly-professional-wooden-manicure-wood-sticks-pack-of-100\/","url_meta":{"origin":12352,"position":1},"title":"B\u00e2tons de manucure professionnels en bois Nailly (paquet de 100)","author":"Serge Sahakian","date":"juin 5, 2023","format":false,"excerpt":"","rel":"","context":"Similar post","block_context":{"text":"Similar post","link":""},"img":{"alt_text":"","src":"https:\/\/i0.wp.com\/victoriavynn.ca\/wp-content\/uploads\/2023\/06\/Nailly-Professional-Manicure-Wood-Sticks-Pack-of-100-2.png?fit=750%2C1000&ssl=1&resize=350%2C200","width":350,"height":200,"srcset":"https:\/\/i0.wp.com\/victoriavynn.ca\/wp-content\/uploads\/2023\/06\/Nailly-Professional-Manicure-Wood-Sticks-Pack-of-100-2.png?fit=750%2C1000&ssl=1&resize=350%2C200 1x, https:\/\/i0.wp.com\/victoriavynn.ca\/wp-content\/uploads\/2023\/06\/Nailly-Professional-Manicure-Wood-Sticks-Pack-of-100-2.png?fit=750%2C1000&ssl=1&resize=525%2C300 1.5x, https:\/\/i0.wp.com\/victoriavynn.ca\/wp-content\/uploads\/2023\/06\/Nailly-Professional-Manicure-Wood-Sticks-Pack-of-100-2.png?fit=750%2C1000&ssl=1&resize=700%2C400 2x"},"classes":[]},{"id":12304,"url":"https:\/\/victoriavynn.ca\/fr\/product\/nailly-professional-big-plastic-nail-cleaning-brush-pack-of-3\/","url_meta":{"origin":12352,"position":2},"title":"Nailly Professional Big Plastic Nail Cleaning Brush (Pack of 3)","author":"Serge Sahakian","date":"juin 5, 2023","format":false,"excerpt":"","rel":"","context":"Similar post","block_context":{"text":"Similar post","link":""},"img":{"alt_text":"","src":"https:\/\/i0.wp.com\/victoriavynn.ca\/wp-content\/uploads\/2023\/06\/Cleaning-Nail-Brush-Set-2.png?fit=750%2C1000&ssl=1&resize=350%2C200","width":350,"height":200,"srcset":"https:\/\/i0.wp.com\/victoriavynn.ca\/wp-content\/uploads\/2023\/06\/Cleaning-Nail-Brush-Set-2.png?fit=750%2C1000&ssl=1&resize=350%2C200 1x, https:\/\/i0.wp.com\/victoriavynn.ca\/wp-content\/uploads\/2023\/06\/Cleaning-Nail-Brush-Set-2.png?fit=750%2C1000&ssl=1&resize=525%2C300 1.5x, https:\/\/i0.wp.com\/victoriavynn.ca\/wp-content\/uploads\/2023\/06\/Cleaning-Nail-Brush-Set-2.png?fit=750%2C1000&ssl=1&resize=700%2C400 2x"},"classes":[]},{"id":12308,"url":"https:\/\/victoriavynn.ca\/fr\/product\/nailly-basic-professional-set-of-nail-art-brushes-pack-of-3\/","url_meta":{"origin":12352,"position":3},"title":"Nailly Basic Set professionnel de pinceaux pour le Nail Art (Pack de 3)","author":"Serge Sahakian","date":"juin 5, 2023","format":false,"excerpt":"","rel":"","context":"Similar post","block_context":{"text":"Similar post","link":""},"img":{"alt_text":"","src":"https:\/\/i0.wp.com\/victoriavynn.ca\/wp-content\/uploads\/2023\/06\/Nailly-Set-of-Brushes-3-Pieces-2.png?fit=750%2C1000&ssl=1&resize=350%2C200","width":350,"height":200,"srcset":"https:\/\/i0.wp.com\/victoriavynn.ca\/wp-content\/uploads\/2023\/06\/Nailly-Set-of-Brushes-3-Pieces-2.png?fit=750%2C1000&ssl=1&resize=350%2C200 1x, https:\/\/i0.wp.com\/victoriavynn.ca\/wp-content\/uploads\/2023\/06\/Nailly-Set-of-Brushes-3-Pieces-2.png?fit=750%2C1000&ssl=1&resize=525%2C300 1.5x, https:\/\/i0.wp.com\/victoriavynn.ca\/wp-content\/uploads\/2023\/06\/Nailly-Set-of-Brushes-3-Pieces-2.png?fit=750%2C1000&ssl=1&resize=700%2C400 2x"},"classes":[]},{"id":47983,"url":"https:\/\/victoriavynn.ca\/fr\/product\/victoria-vynn-aurora-dust-powder\/","url_meta":{"origin":12352,"position":4},"title":"Victoria VYNN Dust Aurora 2.0","author":"Serge Sahakian","date":"f\u00e9vrier 2, 2026","format":false,"excerpt":"Cr\u00e9ez un \u00e9clat lumineux d'aurore avec Victoria VYNN Aurora Dust, une poudre ultra-fine aux doux reflets iris\u00e9s et au fini soyeux et \u00e9l\u00e9gant.","rel":"","context":"Similar post","block_context":{"text":"Similar post","link":""},"img":{"alt_text":"Victoria VYNN Aurora Powder Jar","src":"https:\/\/i0.wp.com\/victoriavynn.ca\/wp-content\/uploads\/2026\/02\/victoria-vynn-aurora-powder-jar-1.webp?fit=750%2C1000&ssl=1&resize=350%2C200","width":350,"height":200,"srcset":"https:\/\/i0.wp.com\/victoriavynn.ca\/wp-content\/uploads\/2026\/02\/victoria-vynn-aurora-powder-jar-1.webp?fit=750%2C1000&ssl=1&resize=350%2C200 1x, https:\/\/i0.wp.com\/victoriavynn.ca\/wp-content\/uploads\/2026\/02\/victoria-vynn-aurora-powder-jar-1.webp?fit=750%2C1000&ssl=1&resize=525%2C300 1.5x, https:\/\/i0.wp.com\/victoriavynn.ca\/wp-content\/uploads\/2026\/02\/victoria-vynn-aurora-powder-jar-1.webp?fit=750%2C1000&ssl=1&resize=700%2C400 2x"},"classes":[]},{"id":12280,"url":"https:\/\/victoriavynn.ca\/fr\/product\/nailly-professional-nail-pads-500-pieces\/","url_meta":{"origin":12352,"position":5},"title":"Nailly Tampons \u00e0 ongles professionnels 500 pi\u00e8ces","author":"Serge Sahakian","date":"juin 5, 2023","format":false,"excerpt":"","rel":"","context":"Similar post","block_context":{"text":"Similar post","link":""},"img":{"alt_text":"","src":"https:\/\/i0.wp.com\/victoriavynn.ca\/wp-content\/uploads\/2023\/06\/Nailly-Professional-Nail-Pads-500-pieces-2.png?fit=750%2C1000&ssl=1&resize=350%2C200","width":350,"height":200,"srcset":"https:\/\/i0.wp.com\/victoriavynn.ca\/wp-content\/uploads\/2023\/06\/Nailly-Professional-Nail-Pads-500-pieces-2.png?fit=750%2C1000&ssl=1&resize=350%2C200 1x, https:\/\/i0.wp.com\/victoriavynn.ca\/wp-content\/uploads\/2023\/06\/Nailly-Professional-Nail-Pads-500-pieces-2.png?fit=750%2C1000&ssl=1&resize=525%2C300 1.5x, https:\/\/i0.wp.com\/victoriavynn.ca\/wp-content\/uploads\/2023\/06\/Nailly-Professional-Nail-Pads-500-pieces-2.png?fit=750%2C1000&ssl=1&resize=700%2C400 2x"},"classes":[]}],"jetpack_sharing_enabled":true,"_links":{"self":[{"href":"https:\/\/victoriavynn.ca\/fr\/wp-json\/wp\/v2\/product\/12352","targetHints":{"allow":["GET"]}}],"collection":[{"href":"https:\/\/victoriavynn.ca\/fr\/wp-json\/wp\/v2\/product"}],"about":[{"href":"https:\/\/victoriavynn.ca\/fr\/wp-json\/wp\/v2\/types\/product"}],"replies":[{"embeddable":true,"href":"https:\/\/victoriavynn.ca\/fr\/wp-json\/wp\/v2\/comments?post=12352"}],"wp:featuredmedia":[{"embeddable":true,"href":"https:\/\/victoriavynn.ca\/fr\/wp-json\/wp\/v2\/media\/12353"}],"wp:attachment":[{"href":"https:\/\/victoriavynn.ca\/fr\/wp-json\/wp\/v2\/media?parent=12352"}],"wp:term":[{"taxonomy":"product_brand","embeddable":true,"href":"https:\/\/victoriavynn.ca\/fr\/wp-json\/wp\/v2\/product_brand?post=12352"},{"taxonomy":"product_cat","embeddable":true,"href":"https:\/\/victoriavynn.ca\/fr\/wp-json\/wp\/v2\/product_cat?post=12352"},{"taxonomy":"product_tag","embeddable":true,"href":"https:\/\/victoriavynn.ca\/fr\/wp-json\/wp\/v2\/product_tag?post=12352"}],"curies":[{"name":"wp","href":"https:\/\/api.w.org\/{rel}","templated":true}]}}