{"id":12360,"date":"2023-06-05T21:36:07","date_gmt":"2023-06-06T01:36:07","guid":{"rendered":"https:\/\/victoriavynn.ca\/product\/victoria-vynn-keepcup-reusable-tempered-glass-coffee-cup-travel-mug-with-spill-proof-lid-brew-cork-band-lightweight-bpa-free-medium-12oz-deep\/"},"modified":"2026-02-13T19:03:05","modified_gmt":"2026-02-14T00:03:05","slug":"victoria-vynn-keepcup-tasse-a-cafe-reutilisable-en-verre-trempe-tasse-de-voyage-avec-couvercle-anti-debordement-bande-de-liege-legere-sans-bpa-moyenne-12oz-profonde","status":"publish","type":"product","link":"https:\/\/victoriavynn.ca\/fr\/product\/victoria-vynn-keepcup-reusable-tempered-glass-coffee-cup-travel-mug-with-spill-proof-lid-brew-cork-band-lightweight-bpa-free-medium-12oz-deep\/","title":{"rendered":"Victoria VYNN KeepCup Tasse \u00e0 caf\u00e9 en verre tremp\u00e9 r\u00e9utilisable avec couvercle anti-d\u00e9versement, bande de li\u00e8ge, l\u00e9g\u00e8re, sans BPA | moyenne | 12oz| profonde"},"content":{"rendered":"","protected":false},"excerpt":{"rendered":"","protected":false},"featured_media":12361,"comment_status":"open","ping_status":"closed","template":"","meta":{"jetpack_post_was_ever_published":false,"jetpack_publicize_message":"","jetpack_publicize_feature_enabled":true,"jetpack_social_post_already_shared":false,"jetpack_social_options":{"image_generator_settings":{"template":"highway","default_image_id":0,"font":"","enabled":false},"version":2}},"product_brand":[],"product_cat":[31],"product_tag":[92],"class_list":{"0":"post-12360","1":"product","2":"type-product","3":"status-publish","4":"has-post-thumbnail","6":"product_cat-nail-tools-and-accessories","7":"product_tag-nail-accessories","8":"product_shipping_class-cardboard-box","10":"first","11":"instock","12":"taxable","13":"shipping-taxable","14":"purchasable","15":"product-type-simple"},"jetpack_publicize_connections":[],"jetpack-related-posts":[],"jetpack_sharing_enabled":true,"_links":{"self":[{"href":"https:\/\/victoriavynn.ca\/fr\/wp-json\/wp\/v2\/product\/12360","targetHints":{"allow":["GET"]}}],"collection":[{"href":"https:\/\/victoriavynn.ca\/fr\/wp-json\/wp\/v2\/product"}],"about":[{"href":"https:\/\/victoriavynn.ca\/fr\/wp-json\/wp\/v2\/types\/product"}],"replies":[{"embeddable":true,"href":"https:\/\/victoriavynn.ca\/fr\/wp-json\/wp\/v2\/comments?post=12360"}],"wp:featuredmedia":[{"embeddable":true,"href":"https:\/\/victoriavynn.ca\/fr\/wp-json\/wp\/v2\/media\/12361"}],"wp:attachment":[{"href":"https:\/\/victoriavynn.ca\/fr\/wp-json\/wp\/v2\/media?parent=12360"}],"wp:term":[{"taxonomy":"product_brand","embeddable":true,"href":"https:\/\/victoriavynn.ca\/fr\/wp-json\/wp\/v2\/product_brand?post=12360"},{"taxonomy":"product_cat","embeddable":true,"href":"https:\/\/victoriavynn.ca\/fr\/wp-json\/wp\/v2\/product_cat?post=12360"},{"taxonomy":"product_tag","embeddable":true,"href":"https:\/\/victoriavynn.ca\/fr\/wp-json\/wp\/v2\/product_tag?post=12360"}],"curies":[{"name":"wp","href":"https:\/\/api.w.org\/{rel}","templated":true}]}}