{"id":12368,"date":"2023-06-05T21:36:14","date_gmt":"2023-06-06T01:36:14","guid":{"rendered":"https:\/\/victoriavynn.ca\/product\/nailly-professional-carbide-nail-drill-bit-corn-slim-medium-blue\/"},"modified":"2026-02-27T10:37:50","modified_gmt":"2026-02-27T15:37:50","slug":"nailly-professional-carbide-nail-drill-bit-corn-slim-medium-blue","status":"publish","type":"product","link":"https:\/\/victoriavynn.ca\/fr\/product\/nailly-professional-carbide-nail-drill-bit-corn-slim-medium-blue\/","title":{"rendered":"Nailly Professional Carbide Nail Drill Bit Corn Slim Medium Blue"},"content":{"rendered":"","protected":false},"excerpt":{"rendered":"","protected":false},"featured_media":12369,"comment_status":"open","ping_status":"closed","template":"","meta":{"jetpack_post_was_ever_published":false,"jetpack_publicize_message":"","jetpack_publicize_feature_enabled":true,"jetpack_social_post_already_shared":false,"jetpack_social_options":{"image_generator_settings":{"template":"highway","default_image_id":0,"font":"","enabled":false},"version":2}},"product_brand":[],"product_cat":[592],"product_tag":[603,600],"class_list":{"0":"post-12368","1":"product","2":"type-product","3":"status-publish","4":"has-post-thumbnail","6":"product_cat-nailly-ceramic-and-carbide-nail-drill-bits","7":"product_tag-carbide-drill-bits","8":"product_tag-drill-bits","9":"product_shipping_class-cardboard-box","11":"first","12":"outofstock","13":"taxable","14":"shipping-taxable","15":"purchasable","16":"product-type-simple"},"jetpack_publicize_connections":[],"jetpack-related-posts":[{"id":12294,"url":"https:\/\/victoriavynn.ca\/fr\/product\/nailly-professional-carbide-nail-drill-bit-corn-medium-blue\/","url_meta":{"origin":12368,"position":0},"title":"Nailly Professional Carbide Nail Drill Bit Corn Medium Blue","author":"Serge Sahakian","date":"juin 5, 2023","format":false,"excerpt":"","rel":"","context":"Similar post","block_context":{"text":"Similar post","link":""},"img":{"alt_text":"","src":"https:\/\/i0.wp.com\/victoriavynn.ca\/wp-content\/uploads\/2023\/06\/Nailly-Professional-Carbide-Nail-Drill-Bit-Blue-2.png?fit=750%2C1000&ssl=1&resize=350%2C200","width":350,"height":200,"srcset":"https:\/\/i0.wp.com\/victoriavynn.ca\/wp-content\/uploads\/2023\/06\/Nailly-Professional-Carbide-Nail-Drill-Bit-Blue-2.png?fit=750%2C1000&ssl=1&resize=350%2C200 1x, https:\/\/i0.wp.com\/victoriavynn.ca\/wp-content\/uploads\/2023\/06\/Nailly-Professional-Carbide-Nail-Drill-Bit-Blue-2.png?fit=750%2C1000&ssl=1&resize=525%2C300 1.5x, https:\/\/i0.wp.com\/victoriavynn.ca\/wp-content\/uploads\/2023\/06\/Nailly-Professional-Carbide-Nail-Drill-Bit-Blue-2.png?fit=750%2C1000&ssl=1&resize=700%2C400 2x"},"classes":[]},{"id":12270,"url":"https:\/\/victoriavynn.ca\/fr\/product\/nailly-professional-carbide-nail-drill-bit-corn-slim-double-coarse-green\/","url_meta":{"origin":12368,"position":1},"title":"Nailly Professional Carbide Nail Drill Bit Corn Slim Double Coarse Green","author":"Serge Sahakian","date":"juin 5, 2023","format":false,"excerpt":"","rel":"","context":"Similar post","block_context":{"text":"Similar post","link":""},"img":{"alt_text":"","src":"https:\/\/i0.wp.com\/victoriavynn.ca\/wp-content\/uploads\/2023\/06\/Nailly-Professional-Carbide-Nail-Drill-Bit-Slim-Corn-Double-Coarse_-2.png?fit=750%2C1000&ssl=1&resize=350%2C200","width":350,"height":200,"srcset":"https:\/\/i0.wp.com\/victoriavynn.ca\/wp-content\/uploads\/2023\/06\/Nailly-Professional-Carbide-Nail-Drill-Bit-Slim-Corn-Double-Coarse_-2.png?fit=750%2C1000&ssl=1&resize=350%2C200 1x, https:\/\/i0.wp.com\/victoriavynn.ca\/wp-content\/uploads\/2023\/06\/Nailly-Professional-Carbide-Nail-Drill-Bit-Slim-Corn-Double-Coarse_-2.png?fit=750%2C1000&ssl=1&resize=525%2C300 1.5x, https:\/\/i0.wp.com\/victoriavynn.ca\/wp-content\/uploads\/2023\/06\/Nailly-Professional-Carbide-Nail-Drill-Bit-Slim-Corn-Double-Coarse_-2.png?fit=750%2C1000&ssl=1&resize=700%2C400 2x"},"classes":[]},{"id":12288,"url":"https:\/\/victoriavynn.ca\/fr\/product\/nailly-professional-carbide-nail-drill-bit-slim-frustum-medium\/","url_meta":{"origin":12368,"position":2},"title":"Nailly Professional Carbide Nail Drill Bit Slim Frustum Medium","author":"Serge Sahakian","date":"juin 5, 2023","format":false,"excerpt":"","rel":"","context":"Similar post","block_context":{"text":"Similar post","link":""},"img":{"alt_text":"","src":"https:\/\/i0.wp.com\/victoriavynn.ca\/wp-content\/uploads\/2023\/06\/Nailly-Professional-Carbide-Nail-Drill-Bit-Slim-Frustum-Medium-1-2.png?fit=750%2C1000&ssl=1&resize=350%2C200","width":350,"height":200,"srcset":"https:\/\/i0.wp.com\/victoriavynn.ca\/wp-content\/uploads\/2023\/06\/Nailly-Professional-Carbide-Nail-Drill-Bit-Slim-Frustum-Medium-1-2.png?fit=750%2C1000&ssl=1&resize=350%2C200 1x, https:\/\/i0.wp.com\/victoriavynn.ca\/wp-content\/uploads\/2023\/06\/Nailly-Professional-Carbide-Nail-Drill-Bit-Slim-Frustum-Medium-1-2.png?fit=750%2C1000&ssl=1&resize=525%2C300 1.5x, https:\/\/i0.wp.com\/victoriavynn.ca\/wp-content\/uploads\/2023\/06\/Nailly-Professional-Carbide-Nail-Drill-Bit-Slim-Frustum-Medium-1-2.png?fit=750%2C1000&ssl=1&resize=700%2C400 2x"},"classes":[]},{"id":12284,"url":"https:\/\/victoriavynn.ca\/fr\/product\/nailly-professional-carbide-nail-drill-bit-corn-coarse-green\/","url_meta":{"origin":12368,"position":3},"title":"Nailly Professional Carbide Nail Drill Bit Corn Coarse Green (m\u00e8che \u00e0 clous en carbure de tungst\u00e8ne)","author":"Serge Sahakian","date":"juin 5, 2023","format":false,"excerpt":"","rel":"","context":"Similar post","block_context":{"text":"Similar post","link":""},"img":{"alt_text":"","src":"https:\/\/i0.wp.com\/victoriavynn.ca\/wp-content\/uploads\/2023\/06\/Nailly-Professional-Carbide-Nail-Drill-Bit-Corn-Coarse-Green-1-2.png?fit=750%2C1000&ssl=1&resize=350%2C200","width":350,"height":200,"srcset":"https:\/\/i0.wp.com\/victoriavynn.ca\/wp-content\/uploads\/2023\/06\/Nailly-Professional-Carbide-Nail-Drill-Bit-Corn-Coarse-Green-1-2.png?fit=750%2C1000&ssl=1&resize=350%2C200 1x, https:\/\/i0.wp.com\/victoriavynn.ca\/wp-content\/uploads\/2023\/06\/Nailly-Professional-Carbide-Nail-Drill-Bit-Corn-Coarse-Green-1-2.png?fit=750%2C1000&ssl=1&resize=525%2C300 1.5x, https:\/\/i0.wp.com\/victoriavynn.ca\/wp-content\/uploads\/2023\/06\/Nailly-Professional-Carbide-Nail-Drill-Bit-Corn-Coarse-Green-1-2.png?fit=750%2C1000&ssl=1&resize=700%2C400 2x"},"classes":[]},{"id":12296,"url":"https:\/\/victoriavynn.ca\/fr\/product\/nailly-professional-carbide-nail-drill-bit-corn-fine-red\/","url_meta":{"origin":12368,"position":4},"title":"Nailly Professional Carbide Nail Drill Bit Corn Fine Red","author":"Serge Sahakian","date":"juin 5, 2023","format":false,"excerpt":"","rel":"","context":"Similar post","block_context":{"text":"Similar post","link":""},"img":{"alt_text":"","src":"https:\/\/i0.wp.com\/victoriavynn.ca\/wp-content\/uploads\/2023\/06\/Nailly-Professional-Carbide-Nail-Drill-Bit-Red-2.png?fit=750%2C1000&ssl=1&resize=350%2C200","width":350,"height":200,"srcset":"https:\/\/i0.wp.com\/victoriavynn.ca\/wp-content\/uploads\/2023\/06\/Nailly-Professional-Carbide-Nail-Drill-Bit-Red-2.png?fit=750%2C1000&ssl=1&resize=350%2C200 1x, https:\/\/i0.wp.com\/victoriavynn.ca\/wp-content\/uploads\/2023\/06\/Nailly-Professional-Carbide-Nail-Drill-Bit-Red-2.png?fit=750%2C1000&ssl=1&resize=525%2C300 1.5x, https:\/\/i0.wp.com\/victoriavynn.ca\/wp-content\/uploads\/2023\/06\/Nailly-Professional-Carbide-Nail-Drill-Bit-Red-2.png?fit=750%2C1000&ssl=1&resize=700%2C400 2x"},"classes":[]},{"id":12282,"url":"https:\/\/victoriavynn.ca\/fr\/product\/nailly-professional-carbide-nail-drill-bit-corn-double-coarse-green\/","url_meta":{"origin":12368,"position":5},"title":"Nailly Professional Carbide Nail Drill Bit Corn Double Coarse Green","author":"Serge Sahakian","date":"juin 5, 2023","format":false,"excerpt":"","rel":"","context":"Similar post","block_context":{"text":"Similar post","link":""},"img":{"alt_text":"","src":"https:\/\/i0.wp.com\/victoriavynn.ca\/wp-content\/uploads\/2023\/06\/Nailly-Professional-Carbide-Nail-Drill-Bit-Corn-Double-Coarse-Green-1-2.png?fit=750%2C1000&ssl=1&resize=350%2C200","width":350,"height":200,"srcset":"https:\/\/i0.wp.com\/victoriavynn.ca\/wp-content\/uploads\/2023\/06\/Nailly-Professional-Carbide-Nail-Drill-Bit-Corn-Double-Coarse-Green-1-2.png?fit=750%2C1000&ssl=1&resize=350%2C200 1x, https:\/\/i0.wp.com\/victoriavynn.ca\/wp-content\/uploads\/2023\/06\/Nailly-Professional-Carbide-Nail-Drill-Bit-Corn-Double-Coarse-Green-1-2.png?fit=750%2C1000&ssl=1&resize=525%2C300 1.5x, https:\/\/i0.wp.com\/victoriavynn.ca\/wp-content\/uploads\/2023\/06\/Nailly-Professional-Carbide-Nail-Drill-Bit-Corn-Double-Coarse-Green-1-2.png?fit=750%2C1000&ssl=1&resize=700%2C400 2x"},"classes":[]}],"jetpack_sharing_enabled":true,"_links":{"self":[{"href":"https:\/\/victoriavynn.ca\/fr\/wp-json\/wp\/v2\/product\/12368","targetHints":{"allow":["GET"]}}],"collection":[{"href":"https:\/\/victoriavynn.ca\/fr\/wp-json\/wp\/v2\/product"}],"about":[{"href":"https:\/\/victoriavynn.ca\/fr\/wp-json\/wp\/v2\/types\/product"}],"replies":[{"embeddable":true,"href":"https:\/\/victoriavynn.ca\/fr\/wp-json\/wp\/v2\/comments?post=12368"}],"wp:featuredmedia":[{"embeddable":true,"href":"https:\/\/victoriavynn.ca\/fr\/wp-json\/wp\/v2\/media\/12369"}],"wp:attachment":[{"href":"https:\/\/victoriavynn.ca\/fr\/wp-json\/wp\/v2\/media?parent=12368"}],"wp:term":[{"taxonomy":"product_brand","embeddable":true,"href":"https:\/\/victoriavynn.ca\/fr\/wp-json\/wp\/v2\/product_brand?post=12368"},{"taxonomy":"product_cat","embeddable":true,"href":"https:\/\/victoriavynn.ca\/fr\/wp-json\/wp\/v2\/product_cat?post=12368"},{"taxonomy":"product_tag","embeddable":true,"href":"https:\/\/victoriavynn.ca\/fr\/wp-json\/wp\/v2\/product_tag?post=12368"}],"curies":[{"name":"wp","href":"https:\/\/api.w.org\/{rel}","templated":true}]}}