{"id":12799,"date":"2023-06-09T10:10:10","date_gmt":"2023-06-09T14:10:10","guid":{"rendered":"https:\/\/victoriavynn.ca\/product\/victoria-vynn-cordless-professional-multiled-lamp-36-watt\/"},"modified":"2026-03-22T14:10:51","modified_gmt":"2026-03-22T18:10:51","slug":"lampe-a-ongles-professionnelle-multi-led-sans-fil","status":"publish","type":"product","link":"https:\/\/victoriavynn.ca\/fr\/product\/cordless-professional-multi-led-nail-lamp\/","title":{"rendered":"Victoria VYNN Lampe professionnelle multi LED sans fil 36 Watt"},"content":{"rendered":"<p>Lampe \u00e0 ongles professionnelle multi LED sans fil<\/p>\n<div class=\"text margin-bottom-2\">\n<p>Lampe professionnelle sans fil avec\u00a0<b>MULTI-LED<\/b>\u00a0technologie et\u00a0<b>36 W<\/b> puissance. Fabriqu\u00e9 \u00e0 Taiwan.<\/p>\n<p>La lampe est con\u00e7ue pour polym\u00e9riser tous les produits en gel, en gel acrylique et hybrides. La lampe comporte 81 diodes plac\u00e9es de mani\u00e8re optimale et quatre temps de polym\u00e9risation, y compris le mode \"low heat\". Il s'agit d'une irradiation progressive, ce qui permet \u00e0 la lampe de durcir plus rapidement.<br \/>\nla puissance de la lampe augmente progressivement et la sensation de br\u00fblure est r\u00e9duite au minimum. L'appareil est \u00e9quip\u00e9<br \/>\navec un capteur de mouvement activ\u00e9 par l'introduction d'une main dans la lampe, un coussin amovible et une lampe de poche.\u00a0<b>4<\/b>\u00a0pieds r\u00e9glables.<\/p>\n<p>Les avantages suppl\u00e9mentaires de la lampe sont les suivants\u00a0<b>2<\/b>\u00a0batteries int\u00e9gr\u00e9es. Lorsqu'elles sont compl\u00e8tement charg\u00e9es, elles fonctionnent jusqu'\u00e0\u00a0<b>3<\/b>\u00a0heures.\u00a0<b>La lampe MULTI-LED<\/b>\u00a0est un outil parfait pour les services professionnels de manucure et de p\u00e9dicure dans les salons et les services mobiles.<\/p>\n<\/div>","protected":false},"excerpt":{"rendered":"<p>Victoria VYNN Cordless Professional Multi LED Nail Lamp est con\u00e7ue pour durcir tous les produits en gel, en gel acrylique et hybrides. La lampe comporte 81 diodes plac\u00e9es de mani\u00e8re optimale et quatre temps de polym\u00e9risation, y compris le mode \"low heat\". Il s'agit d'une irradiation progressive, ce qui fait que la puissance de la lampe augmente graduellement et que la sensation de br\u00fblure est r\u00e9duite au minimum. L'appareil est \u00e9quip\u00e9 d'un capteur de mouvement activ\u00e9 apr\u00e8s l'insertion d'une main dans la lampe, d'un tampon amovible et d'un syst\u00e8me d'\u00e9clairage.\u00a0<b>4<\/b>\u00a0pieds r\u00e9glables.<\/p>\n<p>Sp\u00e9cifications du produit :<\/p>\n<p><img loading=\"lazy\" decoding=\"async\" class=\"size-full wp-image-11856 alignleft\" src=\"https:\/\/victoriavynn.ca\/wp-content\/uploads\/2023\/03\/LONG-LASTING-1.webp\" alt=\"LONGUE DUR\u00c9E\" width=\"125\" height=\"150\" srcset=\"https:\/\/i0.wp.com\/victoriavynn.ca\/wp-content\/uploads\/2023\/03\/LONG-LASTING-1.webp?w=125&amp;ssl=1 125w, https:\/\/i0.wp.com\/victoriavynn.ca\/wp-content\/uploads\/2023\/03\/LONG-LASTING-1.webp?resize=10%2C12&amp;ssl=1 10w\" sizes=\"auto, (max-width: 125px) 100vw, 125px\" \/><\/p>\n<p><img loading=\"lazy\" decoding=\"async\" class=\"size-full wp-image-12466 alignleft\" src=\"https:\/\/victoriavynn.ca\/wp-content\/uploads\/2023\/06\/LITHIUM-ION-BATTERTY.webp\" alt=\"BATTERIE LITHIUM-ION\" width=\"125\" height=\"150\" srcset=\"https:\/\/i0.wp.com\/victoriavynn.ca\/wp-content\/uploads\/2023\/06\/LITHIUM-ION-BATTERTY.webp?w=125&amp;ssl=1 125w, https:\/\/i0.wp.com\/victoriavynn.ca\/wp-content\/uploads\/2023\/06\/LITHIUM-ION-BATTERTY.webp?resize=10%2C12&amp;ssl=1 10w\" sizes=\"auto, (max-width: 125px) 100vw, 125px\" \/><\/p>\n<p><img loading=\"lazy\" decoding=\"async\" class=\"size-full wp-image-12467 alignleft\" src=\"https:\/\/victoriavynn.ca\/wp-content\/uploads\/2023\/06\/RECHARGEABLE-LOGO.webp\" alt=\"LOGO RECHARGEABLE\" width=\"125\" height=\"150\" srcset=\"https:\/\/i0.wp.com\/victoriavynn.ca\/wp-content\/uploads\/2023\/06\/RECHARGEABLE-LOGO.webp?w=125&amp;ssl=1 125w, https:\/\/i0.wp.com\/victoriavynn.ca\/wp-content\/uploads\/2023\/06\/RECHARGEABLE-LOGO.webp?resize=10%2C12&amp;ssl=1 10w\" sizes=\"auto, (max-width: 125px) 100vw, 125px\" \/><\/p>\n<p><img loading=\"lazy\" decoding=\"async\" class=\"size-full wp-image-12850\" src=\"http:\/\/victoriavynn.ca\/wp-content\/uploads\/2023\/06\/ADJUSTABLE-LEGS.webp\" alt=\"PIEDS R\u00c9GLABLES\" width=\"125\" height=\"150\" srcset=\"https:\/\/i0.wp.com\/victoriavynn.ca\/wp-content\/uploads\/2023\/06\/ADJUSTABLE-LEGS.webp?w=125&amp;ssl=1 125w, https:\/\/i0.wp.com\/victoriavynn.ca\/wp-content\/uploads\/2023\/06\/ADJUSTABLE-LEGS.webp?resize=10%2C12&amp;ssl=1 10w, https:\/\/i0.wp.com\/victoriavynn.ca\/wp-content\/uploads\/2023\/06\/ADJUSTABLE-LEGS.webp?resize=64%2C77&amp;ssl=1 64w\" sizes=\"auto, (max-width: 125px) 100vw, 125px\" \/><\/p>\n<p>&nbsp;<\/p>","protected":false},"featured_media":12855,"comment_status":"open","ping_status":"closed","template":"","meta":{"jetpack_post_was_ever_published":false,"jetpack_publicize_message":"","jetpack_publicize_feature_enabled":true,"jetpack_social_post_already_shared":false,"jetpack_social_options":{"image_generator_settings":{"template":"highway","default_image_id":0,"font":"","enabled":false},"version":2}},"product_brand":[],"product_cat":[31],"product_tag":[597],"class_list":{"0":"post-12799","1":"product","2":"type-product","3":"status-publish","4":"has-post-thumbnail","6":"product_cat-nail-tools-and-accessories","7":"product_tag-uv-led-nail-lamp","8":"product_shipping_class-cardboard-box","10":"first","11":"instock","12":"taxable","13":"shipping-taxable","14":"purchasable","15":"product-type-simple"},"jetpack_publicize_connections":[],"jetpack-related-posts":[{"id":12332,"url":"https:\/\/victoriavynn.ca\/fr\/product\/nailly-best-cordless-uv-led-nail-lamp-s10\/","url_meta":{"origin":12799,"position":0},"title":"Lampe UV\/LED professionnelle rechargeable sans fil S10 66 Watt","author":"Serge Sahakian","date":"juin 5, 2023","format":false,"excerpt":"Nailly S10 Lampe UV LED professionnelle rechargeable sans fil 66 Watt est la lampe UV LED portable sans fil la plus efficace. Notre meilleure lampe \u00e0 LED UV sans fil a une dur\u00e9e de vie de 50 000 heures. La machine l\u00e9g\u00e8re et portable peut facilement gu\u00e9rir tous les types de gels et de vernis en gel...","rel":"","context":"Similar post","block_context":{"text":"Similar post","link":""},"img":{"alt_text":"Nailly professional best cordless uv led nail lamp 66watt cordless","src":"https:\/\/i0.wp.com\/victoriavynn.ca\/wp-content\/uploads\/2023\/06\/nailly-professional-Cordless-uv-led-nail-lamp-66watt-1-5.webp?fit=750%2C1000&ssl=1&resize=350%2C200","width":350,"height":200,"srcset":"https:\/\/i0.wp.com\/victoriavynn.ca\/wp-content\/uploads\/2023\/06\/nailly-professional-Cordless-uv-led-nail-lamp-66watt-1-5.webp?fit=750%2C1000&ssl=1&resize=350%2C200 1x, https:\/\/i0.wp.com\/victoriavynn.ca\/wp-content\/uploads\/2023\/06\/nailly-professional-Cordless-uv-led-nail-lamp-66watt-1-5.webp?fit=750%2C1000&ssl=1&resize=525%2C300 1.5x, https:\/\/i0.wp.com\/victoriavynn.ca\/wp-content\/uploads\/2023\/06\/nailly-professional-Cordless-uv-led-nail-lamp-66watt-1-5.webp?fit=750%2C1000&ssl=1&resize=700%2C400 2x"},"classes":[]},{"id":12334,"url":"https:\/\/victoriavynn.ca\/fr\/product\/best-rechargeable-uv-led-nail-lamp-60w-s20\/","url_meta":{"origin":12799,"position":1},"title":"Lampe UV\/LED professionnelle rechargeable sans fil S20 60 Watt","author":"Serge Sahakian","date":"juin 5, 2023","format":false,"excerpt":"Nailly S20 est une lampe \u00e0 LED UV professionnelle sans fil de 66 Watt. Cette lampe \u00e0 LED UV portable sans fil est tr\u00e8s efficace. Notre meilleure lampe UV rechargeable a une dur\u00e9e de vie de 50 000 heures. La machine l\u00e9g\u00e8re et portable peut facilement gu\u00e9rir tous les types de gels et de vernis en gel...","rel":"","context":"Similar post","block_context":{"text":"Similar post","link":""},"img":{"alt_text":"nailly professional best rechargeable uv led nail lamp 60watt s20 cordless wireless uv led dryer","src":"https:\/\/i0.wp.com\/victoriavynn.ca\/wp-content\/uploads\/2023\/06\/nailly-professional-best-rechargeable-uv-led-nail-lamp-60watt-1-5.webp?fit=750%2C1000&ssl=1&resize=350%2C200","width":350,"height":200,"srcset":"https:\/\/i0.wp.com\/victoriavynn.ca\/wp-content\/uploads\/2023\/06\/nailly-professional-best-rechargeable-uv-led-nail-lamp-60watt-1-5.webp?fit=750%2C1000&ssl=1&resize=350%2C200 1x, https:\/\/i0.wp.com\/victoriavynn.ca\/wp-content\/uploads\/2023\/06\/nailly-professional-best-rechargeable-uv-led-nail-lamp-60watt-1-5.webp?fit=750%2C1000&ssl=1&resize=525%2C300 1.5x, https:\/\/i0.wp.com\/victoriavynn.ca\/wp-content\/uploads\/2023\/06\/nailly-professional-best-rechargeable-uv-led-nail-lamp-60watt-1-5.webp?fit=750%2C1000&ssl=1&resize=700%2C400 2x"},"classes":[]},{"id":540,"url":"https:\/\/victoriavynn.ca\/fr\/product\/build-gel-base-coat\/","url_meta":{"origin":12799,"position":2},"title":"Base de gel Salon Build","author":"Serge Sahakian","date":"novembre 24, 2019","format":false,"excerpt":"Victoria VYNN Salon Build Gel Base Coat Augmente la durabilit\u00e9 et l'adh\u00e9rence des mod\u00e8les de gel de construction. Peut \u00eatre durci avec des lampes UV et LED. La marque de vernis gel la plus vendue au Canada, Victoria VYNN, fournit aux proth\u00e9sistes ongulaires et aux professionnels des produits de haute qualit\u00e9 pour cr\u00e9er des finitions d'art de l'ongle \u00e9tonnantes. Consultez notre...","rel":"","context":"Similar post","block_context":{"text":"Similar post","link":""},"img":{"alt_text":"build gel base coat","src":"https:\/\/i0.wp.com\/victoriavynn.ca\/wp-content\/uploads\/2019\/11\/Base-Coat.jpg?fit=753%2C753&ssl=1&resize=350%2C200","width":350,"height":200,"srcset":"https:\/\/i0.wp.com\/victoriavynn.ca\/wp-content\/uploads\/2019\/11\/Base-Coat.jpg?fit=753%2C753&ssl=1&resize=350%2C200 1x, https:\/\/i0.wp.com\/victoriavynn.ca\/wp-content\/uploads\/2019\/11\/Base-Coat.jpg?fit=753%2C753&ssl=1&resize=525%2C300 1.5x, https:\/\/i0.wp.com\/victoriavynn.ca\/wp-content\/uploads\/2019\/11\/Base-Coat.jpg?fit=753%2C753&ssl=1&resize=700%2C400 2x"},"classes":[]},{"id":536,"url":"https:\/\/victoriavynn.ca\/fr\/product\/build-gel-top-coat\/","url_meta":{"origin":12799,"position":3},"title":"Gel Top Coat Salon Build","author":"Serge Sahakian","date":"novembre 24, 2019","format":false,"excerpt":"Victoria VYNN Salon Build Gel Top Coat Provides a Spectacular Shine and Durability of the Gel Design. Can be cured in UV and LED lamps. Canada\u2019s Best Selling Gel Polish Brand Victoria VYNN provides the nail techs and professionals with High Quality Nail Products to create astonishing nail art finishes.\u2026","rel":"","context":"Similar post","block_context":{"text":"Similar post","link":""},"img":{"alt_text":"Build Gel Top Coat","src":"https:\/\/i0.wp.com\/victoriavynn.ca\/wp-content\/uploads\/2019\/11\/Top-Coat.jpg?fit=753%2C753&ssl=1&resize=350%2C200","width":350,"height":200,"srcset":"https:\/\/i0.wp.com\/victoriavynn.ca\/wp-content\/uploads\/2019\/11\/Top-Coat.jpg?fit=753%2C753&ssl=1&resize=350%2C200 1x, https:\/\/i0.wp.com\/victoriavynn.ca\/wp-content\/uploads\/2019\/11\/Top-Coat.jpg?fit=753%2C753&ssl=1&resize=525%2C300 1.5x, https:\/\/i0.wp.com\/victoriavynn.ca\/wp-content\/uploads\/2019\/11\/Top-Coat.jpg?fit=753%2C753&ssl=1&resize=700%2C400 2x"},"classes":[]},{"id":11380,"url":"https:\/\/victoriavynn.ca\/fr\/product\/victoria-vynn-soft-gel-tips-led-lamp\/","url_meta":{"origin":12799,"position":4},"title":"Victoria VYNN Soft Gel Tips Lampe LED","author":"Serge Sahakian","date":"avril 13, 2023","format":false,"excerpt":"Soft Gel Tips LED LAMP avec spot lumineux pour la polym\u00e9risation initiale du gel, reliant la pointe \u00e0 la plaque naturelle. Con\u00e7ue pour \u00eatre utilis\u00e9e sur des ongles simples prolong\u00e9s par des SOFT GEL TIPS. Les lampes LED sont emball\u00e9es dans des bo\u00eetes sp\u00e9cifiques. Sp\u00e9cifications du produit : \u00a0 \u00a0 \u00a0 \u00a0 \u00a0 \u00a0 \u00a0","rel":"","context":"Similar post","block_context":{"text":"Similar post","link":""},"img":{"alt_text":"Victoria VYNN Soft Gel Tips LED Lamp","src":"https:\/\/i0.wp.com\/victoriavynn.ca\/wp-content\/uploads\/2023\/04\/Victoria-VYNN-Soft-Gel-Tips-LED-Lamp-1-1.webp?fit=750%2C1000&ssl=1&resize=350%2C200","width":350,"height":200,"srcset":"https:\/\/i0.wp.com\/victoriavynn.ca\/wp-content\/uploads\/2023\/04\/Victoria-VYNN-Soft-Gel-Tips-LED-Lamp-1-1.webp?fit=750%2C1000&ssl=1&resize=350%2C200 1x, https:\/\/i0.wp.com\/victoriavynn.ca\/wp-content\/uploads\/2023\/04\/Victoria-VYNN-Soft-Gel-Tips-LED-Lamp-1-1.webp?fit=750%2C1000&ssl=1&resize=525%2C300 1.5x, https:\/\/i0.wp.com\/victoriavynn.ca\/wp-content\/uploads\/2023\/04\/Victoria-VYNN-Soft-Gel-Tips-LED-Lamp-1-1.webp?fit=750%2C1000&ssl=1&resize=700%2C400 2x"},"classes":[]},{"id":12336,"url":"https:\/\/victoriavynn.ca\/fr\/product\/snrqi-t8-professional-uv-led-nail-lamp-72w\/","url_meta":{"origin":12799,"position":5},"title":"SNRQI T8 Professional UV\/LED Lamp 72 Watt with Hand Pillow","author":"Serge Sahakian","date":"juin 5, 2023","format":false,"excerpt":"Nailly Professional UV LED Lamp 72 Watt with Hand Pillow. Cette machine au design moderne permet de polym\u00e9riser facilement tous les types de gels et de vernis en gel, c'est-\u00e0-dire les gels UV, les gels LED, les gels de construction, les gels acryliques, les gels durs, etc. Sp\u00e9cifications du produit :","rel":"","context":"Similar post","block_context":{"text":"Similar post","link":""},"img":{"alt_text":"nailly professional uv led nail lamp 72 watt high power","src":"https:\/\/i0.wp.com\/victoriavynn.ca\/wp-content\/uploads\/2023\/06\/nailly-professional-uv-led-nail-lamp-72-watt-high-power-.webp?fit=750%2C1000&ssl=1&resize=350%2C200","width":350,"height":200,"srcset":"https:\/\/i0.wp.com\/victoriavynn.ca\/wp-content\/uploads\/2023\/06\/nailly-professional-uv-led-nail-lamp-72-watt-high-power-.webp?fit=750%2C1000&ssl=1&resize=350%2C200 1x, https:\/\/i0.wp.com\/victoriavynn.ca\/wp-content\/uploads\/2023\/06\/nailly-professional-uv-led-nail-lamp-72-watt-high-power-.webp?fit=750%2C1000&ssl=1&resize=525%2C300 1.5x, https:\/\/i0.wp.com\/victoriavynn.ca\/wp-content\/uploads\/2023\/06\/nailly-professional-uv-led-nail-lamp-72-watt-high-power-.webp?fit=750%2C1000&ssl=1&resize=700%2C400 2x"},"classes":[]}],"jetpack_sharing_enabled":true,"_links":{"self":[{"href":"https:\/\/victoriavynn.ca\/fr\/wp-json\/wp\/v2\/product\/12799","targetHints":{"allow":["GET"]}}],"collection":[{"href":"https:\/\/victoriavynn.ca\/fr\/wp-json\/wp\/v2\/product"}],"about":[{"href":"https:\/\/victoriavynn.ca\/fr\/wp-json\/wp\/v2\/types\/product"}],"replies":[{"embeddable":true,"href":"https:\/\/victoriavynn.ca\/fr\/wp-json\/wp\/v2\/comments?post=12799"}],"wp:featuredmedia":[{"embeddable":true,"href":"https:\/\/victoriavynn.ca\/fr\/wp-json\/wp\/v2\/media\/12855"}],"wp:attachment":[{"href":"https:\/\/victoriavynn.ca\/fr\/wp-json\/wp\/v2\/media?parent=12799"}],"wp:term":[{"taxonomy":"product_brand","embeddable":true,"href":"https:\/\/victoriavynn.ca\/fr\/wp-json\/wp\/v2\/product_brand?post=12799"},{"taxonomy":"product_cat","embeddable":true,"href":"https:\/\/victoriavynn.ca\/fr\/wp-json\/wp\/v2\/product_cat?post=12799"},{"taxonomy":"product_tag","embeddable":true,"href":"https:\/\/victoriavynn.ca\/fr\/wp-json\/wp\/v2\/product_tag?post=12799"}],"curies":[{"name":"wp","href":"https:\/\/api.w.org\/{rel}","templated":true}]}}