{"id":12924,"date":"2023-06-11T00:33:44","date_gmt":"2023-06-11T04:33:44","guid":{"rendered":"https:\/\/victoriavynn.ca\/product\/victoria-vynn-color-chart-pure-creamy-hybrid-no-2-042-104\/"},"modified":"2026-02-13T19:02:52","modified_gmt":"2026-02-14T00:02:52","slug":"victoria-vynn-colour-chart-pure-creamy-hybrid-no-2-042-104","status":"publish","type":"product","link":"https:\/\/victoriavynn.ca\/fr\/product\/victoria-vynn-color-chart-pure-creamy-hybrid-no-2-042-104\/","title":{"rendered":"Victoria VYNN Color Chart Pure Creamy Hybrid No.2 (042-104)"},"content":{"rendered":"","protected":false},"excerpt":{"rendered":"","protected":false},"featured_media":12925,"comment_status":"open","ping_status":"closed","template":"","meta":{"jetpack_post_was_ever_published":false,"jetpack_publicize_message":"","jetpack_publicize_feature_enabled":true,"jetpack_social_post_already_shared":false,"jetpack_social_options":{"image_generator_settings":{"template":"highway","default_image_id":0,"font":"","enabled":false},"version":2}},"product_brand":[],"product_cat":[31],"product_tag":[616,104],"class_list":{"0":"post-12924","1":"product","2":"type-product","3":"status-publish","4":"has-post-thumbnail","6":"product_cat-nail-tools-and-accessories","7":"product_tag-color-charts","8":"product_tag-pure-creamy-gel-polish-color-charts","10":"first","11":"instock","12":"taxable","13":"shipping-taxable","14":"purchasable","15":"product-type-simple"},"jetpack_publicize_connections":[],"jetpack-related-posts":[{"id":52734,"url":"https:\/\/victoriavynn.ca\/fr\/product\/victoria-vynn-5-pack-inside-color-pure-vegan-creamy-273-277-pastel\/","url_meta":{"origin":12924,"position":0},"title":"Victoria VYNN 5 Pack Inside Color Pure Vegan Creamy 273-277 (Pastel)","author":"Serge Sahakian","date":"mars 20, 2026","format":false,"excerpt":"\ud83c\udf38 Pure Vegan Creamy Hybrid \u2013 Pastel Collection (5-Pack Sets) Step into a world of softness, elegance, and modern nail artistry with the Pure Vegan Creamy Hybrid Pastel Collection by Victoria VYNN. Designed for professionals and beauty lovers alike, these curated 5-piece pastel sets deliver a perfectly balanced palette of\u2026","rel":"","context":"Similar post","block_context":{"text":"Similar post","link":""},"img":{"alt_text":"pastel final 5 pack in the lan ionside collection","src":"https:\/\/i0.wp.com\/victoriavynn.ca\/wp-content\/uploads\/2026\/03\/pastel-final-5-pack-in-the-lan-ionside-collection.webp?fit=750%2C1000&ssl=1&resize=350%2C200","width":350,"height":200,"srcset":"https:\/\/i0.wp.com\/victoriavynn.ca\/wp-content\/uploads\/2026\/03\/pastel-final-5-pack-in-the-lan-ionside-collection.webp?fit=750%2C1000&ssl=1&resize=350%2C200 1x, https:\/\/i0.wp.com\/victoriavynn.ca\/wp-content\/uploads\/2026\/03\/pastel-final-5-pack-in-the-lan-ionside-collection.webp?fit=750%2C1000&ssl=1&resize=525%2C300 1.5x, https:\/\/i0.wp.com\/victoriavynn.ca\/wp-content\/uploads\/2026\/03\/pastel-final-5-pack-in-the-lan-ionside-collection.webp?fit=750%2C1000&ssl=1&resize=700%2C400 2x"},"classes":[]},{"id":52736,"url":"https:\/\/victoriavynn.ca\/fr\/product\/victoria-vynn-5-pack-inside-color-pure-vegan-creamy-268-272-pink\/","url_meta":{"origin":12924,"position":1},"title":"Victoria VYNN 5 Pack Inside Color Pure Vegan Creamy 268-272 (Pink)","author":"Serge Sahakian","date":"mars 20, 2026","format":false,"excerpt":"\ud83d\udc97 Pure Vegan Creamy Hybrid \u2013 Pink Collection (5-Pack Sets) Celebrate femininity, confidence, and timeless beauty with the Pure Vegan Creamy Hybrid Pink Collection by Victoria VYNN. This carefully curated 5-piece set of pink shades captures every mood\u2014from soft blush tones to vibrant, statement pinks\u2014perfect for creating elegant, modern, and\u2026","rel":"","context":"Similar post","block_context":{"text":"Similar post","link":""},"img":{"alt_text":"pastel 5 pack in the lan ionside collection","src":"https:\/\/i0.wp.com\/victoriavynn.ca\/wp-content\/uploads\/2026\/03\/pastel-5-pack-in-the-lan-ionside-collection.webp?fit=750%2C1000&ssl=1&resize=350%2C200","width":350,"height":200,"srcset":"https:\/\/i0.wp.com\/victoriavynn.ca\/wp-content\/uploads\/2026\/03\/pastel-5-pack-in-the-lan-ionside-collection.webp?fit=750%2C1000&ssl=1&resize=350%2C200 1x, https:\/\/i0.wp.com\/victoriavynn.ca\/wp-content\/uploads\/2026\/03\/pastel-5-pack-in-the-lan-ionside-collection.webp?fit=750%2C1000&ssl=1&resize=525%2C300 1.5x, https:\/\/i0.wp.com\/victoriavynn.ca\/wp-content\/uploads\/2026\/03\/pastel-5-pack-in-the-lan-ionside-collection.webp?fit=750%2C1000&ssl=1&resize=700%2C400 2x"},"classes":[]},{"id":49968,"url":"https:\/\/victoriavynn.ca\/fr\/product\/victoria-vynn-autumn-gel-polish-collection-color-charts-2-pieces-2\/","url_meta":{"origin":12924,"position":2},"title":"Victoria VYNN Collection de vernis en gel d'automne Nuancier 2 pi\u00e8ces","author":"Serge Sahakian","date":"f\u00e9vrier 19, 2026","format":false,"excerpt":"","rel":"","context":"Similar post","block_context":{"text":"Similar post","link":""},"img":{"alt_text":"","src":"https:\/\/i0.wp.com\/victoriavynn.ca\/wp-content\/uploads\/2026\/02\/color-charts-gp-autumn-2pcs-1.jpg?fit=1200%2C1200&ssl=1&resize=350%2C200","width":350,"height":200,"srcset":"https:\/\/i0.wp.com\/victoriavynn.ca\/wp-content\/uploads\/2026\/02\/color-charts-gp-autumn-2pcs-1.jpg?fit=1200%2C1200&ssl=1&resize=350%2C200 1x, https:\/\/i0.wp.com\/victoriavynn.ca\/wp-content\/uploads\/2026\/02\/color-charts-gp-autumn-2pcs-1.jpg?fit=1200%2C1200&ssl=1&resize=525%2C300 1.5x, https:\/\/i0.wp.com\/victoriavynn.ca\/wp-content\/uploads\/2026\/02\/color-charts-gp-autumn-2pcs-1.jpg?fit=1200%2C1200&ssl=1&resize=700%2C400 2x, https:\/\/i0.wp.com\/victoriavynn.ca\/wp-content\/uploads\/2026\/02\/color-charts-gp-autumn-2pcs-1.jpg?fit=1200%2C1200&ssl=1&resize=1050%2C600 3x"},"classes":[]},{"id":41588,"url":"https:\/\/victoriavynn.ca\/fr\/product\/victoria-vynn-8-pack-fashion-follower-gel-polish-430-437-color-chart\/","url_meta":{"origin":12924,"position":3},"title":"Victoria VYNN 8 Pack Fashion Follower Gel Polish 430-437 + Color Chart","author":"Serge Sahakian","date":"novembre 19, 2025","format":false,"excerpt":"La collection Fashion Follower de Victoria VYNN transforme les tons les plus \u00e0 la mode de la saison en une ligne de vernis gel hautement pigment\u00e9s et parfaits pour les salons de coiffure. Chaque nuance refl\u00e8te le style, l'humeur et la confiance - cr\u00e9\u00e9e pour les artistes et les clients qui aiment s'exprimer par la couleur. Collection : Fashion Follower Le kit comprend : Victoria VYNN...","rel":"","context":"Similar post","block_context":{"text":"Similar post","link":""},"img":{"alt_text":"Victoria vynn gel polish fashion follower 8 pack + Color Chart","src":"https:\/\/i0.wp.com\/victoriavynn.ca\/wp-content\/uploads\/2025\/11\/victoria-vynn-gel-polish-fashion-follower-8-pack-color-chart-.webp?fit=750%2C1000&ssl=1&resize=350%2C200","width":350,"height":200,"srcset":"https:\/\/i0.wp.com\/victoriavynn.ca\/wp-content\/uploads\/2025\/11\/victoria-vynn-gel-polish-fashion-follower-8-pack-color-chart-.webp?fit=750%2C1000&ssl=1&resize=350%2C200 1x, https:\/\/i0.wp.com\/victoriavynn.ca\/wp-content\/uploads\/2025\/11\/victoria-vynn-gel-polish-fashion-follower-8-pack-color-chart-.webp?fit=750%2C1000&ssl=1&resize=525%2C300 1.5x, https:\/\/i0.wp.com\/victoriavynn.ca\/wp-content\/uploads\/2025\/11\/victoria-vynn-gel-polish-fashion-follower-8-pack-color-chart-.webp?fit=750%2C1000&ssl=1&resize=700%2C400 2x"},"classes":[]},{"id":37102,"url":"https:\/\/victoriavynn.ca\/fr\/product\/victoria-vynn-mega-base-cover-series-color-chart\/","url_meta":{"origin":12924,"position":4},"title":"Victoria VYNN Mega Base Cover Series Tableau des couleurs","author":"Serge Sahakian","date":"octobre 18, 2025","format":false,"excerpt":"D\u00e9couvrez les teintes Victoria Vynn Mega Base Cover - Tan, Cream et Natural - qui offrent des tons nude \u00e9l\u00e9gants avec une couvrance allant jusqu'\u00e0 90%. Ces bases renforc\u00e9es et autonivelantes mettent en valeur tous les tons de peau, parfaites pour les looks naturels ou les manucures \u00e0 la fran\u00e7aise. Sp\u00e9cifications du produit : \u00a0 \u00a0 \u00a0 \u00a0 \u00a0 \u00a0","rel":"","context":"Similar post","block_context":{"text":"Similar post","link":""},"img":{"alt_text":"victoria vynn mega base color chart cover series","src":"https:\/\/i0.wp.com\/victoriavynn.ca\/wp-content\/uploads\/2025\/10\/victoria-vynn-mega-base-color-chart-cover-series.webp?fit=750%2C1000&ssl=1&resize=350%2C200","width":350,"height":200,"srcset":"https:\/\/i0.wp.com\/victoriavynn.ca\/wp-content\/uploads\/2025\/10\/victoria-vynn-mega-base-color-chart-cover-series.webp?fit=750%2C1000&ssl=1&resize=350%2C200 1x, https:\/\/i0.wp.com\/victoriavynn.ca\/wp-content\/uploads\/2025\/10\/victoria-vynn-mega-base-color-chart-cover-series.webp?fit=750%2C1000&ssl=1&resize=525%2C300 1.5x, https:\/\/i0.wp.com\/victoriavynn.ca\/wp-content\/uploads\/2025\/10\/victoria-vynn-mega-base-color-chart-cover-series.webp?fit=750%2C1000&ssl=1&resize=700%2C400 2x"},"classes":[]},{"id":47985,"url":"https:\/\/victoriavynn.ca\/fr\/product\/victoria-vynn-color-chart-ladies-love-red\/","url_meta":{"origin":12924,"position":5},"title":"Victoria VYNN Color Chart Ladies Love Red Gel Polish 439-444","author":"Serge Sahakian","date":"f\u00e9vrier 2, 2026","format":false,"excerpt":"Explorez le nuancier Victoria VYNN Ladies Love Red, qui pr\u00e9sente de riches nuances de vernis gel rouge pour une s\u00e9lection facile et des r\u00e9sultats professionnels en salon.","rel":"","context":"Similar post","block_context":{"text":"Similar post","link":""},"img":{"alt_text":"Victoria VYNN ladies Love Red Color Chart","src":"https:\/\/i0.wp.com\/victoriavynn.ca\/wp-content\/uploads\/2026\/02\/victoria-vynn-ladies-love-red-color-chart.webp?fit=750%2C1000&ssl=1&resize=350%2C200","width":350,"height":200,"srcset":"https:\/\/i0.wp.com\/victoriavynn.ca\/wp-content\/uploads\/2026\/02\/victoria-vynn-ladies-love-red-color-chart.webp?fit=750%2C1000&ssl=1&resize=350%2C200 1x, https:\/\/i0.wp.com\/victoriavynn.ca\/wp-content\/uploads\/2026\/02\/victoria-vynn-ladies-love-red-color-chart.webp?fit=750%2C1000&ssl=1&resize=525%2C300 1.5x, https:\/\/i0.wp.com\/victoriavynn.ca\/wp-content\/uploads\/2026\/02\/victoria-vynn-ladies-love-red-color-chart.webp?fit=750%2C1000&ssl=1&resize=700%2C400 2x"},"classes":[]}],"jetpack_sharing_enabled":true,"_links":{"self":[{"href":"https:\/\/victoriavynn.ca\/fr\/wp-json\/wp\/v2\/product\/12924","targetHints":{"allow":["GET"]}}],"collection":[{"href":"https:\/\/victoriavynn.ca\/fr\/wp-json\/wp\/v2\/product"}],"about":[{"href":"https:\/\/victoriavynn.ca\/fr\/wp-json\/wp\/v2\/types\/product"}],"replies":[{"embeddable":true,"href":"https:\/\/victoriavynn.ca\/fr\/wp-json\/wp\/v2\/comments?post=12924"}],"wp:featuredmedia":[{"embeddable":true,"href":"https:\/\/victoriavynn.ca\/fr\/wp-json\/wp\/v2\/media\/12925"}],"wp:attachment":[{"href":"https:\/\/victoriavynn.ca\/fr\/wp-json\/wp\/v2\/media?parent=12924"}],"wp:term":[{"taxonomy":"product_brand","embeddable":true,"href":"https:\/\/victoriavynn.ca\/fr\/wp-json\/wp\/v2\/product_brand?post=12924"},{"taxonomy":"product_cat","embeddable":true,"href":"https:\/\/victoriavynn.ca\/fr\/wp-json\/wp\/v2\/product_cat?post=12924"},{"taxonomy":"product_tag","embeddable":true,"href":"https:\/\/victoriavynn.ca\/fr\/wp-json\/wp\/v2\/product_tag?post=12924"}],"curies":[{"name":"wp","href":"https:\/\/api.w.org\/{rel}","templated":true}]}}