{"id":12930,"date":"2023-06-11T00:33:51","date_gmt":"2023-06-11T04:33:51","guid":{"rendered":"https:\/\/victoriavynn.ca\/product\/victoria-vynn-color-chart-mega-base\/"},"modified":"2026-03-03T12:32:48","modified_gmt":"2026-03-03T17:32:48","slug":"victoria-vynn-nuancier-mega-base","status":"publish","type":"product","link":"https:\/\/victoriavynn.ca\/fr\/product\/victoria-vynn-color-chart-mega-base\/","title":{"rendered":"Victoria VYNN Color Chart Mega Base"},"content":{"rendered":"","protected":false},"excerpt":{"rendered":"","protected":false},"featured_media":12931,"comment_status":"open","ping_status":"closed","template":"","meta":{"jetpack_post_was_ever_published":false,"jetpack_publicize_message":"","jetpack_publicize_feature_enabled":true,"jetpack_social_post_already_shared":false,"jetpack_social_options":{"image_generator_settings":{"template":"highway","default_image_id":0,"font":"","enabled":false},"version":2}},"product_brand":[],"product_cat":[31],"product_tag":[616,618],"class_list":{"0":"post-12930","1":"product","2":"type-product","3":"status-publish","4":"has-post-thumbnail","6":"product_cat-nail-tools-and-accessories","7":"product_tag-color-charts","8":"product_tag-mega-base-color-charts","10":"first","11":"instock","12":"taxable","13":"shipping-taxable","14":"purchasable","15":"product-type-simple"},"jetpack_publicize_connections":[],"jetpack-related-posts":[{"id":15190,"url":"https:\/\/victoriavynn.ca\/fr\/product\/victoria-vynn-color-chart-pastel-mega-base\/","url_meta":{"origin":12930,"position":0},"title":"Victoria VYNN Color Chart Pastel Mega Base","author":"Serge Sahakian","date":"septembre 9, 2023","format":false,"excerpt":"","rel":"","context":"Similar post","block_context":{"text":"Similar post","link":""},"img":{"alt_text":"","src":"https:\/\/i0.wp.com\/victoriavynn.ca\/wp-content\/uploads\/2023\/09\/color-chart-mega-base-pastel-wzornik.jpg?fit=1200%2C1200&ssl=1&resize=350%2C200","width":350,"height":200,"srcset":"https:\/\/i0.wp.com\/victoriavynn.ca\/wp-content\/uploads\/2023\/09\/color-chart-mega-base-pastel-wzornik.jpg?fit=1200%2C1200&ssl=1&resize=350%2C200 1x, https:\/\/i0.wp.com\/victoriavynn.ca\/wp-content\/uploads\/2023\/09\/color-chart-mega-base-pastel-wzornik.jpg?fit=1200%2C1200&ssl=1&resize=525%2C300 1.5x, https:\/\/i0.wp.com\/victoriavynn.ca\/wp-content\/uploads\/2023\/09\/color-chart-mega-base-pastel-wzornik.jpg?fit=1200%2C1200&ssl=1&resize=700%2C400 2x, https:\/\/i0.wp.com\/victoriavynn.ca\/wp-content\/uploads\/2023\/09\/color-chart-mega-base-pastel-wzornik.jpg?fit=1200%2C1200&ssl=1&resize=1050%2C600 3x"},"classes":[]},{"id":37102,"url":"https:\/\/victoriavynn.ca\/fr\/product\/victoria-vynn-mega-base-cover-series-color-chart\/","url_meta":{"origin":12930,"position":1},"title":"Victoria VYNN Mega Base Cover Series Tableau des couleurs","author":"Serge Sahakian","date":"octobre 18, 2025","format":false,"excerpt":"D\u00e9couvrez les teintes Victoria Vynn Mega Base Cover - Tan, Cream et Natural - qui offrent des tons nude \u00e9l\u00e9gants avec une couvrance allant jusqu'\u00e0 90%. Ces bases renforc\u00e9es et autonivelantes mettent en valeur tous les tons de peau, parfaites pour les looks naturels ou les manucures \u00e0 la fran\u00e7aise. Sp\u00e9cifications du produit : \u00a0 \u00a0 \u00a0 \u00a0 \u00a0 \u00a0","rel":"","context":"Similar post","block_context":{"text":"Similar post","link":""},"img":{"alt_text":"victoria vynn mega base color chart cover series","src":"https:\/\/i0.wp.com\/victoriavynn.ca\/wp-content\/uploads\/2025\/10\/victoria-vynn-mega-base-color-chart-cover-series.webp?fit=750%2C1000&ssl=1&resize=350%2C200","width":350,"height":200,"srcset":"https:\/\/i0.wp.com\/victoriavynn.ca\/wp-content\/uploads\/2025\/10\/victoria-vynn-mega-base-color-chart-cover-series.webp?fit=750%2C1000&ssl=1&resize=350%2C200 1x, https:\/\/i0.wp.com\/victoriavynn.ca\/wp-content\/uploads\/2025\/10\/victoria-vynn-mega-base-color-chart-cover-series.webp?fit=750%2C1000&ssl=1&resize=525%2C300 1.5x, https:\/\/i0.wp.com\/victoriavynn.ca\/wp-content\/uploads\/2025\/10\/victoria-vynn-mega-base-color-chart-cover-series.webp?fit=750%2C1000&ssl=1&resize=700%2C400 2x"},"classes":[]},{"id":11304,"url":"https:\/\/victoriavynn.ca\/fr\/product\/victoria-vynn-color-chart-just-base\/","url_meta":{"origin":12930,"position":2},"title":"Victoria VYNN Color Chart Just Base","author":"Serge Sahakian","date":"avril 13, 2023","format":false,"excerpt":"Mat\u00e9riel de marketing de Victoria VYNN","rel":"","context":"Similar post","block_context":{"text":"Similar post","link":""},"img":{"alt_text":"","src":"https:\/\/i0.wp.com\/victoriavynn.ca\/wp-content\/uploads\/2023\/04\/color-chart-just-base-wzornik-kolorow.jpeg?fit=1200%2C1200&ssl=1&resize=350%2C200","width":350,"height":200,"srcset":"https:\/\/i0.wp.com\/victoriavynn.ca\/wp-content\/uploads\/2023\/04\/color-chart-just-base-wzornik-kolorow.jpeg?fit=1200%2C1200&ssl=1&resize=350%2C200 1x, https:\/\/i0.wp.com\/victoriavynn.ca\/wp-content\/uploads\/2023\/04\/color-chart-just-base-wzornik-kolorow.jpeg?fit=1200%2C1200&ssl=1&resize=525%2C300 1.5x, https:\/\/i0.wp.com\/victoriavynn.ca\/wp-content\/uploads\/2023\/04\/color-chart-just-base-wzornik-kolorow.jpeg?fit=1200%2C1200&ssl=1&resize=700%2C400 2x, https:\/\/i0.wp.com\/victoriavynn.ca\/wp-content\/uploads\/2023\/04\/color-chart-just-base-wzornik-kolorow.jpeg?fit=1200%2C1200&ssl=1&resize=1050%2C600 3x"},"classes":[]},{"id":24518,"url":"https:\/\/victoriavynn.ca\/fr\/product\/victoria-vynn-boost-base-color-chart\/","url_meta":{"origin":12930,"position":3},"title":"Tableau des couleurs de la base Victoria VYNN Boost","author":"Serge Sahakian","date":"septembre 19, 2025","format":false,"excerpt":"","rel":"","context":"Similar post","block_context":{"text":"Similar post","link":""},"img":{"alt_text":"boost base picture color chart","src":"https:\/\/i0.wp.com\/victoriavynn.ca\/wp-content\/uploads\/2025\/09\/boost-base-picture-color-chart.webp?fit=750%2C1000&ssl=1&resize=350%2C200","width":350,"height":200,"srcset":"https:\/\/i0.wp.com\/victoriavynn.ca\/wp-content\/uploads\/2025\/09\/boost-base-picture-color-chart.webp?fit=750%2C1000&ssl=1&resize=350%2C200 1x, https:\/\/i0.wp.com\/victoriavynn.ca\/wp-content\/uploads\/2025\/09\/boost-base-picture-color-chart.webp?fit=750%2C1000&ssl=1&resize=525%2C300 1.5x, https:\/\/i0.wp.com\/victoriavynn.ca\/wp-content\/uploads\/2025\/09\/boost-base-picture-color-chart.webp?fit=750%2C1000&ssl=1&resize=700%2C400 2x"},"classes":[]},{"id":17043,"url":"https:\/\/victoriavynn.ca\/fr\/product\/victoria-vynn-mega-base-collection-display\/","url_meta":{"origin":12930,"position":4},"title":"Victoria VYNN Mega Base Collection Display","author":"Serge Sahakian","date":"mars 7, 2024","format":false,"excerpt":"","rel":"","context":"Similar post","block_context":{"text":"Similar post","link":""},"img":{"alt_text":"","src":"https:\/\/i0.wp.com\/victoriavynn.ca\/wp-content\/uploads\/2024\/03\/color-chart-display-mega-base-.jpg?fit=1200%2C1200&ssl=1&resize=350%2C200","width":350,"height":200,"srcset":"https:\/\/i0.wp.com\/victoriavynn.ca\/wp-content\/uploads\/2024\/03\/color-chart-display-mega-base-.jpg?fit=1200%2C1200&ssl=1&resize=350%2C200 1x, https:\/\/i0.wp.com\/victoriavynn.ca\/wp-content\/uploads\/2024\/03\/color-chart-display-mega-base-.jpg?fit=1200%2C1200&ssl=1&resize=525%2C300 1.5x, https:\/\/i0.wp.com\/victoriavynn.ca\/wp-content\/uploads\/2024\/03\/color-chart-display-mega-base-.jpg?fit=1200%2C1200&ssl=1&resize=700%2C400 2x, https:\/\/i0.wp.com\/victoriavynn.ca\/wp-content\/uploads\/2024\/03\/color-chart-display-mega-base-.jpg?fit=1200%2C1200&ssl=1&resize=1050%2C600 3x"},"classes":[]},{"id":12928,"url":"https:\/\/victoriavynn.ca\/fr\/product\/victoria-vynn-color-chart-build-gel-01-16\/","url_meta":{"origin":12930,"position":5},"title":"Victoria VYNN Color Chart Build Gel (01-06)","author":"Serge Sahakian","date":"juin 11, 2023","format":false,"excerpt":"","rel":"","context":"Similar post","block_context":{"text":"Similar post","link":""},"img":{"alt_text":"BUILD GEL COLOR CHART","src":"https:\/\/i0.wp.com\/victoriavynn.ca\/wp-content\/uploads\/2023\/06\/build-gel-color-chart.png?fit=750%2C1000&ssl=1&resize=350%2C200","width":350,"height":200,"srcset":"https:\/\/i0.wp.com\/victoriavynn.ca\/wp-content\/uploads\/2023\/06\/build-gel-color-chart.png?fit=750%2C1000&ssl=1&resize=350%2C200 1x, https:\/\/i0.wp.com\/victoriavynn.ca\/wp-content\/uploads\/2023\/06\/build-gel-color-chart.png?fit=750%2C1000&ssl=1&resize=525%2C300 1.5x, https:\/\/i0.wp.com\/victoriavynn.ca\/wp-content\/uploads\/2023\/06\/build-gel-color-chart.png?fit=750%2C1000&ssl=1&resize=700%2C400 2x"},"classes":[]}],"jetpack_sharing_enabled":true,"_links":{"self":[{"href":"https:\/\/victoriavynn.ca\/fr\/wp-json\/wp\/v2\/product\/12930","targetHints":{"allow":["GET"]}}],"collection":[{"href":"https:\/\/victoriavynn.ca\/fr\/wp-json\/wp\/v2\/product"}],"about":[{"href":"https:\/\/victoriavynn.ca\/fr\/wp-json\/wp\/v2\/types\/product"}],"replies":[{"embeddable":true,"href":"https:\/\/victoriavynn.ca\/fr\/wp-json\/wp\/v2\/comments?post=12930"}],"wp:featuredmedia":[{"embeddable":true,"href":"https:\/\/victoriavynn.ca\/fr\/wp-json\/wp\/v2\/media\/12931"}],"wp:attachment":[{"href":"https:\/\/victoriavynn.ca\/fr\/wp-json\/wp\/v2\/media?parent=12930"}],"wp:term":[{"taxonomy":"product_brand","embeddable":true,"href":"https:\/\/victoriavynn.ca\/fr\/wp-json\/wp\/v2\/product_brand?post=12930"},{"taxonomy":"product_cat","embeddable":true,"href":"https:\/\/victoriavynn.ca\/fr\/wp-json\/wp\/v2\/product_cat?post=12930"},{"taxonomy":"product_tag","embeddable":true,"href":"https:\/\/victoriavynn.ca\/fr\/wp-json\/wp\/v2\/product_tag?post=12930"}],"curies":[{"name":"wp","href":"https:\/\/api.w.org\/{rel}","templated":true}]}}