{"id":13265,"date":"2023-06-28T12:16:31","date_gmt":"2023-06-28T16:16:31","guid":{"rendered":"https:\/\/victoriavynn.ca\/?post_type=product&#038;p=13265"},"modified":"2026-03-04T18:41:22","modified_gmt":"2026-03-04T23:41:22","slug":"staleks-pro-podo-disc-buffers-professional","status":"publish","type":"product","link":"https:\/\/victoriavynn.ca\/fr\/product\/staleks-pro-podo-disc-buffers-professional\/","title":{"rendered":"Staleks Pro \u00c9ponges abrasives jetables (tampons) pour p\u00e9dicure PodoDisc"},"content":{"rendered":"<p>Top Quality Staleks Pro Podo Disc Buffers<\/p>\n<ul>\n<li><span data-sheets-value=\"{&quot;1&quot;:2,&quot;2&quot;:&quot;\u25cf File-sponges - perfectly polishes the surface of the foot, grinds small cracks, which allows you to keep the effect of smooth feet much longern\u25cf High-quality abrasive has a soft, durable structure; pre-treatment of feet with oils or other means does not affect the properties of the filen\u25cf A thick foam base prevents overheating of the treated area, creates a shock absorption effectn\u25cf A reliable adhesive base guarantees strong fixation of the file and ensures the safety of the proceduren\u25cf 25 pieces of disposable files per pack&quot;}\" data-sheets-userformat=\"{&quot;2&quot;:701,&quot;3&quot;:{&quot;1&quot;:0},&quot;5&quot;:{&quot;1&quot;:[{&quot;1&quot;:2,&quot;2&quot;:0,&quot;5&quot;:[null,2,0]},{&quot;1&quot;:0,&quot;2&quot;:0,&quot;3&quot;:3},{&quot;1&quot;:1,&quot;2&quot;:0,&quot;4&quot;:1}]},&quot;6&quot;:{&quot;1&quot;:[{&quot;1&quot;:2,&quot;2&quot;:0,&quot;5&quot;:[null,2,0]},{&quot;1&quot;:0,&quot;2&quot;:0,&quot;3&quot;:3},{&quot;1&quot;:1,&quot;2&quot;:0,&quot;4&quot;:1}]},&quot;7&quot;:{&quot;1&quot;:[{&quot;1&quot;:2,&quot;2&quot;:0,&quot;5&quot;:[null,2,0]},{&quot;1&quot;:0,&quot;2&quot;:0,&quot;3&quot;:3},{&quot;1&quot;:1,&quot;2&quot;:0,&quot;4&quot;:1}]},&quot;8&quot;:{&quot;1&quot;:[{&quot;1&quot;:2,&quot;2&quot;:0,&quot;5&quot;:[null,2,0]},{&quot;1&quot;:0,&quot;2&quot;:0,&quot;3&quot;:3},{&quot;1&quot;:1,&quot;2&quot;:0,&quot;4&quot;:1}]},&quot;10&quot;:0,&quot;12&quot;:0}\">File-sponges \u2013 perfectly polishes the surface of the foot, grinds small cracks, which allows you to keep the effect of smooth feet much longer<\/span><\/li>\n<li><span data-sheets-value=\"{&quot;1&quot;:2,&quot;2&quot;:&quot;\u25cf File-sponges - perfectly polishes the surface of the foot, grinds small cracks, which allows you to keep the effect of smooth feet much longern\u25cf High-quality abrasive has a soft, durable structure; pre-treatment of feet with oils or other means does not affect the properties of the filen\u25cf A thick foam base prevents overheating of the treated area, creates a shock absorption effectn\u25cf A reliable adhesive base guarantees strong fixation of the file and ensures the safety of the proceduren\u25cf 25 pieces of disposable files per pack&quot;}\" data-sheets-userformat=\"{&quot;2&quot;:701,&quot;3&quot;:{&quot;1&quot;:0},&quot;5&quot;:{&quot;1&quot;:[{&quot;1&quot;:2,&quot;2&quot;:0,&quot;5&quot;:[null,2,0]},{&quot;1&quot;:0,&quot;2&quot;:0,&quot;3&quot;:3},{&quot;1&quot;:1,&quot;2&quot;:0,&quot;4&quot;:1}]},&quot;6&quot;:{&quot;1&quot;:[{&quot;1&quot;:2,&quot;2&quot;:0,&quot;5&quot;:[null,2,0]},{&quot;1&quot;:0,&quot;2&quot;:0,&quot;3&quot;:3},{&quot;1&quot;:1,&quot;2&quot;:0,&quot;4&quot;:1}]},&quot;7&quot;:{&quot;1&quot;:[{&quot;1&quot;:2,&quot;2&quot;:0,&quot;5&quot;:[null,2,0]},{&quot;1&quot;:0,&quot;2&quot;:0,&quot;3&quot;:3},{&quot;1&quot;:1,&quot;2&quot;:0,&quot;4&quot;:1}]},&quot;8&quot;:{&quot;1&quot;:[{&quot;1&quot;:2,&quot;2&quot;:0,&quot;5&quot;:[null,2,0]},{&quot;1&quot;:0,&quot;2&quot;:0,&quot;3&quot;:3},{&quot;1&quot;:1,&quot;2&quot;:0,&quot;4&quot;:1}]},&quot;10&quot;:0,&quot;12&quot;:0}\">High-quality abrasive has a soft, durable structure; pre-treatment of feet with oils or other means does not affect the properties of the file<\/span><\/li>\n<li><span data-sheets-value=\"{&quot;1&quot;:2,&quot;2&quot;:&quot;\u25cf File-sponges - perfectly polishes the surface of the foot, grinds small cracks, which allows you to keep the effect of smooth feet much longern\u25cf High-quality abrasive has a soft, durable structure; pre-treatment of feet with oils or other means does not affect the properties of the filen\u25cf A thick foam base prevents overheating of the treated area, creates a shock absorption effectn\u25cf A reliable adhesive base guarantees strong fixation of the file and ensures the safety of the proceduren\u25cf 25 pieces of disposable files per pack&quot;}\" data-sheets-userformat=\"{&quot;2&quot;:701,&quot;3&quot;:{&quot;1&quot;:0},&quot;5&quot;:{&quot;1&quot;:[{&quot;1&quot;:2,&quot;2&quot;:0,&quot;5&quot;:[null,2,0]},{&quot;1&quot;:0,&quot;2&quot;:0,&quot;3&quot;:3},{&quot;1&quot;:1,&quot;2&quot;:0,&quot;4&quot;:1}]},&quot;6&quot;:{&quot;1&quot;:[{&quot;1&quot;:2,&quot;2&quot;:0,&quot;5&quot;:[null,2,0]},{&quot;1&quot;:0,&quot;2&quot;:0,&quot;3&quot;:3},{&quot;1&quot;:1,&quot;2&quot;:0,&quot;4&quot;:1}]},&quot;7&quot;:{&quot;1&quot;:[{&quot;1&quot;:2,&quot;2&quot;:0,&quot;5&quot;:[null,2,0]},{&quot;1&quot;:0,&quot;2&quot;:0,&quot;3&quot;:3},{&quot;1&quot;:1,&quot;2&quot;:0,&quot;4&quot;:1}]},&quot;8&quot;:{&quot;1&quot;:[{&quot;1&quot;:2,&quot;2&quot;:0,&quot;5&quot;:[null,2,0]},{&quot;1&quot;:0,&quot;2&quot;:0,&quot;3&quot;:3},{&quot;1&quot;:1,&quot;2&quot;:0,&quot;4&quot;:1}]},&quot;10&quot;:0,&quot;12&quot;:0}\">A thick foam base prevents overheating of the treated area, creates a shock absorption effect<\/span><\/li>\n<li><span data-sheets-value=\"{&quot;1&quot;:2,&quot;2&quot;:&quot;\u25cf File-sponges - perfectly polishes the surface of the foot, grinds small cracks, which allows you to keep the effect of smooth feet much longern\u25cf High-quality abrasive has a soft, durable structure; pre-treatment of feet with oils or other means does not affect the properties of the filen\u25cf A thick foam base prevents overheating of the treated area, creates a shock absorption effectn\u25cf A reliable adhesive base guarantees strong fixation of the file and ensures the safety of the proceduren\u25cf 25 pieces of disposable files per pack&quot;}\" data-sheets-userformat=\"{&quot;2&quot;:701,&quot;3&quot;:{&quot;1&quot;:0},&quot;5&quot;:{&quot;1&quot;:[{&quot;1&quot;:2,&quot;2&quot;:0,&quot;5&quot;:[null,2,0]},{&quot;1&quot;:0,&quot;2&quot;:0,&quot;3&quot;:3},{&quot;1&quot;:1,&quot;2&quot;:0,&quot;4&quot;:1}]},&quot;6&quot;:{&quot;1&quot;:[{&quot;1&quot;:2,&quot;2&quot;:0,&quot;5&quot;:[null,2,0]},{&quot;1&quot;:0,&quot;2&quot;:0,&quot;3&quot;:3},{&quot;1&quot;:1,&quot;2&quot;:0,&quot;4&quot;:1}]},&quot;7&quot;:{&quot;1&quot;:[{&quot;1&quot;:2,&quot;2&quot;:0,&quot;5&quot;:[null,2,0]},{&quot;1&quot;:0,&quot;2&quot;:0,&quot;3&quot;:3},{&quot;1&quot;:1,&quot;2&quot;:0,&quot;4&quot;:1}]},&quot;8&quot;:{&quot;1&quot;:[{&quot;1&quot;:2,&quot;2&quot;:0,&quot;5&quot;:[null,2,0]},{&quot;1&quot;:0,&quot;2&quot;:0,&quot;3&quot;:3},{&quot;1&quot;:1,&quot;2&quot;:0,&quot;4&quot;:1}]},&quot;10&quot;:0,&quot;12&quot;:0}\">A reliable adhesive base guarantees strong fixation of the file and ensures the safety of the procedure<\/span><\/li>\n<li><span data-sheets-value=\"{&quot;1&quot;:2,&quot;2&quot;:&quot;\u25cf File-sponges - perfectly polishes the surface of the foot, grinds small cracks, which allows you to keep the effect of smooth feet much longern\u25cf High-quality abrasive has a soft, durable structure; pre-treatment of feet with oils or other means does not affect the properties of the filen\u25cf A thick foam base prevents overheating of the treated area, creates a shock absorption effectn\u25cf A reliable adhesive base guarantees strong fixation of the file and ensures the safety of the proceduren\u25cf 25 pieces of disposable files per pack&quot;}\" data-sheets-userformat=\"{&quot;2&quot;:701,&quot;3&quot;:{&quot;1&quot;:0},&quot;5&quot;:{&quot;1&quot;:[{&quot;1&quot;:2,&quot;2&quot;:0,&quot;5&quot;:[null,2,0]},{&quot;1&quot;:0,&quot;2&quot;:0,&quot;3&quot;:3},{&quot;1&quot;:1,&quot;2&quot;:0,&quot;4&quot;:1}]},&quot;6&quot;:{&quot;1&quot;:[{&quot;1&quot;:2,&quot;2&quot;:0,&quot;5&quot;:[null,2,0]},{&quot;1&quot;:0,&quot;2&quot;:0,&quot;3&quot;:3},{&quot;1&quot;:1,&quot;2&quot;:0,&quot;4&quot;:1}]},&quot;7&quot;:{&quot;1&quot;:[{&quot;1&quot;:2,&quot;2&quot;:0,&quot;5&quot;:[null,2,0]},{&quot;1&quot;:0,&quot;2&quot;:0,&quot;3&quot;:3},{&quot;1&quot;:1,&quot;2&quot;:0,&quot;4&quot;:1}]},&quot;8&quot;:{&quot;1&quot;:[{&quot;1&quot;:2,&quot;2&quot;:0,&quot;5&quot;:[null,2,0]},{&quot;1&quot;:0,&quot;2&quot;:0,&quot;3&quot;:3},{&quot;1&quot;:1,&quot;2&quot;:0,&quot;4&quot;:1}]},&quot;10&quot;:0,&quot;12&quot;:0}\">25 pieces of disposable files per pack<\/span><\/li>\n<\/ul>\n","protected":false},"excerpt":{"rendered":"<p>Les tampons Ultimate Staleks PRO Podo Disc sont parmi les outils les plus efficaces et les plus professionnels qu'un technicien de l'ongle puisse avoir !  3 tailles diff\u00e9rentes sont disponibles dans cette cat\u00e9gorie. Victoria VYNN s'est associ\u00e9e \u00e0 Staleks au Canada pour fournir un ensemble complet de produits professionnels afin de rendre le travail de la technicienne en ongles compl\u00e8tement id\u00e9al.<\/p>\n<p>Compatible avec :<\/p>\n<ul>\n<li><a href=\"https:\/\/victoriavynn.ca\/fr\/produit\/staleks-podo-disc-professional-use\/\">Staleks Pro Pedicure Disc PodoDisc<\/a><\/li>\n<li><a class=\"row-title\" href=\"https:\/\/victoriavynn.ca\/fr\/produit\/staleks-pro-podo-disc-with-extended-pin\/\">Staleks Pro Pedicure Disc Extended PodoDisc Set complet (Elongate)<\/a><\/li>\n<\/ul>\n<p>Sp\u00e9cifications du produit :<\/p>\n<p><img loading=\"lazy\" decoding=\"async\" class=\"size-full wp-image-13000 alignleft\" src=\"http:\/\/victoriavynn.ca\/wp-content\/uploads\/2023\/06\/for-pedicure.webp\" alt=\"POUR LA P\u00c9DICURE\" width=\"125\" height=\"150\" srcset=\"https:\/\/i0.wp.com\/victoriavynn.ca\/wp-content\/uploads\/2023\/06\/for-pedicure.webp?w=125&amp;ssl=1 125w, https:\/\/i0.wp.com\/victoriavynn.ca\/wp-content\/uploads\/2023\/06\/for-pedicure.webp?resize=10%2C12&amp;ssl=1 10w, https:\/\/i0.wp.com\/victoriavynn.ca\/wp-content\/uploads\/2023\/06\/for-pedicure.webp?resize=64%2C77&amp;ssl=1 64w\" sizes=\"auto, (max-width: 125px) 100vw, 125px\" \/><\/p>\n<p><img loading=\"lazy\" decoding=\"async\" class=\"size-full wp-image-8772 alignleft\" src=\"http:\/\/victoriavynn.ca\/wp-content\/uploads\/2019\/11\/SALON-QUALITY.webp\" alt=\"GEL NAIL BUILDER\" width=\"125\" height=\"150\" \/><\/p>\n<p><img loading=\"lazy\" decoding=\"async\" class=\"size-full wp-image-13266 alignleft\" src=\"http:\/\/victoriavynn.ca\/wp-content\/uploads\/2023\/06\/shock-absorption-effect.webp\" alt=\"effet d&#039;absorption des chocs\" width=\"125\" height=\"150\" srcset=\"https:\/\/i0.wp.com\/victoriavynn.ca\/wp-content\/uploads\/2023\/06\/shock-absorption-effect.webp?w=125&amp;ssl=1 125w, https:\/\/i0.wp.com\/victoriavynn.ca\/wp-content\/uploads\/2023\/06\/shock-absorption-effect.webp?resize=10%2C12&amp;ssl=1 10w, https:\/\/i0.wp.com\/victoriavynn.ca\/wp-content\/uploads\/2023\/06\/shock-absorption-effect.webp?resize=64%2C77&amp;ssl=1 64w\" sizes=\"auto, (max-width: 125px) 100vw, 125px\" \/><\/p>\n<p>&nbsp;<\/p>\n<p>&nbsp;<\/p>\n<p>&nbsp;<\/p>\n<p>&nbsp;<\/p>","protected":false},"featured_media":13274,"comment_status":"open","ping_status":"closed","template":"","meta":{"jetpack_post_was_ever_published":false,"jetpack_publicize_message":"","jetpack_publicize_feature_enabled":true,"jetpack_social_post_already_shared":false,"jetpack_social_options":{"image_generator_settings":{"template":"highway","default_image_id":0,"font":"","enabled":false},"version":2}},"product_brand":[935],"product_cat":[619],"product_tag":[620],"class_list":{"0":"post-13265","1":"product","2":"type-product","3":"status-publish","4":"has-post-thumbnail","6":"product_brand-staleks","7":"product_cat-staleks-podo","8":"product_tag-podo-disc","9":"pa_size-l-25mm","10":"pa_size-m-20mm","11":"pa_size-s-15mm","13":"first","14":"instock","15":"taxable","16":"shipping-taxable","17":"purchasable","18":"product-type-variable"},"jetpack_publicize_connections":[],"jetpack-related-posts":[{"id":13048,"url":"https:\/\/victoriavynn.ca\/fr\/product\/staleks-podo-disc-professional-use\/","url_meta":{"origin":13265,"position":0},"title":"Staleks Pro Pedicure Disc PodoDisc Set complet","author":"Serge Sahakian","date":"juin 23, 2023","format":false,"excerpt":"Le PodoDisc Ultimate Staleks est un best-seller ! Le pack comprend le PodoDisc + 5 limes abrasives jetables avec un grain de 180. Victoria VYNN s'est associ\u00e9e \u00e0 Staleks au Canada pour fournir un ensemble complet de produits professionnels afin de rendre le travail de la technicienne en ongles compl\u00e8tement id\u00e9al. Compatible avec :...","rel":"","context":"Similar post","block_context":{"text":"Similar post","link":""},"img":{"alt_text":"Staleks podo disc PDset Professional Use Pedicure","src":"https:\/\/i0.wp.com\/victoriavynn.ca\/wp-content\/uploads\/2023\/06\/stalek-podo-disc-pdset-professional-use-pedicure-1-1.webp?fit=750%2C1000&ssl=1&resize=350%2C200","width":350,"height":200,"srcset":"https:\/\/i0.wp.com\/victoriavynn.ca\/wp-content\/uploads\/2023\/06\/stalek-podo-disc-pdset-professional-use-pedicure-1-1.webp?fit=750%2C1000&ssl=1&resize=350%2C200 1x, https:\/\/i0.wp.com\/victoriavynn.ca\/wp-content\/uploads\/2023\/06\/stalek-podo-disc-pdset-professional-use-pedicure-1-1.webp?fit=750%2C1000&ssl=1&resize=525%2C300 1.5x, https:\/\/i0.wp.com\/victoriavynn.ca\/wp-content\/uploads\/2023\/06\/stalek-podo-disc-pdset-professional-use-pedicure-1-1.webp?fit=750%2C1000&ssl=1&resize=700%2C400 2x"},"classes":[]},{"id":12995,"url":"https:\/\/victoriavynn.ca\/fr\/product\/staleks-pro-podo-disc-with-extended-pin\/","url_meta":{"origin":13265,"position":1},"title":"Staleks Pro Pedicure Disc Extended PodoDisc Set complet (Elongate)","author":"Serge Sahakian","date":"juin 21, 2023","format":false,"excerpt":"L'Ultimate Staleks PRO Podo Disc with Extended Pin est un Best Seller ! Le pack comprend le PodoDisc + 5 limes abrasives jetables avec un grain de 180. Victoria VYNN s'est associ\u00e9e \u00e0 Staleks au Canada pour fournir un ensemble complet de produits professionnels afin de faciliter le travail du technicien de l'ongle...","rel":"","context":"Similar post","block_context":{"text":"Similar post","link":""},"img":{"alt_text":"Staleks PRO Podo Disc With Extended Pin","src":"https:\/\/i0.wp.com\/victoriavynn.ca\/wp-content\/uploads\/2023\/06\/staleks-pro-podo-disc-with-extended-pin.webp?fit=750%2C1000&ssl=1&resize=350%2C200","width":350,"height":200,"srcset":"https:\/\/i0.wp.com\/victoriavynn.ca\/wp-content\/uploads\/2023\/06\/staleks-pro-podo-disc-with-extended-pin.webp?fit=750%2C1000&ssl=1&resize=350%2C200 1x, https:\/\/i0.wp.com\/victoriavynn.ca\/wp-content\/uploads\/2023\/06\/staleks-pro-podo-disc-with-extended-pin.webp?fit=750%2C1000&ssl=1&resize=525%2C300 1.5x, https:\/\/i0.wp.com\/victoriavynn.ca\/wp-content\/uploads\/2023\/06\/staleks-pro-podo-disc-with-extended-pin.webp?fit=750%2C1000&ssl=1&resize=700%2C400 2x"},"classes":[]},{"id":13078,"url":"https:\/\/victoriavynn.ca\/fr\/product\/high-quality-staleks-pro-podo-disc-files\/","url_meta":{"origin":13265,"position":2},"title":"Staleks Pro Limes abrasives jetables pour p\u00e9dicure PodoDisc","author":"Serge Sahakian","date":"juin 27, 2023","format":false,"excerpt":"Les limes \u00e0 disques Ultimate Staleks PRO Podo sont parmi les outils les plus efficaces et les plus professionnels que tout technicien de l'ongle puisse avoir !  Une large gamme de tailles, de grains, de types et de couleurs est disponible dans cette cat\u00e9gorie. Victoria VYNN s'est associ\u00e9e \u00e0 Staleks au Canada pour fournir un ensemble professionnel complet de...","rel":"","context":"Similar post","block_context":{"text":"Similar post","link":""},"img":{"alt_text":"Staleks PRO podo disc files replaceable disposable file sponges and files","src":"https:\/\/i0.wp.com\/victoriavynn.ca\/wp-content\/uploads\/2023\/06\/staleks-pro-podo-disc-files-replaceable-disposable-files-.webp?fit=750%2C1000&ssl=1&resize=350%2C200","width":350,"height":200,"srcset":"https:\/\/i0.wp.com\/victoriavynn.ca\/wp-content\/uploads\/2023\/06\/staleks-pro-podo-disc-files-replaceable-disposable-files-.webp?fit=750%2C1000&ssl=1&resize=350%2C200 1x, https:\/\/i0.wp.com\/victoriavynn.ca\/wp-content\/uploads\/2023\/06\/staleks-pro-podo-disc-files-replaceable-disposable-files-.webp?fit=750%2C1000&ssl=1&resize=525%2C300 1.5x, https:\/\/i0.wp.com\/victoriavynn.ca\/wp-content\/uploads\/2023\/06\/staleks-pro-podo-disc-files-replaceable-disposable-files-.webp?fit=750%2C1000&ssl=1&resize=700%2C400 2x"},"classes":[]},{"id":17979,"url":"https:\/\/victoriavynn.ca\/fr\/product\/staleks-pro-white-refill-pads-on-a-soft-base-for-pedicure-disc-s-100-grit-50-pcs\/","url_meta":{"origin":13265,"position":3},"title":"Staleks PRO Tampons de recharge blancs sur une base souple pour disque de p\u00e9dicure S, 100 grains (50 pcs)","author":"Serge Sahakian","date":"mai 28, 2024","format":false,"excerpt":"PDFS-15-100w","rel":"","context":"Similar post","block_context":{"text":"Similar post","link":""},"img":{"alt_text":"","src":"https:\/\/i0.wp.com\/victoriavynn.ca\/wp-content\/uploads\/2024\/05\/w_pdf_15-100_result-800x800-1.jpg?fit=800%2C800&ssl=1&resize=350%2C200","width":350,"height":200,"srcset":"https:\/\/i0.wp.com\/victoriavynn.ca\/wp-content\/uploads\/2024\/05\/w_pdf_15-100_result-800x800-1.jpg?fit=800%2C800&ssl=1&resize=350%2C200 1x, https:\/\/i0.wp.com\/victoriavynn.ca\/wp-content\/uploads\/2024\/05\/w_pdf_15-100_result-800x800-1.jpg?fit=800%2C800&ssl=1&resize=525%2C300 1.5x, https:\/\/i0.wp.com\/victoriavynn.ca\/wp-content\/uploads\/2024\/05\/w_pdf_15-100_result-800x800-1.jpg?fit=800%2C800&ssl=1&resize=700%2C400 2x"},"classes":[]},{"id":17981,"url":"https:\/\/victoriavynn.ca\/fr\/product\/staleks-pro-white-refill-pads-on-a-soft-base-for-pedicure-disc-xs-320-grit-50-pcs\/","url_meta":{"origin":13265,"position":4},"title":"Staleks PRO Tampons de recharge blancs sur une base souple pour disque de p\u00e9dicure XS, grain 320 (50 pcs)","author":"Serge Sahakian","date":"mai 28, 2024","format":false,"excerpt":"PDFS-10-320w","rel":"","context":"Similar post","block_context":{"text":"Similar post","link":""},"img":{"alt_text":"","src":"https:\/\/i0.wp.com\/victoriavynn.ca\/wp-content\/uploads\/2024\/05\/w-pdfs_10-320_result-800x800-1.jpg?fit=800%2C800&ssl=1&resize=350%2C200","width":350,"height":200,"srcset":"https:\/\/i0.wp.com\/victoriavynn.ca\/wp-content\/uploads\/2024\/05\/w-pdfs_10-320_result-800x800-1.jpg?fit=800%2C800&ssl=1&resize=350%2C200 1x, https:\/\/i0.wp.com\/victoriavynn.ca\/wp-content\/uploads\/2024\/05\/w-pdfs_10-320_result-800x800-1.jpg?fit=800%2C800&ssl=1&resize=525%2C300 1.5x, https:\/\/i0.wp.com\/victoriavynn.ca\/wp-content\/uploads\/2024\/05\/w-pdfs_10-320_result-800x800-1.jpg?fit=800%2C800&ssl=1&resize=700%2C400 2x"},"classes":[]},{"id":13428,"url":"https:\/\/victoriavynn.ca\/fr\/product\/staleks-pro-pedicure-tool-podo-20\/","url_meta":{"origin":13265,"position":5},"title":"Staleks PRO Pedicure Tool Podo 20 Curette &amp; Rounded Pusher","author":"Serge Sahakian","date":"juin 29, 2023","format":false,"excerpt":"Staleks PRO Pedicure Tool - Curette &amp; Rounded Pusher. La marque d'outils de p\u00e9dicure pr\u00e9f\u00e9r\u00e9e des podiatres. Victoria VYNN s'est associ\u00e9e \u00e0 Staleks au Canada pour fournir un ensemble complet de produits professionnels afin de rendre le travail de la technicienne en ongles compl\u00e8tement id\u00e9al. Sp\u00e9cifications du produit : \u00a0 \u00a0 \u00a0 \u00a0 \u00a0","rel":"","context":"Similar post","block_context":{"text":"Similar post","link":""},"img":{"alt_text":"Staleks PRO Pedicure tool Podo 20 Curette & Rounded Pusher Type 1","src":"https:\/\/i0.wp.com\/victoriavynn.ca\/wp-content\/uploads\/2023\/06\/staleks-pro-pedicure-tool-podo-20-curette-rounded-pusher-type-1-1.webp?fit=750%2C1000&ssl=1&resize=350%2C200","width":350,"height":200,"srcset":"https:\/\/i0.wp.com\/victoriavynn.ca\/wp-content\/uploads\/2023\/06\/staleks-pro-pedicure-tool-podo-20-curette-rounded-pusher-type-1-1.webp?fit=750%2C1000&ssl=1&resize=350%2C200 1x, https:\/\/i0.wp.com\/victoriavynn.ca\/wp-content\/uploads\/2023\/06\/staleks-pro-pedicure-tool-podo-20-curette-rounded-pusher-type-1-1.webp?fit=750%2C1000&ssl=1&resize=525%2C300 1.5x, https:\/\/i0.wp.com\/victoriavynn.ca\/wp-content\/uploads\/2023\/06\/staleks-pro-pedicure-tool-podo-20-curette-rounded-pusher-type-1-1.webp?fit=750%2C1000&ssl=1&resize=700%2C400 2x"},"classes":[]}],"jetpack_sharing_enabled":true,"_links":{"self":[{"href":"https:\/\/victoriavynn.ca\/fr\/wp-json\/wp\/v2\/product\/13265","targetHints":{"allow":["GET"]}}],"collection":[{"href":"https:\/\/victoriavynn.ca\/fr\/wp-json\/wp\/v2\/product"}],"about":[{"href":"https:\/\/victoriavynn.ca\/fr\/wp-json\/wp\/v2\/types\/product"}],"replies":[{"embeddable":true,"href":"https:\/\/victoriavynn.ca\/fr\/wp-json\/wp\/v2\/comments?post=13265"}],"wp:featuredmedia":[{"embeddable":true,"href":"https:\/\/victoriavynn.ca\/fr\/wp-json\/wp\/v2\/media\/13274"}],"wp:attachment":[{"href":"https:\/\/victoriavynn.ca\/fr\/wp-json\/wp\/v2\/media?parent=13265"}],"wp:term":[{"taxonomy":"product_brand","embeddable":true,"href":"https:\/\/victoriavynn.ca\/fr\/wp-json\/wp\/v2\/product_brand?post=13265"},{"taxonomy":"product_cat","embeddable":true,"href":"https:\/\/victoriavynn.ca\/fr\/wp-json\/wp\/v2\/product_cat?post=13265"},{"taxonomy":"product_tag","embeddable":true,"href":"https:\/\/victoriavynn.ca\/fr\/wp-json\/wp\/v2\/product_tag?post=13265"}],"curies":[{"name":"wp","href":"https:\/\/api.w.org\/{rel}","templated":true}]}}