{"id":13368,"date":"2023-06-29T11:02:48","date_gmt":"2023-06-29T15:02:48","guid":{"rendered":"https:\/\/victoriavynn.ca\/?post_type=product&#038;p=13368"},"modified":"2026-04-02T22:50:37","modified_gmt":"2026-04-03T02:50:37","slug":"lime-a-pied-en-bois-staleks-beauty-and-care","status":"publish","type":"product","link":"https:\/\/victoriavynn.ca\/fr\/product\/staleks-wooden-foot-file-beauty-and-care\/","title":{"rendered":"Staleks Lime \u00e0 pied en bois pour p\u00e9dicure Beauty &amp; Care 10"},"content":{"rendered":"<p>Staleks Wooden Foot File - La lime \u00e0 pied en bois pr\u00e9f\u00e9r\u00e9e de nombreux professionnels<\/p>\n<ul>\n<li>double surface de travail, bomb\u00e9e et dentel\u00e9e<\/li>\n<li>2 options d'abrasion pour diff\u00e9rents degr\u00e9s de rugosit\u00e9 de la peau (Type 1 &amp; 2)<\/li>\n<li>4 options d'abrasion pour diff\u00e9rents degr\u00e9s de rugosit\u00e9 de la peau (Type 3)<\/li>\n<li>\u00e9l\u00e9ments abrasifs sur les surfaces lat\u00e9rales de la r\u00e2pe pour les zones difficiles d'acc\u00e8s (Type 3)<\/li>\n<li>traitement sp\u00e9cial du bois pour une meilleure r\u00e9sistance \u00e0 l'humidit\u00e9<\/li>\n<li>r\u00e9duction de la fatigue en cours d'utilisation gr\u00e2ce au faible poids de l'instrument<\/li>\n<li>prise en main confortable de la r\u00e2pe gr\u00e2ce au manche ergonomique<\/li>\n<li>aulne naturel<\/li>\n<li>mat\u00e9riau min\u00e9ral abrasif carbure de silicium<\/li>\n<\/ul>","protected":false},"excerpt":{"rendered":"<p>Staleks Wooden Foot File Beauty &amp; Care 10 Series - Lime \u00e0 pied professionnelle en bois pour la p\u00e9dicure.  3 types diff\u00e9rents sont disponibles dans cette cat\u00e9gorie. Victoria VYNN s'est associ\u00e9e \u00e0 Staleks au Canada pour fournir un ensemble complet de produits professionnels afin de rendre le travail de la technicienne en ongles compl\u00e8tement id\u00e9al.<\/p>\n<p>Sp\u00e9cifications du produit :<\/p>\n<p><img loading=\"lazy\" decoding=\"async\" class=\"size-full wp-image-13000 alignleft\" src=\"http:\/\/victoriavynn.ca\/wp-content\/uploads\/2023\/06\/for-pedicure.webp\" alt=\"POUR LA P\u00c9DICURE\" width=\"125\" height=\"150\" srcset=\"https:\/\/i0.wp.com\/victoriavynn.ca\/wp-content\/uploads\/2023\/06\/for-pedicure.webp?w=125&amp;ssl=1 125w, https:\/\/i0.wp.com\/victoriavynn.ca\/wp-content\/uploads\/2023\/06\/for-pedicure.webp?resize=10%2C12&amp;ssl=1 10w, https:\/\/i0.wp.com\/victoriavynn.ca\/wp-content\/uploads\/2023\/06\/for-pedicure.webp?resize=64%2C77&amp;ssl=1 64w\" sizes=\"auto, (max-width: 125px) 100vw, 125px\" \/><\/p>\n<p><img loading=\"lazy\" decoding=\"async\" class=\"size-full wp-image-8772 alignleft\" src=\"http:\/\/victoriavynn.ca\/wp-content\/uploads\/2019\/11\/SALON-QUALITY.webp\" alt=\"GEL NAIL BUILDER\" width=\"125\" height=\"150\" \/><\/p>\n<p><img loading=\"lazy\" decoding=\"async\" class=\"size-full wp-image-13343 alignleft\" src=\"http:\/\/victoriavynn.ca\/wp-content\/uploads\/2023\/06\/mineral-abrasive.webp\" alt=\"ABRASIF MIN\u00c9RAL\" width=\"125\" height=\"150\" srcset=\"https:\/\/i0.wp.com\/victoriavynn.ca\/wp-content\/uploads\/2023\/06\/mineral-abrasive.webp?w=125&amp;ssl=1 125w, https:\/\/i0.wp.com\/victoriavynn.ca\/wp-content\/uploads\/2023\/06\/mineral-abrasive.webp?resize=64%2C77&amp;ssl=1 64w, https:\/\/i0.wp.com\/victoriavynn.ca\/wp-content\/uploads\/2023\/06\/mineral-abrasive.webp?resize=10%2C12&amp;ssl=1 10w\" sizes=\"auto, (max-width: 125px) 100vw, 125px\" \/><\/p>\n<p><img loading=\"lazy\" decoding=\"async\" class=\"size-full wp-image-13079 alignleft\" src=\"https:\/\/victoriavynn.ca\/wp-content\/uploads\/2023\/06\/moisture-resistant.webp\" alt=\"R\u00c9SISTANT \u00c0 L&#039;HUMIDIT\u00c9\" width=\"125\" height=\"150\" srcset=\"https:\/\/i0.wp.com\/victoriavynn.ca\/wp-content\/uploads\/2023\/06\/moisture-resistant.webp?w=125&amp;ssl=1 125w, https:\/\/i0.wp.com\/victoriavynn.ca\/wp-content\/uploads\/2023\/06\/moisture-resistant.webp?resize=10%2C12&amp;ssl=1 10w, https:\/\/i0.wp.com\/victoriavynn.ca\/wp-content\/uploads\/2023\/06\/moisture-resistant.webp?resize=64%2C77&amp;ssl=1 64w\" sizes=\"auto, (max-width: 125px) 100vw, 125px\" \/><\/p>\n<p>&nbsp;<\/p>\n<p>&nbsp;<\/p>\n<p>&nbsp;<\/p>\n<p>&nbsp;<\/p>","protected":false},"featured_media":13375,"comment_status":"open","ping_status":"closed","template":"","meta":{"jetpack_post_was_ever_published":false,"jetpack_publicize_message":"","jetpack_publicize_feature_enabled":true,"jetpack_social_post_already_shared":false,"jetpack_social_options":{"image_generator_settings":{"template":"highway","default_image_id":0,"font":"","enabled":false},"version":2}},"product_brand":[935],"product_cat":[619],"product_tag":[635],"class_list":{"0":"post-13368","1":"product","2":"type-product","3":"status-publish","4":"has-post-thumbnail","6":"product_brand-staleks","7":"product_cat-staleks-podo","8":"product_tag-pedicure-files","10":"first","11":"instock","12":"taxable","13":"shipping-taxable","14":"purchasable","15":"product-type-variable","16":"wvs-archive-product-wrapper"},"jetpack_publicize_connections":[],"jetpack-related-posts":[{"id":43028,"url":"https:\/\/victoriavynn.ca\/fr\/product\/ulka-diamond-ball-bit-blue-4mm-b040-m\/","url_meta":{"origin":13368,"position":0},"title":"\u00dcLKA M\u00e8che \u00e0 clous diamant\u00e9e t\u00eate bleue diam\u00e8tre 4 mm (B040-M)","author":"Serge Sahakian","date":"D\u00e9cembre 10, 2025","format":false,"excerpt":"L'embout \u00e0 bille \u00dcLKA Diamond en marquage bleu est id\u00e9al pour traiter la zone de la cuticule et les parois lat\u00e9rales. Son grain moyen permet d'\u00e9quilibrer la pr\u00e9cision et l'efficacit\u00e9, garantissant une performance contr\u00f4l\u00e9e et fiable. Sp\u00e9cifications du produit : Forme : Boule Grain : Diam\u00e8tre moyen de la t\u00eate : 4,0 mm Mat\u00e9riau : Rev\u00eatement en diamant de haute qualit\u00e9 Couleur du grain : Bleu Code produit : B040-M","rel":"","context":"Similar post","block_context":{"text":"Similar post","link":""},"img":{"alt_text":"U\u0308LKA Diamond Nail Drill Bit Ball Blue Head 4 mm \u2013 B040-M","src":"https:\/\/i0.wp.com\/victoriavynn.ca\/wp-content\/uploads\/2025\/12\/ulka-diamond-nail-drill-bit-ball-blue-head-4-mm-%E2%80%93-b040-m.webp?fit=750%2C1000&ssl=1&resize=350%2C200","width":350,"height":200,"srcset":"https:\/\/i0.wp.com\/victoriavynn.ca\/wp-content\/uploads\/2025\/12\/ulka-diamond-nail-drill-bit-ball-blue-head-4-mm-%E2%80%93-b040-m.webp?fit=750%2C1000&ssl=1&resize=350%2C200 1x, https:\/\/i0.wp.com\/victoriavynn.ca\/wp-content\/uploads\/2025\/12\/ulka-diamond-nail-drill-bit-ball-blue-head-4-mm-%E2%80%93-b040-m.webp?fit=750%2C1000&ssl=1&resize=525%2C300 1.5x, https:\/\/i0.wp.com\/victoriavynn.ca\/wp-content\/uploads\/2025\/12\/ulka-diamond-nail-drill-bit-ball-blue-head-4-mm-%E2%80%93-b040-m.webp?fit=750%2C1000&ssl=1&resize=700%2C400 2x"},"classes":[]},{"id":42424,"url":"https:\/\/victoriavynn.ca\/fr\/product\/staleks-tweezers-for-disposable-files-removal-expert-10-type-1\/","url_meta":{"origin":13368,"position":1},"title":"Pince \u00e0 \u00e9piler Staleks pour le retrait des dossiers jetables EXPERT 10 TYPE 1","author":"Serge Sahakian","date":"D\u00e9cembre 2, 2025","format":false,"excerpt":"TEDF-10\/1","rel":"","context":"Similar post","block_context":{"text":"Similar post","link":""},"img":{"alt_text":"Tweezers for disposable files removal EXPERT 10 TYPE 1","src":"https:\/\/i0.wp.com\/victoriavynn.ca\/wp-content\/uploads\/2025\/12\/tweezers-for-disposable-files-removal-expert-10-type-1.webp?fit=750%2C1000&ssl=1&resize=350%2C200","width":350,"height":200,"srcset":"https:\/\/i0.wp.com\/victoriavynn.ca\/wp-content\/uploads\/2025\/12\/tweezers-for-disposable-files-removal-expert-10-type-1.webp?fit=750%2C1000&ssl=1&resize=350%2C200 1x, https:\/\/i0.wp.com\/victoriavynn.ca\/wp-content\/uploads\/2025\/12\/tweezers-for-disposable-files-removal-expert-10-type-1.webp?fit=750%2C1000&ssl=1&resize=525%2C300 1.5x, https:\/\/i0.wp.com\/victoriavynn.ca\/wp-content\/uploads\/2025\/12\/tweezers-for-disposable-files-removal-expert-10-type-1.webp?fit=750%2C1000&ssl=1&resize=700%2C400 2x"},"classes":[]},{"id":42994,"url":"https:\/\/victoriavynn.ca\/fr\/product\/ulka-diamond-nail-drill-bit-rounded-cylinder-red-head-diameter-3-mm-working-part-10-mm-c310-f-2\/","url_meta":{"origin":13368,"position":2},"title":"\u00dcLKA M\u00e8che \u00e0 clou diamant\u00e9e cylindre arrondi t\u00eate rouge diam\u00e8tre 3 mm \/ partie travaillante 10 mm (C310-F)","author":"Serge Sahakian","date":"D\u00e9cembre 10, 2025","format":false,"excerpt":"Le cylindre arrondi \u00dcLKA Diamond en marquage rouge est destin\u00e9 aux ongles fins et sensibles. Il permet d'affiner la surface en douceur et de r\u00e9aliser des finitions pr\u00e9cises, tout en garantissant la s\u00e9curit\u00e9 et le confort pendant le processus. Embout cylindrique diamant\u00e9 \u00e0 grain fin pour une finition d\u00e9licate. Caract\u00e9ristiques du produit : Travail doux et pr\u00e9cis sur les zones sensibles Laisse...","rel":"","context":"Similar post","block_context":{"text":"Similar post","link":""},"img":{"alt_text":"ulka diamond drill bit f310","src":"https:\/\/i0.wp.com\/victoriavynn.ca\/wp-content\/uploads\/2025\/12\/ulka-diamond-drill-bit-f310-.webp?fit=750%2C1000&ssl=1&resize=350%2C200","width":350,"height":200,"srcset":"https:\/\/i0.wp.com\/victoriavynn.ca\/wp-content\/uploads\/2025\/12\/ulka-diamond-drill-bit-f310-.webp?fit=750%2C1000&ssl=1&resize=350%2C200 1x, https:\/\/i0.wp.com\/victoriavynn.ca\/wp-content\/uploads\/2025\/12\/ulka-diamond-drill-bit-f310-.webp?fit=750%2C1000&ssl=1&resize=525%2C300 1.5x, https:\/\/i0.wp.com\/victoriavynn.ca\/wp-content\/uploads\/2025\/12\/ulka-diamond-drill-bit-f310-.webp?fit=750%2C1000&ssl=1&resize=700%2C400 2x"},"classes":[]},{"id":42975,"url":"https:\/\/victoriavynn.ca\/fr\/product\/ulka-elbow-support-white\/","url_meta":{"origin":13368,"position":3},"title":"\u00dcLKA Coudi\u00e8re","author":"Serge Sahakian","date":"D\u00e9cembre 10, 2025","format":false,"excerpt":"Un coussin moelleux sauve les coudes du ma\u00eetre des ongles de la peau rugueuse et de la fatigue des mains. Il a une structure confortable, des accessoires de haute qualit\u00e9 et une large palette de couleurs. Il deviendra un assistant indispensable pour la manucure et la cliente. Ce petit coussin pour...","rel":"","context":"Similar post","block_context":{"text":"Similar post","link":""},"img":{"alt_text":"ulka White round elbow support cushion","src":"https:\/\/i0.wp.com\/victoriavynn.ca\/wp-content\/uploads\/2025\/12\/ulka-elbow-support-white.webp?fit=750%2C1000&ssl=1&resize=350%2C200","width":350,"height":200,"srcset":"https:\/\/i0.wp.com\/victoriavynn.ca\/wp-content\/uploads\/2025\/12\/ulka-elbow-support-white.webp?fit=750%2C1000&ssl=1&resize=350%2C200 1x, https:\/\/i0.wp.com\/victoriavynn.ca\/wp-content\/uploads\/2025\/12\/ulka-elbow-support-white.webp?fit=750%2C1000&ssl=1&resize=525%2C300 1.5x, https:\/\/i0.wp.com\/victoriavynn.ca\/wp-content\/uploads\/2025\/12\/ulka-elbow-support-white.webp?fit=750%2C1000&ssl=1&resize=700%2C400 2x"},"classes":[]},{"id":42606,"url":"https:\/\/victoriavynn.ca\/fr\/product\/ulka-built-in-tornado-desktop-black-manicure-dust-collector-kit-2-hepa-filter-1-wooden-stick-1-brush\/","url_meta":{"origin":13368,"position":4},"title":"\u00dcLKA D\u00e9poussi\u00e9reur de bureau Tornado int\u00e9gr\u00e9 pour manucure + Kit (2 filtres HEPA, 1 b\u00e2ton en bois et 1 brosse)","author":"Serge Sahakian","date":"D\u00e9cembre 3, 2025","format":false,"excerpt":"Built-in dust collector \u00dcLKA Tornado \u00dcLKA Tornado takes workspace cleanliness to the next level. This professional built-in dust collector features two powerful fans for consistent, even suction across the entire surface \u2014 not just in the center. Equipped with adjustable suction control, a side air outlet, and magnetic grilles for\u2026","rel":"","context":"Similar post","block_context":{"text":"Similar post","link":""},"img":{"alt_text":"victoria vynn tornado new","src":"https:\/\/i0.wp.com\/victoriavynn.ca\/wp-content\/uploads\/2025\/12\/victoria-vynn-tornado-new.webp?fit=750%2C1000&ssl=1&resize=350%2C200","width":350,"height":200,"srcset":"https:\/\/i0.wp.com\/victoriavynn.ca\/wp-content\/uploads\/2025\/12\/victoria-vynn-tornado-new.webp?fit=750%2C1000&ssl=1&resize=350%2C200 1x, https:\/\/i0.wp.com\/victoriavynn.ca\/wp-content\/uploads\/2025\/12\/victoria-vynn-tornado-new.webp?fit=750%2C1000&ssl=1&resize=525%2C300 1.5x, https:\/\/i0.wp.com\/victoriavynn.ca\/wp-content\/uploads\/2025\/12\/victoria-vynn-tornado-new.webp?fit=750%2C1000&ssl=1&resize=700%2C400 2x"},"classes":[]},{"id":42446,"url":"https:\/\/victoriavynn.ca\/fr\/product\/staleks-pro-professional-cuticle-scissors-with-hook-for-left-handed-users-expert-13-type-3\/","url_meta":{"origin":13368,"position":5},"title":"Staleks PRO Ciseaux \u00e0 cuticules professionnels avec crochet pour gauchers EXPERT 13 TYPE 3","author":"Serge Sahakian","date":"D\u00e9cembre 2, 2025","format":false,"excerpt":"SE-13\/3","rel":"","context":"Similar post","block_context":{"text":"Similar post","link":""},"img":{"alt_text":"Professional cuticle scissors with hook for left-handed users EXPERT 13 TYPE 3","src":"https:\/\/i0.wp.com\/victoriavynn.ca\/wp-content\/uploads\/2025\/12\/professional-cuticle-scissors-with-hook-for-left-handed-users-expert-13-type-3.webp?fit=750%2C1000&ssl=1&resize=350%2C200","width":350,"height":200,"srcset":"https:\/\/i0.wp.com\/victoriavynn.ca\/wp-content\/uploads\/2025\/12\/professional-cuticle-scissors-with-hook-for-left-handed-users-expert-13-type-3.webp?fit=750%2C1000&ssl=1&resize=350%2C200 1x, https:\/\/i0.wp.com\/victoriavynn.ca\/wp-content\/uploads\/2025\/12\/professional-cuticle-scissors-with-hook-for-left-handed-users-expert-13-type-3.webp?fit=750%2C1000&ssl=1&resize=525%2C300 1.5x, https:\/\/i0.wp.com\/victoriavynn.ca\/wp-content\/uploads\/2025\/12\/professional-cuticle-scissors-with-hook-for-left-handed-users-expert-13-type-3.webp?fit=750%2C1000&ssl=1&resize=700%2C400 2x"},"classes":[]}],"jetpack_sharing_enabled":true,"_links":{"self":[{"href":"https:\/\/victoriavynn.ca\/fr\/wp-json\/wp\/v2\/product\/13368","targetHints":{"allow":["GET"]}}],"collection":[{"href":"https:\/\/victoriavynn.ca\/fr\/wp-json\/wp\/v2\/product"}],"about":[{"href":"https:\/\/victoriavynn.ca\/fr\/wp-json\/wp\/v2\/types\/product"}],"replies":[{"embeddable":true,"href":"https:\/\/victoriavynn.ca\/fr\/wp-json\/wp\/v2\/comments?post=13368"}],"wp:featuredmedia":[{"embeddable":true,"href":"https:\/\/victoriavynn.ca\/fr\/wp-json\/wp\/v2\/media\/13375"}],"wp:attachment":[{"href":"https:\/\/victoriavynn.ca\/fr\/wp-json\/wp\/v2\/media?parent=13368"}],"wp:term":[{"taxonomy":"product_brand","embeddable":true,"href":"https:\/\/victoriavynn.ca\/fr\/wp-json\/wp\/v2\/product_brand?post=13368"},{"taxonomy":"product_cat","embeddable":true,"href":"https:\/\/victoriavynn.ca\/fr\/wp-json\/wp\/v2\/product_cat?post=13368"},{"taxonomy":"product_tag","embeddable":true,"href":"https:\/\/victoriavynn.ca\/fr\/wp-json\/wp\/v2\/product_tag?post=13368"}],"curies":[{"name":"wp","href":"https:\/\/api.w.org\/{rel}","templated":true}]}}