{"id":13382,"date":"2023-06-29T11:37:41","date_gmt":"2023-06-29T15:37:41","guid":{"rendered":"https:\/\/victoriavynn.ca\/?post_type=product&#038;p=13382"},"modified":"2026-04-10T18:04:57","modified_gmt":"2026-04-10T22:04:57","slug":"staleks-pro-base-metallique-pour-lime-a-pieds","status":"publish","type":"product","link":"https:\/\/victoriavynn.ca\/fr\/product\/staleks-pro-metal-base-for-foot-file\/","title":{"rendered":"Staleks PRO Base m\u00e9tallique pour lime \u00e0 pieds Expert 10"},"content":{"rendered":"<p>Staleks PRO Base m\u00e9tallique pour lime \u00e0 pied - Qualit\u00e9 professionnelle (MBE-10)<\/p>\n<ul>\n<li>en acier inoxydable de haute qualit\u00e9<\/li>\n<li>surface lisse et polie<\/li>\n<li>poign\u00e9e ergonomique confortable<\/li>\n<li>pour un usage multiple<\/li>\n<\/ul>\n<p>Victoria VYNN s'est associ\u00e9e \u00e0 Staleks au Canada pour fournir un ensemble complet de produits professionnels afin de rendre le travail de la technicienne en ongles compl\u00e8tement id\u00e9al.<\/p>","protected":false},"excerpt":{"rendered":"<p>Staleks PRO Metal Base for Foot File (MBE-10) Professional Use Quality. Victoria VYNN s'est associ\u00e9e \u00e0 Staleks au Canada pour fournir un ensemble complet de produits professionnels afin de rendre le travail de la technicienne en ongles compl\u00e8tement id\u00e9al.<\/p>\n<ul>\n<li><a href=\"https:\/\/victoriavynn.ca\/fr\/produit\/tampons-de-recharge-staleks-pro-pour-limes-de-pedicure\/\">Compatible avec : Staleks PRO White Recharge pads for pedicure foot file Expert 10 (30 Pcs)<\/a><\/li>\n<\/ul>\n<p>Sp\u00e9cifications du produit :<\/p>\n<p><img loading=\"lazy\" decoding=\"async\" class=\"size-full wp-image-13000 alignleft\" src=\"http:\/\/victoriavynn.ca\/wp-content\/uploads\/2023\/06\/for-pedicure.webp\" alt=\"POUR LA P\u00c9DICURE\" width=\"125\" height=\"150\" srcset=\"https:\/\/i0.wp.com\/victoriavynn.ca\/wp-content\/uploads\/2023\/06\/for-pedicure.webp?w=125&amp;ssl=1 125w, https:\/\/i0.wp.com\/victoriavynn.ca\/wp-content\/uploads\/2023\/06\/for-pedicure.webp?resize=10%2C12&amp;ssl=1 10w, https:\/\/i0.wp.com\/victoriavynn.ca\/wp-content\/uploads\/2023\/06\/for-pedicure.webp?resize=64%2C77&amp;ssl=1 64w\" sizes=\"auto, (max-width: 125px) 100vw, 125px\" \/><\/p>\n<p><img loading=\"lazy\" decoding=\"async\" class=\"size-full wp-image-8772 alignleft\" src=\"http:\/\/victoriavynn.ca\/wp-content\/uploads\/2019\/11\/SALON-QUALITY.webp\" alt=\"GEL NAIL BUILDER\" width=\"125\" height=\"150\" \/><\/p>\n<p><img loading=\"lazy\" decoding=\"async\" class=\"size-full wp-image-12997 alignleft\" src=\"https:\/\/victoriavynn.ca\/wp-content\/uploads\/2023\/06\/stainless-steel-1.webp\" alt=\"ACIER INOXYDABLE\" width=\"125\" height=\"150\" srcset=\"https:\/\/i0.wp.com\/victoriavynn.ca\/wp-content\/uploads\/2023\/06\/stainless-steel-1.webp?w=125&amp;ssl=1 125w, https:\/\/i0.wp.com\/victoriavynn.ca\/wp-content\/uploads\/2023\/06\/stainless-steel-1.webp?resize=10%2C12&amp;ssl=1 10w, https:\/\/i0.wp.com\/victoriavynn.ca\/wp-content\/uploads\/2023\/06\/stainless-steel-1.webp?resize=64%2C77&amp;ssl=1 64w\" sizes=\"auto, (max-width: 125px) 100vw, 125px\" \/><\/p>\n<p>&nbsp;<\/p>\n<p>&nbsp;<\/p>\n<p>&nbsp;<\/p>\n<p>&nbsp;<\/p>","protected":false},"featured_media":13383,"comment_status":"open","ping_status":"closed","template":"","meta":{"jetpack_post_was_ever_published":false,"jetpack_publicize_message":"","jetpack_publicize_feature_enabled":true,"jetpack_social_post_already_shared":false,"jetpack_social_options":{"image_generator_settings":{"template":"highway","default_image_id":0,"font":"","enabled":false},"version":2}},"product_brand":[935],"product_cat":[619],"product_tag":[635],"class_list":{"0":"post-13382","1":"product","2":"type-product","3":"status-publish","4":"has-post-thumbnail","6":"product_brand-staleks","7":"product_cat-staleks-podo","8":"product_tag-pedicure-files","9":"product_shipping_class-cardboard-box","11":"first","12":"instock","13":"taxable","14":"shipping-taxable","15":"purchasable","16":"product-type-simple"},"jetpack_publicize_connections":[],"jetpack-related-posts":[{"id":13392,"url":"https:\/\/victoriavynn.ca\/fr\/product\/staleks-pro-refill-pads-for-pedicure-file\/","url_meta":{"origin":13382,"position":0},"title":"Staleks PRO Blanc Tampons de recharge pour p\u00e9dicure Expert 10 (30 Pcs)","author":"Serge Sahakian","date":"juin 29, 2023","format":false,"excerpt":"Staleks PRO Tampons de recharge pour limes de p\u00e9dicure - Qualit\u00e9 professionnelle de salon.  3 grains diff\u00e9rents sont disponibles dans cette cat\u00e9gorie. Victoria VYNN s'est associ\u00e9e \u00e0 Staleks au Canada pour fournir un ensemble complet de produits professionnels afin de rendre le travail de la technicienne en ongles compl\u00e8tement id\u00e9al. Compatible avec : Staleks PRO Metal...","rel":"","context":"Similar post","block_context":{"text":"Similar post","link":""},"img":{"alt_text":"staleks pro refill pads for pedicure file white expert 10","src":"https:\/\/i0.wp.com\/victoriavynn.ca\/wp-content\/uploads\/2023\/06\/staleks-pro-refill-pads-for-pedicure-file-wgite-expert-10.webp?fit=750%2C1000&ssl=1&resize=350%2C200","width":350,"height":200,"srcset":"https:\/\/i0.wp.com\/victoriavynn.ca\/wp-content\/uploads\/2023\/06\/staleks-pro-refill-pads-for-pedicure-file-wgite-expert-10.webp?fit=750%2C1000&ssl=1&resize=350%2C200 1x, https:\/\/i0.wp.com\/victoriavynn.ca\/wp-content\/uploads\/2023\/06\/staleks-pro-refill-pads-for-pedicure-file-wgite-expert-10.webp?fit=750%2C1000&ssl=1&resize=525%2C300 1.5x, https:\/\/i0.wp.com\/victoriavynn.ca\/wp-content\/uploads\/2023\/06\/staleks-pro-refill-pads-for-pedicure-file-wgite-expert-10.webp?fit=750%2C1000&ssl=1&resize=700%2C400 2x"},"classes":[]},{"id":13608,"url":"https:\/\/victoriavynn.ca\/fr\/product\/staleks-pro-adhesive-abrasive-buffers\/","url_meta":{"origin":13382,"position":1},"title":"Staleks Pro Adhesive Abrasive Buffers (tampons abrasifs pour adh\u00e9sifs)","author":"Serge Sahakian","date":"juillet 1, 2023","format":false,"excerpt":"The Popular Staleks Pro Adhesive Abrasive Buffers are among the most efficient and professional Nail Tools any Nail Technician can have!\u00a0 Victoria VYNN has Partnered with Staleks in Canada to provide a Full Professional Package of Products to make the Work of the Nail Technician Completely Ideal. Compatible with: Staleks\u2026","rel":"","context":"Similar post","block_context":{"text":"Similar post","link":""},"img":{"alt_text":"Staleks Pro Adhesive Abrasive Buffers","src":"https:\/\/i0.wp.com\/victoriavynn.ca\/wp-content\/uploads\/2023\/07\/staleks-pro-adhesive-abrasive-buffers.webp?fit=750%2C1000&ssl=1&resize=350%2C200","width":350,"height":200,"srcset":"https:\/\/i0.wp.com\/victoriavynn.ca\/wp-content\/uploads\/2023\/07\/staleks-pro-adhesive-abrasive-buffers.webp?fit=750%2C1000&ssl=1&resize=350%2C200 1x, https:\/\/i0.wp.com\/victoriavynn.ca\/wp-content\/uploads\/2023\/07\/staleks-pro-adhesive-abrasive-buffers.webp?fit=750%2C1000&ssl=1&resize=525%2C300 1.5x, https:\/\/i0.wp.com\/victoriavynn.ca\/wp-content\/uploads\/2023\/07\/staleks-pro-adhesive-abrasive-buffers.webp?fit=750%2C1000&ssl=1&resize=700%2C400 2x"},"classes":[]},{"id":13548,"url":"https:\/\/victoriavynn.ca\/fr\/product\/staleks-pro-metal-base-for-polishing-nail-file-expert-50\/","url_meta":{"origin":13382,"position":2},"title":"Staleks PRO Base m\u00e9tallique pour lime \u00e0 ongles Expert 50 (75mm)","author":"Serge Sahakian","date":"juin 30, 2023","format":false,"excerpt":"Staleks PRO Metal Base for Polishing Nail File Expert 50 - Compatible with Adhesive Refill Pads. Victoria VYNN s'est associ\u00e9e \u00e0 Staleks au Canada pour fournir un ensemble complet de produits professionnels afin de rendre le travail de la technicienne en ongles compl\u00e8tement id\u00e9al. Sp\u00e9cifications du produit : \u00a0 \u00a0 \u00a0 \u00a0 \u00a0","rel":"","context":"Similar post","block_context":{"text":"Similar post","link":""},"img":{"alt_text":"Staleks PRO Metal Base for Polishing Nail File Expert 50","src":"https:\/\/i0.wp.com\/victoriavynn.ca\/wp-content\/uploads\/2023\/06\/staleks-pro-metal-base-for-polishing-nail-file-expert-50.webp?fit=750%2C1000&ssl=1&resize=350%2C200","width":350,"height":200,"srcset":"https:\/\/i0.wp.com\/victoriavynn.ca\/wp-content\/uploads\/2023\/06\/staleks-pro-metal-base-for-polishing-nail-file-expert-50.webp?fit=750%2C1000&ssl=1&resize=350%2C200 1x, https:\/\/i0.wp.com\/victoriavynn.ca\/wp-content\/uploads\/2023\/06\/staleks-pro-metal-base-for-polishing-nail-file-expert-50.webp?fit=750%2C1000&ssl=1&resize=525%2C300 1.5x, https:\/\/i0.wp.com\/victoriavynn.ca\/wp-content\/uploads\/2023\/06\/staleks-pro-metal-base-for-polishing-nail-file-expert-50.webp?fit=750%2C1000&ssl=1&resize=700%2C400 2x"},"classes":[]},{"id":13534,"url":"https:\/\/victoriavynn.ca\/fr\/product\/staleks-pro-metal-straight-base-for-nail-file-expert-20\/","url_meta":{"origin":13382,"position":3},"title":"Staleks PRO Base droite en m\u00e9tal pour lime \u00e0 ongles Expert 20","author":"Serge Sahakian","date":"juin 30, 2023","format":false,"excerpt":"Staleks PRO Metal Straight Base for Nail File Expert 20 - Compatible with Adhesive &amp; papmAm Refill Pads. Victoria VYNN s'est associ\u00e9e \u00e0 Staleks au Canada pour fournir un ensemble complet de produits professionnels afin de rendre le travail de la technicienne en ongles compl\u00e8tement id\u00e9al. Sp\u00e9cifications du produit : \u00a0 \u00a0 \u00a0 \u00a0","rel":"","context":"Similar post","block_context":{"text":"Similar post","link":""},"img":{"alt_text":"Staleks PRO Metal Straight Base for Nail File Expert 20","src":"https:\/\/i0.wp.com\/victoriavynn.ca\/wp-content\/uploads\/2023\/06\/staleks-pro-metal-straight-base-for-nail-file-expert-20.webp?fit=750%2C1000&ssl=1&resize=350%2C200","width":350,"height":200,"srcset":"https:\/\/i0.wp.com\/victoriavynn.ca\/wp-content\/uploads\/2023\/06\/staleks-pro-metal-straight-base-for-nail-file-expert-20.webp?fit=750%2C1000&ssl=1&resize=350%2C200 1x, https:\/\/i0.wp.com\/victoriavynn.ca\/wp-content\/uploads\/2023\/06\/staleks-pro-metal-straight-base-for-nail-file-expert-20.webp?fit=750%2C1000&ssl=1&resize=525%2C300 1.5x, https:\/\/i0.wp.com\/victoriavynn.ca\/wp-content\/uploads\/2023\/06\/staleks-pro-metal-straight-base-for-nail-file-expert-20.webp?fit=750%2C1000&ssl=1&resize=700%2C400 2x"},"classes":[]},{"id":13543,"url":"https:\/\/victoriavynn.ca\/fr\/product\/staleks-pro-metal-crescent-base-for-nail-file\/","url_meta":{"origin":13382,"position":4},"title":"Staleks PRO Metal Crescent Base for Nail File Expert 40 (160mm)","author":"Serge Sahakian","date":"juin 30, 2023","format":false,"excerpt":"Staleks PRO Metal Crescent Base for Nail File Expert 40 - Compatible with Adhesive Refill Pads. Victoria VYNN s'est associ\u00e9e \u00e0 Staleks au Canada pour fournir un ensemble complet de produits professionnels afin de rendre le travail de la technicienne en ongles compl\u00e8tement id\u00e9al. Sp\u00e9cifications du produit : \u00a0 \u00a0 \u00a0 \u00a0 \u00a0 \u00a0","rel":"","context":"Similar post","block_context":{"text":"Similar post","link":""},"img":{"alt_text":"Staleks PRO Metal Crescent Base for Nail File Expert 40","src":"https:\/\/i0.wp.com\/victoriavynn.ca\/wp-content\/uploads\/2023\/06\/staleks-pro-metal-crescent-base-for-nail-file-expert-40.webp?fit=750%2C1000&ssl=1&resize=350%2C200","width":350,"height":200,"srcset":"https:\/\/i0.wp.com\/victoriavynn.ca\/wp-content\/uploads\/2023\/06\/staleks-pro-metal-crescent-base-for-nail-file-expert-40.webp?fit=750%2C1000&ssl=1&resize=350%2C200 1x, https:\/\/i0.wp.com\/victoriavynn.ca\/wp-content\/uploads\/2023\/06\/staleks-pro-metal-crescent-base-for-nail-file-expert-40.webp?fit=750%2C1000&ssl=1&resize=525%2C300 1.5x, https:\/\/i0.wp.com\/victoriavynn.ca\/wp-content\/uploads\/2023\/06\/staleks-pro-metal-crescent-base-for-nail-file-expert-40.webp?fit=750%2C1000&ssl=1&resize=700%2C400 2x"},"classes":[]},{"id":13342,"url":"https:\/\/victoriavynn.ca\/fr\/product\/staleks-pro-pedicure-file-expert-10\/","url_meta":{"origin":13382,"position":5},"title":"Staleks PRO Lime \u00e0 p\u00e9dicure Expert 10","author":"Serge Sahakian","date":"juin 29, 2023","format":false,"excerpt":"Staleks PRO Pedicure File Expert 10 Series - La lime \u00e0 pied pr\u00e9f\u00e9r\u00e9e de nombreux professionnels !  3 grains diff\u00e9rents sont disponibles dans cette cat\u00e9gorie. Victoria VYNN s'est associ\u00e9e \u00e0 Staleks au Canada pour fournir un ensemble complet de produits professionnels afin de rendre le travail de la technicienne en ongles compl\u00e8tement id\u00e9al. Les produits...","rel":"","context":"Similar post","block_context":{"text":"Similar post","link":""},"img":{"alt_text":"Staleks PRO Pedicure File Expert 10","src":"https:\/\/i0.wp.com\/victoriavynn.ca\/wp-content\/uploads\/2023\/06\/staleks-pro-pedicure-file-expert-10.webp?fit=750%2C1000&ssl=1&resize=350%2C200","width":350,"height":200,"srcset":"https:\/\/i0.wp.com\/victoriavynn.ca\/wp-content\/uploads\/2023\/06\/staleks-pro-pedicure-file-expert-10.webp?fit=750%2C1000&ssl=1&resize=350%2C200 1x, https:\/\/i0.wp.com\/victoriavynn.ca\/wp-content\/uploads\/2023\/06\/staleks-pro-pedicure-file-expert-10.webp?fit=750%2C1000&ssl=1&resize=525%2C300 1.5x, https:\/\/i0.wp.com\/victoriavynn.ca\/wp-content\/uploads\/2023\/06\/staleks-pro-pedicure-file-expert-10.webp?fit=750%2C1000&ssl=1&resize=700%2C400 2x"},"classes":[]}],"jetpack_sharing_enabled":true,"_links":{"self":[{"href":"https:\/\/victoriavynn.ca\/fr\/wp-json\/wp\/v2\/product\/13382","targetHints":{"allow":["GET"]}}],"collection":[{"href":"https:\/\/victoriavynn.ca\/fr\/wp-json\/wp\/v2\/product"}],"about":[{"href":"https:\/\/victoriavynn.ca\/fr\/wp-json\/wp\/v2\/types\/product"}],"replies":[{"embeddable":true,"href":"https:\/\/victoriavynn.ca\/fr\/wp-json\/wp\/v2\/comments?post=13382"}],"wp:featuredmedia":[{"embeddable":true,"href":"https:\/\/victoriavynn.ca\/fr\/wp-json\/wp\/v2\/media\/13383"}],"wp:attachment":[{"href":"https:\/\/victoriavynn.ca\/fr\/wp-json\/wp\/v2\/media?parent=13382"}],"wp:term":[{"taxonomy":"product_brand","embeddable":true,"href":"https:\/\/victoriavynn.ca\/fr\/wp-json\/wp\/v2\/product_brand?post=13382"},{"taxonomy":"product_cat","embeddable":true,"href":"https:\/\/victoriavynn.ca\/fr\/wp-json\/wp\/v2\/product_cat?post=13382"},{"taxonomy":"product_tag","embeddable":true,"href":"https:\/\/victoriavynn.ca\/fr\/wp-json\/wp\/v2\/product_tag?post=13382"}],"curies":[{"name":"wp","href":"https:\/\/api.w.org\/{rel}","templated":true}]}}