{"id":13392,"date":"2023-06-29T13:21:40","date_gmt":"2023-06-29T17:21:40","guid":{"rendered":"https:\/\/victoriavynn.ca\/?post_type=product&#038;p=13392"},"modified":"2026-03-04T18:41:23","modified_gmt":"2026-03-04T23:41:23","slug":"tampons-de-recharge-staleks-pro-pour-limes-de-pedicure","status":"publish","type":"product","link":"https:\/\/victoriavynn.ca\/fr\/product\/staleks-pro-refill-pads-for-pedicure-file\/","title":{"rendered":"Staleks PRO Blanc Tampons de recharge pour p\u00e9dicure Expert 10 (30 Pcs)"},"content":{"rendered":"<p>Staleks PRO Tampons de recharge pour limes de p\u00e9dicure - Qualit\u00e9 professionnelle de salon<\/p>\n<ul>\n<li>abrasif de haute qualit\u00e9<\/li>\n<li>base adh\u00e9sive fiable<\/li>\n<li>ne pas se mouiller dans l'eau<\/li>\n<li>\u00e0 usage unique<\/li>\n<li>utilis\u00e9 avec la base MBE-10<\/li>\n<\/ul>\n<p>Victoria VYNN s'est associ\u00e9e \u00e0 Staleks au Canada pour fournir un ensemble complet de produits professionnels afin de rendre le travail de la technicienne en ongles compl\u00e8tement id\u00e9al.<\/p>","protected":false},"excerpt":{"rendered":"<p>Staleks PRO - Tampons de recharge pour limes de p\u00e9dicure - Qualit\u00e9 professionnelle de salon.  3 grains diff\u00e9rents sont disponibles dans cette cat\u00e9gorie. Victoria VYNN s'est associ\u00e9e \u00e0 Staleks au Canada pour fournir un ensemble complet de produits professionnels afin de rendre le travail de la technicienne en ongles compl\u00e8tement id\u00e9al.<\/p>\n<p>Compatible avec :<\/p>\n<ul>\n<li><a href=\"https:\/\/victoriavynn.ca\/fr\/produit\/staleks-pro-base-metallique-pour-lime-a-pieds\/\">Staleks PRO Base m\u00e9tallique pour lime \u00e0 pieds Expert 10<\/a><\/li>\n<\/ul>\n<p>Sp\u00e9cifications du produit :<\/p>\n<p><img loading=\"lazy\" decoding=\"async\" class=\"size-full wp-image-13000 alignleft\" src=\"http:\/\/victoriavynn.ca\/wp-content\/uploads\/2023\/06\/for-pedicure.webp\" alt=\"POUR LA P\u00c9DICURE\" width=\"125\" height=\"150\" srcset=\"https:\/\/i0.wp.com\/victoriavynn.ca\/wp-content\/uploads\/2023\/06\/for-pedicure.webp?w=125&amp;ssl=1 125w, https:\/\/i0.wp.com\/victoriavynn.ca\/wp-content\/uploads\/2023\/06\/for-pedicure.webp?resize=10%2C12&amp;ssl=1 10w, https:\/\/i0.wp.com\/victoriavynn.ca\/wp-content\/uploads\/2023\/06\/for-pedicure.webp?resize=64%2C77&amp;ssl=1 64w\" sizes=\"auto, (max-width: 125px) 100vw, 125px\" \/><\/p>\n<p><img loading=\"lazy\" decoding=\"async\" class=\"size-full wp-image-8772 alignleft\" src=\"http:\/\/victoriavynn.ca\/wp-content\/uploads\/2019\/11\/SALON-QUALITY.webp\" alt=\"GEL NAIL BUILDER\" width=\"125\" height=\"150\" \/><\/p>\n<p><img loading=\"lazy\" decoding=\"async\" class=\"size-full wp-image-13079 alignleft\" src=\"https:\/\/victoriavynn.ca\/wp-content\/uploads\/2023\/06\/moisture-resistant.webp\" alt=\"R\u00c9SISTANT \u00c0 L&#039;HUMIDIT\u00c9\" width=\"125\" height=\"150\" srcset=\"https:\/\/i0.wp.com\/victoriavynn.ca\/wp-content\/uploads\/2023\/06\/moisture-resistant.webp?w=125&amp;ssl=1 125w, https:\/\/i0.wp.com\/victoriavynn.ca\/wp-content\/uploads\/2023\/06\/moisture-resistant.webp?resize=10%2C12&amp;ssl=1 10w, https:\/\/i0.wp.com\/victoriavynn.ca\/wp-content\/uploads\/2023\/06\/moisture-resistant.webp?resize=64%2C77&amp;ssl=1 64w\" sizes=\"auto, (max-width: 125px) 100vw, 125px\" \/><\/p>\n<p>&nbsp;<\/p>\n<p>&nbsp;<\/p>\n<p>&nbsp;<\/p>\n<p>&nbsp;<\/p>","protected":false},"featured_media":13407,"comment_status":"open","ping_status":"closed","template":"","meta":{"jetpack_post_was_ever_published":false,"jetpack_publicize_message":"","jetpack_publicize_feature_enabled":true,"jetpack_social_post_already_shared":false,"jetpack_social_options":{"image_generator_settings":{"template":"highway","default_image_id":0,"font":"","enabled":false},"version":2}},"product_brand":[935],"product_cat":[619],"product_tag":[635],"class_list":{"0":"post-13392","1":"product","2":"type-product","3":"status-publish","4":"has-post-thumbnail","6":"product_brand-staleks","7":"product_cat-staleks-podo","8":"product_tag-pedicure-files","10":"first","11":"instock","12":"taxable","13":"shipping-taxable","14":"purchasable","15":"product-type-variable","16":"wvs-archive-product-wrapper"},"jetpack_publicize_connections":[],"jetpack-related-posts":[{"id":13382,"url":"https:\/\/victoriavynn.ca\/fr\/product\/staleks-pro-metal-base-for-foot-file\/","url_meta":{"origin":13392,"position":0},"title":"Staleks PRO Base m\u00e9tallique pour lime \u00e0 pieds Expert 10","author":"Serge Sahakian","date":"juin 29, 2023","format":false,"excerpt":"Staleks PRO Metal Base for Foot File (MBE-10) Professional Use Quality. Victoria VYNN s'est associ\u00e9e \u00e0 Staleks au Canada pour fournir un ensemble complet de produits professionnels afin de rendre le travail de la technicienne en ongles compl\u00e8tement id\u00e9al. Compatible avec:Staleks PRO Tampons de recharge blancs pour lime \u00e0 pied Expert 10 (30...","rel":"","context":"Similar post","block_context":{"text":"Similar post","link":""},"img":{"alt_text":"staleks pro metal base for foot file expert 10 rasp","src":"https:\/\/i0.wp.com\/victoriavynn.ca\/wp-content\/uploads\/2023\/06\/staleks-metal-base-for-foot-file-expert-10-rasp-.webp?fit=750%2C1000&ssl=1&resize=350%2C200","width":350,"height":200,"srcset":"https:\/\/i0.wp.com\/victoriavynn.ca\/wp-content\/uploads\/2023\/06\/staleks-metal-base-for-foot-file-expert-10-rasp-.webp?fit=750%2C1000&ssl=1&resize=350%2C200 1x, https:\/\/i0.wp.com\/victoriavynn.ca\/wp-content\/uploads\/2023\/06\/staleks-metal-base-for-foot-file-expert-10-rasp-.webp?fit=750%2C1000&ssl=1&resize=525%2C300 1.5x, https:\/\/i0.wp.com\/victoriavynn.ca\/wp-content\/uploads\/2023\/06\/staleks-metal-base-for-foot-file-expert-10-rasp-.webp?fit=750%2C1000&ssl=1&resize=700%2C400 2x"},"classes":[]},{"id":13342,"url":"https:\/\/victoriavynn.ca\/fr\/product\/staleks-pro-pedicure-file-expert-10\/","url_meta":{"origin":13392,"position":1},"title":"Staleks PRO Lime \u00e0 p\u00e9dicure Expert 10","author":"Serge Sahakian","date":"juin 29, 2023","format":false,"excerpt":"Staleks PRO Pedicure File Expert 10 Series - La lime \u00e0 pied pr\u00e9f\u00e9r\u00e9e de nombreux professionnels !  3 grains diff\u00e9rents sont disponibles dans cette cat\u00e9gorie. Victoria VYNN s'est associ\u00e9e \u00e0 Staleks au Canada pour fournir un ensemble complet de produits professionnels afin de rendre le travail de la technicienne en ongles compl\u00e8tement id\u00e9al. Les produits...","rel":"","context":"Similar post","block_context":{"text":"Similar post","link":""},"img":{"alt_text":"Staleks PRO Pedicure File Expert 10","src":"https:\/\/i0.wp.com\/victoriavynn.ca\/wp-content\/uploads\/2023\/06\/staleks-pro-pedicure-file-expert-10.webp?fit=750%2C1000&ssl=1&resize=350%2C200","width":350,"height":200,"srcset":"https:\/\/i0.wp.com\/victoriavynn.ca\/wp-content\/uploads\/2023\/06\/staleks-pro-pedicure-file-expert-10.webp?fit=750%2C1000&ssl=1&resize=350%2C200 1x, https:\/\/i0.wp.com\/victoriavynn.ca\/wp-content\/uploads\/2023\/06\/staleks-pro-pedicure-file-expert-10.webp?fit=750%2C1000&ssl=1&resize=525%2C300 1.5x, https:\/\/i0.wp.com\/victoriavynn.ca\/wp-content\/uploads\/2023\/06\/staleks-pro-pedicure-file-expert-10.webp?fit=750%2C1000&ssl=1&resize=700%2C400 2x"},"classes":[]},{"id":13048,"url":"https:\/\/victoriavynn.ca\/fr\/product\/staleks-podo-disc-professional-use\/","url_meta":{"origin":13392,"position":2},"title":"Staleks Pro Pedicure Disc PodoDisc Set complet","author":"Serge Sahakian","date":"juin 23, 2023","format":false,"excerpt":"Le PodoDisc Ultimate Staleks est un best-seller ! Le pack comprend le PodoDisc + 5 limes abrasives jetables avec un grain de 180. Victoria VYNN s'est associ\u00e9e \u00e0 Staleks au Canada pour fournir un ensemble complet de produits professionnels afin de rendre le travail de la technicienne en ongles compl\u00e8tement id\u00e9al. Compatible avec :...","rel":"","context":"Similar post","block_context":{"text":"Similar post","link":""},"img":{"alt_text":"Staleks podo disc PDset Professional Use Pedicure","src":"https:\/\/i0.wp.com\/victoriavynn.ca\/wp-content\/uploads\/2023\/06\/stalek-podo-disc-pdset-professional-use-pedicure-1-1.webp?fit=750%2C1000&ssl=1&resize=350%2C200","width":350,"height":200,"srcset":"https:\/\/i0.wp.com\/victoriavynn.ca\/wp-content\/uploads\/2023\/06\/stalek-podo-disc-pdset-professional-use-pedicure-1-1.webp?fit=750%2C1000&ssl=1&resize=350%2C200 1x, https:\/\/i0.wp.com\/victoriavynn.ca\/wp-content\/uploads\/2023\/06\/stalek-podo-disc-pdset-professional-use-pedicure-1-1.webp?fit=750%2C1000&ssl=1&resize=525%2C300 1.5x, https:\/\/i0.wp.com\/victoriavynn.ca\/wp-content\/uploads\/2023\/06\/stalek-podo-disc-pdset-professional-use-pedicure-1-1.webp?fit=750%2C1000&ssl=1&resize=700%2C400 2x"},"classes":[]},{"id":12995,"url":"https:\/\/victoriavynn.ca\/fr\/product\/staleks-pro-podo-disc-with-extended-pin\/","url_meta":{"origin":13392,"position":3},"title":"Staleks Pro Pedicure Disc Extended PodoDisc Set complet (Elongate)","author":"Serge Sahakian","date":"juin 21, 2023","format":false,"excerpt":"L'Ultimate Staleks PRO Podo Disc with Extended Pin est un Best Seller ! Le pack comprend le PodoDisc + 5 limes abrasives jetables avec un grain de 180. Victoria VYNN s'est associ\u00e9e \u00e0 Staleks au Canada pour fournir un ensemble complet de produits professionnels afin de faciliter le travail du technicien de l'ongle...","rel":"","context":"Similar post","block_context":{"text":"Similar post","link":""},"img":{"alt_text":"Staleks PRO Podo Disc With Extended Pin","src":"https:\/\/i0.wp.com\/victoriavynn.ca\/wp-content\/uploads\/2023\/06\/staleks-pro-podo-disc-with-extended-pin.webp?fit=750%2C1000&ssl=1&resize=350%2C200","width":350,"height":200,"srcset":"https:\/\/i0.wp.com\/victoriavynn.ca\/wp-content\/uploads\/2023\/06\/staleks-pro-podo-disc-with-extended-pin.webp?fit=750%2C1000&ssl=1&resize=350%2C200 1x, https:\/\/i0.wp.com\/victoriavynn.ca\/wp-content\/uploads\/2023\/06\/staleks-pro-podo-disc-with-extended-pin.webp?fit=750%2C1000&ssl=1&resize=525%2C300 1.5x, https:\/\/i0.wp.com\/victoriavynn.ca\/wp-content\/uploads\/2023\/06\/staleks-pro-podo-disc-with-extended-pin.webp?fit=750%2C1000&ssl=1&resize=700%2C400 2x"},"classes":[]},{"id":13534,"url":"https:\/\/victoriavynn.ca\/fr\/product\/staleks-pro-metal-straight-base-for-nail-file-expert-20\/","url_meta":{"origin":13392,"position":4},"title":"Staleks PRO Base droite en m\u00e9tal pour lime \u00e0 ongles Expert 20","author":"Serge Sahakian","date":"juin 30, 2023","format":false,"excerpt":"Staleks PRO Metal Straight Base for Nail File Expert 20 - Compatible with Adhesive &amp; papmAm Refill Pads. Victoria VYNN s'est associ\u00e9e \u00e0 Staleks au Canada pour fournir un ensemble complet de produits professionnels afin de rendre le travail de la technicienne en ongles compl\u00e8tement id\u00e9al. Sp\u00e9cifications du produit : \u00a0 \u00a0 \u00a0 \u00a0","rel":"","context":"Similar post","block_context":{"text":"Similar post","link":""},"img":{"alt_text":"Staleks PRO Metal Straight Base for Nail File Expert 20","src":"https:\/\/i0.wp.com\/victoriavynn.ca\/wp-content\/uploads\/2023\/06\/staleks-pro-metal-straight-base-for-nail-file-expert-20.webp?fit=750%2C1000&ssl=1&resize=350%2C200","width":350,"height":200,"srcset":"https:\/\/i0.wp.com\/victoriavynn.ca\/wp-content\/uploads\/2023\/06\/staleks-pro-metal-straight-base-for-nail-file-expert-20.webp?fit=750%2C1000&ssl=1&resize=350%2C200 1x, https:\/\/i0.wp.com\/victoriavynn.ca\/wp-content\/uploads\/2023\/06\/staleks-pro-metal-straight-base-for-nail-file-expert-20.webp?fit=750%2C1000&ssl=1&resize=525%2C300 1.5x, https:\/\/i0.wp.com\/victoriavynn.ca\/wp-content\/uploads\/2023\/06\/staleks-pro-metal-straight-base-for-nail-file-expert-20.webp?fit=750%2C1000&ssl=1&resize=700%2C400 2x"},"classes":[]},{"id":13548,"url":"https:\/\/victoriavynn.ca\/fr\/product\/staleks-pro-metal-base-for-polishing-nail-file-expert-50\/","url_meta":{"origin":13392,"position":5},"title":"Staleks PRO Base m\u00e9tallique pour lime \u00e0 ongles Expert 50 (75mm)","author":"Serge Sahakian","date":"juin 30, 2023","format":false,"excerpt":"Staleks PRO Metal Base for Polishing Nail File Expert 50 - Compatible with Adhesive Refill Pads. Victoria VYNN s'est associ\u00e9e \u00e0 Staleks au Canada pour fournir un ensemble complet de produits professionnels afin de rendre le travail de la technicienne en ongles compl\u00e8tement id\u00e9al. Sp\u00e9cifications du produit : \u00a0 \u00a0 \u00a0 \u00a0 \u00a0","rel":"","context":"Similar post","block_context":{"text":"Similar post","link":""},"img":{"alt_text":"Staleks PRO Metal Base for Polishing Nail File Expert 50","src":"https:\/\/i0.wp.com\/victoriavynn.ca\/wp-content\/uploads\/2023\/06\/staleks-pro-metal-base-for-polishing-nail-file-expert-50.webp?fit=750%2C1000&ssl=1&resize=350%2C200","width":350,"height":200,"srcset":"https:\/\/i0.wp.com\/victoriavynn.ca\/wp-content\/uploads\/2023\/06\/staleks-pro-metal-base-for-polishing-nail-file-expert-50.webp?fit=750%2C1000&ssl=1&resize=350%2C200 1x, https:\/\/i0.wp.com\/victoriavynn.ca\/wp-content\/uploads\/2023\/06\/staleks-pro-metal-base-for-polishing-nail-file-expert-50.webp?fit=750%2C1000&ssl=1&resize=525%2C300 1.5x, https:\/\/i0.wp.com\/victoriavynn.ca\/wp-content\/uploads\/2023\/06\/staleks-pro-metal-base-for-polishing-nail-file-expert-50.webp?fit=750%2C1000&ssl=1&resize=700%2C400 2x"},"classes":[]}],"jetpack_sharing_enabled":true,"_links":{"self":[{"href":"https:\/\/victoriavynn.ca\/fr\/wp-json\/wp\/v2\/product\/13392","targetHints":{"allow":["GET"]}}],"collection":[{"href":"https:\/\/victoriavynn.ca\/fr\/wp-json\/wp\/v2\/product"}],"about":[{"href":"https:\/\/victoriavynn.ca\/fr\/wp-json\/wp\/v2\/types\/product"}],"replies":[{"embeddable":true,"href":"https:\/\/victoriavynn.ca\/fr\/wp-json\/wp\/v2\/comments?post=13392"}],"wp:featuredmedia":[{"embeddable":true,"href":"https:\/\/victoriavynn.ca\/fr\/wp-json\/wp\/v2\/media\/13407"}],"wp:attachment":[{"href":"https:\/\/victoriavynn.ca\/fr\/wp-json\/wp\/v2\/media?parent=13392"}],"wp:term":[{"taxonomy":"product_brand","embeddable":true,"href":"https:\/\/victoriavynn.ca\/fr\/wp-json\/wp\/v2\/product_brand?post=13392"},{"taxonomy":"product_cat","embeddable":true,"href":"https:\/\/victoriavynn.ca\/fr\/wp-json\/wp\/v2\/product_cat?post=13392"},{"taxonomy":"product_tag","embeddable":true,"href":"https:\/\/victoriavynn.ca\/fr\/wp-json\/wp\/v2\/product_tag?post=13392"}],"curies":[{"name":"wp","href":"https:\/\/api.w.org\/{rel}","templated":true}]}}