{"id":13434,"date":"2023-06-29T16:38:26","date_gmt":"2023-06-29T20:38:26","guid":{"rendered":"https:\/\/victoriavynn.ca\/?post_type=product&#038;p=13434"},"modified":"2026-04-10T18:04:57","modified_gmt":"2026-04-10T22:04:57","slug":"staleks-pro-curette-outil-de-pedicure-podo-10","status":"publish","type":"product","link":"https:\/\/victoriavynn.ca\/fr\/product\/staleks-pro-curette-pedicure-tool-podo-10\/","title":{"rendered":"Staleks PRO Outil de p\u00e9dicure Podo 10 Curette \u00e0 double extr\u00e9mit\u00e9"},"content":{"rendered":"<p>Staleks PRO Curette Pedicure Tool - Double Ended<\/p>\n<ul>\n<li>(curette double)<\/li>\n<li>utilis\u00e9 pour l'\u00e9limination partielle des callosit\u00e9s s\u00e8ches et le travail sur les ongles incarn\u00e9s ;<\/li>\n<li>Forme anatomique confortable : la curette incurv\u00e9e imite la forme de la plaque de l'ongle ;<\/li>\n<li>Poign\u00e9e antid\u00e9rapante pour une meilleure prise en main.<\/li>\n<\/ul>\n<p>Si vos ongles refl\u00e8tent votre \u00e9tat de sant\u00e9 g\u00e9n\u00e9ral, la fa\u00e7on dont vous prenez soin de vos ongles des mains et des pieds est un signe r\u00e9v\u00e9lateur de votre niveau d'hygi\u00e8ne personnelle. Personne n'aime les mains ou les pieds sales, il est donc important d'accorder \u00e0 vos ongles le soin et l'attention n\u00e9cessaires, tout comme vous le feriez pour votre visage ou vos dents.<\/p>","protected":false},"excerpt":{"rendered":"<p>Staleks PRO Curette Pedicure Tool - Double Ended. La marque d'outils de p\u00e9dicure pr\u00e9f\u00e9r\u00e9e des podiatres. Victoria VYNN s'est associ\u00e9e \u00e0 Staleks au Canada pour fournir un ensemble complet de produits professionnels afin de rendre le travail de la technicienne en ongles compl\u00e8tement id\u00e9al.<\/p>\n<p>Sp\u00e9cifications du produit :<\/p>\n<p><img loading=\"lazy\" decoding=\"async\" class=\"size-full wp-image-13000 alignleft\" src=\"http:\/\/victoriavynn.ca\/wp-content\/uploads\/2023\/06\/for-pedicure.webp\" alt=\"POUR LA P\u00c9DICURE\" width=\"125\" height=\"150\" srcset=\"https:\/\/i0.wp.com\/victoriavynn.ca\/wp-content\/uploads\/2023\/06\/for-pedicure.webp?w=125&amp;ssl=1 125w, https:\/\/i0.wp.com\/victoriavynn.ca\/wp-content\/uploads\/2023\/06\/for-pedicure.webp?resize=10%2C12&amp;ssl=1 10w, https:\/\/i0.wp.com\/victoriavynn.ca\/wp-content\/uploads\/2023\/06\/for-pedicure.webp?resize=64%2C77&amp;ssl=1 64w\" sizes=\"auto, (max-width: 125px) 100vw, 125px\" \/><\/p>\n<p><img loading=\"lazy\" decoding=\"async\" class=\"size-full wp-image-12997 alignleft\" src=\"https:\/\/victoriavynn.ca\/wp-content\/uploads\/2023\/06\/stainless-steel-1.webp\" alt=\"ACIER INOXYDABLE\" width=\"125\" height=\"150\" srcset=\"https:\/\/i0.wp.com\/victoriavynn.ca\/wp-content\/uploads\/2023\/06\/stainless-steel-1.webp?w=125&amp;ssl=1 125w, https:\/\/i0.wp.com\/victoriavynn.ca\/wp-content\/uploads\/2023\/06\/stainless-steel-1.webp?resize=10%2C12&amp;ssl=1 10w, https:\/\/i0.wp.com\/victoriavynn.ca\/wp-content\/uploads\/2023\/06\/stainless-steel-1.webp?resize=64%2C77&amp;ssl=1 64w\" sizes=\"auto, (max-width: 125px) 100vw, 125px\" \/><\/p>\n<p><img loading=\"lazy\" decoding=\"async\" class=\"size-full wp-image-12999 alignleft\" src=\"https:\/\/victoriavynn.ca\/wp-content\/uploads\/2023\/06\/sterilizable-1.webp\" alt=\"ST\u00c9RILISABLE\" width=\"125\" height=\"150\" srcset=\"https:\/\/i0.wp.com\/victoriavynn.ca\/wp-content\/uploads\/2023\/06\/sterilizable-1.webp?w=125&amp;ssl=1 125w, https:\/\/i0.wp.com\/victoriavynn.ca\/wp-content\/uploads\/2023\/06\/sterilizable-1.webp?resize=10%2C12&amp;ssl=1 10w, https:\/\/i0.wp.com\/victoriavynn.ca\/wp-content\/uploads\/2023\/06\/sterilizable-1.webp?resize=64%2C77&amp;ssl=1 64w\" sizes=\"auto, (max-width: 125px) 100vw, 125px\" \/><\/p>\n<p>&nbsp;<\/p>\n<p>&nbsp;<\/p>\n<p>&nbsp;<\/p>\n<p>&nbsp;<\/p>\n<p>&nbsp;<\/p>","protected":false},"featured_media":13438,"comment_status":"open","ping_status":"closed","template":"","meta":{"jetpack_post_was_ever_published":false,"jetpack_publicize_message":"","jetpack_publicize_feature_enabled":true,"jetpack_social_post_already_shared":false,"jetpack_social_options":{"image_generator_settings":{"template":"highway","default_image_id":0,"font":"","enabled":false},"version":2}},"product_brand":[935],"product_cat":[362,619],"product_tag":[606,643],"class_list":{"0":"post-13434","1":"product","2":"type-product","3":"status-publish","4":"has-post-thumbnail","6":"product_brand-staleks","7":"product_cat-staleks-cuticle-pushers","8":"product_cat-staleks-podo","9":"product_tag-cuticle-pushers","10":"product_tag-pedicure-tool","11":"product_shipping_class-cardboard-box","13":"first","14":"instock","15":"taxable","16":"shipping-taxable","17":"purchasable","18":"product-type-simple"},"jetpack_publicize_connections":[],"jetpack-related-posts":[{"id":43028,"url":"https:\/\/victoriavynn.ca\/fr\/product\/ulka-diamond-ball-bit-blue-4mm-b040-m\/","url_meta":{"origin":13434,"position":0},"title":"\u00dcLKA M\u00e8che \u00e0 clous diamant\u00e9e t\u00eate bleue diam\u00e8tre 4 mm (B040-M)","author":"Serge Sahakian","date":"D\u00e9cembre 10, 2025","format":false,"excerpt":"L'embout \u00e0 bille \u00dcLKA Diamond en marquage bleu est id\u00e9al pour traiter la zone de la cuticule et les parois lat\u00e9rales. Son grain moyen permet d'\u00e9quilibrer la pr\u00e9cision et l'efficacit\u00e9, garantissant une performance contr\u00f4l\u00e9e et fiable. Sp\u00e9cifications du produit : Forme : Boule Grain : Diam\u00e8tre moyen de la t\u00eate : 4,0 mm Mat\u00e9riau : Rev\u00eatement en diamant de haute qualit\u00e9 Couleur du grain : Bleu Code produit : B040-M","rel":"","context":"Similar post","block_context":{"text":"Similar post","link":""},"img":{"alt_text":"U\u0308LKA Diamond Nail Drill Bit Ball Blue Head 4 mm \u2013 B040-M","src":"https:\/\/i0.wp.com\/victoriavynn.ca\/wp-content\/uploads\/2025\/12\/ulka-diamond-nail-drill-bit-ball-blue-head-4-mm-%E2%80%93-b040-m.webp?fit=750%2C1000&ssl=1&resize=350%2C200","width":350,"height":200,"srcset":"https:\/\/i0.wp.com\/victoriavynn.ca\/wp-content\/uploads\/2025\/12\/ulka-diamond-nail-drill-bit-ball-blue-head-4-mm-%E2%80%93-b040-m.webp?fit=750%2C1000&ssl=1&resize=350%2C200 1x, https:\/\/i0.wp.com\/victoriavynn.ca\/wp-content\/uploads\/2025\/12\/ulka-diamond-nail-drill-bit-ball-blue-head-4-mm-%E2%80%93-b040-m.webp?fit=750%2C1000&ssl=1&resize=525%2C300 1.5x, https:\/\/i0.wp.com\/victoriavynn.ca\/wp-content\/uploads\/2025\/12\/ulka-diamond-nail-drill-bit-ball-blue-head-4-mm-%E2%80%93-b040-m.webp?fit=750%2C1000&ssl=1&resize=700%2C400 2x"},"classes":[]},{"id":51440,"url":"https:\/\/victoriavynn.ca\/fr\/product\/staleks-double-ended-brush-expert-liner-7-mm-for-gel-7mm\/","url_meta":{"origin":13434,"position":1},"title":"Staleks Pinceau \u00e0 double extr\u00e9mit\u00e9 EXPERT liner 7 mm \/ pour gel 7mm","author":"Serge Sahakian","date":"mars 4, 2026","format":false,"excerpt":"NBE-01\/04","rel":"","context":"Similar post","block_context":{"text":"Similar post","link":""},"img":{"alt_text":"","src":"https:\/\/i0.wp.com\/victoriavynn.ca\/wp-content\/uploads\/2026\/03\/a1ca4602065c44329acaca479c213949.jpg?fit=1200%2C1200&ssl=1&resize=350%2C200","width":350,"height":200,"srcset":"https:\/\/i0.wp.com\/victoriavynn.ca\/wp-content\/uploads\/2026\/03\/a1ca4602065c44329acaca479c213949.jpg?fit=1200%2C1200&ssl=1&resize=350%2C200 1x, https:\/\/i0.wp.com\/victoriavynn.ca\/wp-content\/uploads\/2026\/03\/a1ca4602065c44329acaca479c213949.jpg?fit=1200%2C1200&ssl=1&resize=525%2C300 1.5x, https:\/\/i0.wp.com\/victoriavynn.ca\/wp-content\/uploads\/2026\/03\/a1ca4602065c44329acaca479c213949.jpg?fit=1200%2C1200&ssl=1&resize=700%2C400 2x, https:\/\/i0.wp.com\/victoriavynn.ca\/wp-content\/uploads\/2026\/03\/a1ca4602065c44329acaca479c213949.jpg?fit=1200%2C1200&ssl=1&resize=1050%2C600 3x"},"classes":[]},{"id":51442,"url":"https:\/\/victoriavynn.ca\/fr\/product\/staleks-double-ended-brush-expert-liner-7-mm-for-gradient-11-mm\/","url_meta":{"origin":13434,"position":2},"title":"Staleks Pinceau \u00e0 double extr\u00e9mit\u00e9 EXPERT liner 7 mm \/ pour d\u00e9grad\u00e9 11 mm","author":"Serge Sahakian","date":"mars 4, 2026","format":false,"excerpt":"NBE-01\/07","rel":"","context":"Similar post","block_context":{"text":"Similar post","link":""},"img":{"alt_text":"9de538695cbb8f61a5d936a02e727a88","src":"https:\/\/i0.wp.com\/victoriavynn.ca\/wp-content\/uploads\/2026\/03\/9de538695cbb8f61a5d936a02e727a88.jpg?fit=1200%2C1200&ssl=1&resize=350%2C200","width":350,"height":200,"srcset":"https:\/\/i0.wp.com\/victoriavynn.ca\/wp-content\/uploads\/2026\/03\/9de538695cbb8f61a5d936a02e727a88.jpg?fit=1200%2C1200&ssl=1&resize=350%2C200 1x, https:\/\/i0.wp.com\/victoriavynn.ca\/wp-content\/uploads\/2026\/03\/9de538695cbb8f61a5d936a02e727a88.jpg?fit=1200%2C1200&ssl=1&resize=525%2C300 1.5x, https:\/\/i0.wp.com\/victoriavynn.ca\/wp-content\/uploads\/2026\/03\/9de538695cbb8f61a5d936a02e727a88.jpg?fit=1200%2C1200&ssl=1&resize=700%2C400 2x, https:\/\/i0.wp.com\/victoriavynn.ca\/wp-content\/uploads\/2026\/03\/9de538695cbb8f61a5d936a02e727a88.jpg?fit=1200%2C1200&ssl=1&resize=1050%2C600 3x"},"classes":[]},{"id":42998,"url":"https:\/\/victoriavynn.ca\/fr\/product\/ulka-carbide-corn-bit-blue-5mm-c513-m\/","url_meta":{"origin":13434,"position":3},"title":"\u00dcLKA M\u00e8che \u00e0 clous en carbure de ma\u00efs bleu diam\u00e8tre de la t\u00eate 5,0 mm \/ partie travaillante 13 mm (C513-M)","author":"Serge Sahakian","date":"D\u00e9cembre 10, 2025","format":false,"excerpt":"La m\u00e8che \u00dcLKA en carbure \u201cCorn\u201d est con\u00e7ue pour un travail stable et contr\u00f4l\u00e9. Sa forme droite assure un limage en douceur sans pression excessive, tandis que le grain moyen permet d'enlever rapidement et confortablement les rev\u00eatements. Il s'agit d'un outil id\u00e9al pour une utilisation r\u00e9guli\u00e8re en salon, o\u00f9 l'efficacit\u00e9 et le confort du client sont tout aussi importants. Produit...","rel":"","context":"Similar post","block_context":{"text":"Similar post","link":""},"img":{"alt_text":"U\u0308LKA Carbide nail drill bit corn blue head diameter 5.0 mm : working part 13 mm (C513-M)","src":"https:\/\/i0.wp.com\/victoriavynn.ca\/wp-content\/uploads\/2025\/12\/ulka-carbide-nail-drill-bit-corn-blue-head-diameter-5.0-mm-working-part-13-mm-c513-m.webp?fit=750%2C1000&ssl=1&resize=350%2C200","width":350,"height":200,"srcset":"https:\/\/i0.wp.com\/victoriavynn.ca\/wp-content\/uploads\/2025\/12\/ulka-carbide-nail-drill-bit-corn-blue-head-diameter-5.0-mm-working-part-13-mm-c513-m.webp?fit=750%2C1000&ssl=1&resize=350%2C200 1x, https:\/\/i0.wp.com\/victoriavynn.ca\/wp-content\/uploads\/2025\/12\/ulka-carbide-nail-drill-bit-corn-blue-head-diameter-5.0-mm-working-part-13-mm-c513-m.webp?fit=750%2C1000&ssl=1&resize=525%2C300 1.5x, https:\/\/i0.wp.com\/victoriavynn.ca\/wp-content\/uploads\/2025\/12\/ulka-carbide-nail-drill-bit-corn-blue-head-diameter-5.0-mm-working-part-13-mm-c513-m.webp?fit=750%2C1000&ssl=1&resize=700%2C400 2x"},"classes":[]},{"id":51438,"url":"https:\/\/victoriavynn.ca\/fr\/product\/staleks-double-ended-brush-expert-liner-7-mm-liner-10-mm\/","url_meta":{"origin":13434,"position":4},"title":"Staleks Brosse \u00e0 double extr\u00e9mit\u00e9 EXPERT liner 7 mm \/ liner 10 mm","author":"Serge Sahakian","date":"mars 4, 2026","format":false,"excerpt":"NBE-01\/03","rel":"","context":"Similar post","block_context":{"text":"Similar post","link":""},"img":{"alt_text":"","src":"https:\/\/i0.wp.com\/victoriavynn.ca\/wp-content\/uploads\/2026\/03\/7773676f256a90ce9d9049fbac980383.jpg?fit=1200%2C1200&ssl=1&resize=350%2C200","width":350,"height":200,"srcset":"https:\/\/i0.wp.com\/victoriavynn.ca\/wp-content\/uploads\/2026\/03\/7773676f256a90ce9d9049fbac980383.jpg?fit=1200%2C1200&ssl=1&resize=350%2C200 1x, https:\/\/i0.wp.com\/victoriavynn.ca\/wp-content\/uploads\/2026\/03\/7773676f256a90ce9d9049fbac980383.jpg?fit=1200%2C1200&ssl=1&resize=525%2C300 1.5x, https:\/\/i0.wp.com\/victoriavynn.ca\/wp-content\/uploads\/2026\/03\/7773676f256a90ce9d9049fbac980383.jpg?fit=1200%2C1200&ssl=1&resize=700%2C400 2x, https:\/\/i0.wp.com\/victoriavynn.ca\/wp-content\/uploads\/2026\/03\/7773676f256a90ce9d9049fbac980383.jpg?fit=1200%2C1200&ssl=1&resize=1050%2C600 3x"},"classes":[]},{"id":43008,"url":"https:\/\/victoriavynn.ca\/fr\/product\/ulka-carbide-needle-bit-blue-2-3mm-c2315-m\/","url_meta":{"origin":13434,"position":5},"title":"\u00dcLKA M\u00e8che \u00e0 clou en carbure aiguille bleu diam\u00e8tre t\u00eate 2.3 mm \/ partie travaillante 15 mm (C2315-M)","author":"Serge Sahakian","date":"D\u00e9cembre 10, 2025","format":false,"excerpt":"L'embout \u201caiguille\u201d en carbure \u00dcLKA est con\u00e7u pour une pr\u00e9cision maximale. Sa forme allong\u00e9e est pratique pour nettoyer les parois lat\u00e9rales et affiner les d\u00e9collements apr\u00e8s polym\u00e9risation. Gr\u00e2ce \u00e0 sa pointe arrondie, il travaille en douceur et en toute s\u00e9curit\u00e9 sans endommager la plaque de l'ongle, m\u00eame dans les zones sensibles. Le grain moyen en fait un outil universel...","rel":"","context":"Similar post","block_context":{"text":"Similar post","link":""},"img":{"alt_text":"U\u0308LKA Carbide nail drill bit needle blue head diameter 2,3 mm : working part 15 mm","src":"https:\/\/i0.wp.com\/victoriavynn.ca\/wp-content\/uploads\/2025\/12\/ulka-carbide-nail-drill-bit-needle-blue-head-diameter-23-mm-working-part-15-mm-.webp?fit=750%2C1000&ssl=1&resize=350%2C200","width":350,"height":200,"srcset":"https:\/\/i0.wp.com\/victoriavynn.ca\/wp-content\/uploads\/2025\/12\/ulka-carbide-nail-drill-bit-needle-blue-head-diameter-23-mm-working-part-15-mm-.webp?fit=750%2C1000&ssl=1&resize=350%2C200 1x, https:\/\/i0.wp.com\/victoriavynn.ca\/wp-content\/uploads\/2025\/12\/ulka-carbide-nail-drill-bit-needle-blue-head-diameter-23-mm-working-part-15-mm-.webp?fit=750%2C1000&ssl=1&resize=525%2C300 1.5x, https:\/\/i0.wp.com\/victoriavynn.ca\/wp-content\/uploads\/2025\/12\/ulka-carbide-nail-drill-bit-needle-blue-head-diameter-23-mm-working-part-15-mm-.webp?fit=750%2C1000&ssl=1&resize=700%2C400 2x"},"classes":[]}],"jetpack_sharing_enabled":true,"_links":{"self":[{"href":"https:\/\/victoriavynn.ca\/fr\/wp-json\/wp\/v2\/product\/13434","targetHints":{"allow":["GET"]}}],"collection":[{"href":"https:\/\/victoriavynn.ca\/fr\/wp-json\/wp\/v2\/product"}],"about":[{"href":"https:\/\/victoriavynn.ca\/fr\/wp-json\/wp\/v2\/types\/product"}],"replies":[{"embeddable":true,"href":"https:\/\/victoriavynn.ca\/fr\/wp-json\/wp\/v2\/comments?post=13434"}],"wp:featuredmedia":[{"embeddable":true,"href":"https:\/\/victoriavynn.ca\/fr\/wp-json\/wp\/v2\/media\/13438"}],"wp:attachment":[{"href":"https:\/\/victoriavynn.ca\/fr\/wp-json\/wp\/v2\/media?parent=13434"}],"wp:term":[{"taxonomy":"product_brand","embeddable":true,"href":"https:\/\/victoriavynn.ca\/fr\/wp-json\/wp\/v2\/product_brand?post=13434"},{"taxonomy":"product_cat","embeddable":true,"href":"https:\/\/victoriavynn.ca\/fr\/wp-json\/wp\/v2\/product_cat?post=13434"},{"taxonomy":"product_tag","embeddable":true,"href":"https:\/\/victoriavynn.ca\/fr\/wp-json\/wp\/v2\/product_tag?post=13434"}],"curies":[{"name":"wp","href":"https:\/\/api.w.org\/{rel}","templated":true}]}}