{"id":13439,"date":"2023-06-29T17:09:35","date_gmt":"2023-06-29T21:09:35","guid":{"rendered":"https:\/\/victoriavynn.ca\/?post_type=product&#038;p=13439"},"modified":"2026-04-10T15:15:53","modified_gmt":"2026-04-10T19:15:53","slug":"staleks-pro-2in1-pedicure-tool-expert-20","status":"publish","type":"product","link":"https:\/\/victoriavynn.ca\/fr\/product\/staleks-pro-2in1-pedicure-tool-expert-20\/","title":{"rendered":"Staleks PRO Outil de p\u00e9dicure Expert 20"},"content":{"rendered":"<p>Staleks PRO 2in1 Outil de p\u00e9dicure - Expert 20 Series<\/p>\n<ul>\n<li>curette h\u00e9misph\u00e9rique, cure-ongles (type 1)<\/li>\n<li>curette double face (type 2)<\/li>\n<li>pour l'\u00e9limination partielle des callosit\u00e9s s\u00e8ches et le travail avec les ongles incarn\u00e9s<\/li>\n<li>l'h\u00e9misph\u00e8re arrondi n'endommage pas la plaque de l'ongle et la peau<\/li>\n<li>forme courb\u00e9e du nettoyeur d'ongles pour une meilleure performance<\/li>\n<li>recommand\u00e9 pour la p\u00e9dicure<\/li>\n<li>poign\u00e9e antid\u00e9rapante pour une meilleure prise en main<\/li>\n<li>r\u00e9sistance suppl\u00e9mentaire \u00e0 la corrosion gr\u00e2ce au polissage avec la p\u00e2te \u00e0 polir GOI<\/li>\n<li>Acier inoxydable AISI 420<\/li>\n<\/ul>\n<p>Si vos ongles refl\u00e8tent votre \u00e9tat de sant\u00e9 g\u00e9n\u00e9ral, la fa\u00e7on dont vous prenez soin de vos ongles des mains et des pieds est un signe r\u00e9v\u00e9lateur de votre niveau d'hygi\u00e8ne personnelle. Personne n'aime les mains ou les pieds sales, il est donc important d'accorder \u00e0 vos ongles le soin et l'attention n\u00e9cessaires, tout comme vous le feriez pour votre visage ou vos dents.<\/p>","protected":false},"excerpt":{"rendered":"<p>Staleks PRO 2in1 P\u00e9dicure - Expert 20 Series. La marque d'outils de p\u00e9dicure pr\u00e9f\u00e9r\u00e9e des podologues. Victoria VYNN s'est associ\u00e9e \u00e0 Staleks au Canada pour fournir un ensemble complet de produits professionnels afin de rendre le travail de la technicienne en ongles compl\u00e8tement id\u00e9al.<\/p>\n<p>Sp\u00e9cifications du produit :<\/p>\n<p><img loading=\"lazy\" decoding=\"async\" class=\"size-full wp-image-13000 alignleft\" src=\"http:\/\/victoriavynn.ca\/wp-content\/uploads\/2023\/06\/for-pedicure.webp\" alt=\"POUR LA P\u00c9DICURE\" width=\"125\" height=\"150\" srcset=\"https:\/\/i0.wp.com\/victoriavynn.ca\/wp-content\/uploads\/2023\/06\/for-pedicure.webp?w=125&amp;ssl=1 125w, https:\/\/i0.wp.com\/victoriavynn.ca\/wp-content\/uploads\/2023\/06\/for-pedicure.webp?resize=10%2C12&amp;ssl=1 10w, https:\/\/i0.wp.com\/victoriavynn.ca\/wp-content\/uploads\/2023\/06\/for-pedicure.webp?resize=64%2C77&amp;ssl=1 64w\" sizes=\"auto, (max-width: 125px) 100vw, 125px\" \/><\/p>\n<p><img loading=\"lazy\" decoding=\"async\" class=\"size-full wp-image-12997 alignleft\" src=\"https:\/\/victoriavynn.ca\/wp-content\/uploads\/2023\/06\/stainless-steel-1.webp\" alt=\"ACIER INOXYDABLE\" width=\"125\" height=\"150\" srcset=\"https:\/\/i0.wp.com\/victoriavynn.ca\/wp-content\/uploads\/2023\/06\/stainless-steel-1.webp?w=125&amp;ssl=1 125w, https:\/\/i0.wp.com\/victoriavynn.ca\/wp-content\/uploads\/2023\/06\/stainless-steel-1.webp?resize=10%2C12&amp;ssl=1 10w, https:\/\/i0.wp.com\/victoriavynn.ca\/wp-content\/uploads\/2023\/06\/stainless-steel-1.webp?resize=64%2C77&amp;ssl=1 64w\" sizes=\"auto, (max-width: 125px) 100vw, 125px\" \/><\/p>\n<p><img loading=\"lazy\" decoding=\"async\" class=\"size-full wp-image-12999 alignleft\" src=\"https:\/\/victoriavynn.ca\/wp-content\/uploads\/2023\/06\/sterilizable-1.webp\" alt=\"ST\u00c9RILISABLE\" width=\"125\" height=\"150\" srcset=\"https:\/\/i0.wp.com\/victoriavynn.ca\/wp-content\/uploads\/2023\/06\/sterilizable-1.webp?w=125&amp;ssl=1 125w, https:\/\/i0.wp.com\/victoriavynn.ca\/wp-content\/uploads\/2023\/06\/sterilizable-1.webp?resize=10%2C12&amp;ssl=1 10w, https:\/\/i0.wp.com\/victoriavynn.ca\/wp-content\/uploads\/2023\/06\/sterilizable-1.webp?resize=64%2C77&amp;ssl=1 64w\" sizes=\"auto, (max-width: 125px) 100vw, 125px\" \/><\/p>\n<p>&nbsp;<\/p>\n<p>&nbsp;<\/p>\n<p>&nbsp;<\/p>\n<p>&nbsp;<\/p>","protected":false},"featured_media":13450,"comment_status":"open","ping_status":"closed","template":"","meta":{"jetpack_post_was_ever_published":false,"jetpack_publicize_message":"","jetpack_publicize_feature_enabled":true,"jetpack_social_post_already_shared":false,"jetpack_social_options":{"image_generator_settings":{"template":"highway","default_image_id":0,"font":"","enabled":false},"version":2}},"product_brand":[935],"product_cat":[362,619],"product_tag":[606,643],"class_list":{"0":"post-13439","1":"product","2":"type-product","3":"status-publish","4":"has-post-thumbnail","6":"product_brand-staleks","7":"product_cat-staleks-cuticle-pushers","8":"product_cat-staleks-podo","9":"product_tag-cuticle-pushers","10":"product_tag-pedicure-tool","11":"pa_size-type-1","12":"pa_size-type-2","14":"first","15":"instock","16":"taxable","17":"shipping-taxable","18":"purchasable","19":"product-type-variable"},"jetpack_publicize_connections":[],"jetpack-related-posts":[{"id":42420,"url":"https:\/\/victoriavynn.ca\/fr\/product\/staleks-reverse-%d0%b0ction-tweezers-for-nail-art-expert-31-type-2\/","url_meta":{"origin":13439,"position":0},"title":"Staleks Pince \u00e0 \u00e9piler \u00e0 \u0430ction invers\u00e9e pour le nail art EXPERT 31 TYPE 2","author":"Serge Sahakian","date":"D\u00e9cembre 2, 2025","format":false,"excerpt":"","rel":"","context":"Similar post","block_context":{"text":"Similar post","link":""},"img":{"alt_text":"Reverse \u0430ction tweezers for nail art EXPERT 31 TYPE 2","src":"https:\/\/i0.wp.com\/victoriavynn.ca\/wp-content\/uploads\/2025\/12\/reverse-%D0%B0ction-tweezers-for-nail-art-expert-31-type-2-1.webp?fit=750%2C1000&ssl=1&resize=350%2C200","width":350,"height":200,"srcset":"https:\/\/i0.wp.com\/victoriavynn.ca\/wp-content\/uploads\/2025\/12\/reverse-%D0%B0ction-tweezers-for-nail-art-expert-31-type-2-1.webp?fit=750%2C1000&ssl=1&resize=350%2C200 1x, https:\/\/i0.wp.com\/victoriavynn.ca\/wp-content\/uploads\/2025\/12\/reverse-%D0%B0ction-tweezers-for-nail-art-expert-31-type-2-1.webp?fit=750%2C1000&ssl=1&resize=525%2C300 1.5x, https:\/\/i0.wp.com\/victoriavynn.ca\/wp-content\/uploads\/2025\/12\/reverse-%D0%B0ction-tweezers-for-nail-art-expert-31-type-2-1.webp?fit=750%2C1000&ssl=1&resize=700%2C400 2x"},"classes":[]},{"id":43028,"url":"https:\/\/victoriavynn.ca\/fr\/product\/ulka-diamond-ball-bit-blue-4mm-b040-m\/","url_meta":{"origin":13439,"position":1},"title":"\u00dcLKA M\u00e8che \u00e0 clous diamant\u00e9e t\u00eate bleue diam\u00e8tre 4 mm (B040-M)","author":"Serge Sahakian","date":"D\u00e9cembre 10, 2025","format":false,"excerpt":"L'embout \u00e0 bille \u00dcLKA Diamond en marquage bleu est id\u00e9al pour traiter la zone de la cuticule et les parois lat\u00e9rales. Son grain moyen permet d'\u00e9quilibrer la pr\u00e9cision et l'efficacit\u00e9, garantissant une performance contr\u00f4l\u00e9e et fiable. Sp\u00e9cifications du produit : Forme : Boule Grain : Diam\u00e8tre moyen de la t\u00eate : 4,0 mm Mat\u00e9riau : Rev\u00eatement en diamant de haute qualit\u00e9 Couleur du grain : Bleu Code produit : B040-M","rel":"","context":"Similar post","block_context":{"text":"Similar post","link":""},"img":{"alt_text":"U\u0308LKA Diamond Nail Drill Bit Ball Blue Head 4 mm \u2013 B040-M","src":"https:\/\/i0.wp.com\/victoriavynn.ca\/wp-content\/uploads\/2025\/12\/ulka-diamond-nail-drill-bit-ball-blue-head-4-mm-%E2%80%93-b040-m.webp?fit=750%2C1000&ssl=1&resize=350%2C200","width":350,"height":200,"srcset":"https:\/\/i0.wp.com\/victoriavynn.ca\/wp-content\/uploads\/2025\/12\/ulka-diamond-nail-drill-bit-ball-blue-head-4-mm-%E2%80%93-b040-m.webp?fit=750%2C1000&ssl=1&resize=350%2C200 1x, https:\/\/i0.wp.com\/victoriavynn.ca\/wp-content\/uploads\/2025\/12\/ulka-diamond-nail-drill-bit-ball-blue-head-4-mm-%E2%80%93-b040-m.webp?fit=750%2C1000&ssl=1&resize=525%2C300 1.5x, https:\/\/i0.wp.com\/victoriavynn.ca\/wp-content\/uploads\/2025\/12\/ulka-diamond-nail-drill-bit-ball-blue-head-4-mm-%E2%80%93-b040-m.webp?fit=750%2C1000&ssl=1&resize=700%2C400 2x"},"classes":[]},{"id":42449,"url":"https:\/\/victoriavynn.ca\/fr\/product\/staleks-pro-brush-for-gel-expert-width-6-mm-length-11-mm\/","url_meta":{"origin":13439,"position":2},"title":"Staleks PRO Pinceau pour gel EXPERT largeur 6 mm\/longueur 11 mm","author":"Serge Sahakian","date":"D\u00e9cembre 2, 2025","format":false,"excerpt":"NBE-06","rel":"","context":"Similar post","block_context":{"text":"Similar post","link":""},"img":{"alt_text":"Brush for gel EXPERT width 6 mm:length 11 mm","src":"https:\/\/i0.wp.com\/victoriavynn.ca\/wp-content\/uploads\/2025\/12\/brush-for-gel-expert-width-6-mmlength-11-mm.webp?fit=750%2C1000&ssl=1&resize=350%2C200","width":350,"height":200,"srcset":"https:\/\/i0.wp.com\/victoriavynn.ca\/wp-content\/uploads\/2025\/12\/brush-for-gel-expert-width-6-mmlength-11-mm.webp?fit=750%2C1000&ssl=1&resize=350%2C200 1x, https:\/\/i0.wp.com\/victoriavynn.ca\/wp-content\/uploads\/2025\/12\/brush-for-gel-expert-width-6-mmlength-11-mm.webp?fit=750%2C1000&ssl=1&resize=525%2C300 1.5x, https:\/\/i0.wp.com\/victoriavynn.ca\/wp-content\/uploads\/2025\/12\/brush-for-gel-expert-width-6-mmlength-11-mm.webp?fit=750%2C1000&ssl=1&resize=700%2C400 2x"},"classes":[]},{"id":42455,"url":"https:\/\/victoriavynn.ca\/fr\/product\/staleks-pro-brush-for-gradient-expert-width-7-mm-length-11-mm\/","url_meta":{"origin":13439,"position":3},"title":"Staleks PRO Pinceau pour d\u00e9grad\u00e9 EXPERT largeur 7 mm\/longueur 11 mm","author":"Serge Sahakian","date":"D\u00e9cembre 2, 2025","format":false,"excerpt":"NBE-07","rel":"","context":"Similar post","block_context":{"text":"Similar post","link":""},"img":{"alt_text":"Brush for gradient EXPERT width 7 mm:length 11 mm","src":"https:\/\/i0.wp.com\/victoriavynn.ca\/wp-content\/uploads\/2025\/12\/brush-for-gradient-expert-width-7-mmlength-11-mm.webp?fit=750%2C1000&ssl=1&resize=350%2C200","width":350,"height":200,"srcset":"https:\/\/i0.wp.com\/victoriavynn.ca\/wp-content\/uploads\/2025\/12\/brush-for-gradient-expert-width-7-mmlength-11-mm.webp?fit=750%2C1000&ssl=1&resize=350%2C200 1x, https:\/\/i0.wp.com\/victoriavynn.ca\/wp-content\/uploads\/2025\/12\/brush-for-gradient-expert-width-7-mmlength-11-mm.webp?fit=750%2C1000&ssl=1&resize=525%2C300 1.5x, https:\/\/i0.wp.com\/victoriavynn.ca\/wp-content\/uploads\/2025\/12\/brush-for-gradient-expert-width-7-mmlength-11-mm.webp?fit=750%2C1000&ssl=1&resize=700%2C400 2x"},"classes":[]},{"id":42447,"url":"https:\/\/victoriavynn.ca\/fr\/product\/staleks-pro-brush-for-gel-expert-width-4-mm-length-7-mm\/","url_meta":{"origin":13439,"position":4},"title":"Staleks PRO Pinceau pour gel EXPERT largeur 4 mm\/longueur 7 mm","author":"Serge Sahakian","date":"D\u00e9cembre 2, 2025","format":false,"excerpt":"NBE-04","rel":"","context":"Similar post","block_context":{"text":"Similar post","link":""},"img":{"alt_text":"Brush for gel EXPERT width 4 mm:length 7 mm","src":"https:\/\/i0.wp.com\/victoriavynn.ca\/wp-content\/uploads\/2025\/12\/brush-for-gel-expert-width-4-mmlength-7-mm.webp?fit=750%2C1000&ssl=1&resize=350%2C200","width":350,"height":200,"srcset":"https:\/\/i0.wp.com\/victoriavynn.ca\/wp-content\/uploads\/2025\/12\/brush-for-gel-expert-width-4-mmlength-7-mm.webp?fit=750%2C1000&ssl=1&resize=350%2C200 1x, https:\/\/i0.wp.com\/victoriavynn.ca\/wp-content\/uploads\/2025\/12\/brush-for-gel-expert-width-4-mmlength-7-mm.webp?fit=750%2C1000&ssl=1&resize=525%2C300 1.5x, https:\/\/i0.wp.com\/victoriavynn.ca\/wp-content\/uploads\/2025\/12\/brush-for-gel-expert-width-4-mmlength-7-mm.webp?fit=750%2C1000&ssl=1&resize=700%2C400 2x"},"classes":[]},{"id":42959,"url":"https:\/\/victoriavynn.ca\/fr\/product\/ulka-dry-heat-sterilizer-jupiter-10v\/","url_meta":{"origin":13439,"position":5},"title":"\u00dcLKA St\u00e9rilisateur \u00e0 chaleur s\u00e8che Jupiter 10V","author":"Serge Sahakian","date":"D\u00e9cembre 10, 2025","format":false,"excerpt":"L'\u00dcLKA Jupiter 10V est un st\u00e9rilisateur \u00e0 chaleur s\u00e8che de grande capacit\u00e9 con\u00e7u pour les salons de coiffure tr\u00e8s fr\u00e9quent\u00e9s. Il permet une st\u00e9rilisation rapide et sans produits chimiques, prot\u00e8ge les outils m\u00e9talliques et garantit une hygi\u00e8ne compl\u00e8te \u00e0 chaque cycle. Sp\u00e9cifications du produit : St\u00e9rilisateur \u00e0 chaleur s\u00e8che de grande capacit\u00e9 pour les salons de coiffure \u00e0 grand volume Chauffage rapide et contr\u00f4le stable de la temp\u00e9rature St\u00e9rilisation sans produits chimiques - pas de corrosion ni d'humidit\u00e9 Durable....","rel":"","context":"Similar post","block_context":{"text":"Similar post","link":""},"img":{"alt_text":"ulka dry heat sterilzier jupiter 10v","src":"https:\/\/i0.wp.com\/victoriavynn.ca\/wp-content\/uploads\/2025\/12\/ulka-dry-heat-sterilzier-jupiter-10v.webp?fit=750%2C1000&ssl=1&resize=350%2C200","width":350,"height":200,"srcset":"https:\/\/i0.wp.com\/victoriavynn.ca\/wp-content\/uploads\/2025\/12\/ulka-dry-heat-sterilzier-jupiter-10v.webp?fit=750%2C1000&ssl=1&resize=350%2C200 1x, https:\/\/i0.wp.com\/victoriavynn.ca\/wp-content\/uploads\/2025\/12\/ulka-dry-heat-sterilzier-jupiter-10v.webp?fit=750%2C1000&ssl=1&resize=525%2C300 1.5x, https:\/\/i0.wp.com\/victoriavynn.ca\/wp-content\/uploads\/2025\/12\/ulka-dry-heat-sterilzier-jupiter-10v.webp?fit=750%2C1000&ssl=1&resize=700%2C400 2x"},"classes":[]}],"jetpack_sharing_enabled":true,"_links":{"self":[{"href":"https:\/\/victoriavynn.ca\/fr\/wp-json\/wp\/v2\/product\/13439","targetHints":{"allow":["GET"]}}],"collection":[{"href":"https:\/\/victoriavynn.ca\/fr\/wp-json\/wp\/v2\/product"}],"about":[{"href":"https:\/\/victoriavynn.ca\/fr\/wp-json\/wp\/v2\/types\/product"}],"replies":[{"embeddable":true,"href":"https:\/\/victoriavynn.ca\/fr\/wp-json\/wp\/v2\/comments?post=13439"}],"wp:featuredmedia":[{"embeddable":true,"href":"https:\/\/victoriavynn.ca\/fr\/wp-json\/wp\/v2\/media\/13450"}],"wp:attachment":[{"href":"https:\/\/victoriavynn.ca\/fr\/wp-json\/wp\/v2\/media?parent=13439"}],"wp:term":[{"taxonomy":"product_brand","embeddable":true,"href":"https:\/\/victoriavynn.ca\/fr\/wp-json\/wp\/v2\/product_brand?post=13439"},{"taxonomy":"product_cat","embeddable":true,"href":"https:\/\/victoriavynn.ca\/fr\/wp-json\/wp\/v2\/product_cat?post=13439"},{"taxonomy":"product_tag","embeddable":true,"href":"https:\/\/victoriavynn.ca\/fr\/wp-json\/wp\/v2\/product_tag?post=13439"}],"curies":[{"name":"wp","href":"https:\/\/api.w.org\/{rel}","templated":true}]}}