{"id":13476,"date":"2023-06-30T01:47:42","date_gmt":"2023-06-30T05:47:42","guid":{"rendered":"https:\/\/victoriavynn.ca\/?post_type=product&#038;p=13476"},"modified":"2026-03-04T18:41:24","modified_gmt":"2026-03-04T23:41:24","slug":"staleks-pro-base-droite-inclinee-en-plastique-pour-lime-a-ongles","status":"publish","type":"product","link":"https:\/\/victoriavynn.ca\/fr\/product\/staleks-pro-slanted-straight-plastic-base-for-nail-file\/","title":{"rendered":"Staleks PRO Base plastique droite inclin\u00e9e pour lime \u00e0 ongles Expert 20"},"content":{"rendered":"<p>Staleks PRO Base plastique droite et inclin\u00e9e pour lime \u00e0 ongles Expert 20 - Compatible avec les tampons de recharge adh\u00e9sifs et papmAm.<\/p>\n<ul>\n<li>en plastique tr\u00e8s r\u00e9sistant<\/li>\n<li>l\u00e9ger<\/li>\n<li>confortable pendant le travail<\/li>\n<li>fonctionne avec toutes sortes de limes droites en Bobbinail<\/li>\n<li>le c\u00f4t\u00e9 convexe est recommand\u00e9 pour le polissage des plis lat\u00e9raux de l'ongle, ainsi que pour le traitement des callosit\u00e9s sur les orteils<\/li>\n<\/ul>\n<p>IMPORTANT ! Il ne peut pas \u00eatre st\u00e9rilis\u00e9 dans un four \u00e0 chaleur s\u00e8che ou dans un autoclave.<\/p>","protected":false},"excerpt":{"rendered":"<p>Staleks PRO Base plastique droite et inclin\u00e9e pour lime \u00e0 ongles Expert 20 - Compatible avec les tampons de recharge adh\u00e9sifs et papmAm. Victoria VYNN s'est associ\u00e9e \u00e0 Staleks au Canada pour fournir un ensemble complet de produits professionnels afin de rendre le travail de la technicienne en ongles compl\u00e8tement id\u00e9al.<\/p>\n<p>Sp\u00e9cifications du produit :<\/p>\n<p><img loading=\"lazy\" decoding=\"async\" class=\"size-full wp-image-13477 alignleft\" src=\"https:\/\/victoriavynn.ca\/wp-content\/uploads\/2023\/06\/modern-look.webp\" alt=\"\" width=\"125\" height=\"150\" srcset=\"https:\/\/i0.wp.com\/victoriavynn.ca\/wp-content\/uploads\/2023\/06\/modern-look.webp?w=125&amp;ssl=1 125w, https:\/\/i0.wp.com\/victoriavynn.ca\/wp-content\/uploads\/2023\/06\/modern-look.webp?resize=64%2C77&amp;ssl=1 64w, https:\/\/i0.wp.com\/victoriavynn.ca\/wp-content\/uploads\/2023\/06\/modern-look.webp?resize=10%2C12&amp;ssl=1 10w\" sizes=\"auto, (max-width: 125px) 100vw, 125px\" \/> <img loading=\"lazy\" decoding=\"async\" class=\"size-medium wp-image-13478 alignleft\" src=\"https:\/\/victoriavynn.ca\/wp-content\/uploads\/2023\/06\/high-strength-plastic.webp\" alt=\"\" width=\"125\" height=\"150\" srcset=\"https:\/\/i0.wp.com\/victoriavynn.ca\/wp-content\/uploads\/2023\/06\/high-strength-plastic.webp?w=125&amp;ssl=1 125w, https:\/\/i0.wp.com\/victoriavynn.ca\/wp-content\/uploads\/2023\/06\/high-strength-plastic.webp?resize=64%2C77&amp;ssl=1 64w, https:\/\/i0.wp.com\/victoriavynn.ca\/wp-content\/uploads\/2023\/06\/high-strength-plastic.webp?resize=10%2C12&amp;ssl=1 10w\" sizes=\"auto, (max-width: 125px) 100vw, 125px\" \/> <img loading=\"lazy\" decoding=\"async\" class=\"size-medium wp-image-13479 alignleft\" src=\"https:\/\/victoriavynn.ca\/wp-content\/uploads\/2023\/06\/light-weight.webp\" alt=\"\" width=\"125\" height=\"150\" srcset=\"https:\/\/i0.wp.com\/victoriavynn.ca\/wp-content\/uploads\/2023\/06\/light-weight.webp?w=125&amp;ssl=1 125w, https:\/\/i0.wp.com\/victoriavynn.ca\/wp-content\/uploads\/2023\/06\/light-weight.webp?resize=64%2C77&amp;ssl=1 64w, https:\/\/i0.wp.com\/victoriavynn.ca\/wp-content\/uploads\/2023\/06\/light-weight.webp?resize=10%2C12&amp;ssl=1 10w\" sizes=\"auto, (max-width: 125px) 100vw, 125px\" \/><\/p>\n<p>&nbsp;<\/p>\n<p>&nbsp;<\/p>\n<p>&nbsp;<\/p>\n<p>&nbsp;<\/p>","protected":false},"featured_media":13514,"comment_status":"open","ping_status":"closed","template":"","meta":{"jetpack_post_was_ever_published":false,"jetpack_publicize_message":"","jetpack_publicize_feature_enabled":true,"jetpack_social_post_already_shared":false,"jetpack_social_options":{"image_generator_settings":{"template":"highway","default_image_id":0,"font":"","enabled":false},"version":2}},"product_brand":[935],"product_cat":[647],"product_tag":[650],"class_list":{"0":"post-13476","1":"product","2":"type-product","3":"status-publish","4":"has-post-thumbnail","6":"product_brand-staleks","7":"product_cat-staleks-abrasives-bases","8":"product_tag-papmam-abrasives-bases","9":"pa_size-130mm","10":"pa_size-160mm","12":"first","13":"instock","14":"taxable","15":"shipping-taxable","16":"purchasable","17":"product-type-variable","18":"wvs-archive-product-wrapper"},"jetpack_publicize_connections":[],"jetpack-related-posts":[{"id":51463,"url":"https:\/\/victoriavynn.ca\/fr\/product\/staleks-straight-wide-mineral-nail-file-100-100-grit-50-pcs\/","url_meta":{"origin":13476,"position":0},"title":"Staleks Lime \u00e0 ongles min\u00e9rale large et droite 100\/100 grit (50 pcs)","author":"Serge Sahakian","date":"mars 4, 2026","format":false,"excerpt":"NF-30-100\/100-50","rel":"","context":"Similar post","block_context":{"text":"Similar post","link":""},"img":{"alt_text":"straight 100-100 (50 pack) copy","src":"https:\/\/i0.wp.com\/victoriavynn.ca\/wp-content\/uploads\/2026\/03\/straight-100-100-50-pack-copy.webp?fit=750%2C1000&ssl=1&resize=350%2C200","width":350,"height":200,"srcset":"https:\/\/i0.wp.com\/victoriavynn.ca\/wp-content\/uploads\/2026\/03\/straight-100-100-50-pack-copy.webp?fit=750%2C1000&ssl=1&resize=350%2C200 1x, https:\/\/i0.wp.com\/victoriavynn.ca\/wp-content\/uploads\/2026\/03\/straight-100-100-50-pack-copy.webp?fit=750%2C1000&ssl=1&resize=525%2C300 1.5x, https:\/\/i0.wp.com\/victoriavynn.ca\/wp-content\/uploads\/2026\/03\/straight-100-100-50-pack-copy.webp?fit=750%2C1000&ssl=1&resize=700%2C400 2x"},"classes":[]},{"id":51460,"url":"https:\/\/victoriavynn.ca\/fr\/product\/staleks-straight-wide-mineral-nail-file-80-80-grit-50-pcs\/","url_meta":{"origin":13476,"position":1},"title":"Staleks Lime \u00e0 ongles min\u00e9rale large et droite 80\/80 (50 pcs)","author":"Serge Sahakian","date":"mars 4, 2026","format":false,"excerpt":"NF-30-80\/80-50","rel":"","context":"Similar post","block_context":{"text":"Similar post","link":""},"img":{"alt_text":"straight 80-80 (50 pack) copy","src":"https:\/\/i0.wp.com\/victoriavynn.ca\/wp-content\/uploads\/2026\/03\/straight-80-80-50-pack-copy.webp?fit=750%2C1000&ssl=1&resize=350%2C200","width":350,"height":200,"srcset":"https:\/\/i0.wp.com\/victoriavynn.ca\/wp-content\/uploads\/2026\/03\/straight-80-80-50-pack-copy.webp?fit=750%2C1000&ssl=1&resize=350%2C200 1x, https:\/\/i0.wp.com\/victoriavynn.ca\/wp-content\/uploads\/2026\/03\/straight-80-80-50-pack-copy.webp?fit=750%2C1000&ssl=1&resize=525%2C300 1.5x, https:\/\/i0.wp.com\/victoriavynn.ca\/wp-content\/uploads\/2026\/03\/straight-80-80-50-pack-copy.webp?fit=750%2C1000&ssl=1&resize=700%2C400 2x"},"classes":[]},{"id":41801,"url":"https:\/\/victoriavynn.ca\/fr\/product\/staleks-pro-crescent-mineral-nail-file-expert-40-100-180-grit-25-pcs\/","url_meta":{"origin":13476,"position":2},"title":"Staleks PRO Crescent Mineral Nail File EXPERT 40 100\/180 grit (25 pcs)","author":"Serge Sahakian","date":"novembre 22, 2025","format":false,"excerpt":"NFE-40-100\/180-25","rel":"","context":"Similar post","block_context":{"text":"Similar post","link":""},"img":{"alt_text":"","src":"https:\/\/i0.wp.com\/victoriavynn.ca\/wp-content\/uploads\/2025\/11\/nfe-40-100-180-25-2.jpg?fit=1200%2C1200&ssl=1&resize=350%2C200","width":350,"height":200,"srcset":"https:\/\/i0.wp.com\/victoriavynn.ca\/wp-content\/uploads\/2025\/11\/nfe-40-100-180-25-2.jpg?fit=1200%2C1200&ssl=1&resize=350%2C200 1x, https:\/\/i0.wp.com\/victoriavynn.ca\/wp-content\/uploads\/2025\/11\/nfe-40-100-180-25-2.jpg?fit=1200%2C1200&ssl=1&resize=525%2C300 1.5x, https:\/\/i0.wp.com\/victoriavynn.ca\/wp-content\/uploads\/2025\/11\/nfe-40-100-180-25-2.jpg?fit=1200%2C1200&ssl=1&resize=700%2C400 2x, https:\/\/i0.wp.com\/victoriavynn.ca\/wp-content\/uploads\/2025\/11\/nfe-40-100-180-25-2.jpg?fit=1200%2C1200&ssl=1&resize=1050%2C600 3x"},"classes":[]},{"id":41803,"url":"https:\/\/victoriavynn.ca\/fr\/product\/staleks-pro-crescent-mineral-nail-file-expert-40-180-240-grit-25-pcs\/","url_meta":{"origin":13476,"position":3},"title":"Staleks PRO Crescent Mineral Nail File EXPERT 40 180\/240 grit (25 pcs)","author":"Serge Sahakian","date":"novembre 22, 2025","format":false,"excerpt":"","rel":"","context":"Similar post","block_context":{"text":"Similar post","link":""},"img":{"alt_text":"","src":"https:\/\/i0.wp.com\/victoriavynn.ca\/wp-content\/uploads\/2025\/11\/170209fb3f397da0f5397a707e858cfd.jpg?fit=1200%2C1200&ssl=1&resize=350%2C200","width":350,"height":200,"srcset":"https:\/\/i0.wp.com\/victoriavynn.ca\/wp-content\/uploads\/2025\/11\/170209fb3f397da0f5397a707e858cfd.jpg?fit=1200%2C1200&ssl=1&resize=350%2C200 1x, https:\/\/i0.wp.com\/victoriavynn.ca\/wp-content\/uploads\/2025\/11\/170209fb3f397da0f5397a707e858cfd.jpg?fit=1200%2C1200&ssl=1&resize=525%2C300 1.5x, https:\/\/i0.wp.com\/victoriavynn.ca\/wp-content\/uploads\/2025\/11\/170209fb3f397da0f5397a707e858cfd.jpg?fit=1200%2C1200&ssl=1&resize=700%2C400 2x, https:\/\/i0.wp.com\/victoriavynn.ca\/wp-content\/uploads\/2025\/11\/170209fb3f397da0f5397a707e858cfd.jpg?fit=1200%2C1200&ssl=1&resize=1050%2C600 3x"},"classes":[]},{"id":42360,"url":"https:\/\/victoriavynn.ca\/fr\/product\/staleks-pro-grinding-buff-crescent-mini-expert-41-100-180-grit-20-pcs\/","url_meta":{"origin":13476,"position":4},"title":"Staleks PRO Tampon de pon\u00e7age crescent mini EXPERT 41 100\/180 grit (20 pcs)","author":"Serge Sahakian","date":"D\u00e9cembre 2, 2025","format":false,"excerpt":"NFB-41m-100\/180-20","rel":"","context":"Similar post","block_context":{"text":"Similar post","link":""},"img":{"alt_text":"","src":"https:\/\/i0.wp.com\/victoriavynn.ca\/wp-content\/uploads\/2025\/12\/staleks-buffer_mini_boat_100_180grit_nfb-41m-100-180-20-set20tmx.jpg?fit=500%2C500&ssl=1&resize=350%2C200","width":350,"height":200},"classes":[]},{"id":42356,"url":"https:\/\/victoriavynn.ca\/fr\/product\/staleks-pro-polishing-buff-crescent-expert-41-400-3000\/","url_meta":{"origin":13476,"position":5},"title":"Staleks PRO Polishing Buff Crescent EXPERT 41 400\/3000","author":"Serge Sahakian","date":"D\u00e9cembre 2, 2025","format":false,"excerpt":"","rel":"","context":"Similar post","block_context":{"text":"Similar post","link":""},"img":{"alt_text":"","src":"https:\/\/i0.wp.com\/victoriavynn.ca\/wp-content\/uploads\/2025\/12\/nfp-41-400-3000_.jpg?fit=1200%2C1200&ssl=1&resize=350%2C200","width":350,"height":200,"srcset":"https:\/\/i0.wp.com\/victoriavynn.ca\/wp-content\/uploads\/2025\/12\/nfp-41-400-3000_.jpg?fit=1200%2C1200&ssl=1&resize=350%2C200 1x, https:\/\/i0.wp.com\/victoriavynn.ca\/wp-content\/uploads\/2025\/12\/nfp-41-400-3000_.jpg?fit=1200%2C1200&ssl=1&resize=525%2C300 1.5x, https:\/\/i0.wp.com\/victoriavynn.ca\/wp-content\/uploads\/2025\/12\/nfp-41-400-3000_.jpg?fit=1200%2C1200&ssl=1&resize=700%2C400 2x, https:\/\/i0.wp.com\/victoriavynn.ca\/wp-content\/uploads\/2025\/12\/nfp-41-400-3000_.jpg?fit=1200%2C1200&ssl=1&resize=1050%2C600 3x"},"classes":[]}],"jetpack_sharing_enabled":true,"_links":{"self":[{"href":"https:\/\/victoriavynn.ca\/fr\/wp-json\/wp\/v2\/product\/13476","targetHints":{"allow":["GET"]}}],"collection":[{"href":"https:\/\/victoriavynn.ca\/fr\/wp-json\/wp\/v2\/product"}],"about":[{"href":"https:\/\/victoriavynn.ca\/fr\/wp-json\/wp\/v2\/types\/product"}],"replies":[{"embeddable":true,"href":"https:\/\/victoriavynn.ca\/fr\/wp-json\/wp\/v2\/comments?post=13476"}],"wp:featuredmedia":[{"embeddable":true,"href":"https:\/\/victoriavynn.ca\/fr\/wp-json\/wp\/v2\/media\/13514"}],"wp:attachment":[{"href":"https:\/\/victoriavynn.ca\/fr\/wp-json\/wp\/v2\/media?parent=13476"}],"wp:term":[{"taxonomy":"product_brand","embeddable":true,"href":"https:\/\/victoriavynn.ca\/fr\/wp-json\/wp\/v2\/product_brand?post=13476"},{"taxonomy":"product_cat","embeddable":true,"href":"https:\/\/victoriavynn.ca\/fr\/wp-json\/wp\/v2\/product_cat?post=13476"},{"taxonomy":"product_tag","embeddable":true,"href":"https:\/\/victoriavynn.ca\/fr\/wp-json\/wp\/v2\/product_tag?post=13476"}],"curies":[{"name":"wp","href":"https:\/\/api.w.org\/{rel}","templated":true}]}}