{"id":13615,"date":"2023-07-01T11:30:27","date_gmt":"2023-07-01T15:30:27","guid":{"rendered":"https:\/\/victoriavynn.ca\/?post_type=product&#038;p=13615"},"modified":"2026-05-13T14:53:24","modified_gmt":"2026-05-13T18:53:24","slug":"staleks-pro-pro-adhesive-nail-file-refill-donut-roll","status":"publish","type":"product","link":"https:\/\/victoriavynn.ca\/fr\/product\/staleks-pro-adhesive-nail-file-refill-donut-roll\/","title":{"rendered":"Staleks PRO Lime \u00e0 ongles adh\u00e9sive Recharge Rouleau Donut"},"content":{"rendered":"<h4>Staleks PRO Lime \u00e0 ongles adh\u00e9sive Recharge Rouleau Donut<\/h4>\n<ul>\n<li>la possibilit\u00e9 de mesurer soi-m\u00eame la longueur du fichier jetable<\/li>\n<li>jusqu'\u00e0 80 dossiers jetables par rouleau<\/li>\n<li>abrasif de haute qualit\u00e9<\/li>\n<li>ne s'imbibe pas d'eau<\/li>\n<li>couche adh\u00e9sive fiable<\/li>\n<li>taille compacte<\/li>\n<li>le bo\u00eetier en plastique prot\u00e8ge la bande abrasive de la contamination et des dommages<\/li>\n<li>clip sp\u00e9cial pour faciliter la division de la bande abrasive<\/li>\n<li>\u00e9conomies gr\u00e2ce \u00e0 l'absence de n\u00e9cessit\u00e9 de racheter un conteneur en plastique (\u00e9tui de rechange disponible s\u00e9par\u00e9ment)<\/li>\n<li>respecter l'environnement en r\u00e9duisant la consommation de plastique<\/li>\n<li>mat\u00e9riau min\u00e9ral abrasif carbure de silicium<\/li>\n<li>abrasif suisse de qualit\u00e9 sup\u00e9rieure qui conserve ses propri\u00e9t\u00e9s pendant longtemps (exclusif)<\/li>\n<li>les outils dot\u00e9s de ce rev\u00eatement vous permettent de donner \u00e0 vos ongles une apparence parfaite (Exclusif)<\/li>\n<li>corrige et lisse facilement la plaque de l'ongle ; le r\u00e9sultat est obtenu plus rapidement qu'avec d'autres qualit\u00e9s d'\u00e9meri (Exclusif)<\/li>\n<\/ul>","protected":false},"excerpt":{"rendered":"<p>Le populaire rouleau de limes \u00e0 ongles adh\u00e9sives Staleks PRO est l'un des outils les plus efficaces et les plus professionnels qu'un technicien de l'ongle puisse avoir !  Une large gamme de tailles, de grains, de types et de couleurs est disponible dans cette cat\u00e9gorie. Victoria VYNN s'est associ\u00e9e \u00e0 Staleks au Canada pour fournir un ensemble complet de produits professionnels afin de rendre le travail de la technicienne en ongles compl\u00e8tement id\u00e9al.<\/p>\n<p>Compatible avec :<\/p>\n<ul>\n<li><a href=\"https:\/\/victoriavynn.ca\/fr\/produit\/staleks-pro-metal-crescent-base-for-nail-file\/\">Staleks PRO Metal Crescent Base for Nail File Expert 40 (160mm)<\/a><\/li>\n<li><a href=\"https:\/\/victoriavynn.ca\/fr\/produit\/staleks-pro-metal-straight-base-for-nail-file-expert-20\/\">Staleks PRO Base droite en m\u00e9tal pour lime \u00e0 ongles Expert 20<\/a><\/li>\n<li><a href=\"https:\/\/victoriavynn.ca\/fr\/produit\/staleks-pro-croissant-incline-base-plastique\/\">Staleks PRO Base plastique en forme de croissant inclin\u00e9 pour lime \u00e0 ongles Expert 40 (160mm)<\/a><\/li>\n<li><a href=\"https:\/\/victoriavynn.ca\/fr\/produit\/staleks-pro-base-droite-inclinee-en-plastique-pour-lime-a-ongles\/\">Staleks PRO Base plastique droite inclin\u00e9e pour lime \u00e0 ongles Expert 20<\/a><\/li>\n<li><a href=\"https:\/\/victoriavynn.ca\/fr\/produit\/staleks-pro-metal-base-for-polishing-nail-file-expert-50\/\">Staleks PRO Base m\u00e9tallique pour lime \u00e0 ongles Expert 50 (75mm)<\/a><\/li>\n<li><a href=\"https:\/\/victoriavynn.ca\/fr\/produit\/staleks-pro-slanted-short-straight-plastic-base\/\">Staleks PRO Base plastique courte et droite pour lime \u00e0 ongles Expert 50 (75mm)<\/a><\/li>\n<\/ul>\n<p>Sp\u00e9cifications du produit :<\/p>\n<p><img loading=\"lazy\" decoding=\"async\" class=\"size-full wp-image-13079 alignleft\" src=\"https:\/\/victoriavynn.ca\/wp-content\/uploads\/2023\/06\/moisture-resistant.webp\" alt=\"R\u00c9SISTANT \u00c0 L&#039;HUMIDIT\u00c9\" width=\"125\" height=\"150\" srcset=\"https:\/\/i0.wp.com\/victoriavynn.ca\/wp-content\/uploads\/2023\/06\/moisture-resistant.webp?w=125&amp;ssl=1 125w, https:\/\/i0.wp.com\/victoriavynn.ca\/wp-content\/uploads\/2023\/06\/moisture-resistant.webp?resize=10%2C12&amp;ssl=1 10w, https:\/\/i0.wp.com\/victoriavynn.ca\/wp-content\/uploads\/2023\/06\/moisture-resistant.webp?resize=64%2C77&amp;ssl=1 64w\" sizes=\"auto, (max-width: 125px) 100vw, 125px\" \/><\/p>\n<p><img loading=\"lazy\" decoding=\"async\" class=\"size-full wp-image-13618 alignleft\" src=\"https:\/\/victoriavynn.ca\/wp-content\/uploads\/2023\/07\/economical.webp\" alt=\"ECONOMIQUE\" width=\"125\" height=\"150\" srcset=\"https:\/\/i0.wp.com\/victoriavynn.ca\/wp-content\/uploads\/2023\/07\/economical.webp?w=125&amp;ssl=1 125w, https:\/\/i0.wp.com\/victoriavynn.ca\/wp-content\/uploads\/2023\/07\/economical.webp?resize=64%2C77&amp;ssl=1 64w, https:\/\/i0.wp.com\/victoriavynn.ca\/wp-content\/uploads\/2023\/07\/economical.webp?resize=10%2C12&amp;ssl=1 10w\" sizes=\"auto, (max-width: 125px) 100vw, 125px\" \/><\/p>\n<p><img loading=\"lazy\" decoding=\"async\" class=\"size-full wp-image-13477 alignleft\" src=\"https:\/\/victoriavynn.ca\/wp-content\/uploads\/2023\/06\/modern-look.webp\" alt=\"\" width=\"125\" height=\"150\" srcset=\"https:\/\/i0.wp.com\/victoriavynn.ca\/wp-content\/uploads\/2023\/06\/modern-look.webp?w=125&amp;ssl=1 125w, https:\/\/i0.wp.com\/victoriavynn.ca\/wp-content\/uploads\/2023\/06\/modern-look.webp?resize=64%2C77&amp;ssl=1 64w, https:\/\/i0.wp.com\/victoriavynn.ca\/wp-content\/uploads\/2023\/06\/modern-look.webp?resize=10%2C12&amp;ssl=1 10w\" sizes=\"auto, (max-width: 125px) 100vw, 125px\" \/><img loading=\"lazy\" decoding=\"async\" class=\"size-full wp-image-8772 alignleft\" src=\"https:\/\/victoriavynn.ca\/wp-content\/uploads\/2019\/11\/SALON-QUALITY.webp\" alt=\"GEL NAIL BUILDER\" width=\"125\" height=\"150\" \/><\/p>\n<p>&nbsp;<\/p>\n<p>&nbsp;<\/p>\n<p>&nbsp;<\/p>\n<p>&nbsp;<\/p>","protected":false},"featured_media":13636,"comment_status":"open","ping_status":"closed","template":"","meta":[],"product_brand":[935],"product_cat":[647],"product_tag":[650],"class_list":{"0":"post-13615","1":"product","2":"type-product","3":"status-publish","4":"has-post-thumbnail","6":"product_brand-staleks","7":"product_cat-staleks-abrasives-bases","8":"product_tag-papmam-abrasives-bases","10":"first","11":"instock","12":"taxable","13":"shipping-taxable","14":"purchasable","15":"product-type-variable"},"jetpack_sharing_enabled":true,"_links":{"self":[{"href":"https:\/\/victoriavynn.ca\/fr\/wp-json\/wp\/v2\/product\/13615","targetHints":{"allow":["GET"]}}],"collection":[{"href":"https:\/\/victoriavynn.ca\/fr\/wp-json\/wp\/v2\/product"}],"about":[{"href":"https:\/\/victoriavynn.ca\/fr\/wp-json\/wp\/v2\/types\/product"}],"replies":[{"embeddable":true,"href":"https:\/\/victoriavynn.ca\/fr\/wp-json\/wp\/v2\/comments?post=13615"}],"wp:featuredmedia":[{"embeddable":true,"href":"https:\/\/victoriavynn.ca\/fr\/wp-json\/wp\/v2\/media\/13636"}],"wp:attachment":[{"href":"https:\/\/victoriavynn.ca\/fr\/wp-json\/wp\/v2\/media?parent=13615"}],"wp:term":[{"taxonomy":"product_brand","embeddable":true,"href":"https:\/\/victoriavynn.ca\/fr\/wp-json\/wp\/v2\/product_brand?post=13615"},{"taxonomy":"product_cat","embeddable":true,"href":"https:\/\/victoriavynn.ca\/fr\/wp-json\/wp\/v2\/product_cat?post=13615"},{"taxonomy":"product_tag","embeddable":true,"href":"https:\/\/victoriavynn.ca\/fr\/wp-json\/wp\/v2\/product_tag?post=13615"}],"curies":[{"name":"wp","href":"https:\/\/api.w.org\/{rel}","templated":true}]}}