{"id":13892,"date":"2023-07-01T18:17:44","date_gmt":"2023-07-01T22:17:44","guid":{"rendered":"https:\/\/victoriavynn.ca\/?post_type=product&#038;p=13892"},"modified":"2026-05-13T14:53:24","modified_gmt":"2026-05-13T18:53:24","slug":"limes-abrasives-staleks-pro-papmam","status":"publish","type":"product","link":"https:\/\/victoriavynn.ca\/fr\/product\/staleks-pro-papmam-abrasive-files\/","title":{"rendered":"Limes abrasives Staleks Pro papmAm"},"content":{"rendered":"<h4>Limes abrasives Staleks Pro papmAm<\/h4>\n<ul>\n<li>limes \u00e0 ongles jetables en abrasif de premi\u00e8re qualit\u00e9 (Green-Exclusive)<\/li>\n<li>la couche interm\u00e9diaire de mousse diminue la pression sur la plaque de l'ongle (Soft Base)<\/li>\n<li>un rev\u00eatement sp\u00e9cial en st\u00e9arate emp\u00eache l'encrassement de l'abrasif<\/li>\n<li>abrasif de haute qualit\u00e9 avec protection contre les poussi\u00e8res organiques<\/li>\n<li>base artisanale respectueuse de l'environnement<\/li>\n<li>fixation et retrait faciles de la lime de la base<\/li>\n<li>fixation fiable<\/li>\n<li>un outil propre et sans colle apr\u00e8s le travail<\/li>\n<li>\u00e0 usage unique<\/li>\n<\/ul>","protected":false},"excerpt":{"rendered":"<p>Les limes abrasives populaires Staleks Pro papmAm sont parmi les outils les plus efficaces et les plus professionnels qu'un technicien de l'ongle puisse avoir !  Une large gamme de tailles, de grains, de types et de couleurs est disponible dans cette cat\u00e9gorie. Victoria VYNN s'est associ\u00e9e \u00e0 Staleks au Canada pour fournir un ensemble complet de produits professionnels afin de rendre le travail de la technicienne en ongles compl\u00e8tement id\u00e9al.<\/p>\n<p>Compatible avec :<\/p>\n<ul>\n<li><a href=\"https:\/\/victoriavynn.ca\/fr\/produit\/staleks-pro-metal-straight-base-for-nail-file-expert-20\/\">Staleks PRO Base droite en m\u00e9tal pour lime \u00e0 ongles Expert 20<\/a><\/li>\n<li><a href=\"https:\/\/victoriavynn.ca\/fr\/produit\/staleks-pro-base-droite-inclinee-en-plastique-pour-lime-a-ongles\/\">Staleks PRO Base plastique droite inclin\u00e9e pour lime \u00e0 ongles Expert 20<\/a><\/li>\n<\/ul>\n<p>Sp\u00e9cifications du produit :<\/p>\n<p><img loading=\"lazy\" decoding=\"async\" class=\"size-full wp-image-8772 alignleft\" src=\"https:\/\/victoriavynn.ca\/wp-content\/uploads\/2019\/11\/SALON-QUALITY.webp\" alt=\"GEL NAIL BUILDER\" width=\"125\" height=\"150\" \/><img loading=\"lazy\" decoding=\"async\" class=\"size-full wp-image-13079 alignleft\" src=\"https:\/\/victoriavynn.ca\/wp-content\/uploads\/2023\/06\/moisture-resistant.webp\" alt=\"R\u00c9SISTANT \u00c0 L&#039;HUMIDIT\u00c9\" width=\"125\" height=\"150\" srcset=\"https:\/\/i0.wp.com\/victoriavynn.ca\/wp-content\/uploads\/2023\/06\/moisture-resistant.webp?w=125&amp;ssl=1 125w, https:\/\/i0.wp.com\/victoriavynn.ca\/wp-content\/uploads\/2023\/06\/moisture-resistant.webp?resize=10%2C12&amp;ssl=1 10w, https:\/\/i0.wp.com\/victoriavynn.ca\/wp-content\/uploads\/2023\/06\/moisture-resistant.webp?resize=64%2C77&amp;ssl=1 64w\" sizes=\"auto, (max-width: 125px) 100vw, 125px\" \/><\/p>\n<p><img loading=\"lazy\" decoding=\"async\" class=\"size-full wp-image-13618 alignleft\" src=\"https:\/\/victoriavynn.ca\/wp-content\/uploads\/2023\/07\/economical.webp\" alt=\"ECONOMIQUE\" width=\"125\" height=\"150\" srcset=\"https:\/\/i0.wp.com\/victoriavynn.ca\/wp-content\/uploads\/2023\/07\/economical.webp?w=125&amp;ssl=1 125w, https:\/\/i0.wp.com\/victoriavynn.ca\/wp-content\/uploads\/2023\/07\/economical.webp?resize=64%2C77&amp;ssl=1 64w, https:\/\/i0.wp.com\/victoriavynn.ca\/wp-content\/uploads\/2023\/07\/economical.webp?resize=10%2C12&amp;ssl=1 10w\" sizes=\"auto, (max-width: 125px) 100vw, 125px\" \/><\/p>\n<p><img loading=\"lazy\" decoding=\"async\" class=\"size-full wp-image-13893 alignleft\" src=\"https:\/\/victoriavynn.ca\/wp-content\/uploads\/2023\/07\/easy-to-use.webp\" alt=\"FACILE \u00c0 UTILISER\" width=\"125\" height=\"150\" srcset=\"https:\/\/i0.wp.com\/victoriavynn.ca\/wp-content\/uploads\/2023\/07\/easy-to-use.webp?w=125&amp;ssl=1 125w, https:\/\/i0.wp.com\/victoriavynn.ca\/wp-content\/uploads\/2023\/07\/easy-to-use.webp?resize=64%2C77&amp;ssl=1 64w, https:\/\/i0.wp.com\/victoriavynn.ca\/wp-content\/uploads\/2023\/07\/easy-to-use.webp?resize=10%2C12&amp;ssl=1 10w\" sizes=\"auto, (max-width: 125px) 100vw, 125px\" \/><\/p>\n<p>&nbsp;<\/p>\n<p>&nbsp;<\/p>\n<p>&nbsp;<\/p>\n<p>&nbsp;<\/p>","protected":false},"featured_media":13949,"comment_status":"open","ping_status":"closed","template":"","meta":[],"product_brand":[935],"product_cat":[647],"product_tag":[650],"class_list":{"0":"post-13892","1":"product","2":"type-product","3":"status-publish","4":"has-post-thumbnail","6":"product_brand-staleks","7":"product_cat-staleks-abrasives-bases","8":"product_tag-papmam-abrasives-bases","10":"first","11":"instock","12":"taxable","13":"shipping-taxable","14":"purchasable","15":"product-type-variable"},"jetpack_sharing_enabled":true,"_links":{"self":[{"href":"https:\/\/victoriavynn.ca\/fr\/wp-json\/wp\/v2\/product\/13892","targetHints":{"allow":["GET"]}}],"collection":[{"href":"https:\/\/victoriavynn.ca\/fr\/wp-json\/wp\/v2\/product"}],"about":[{"href":"https:\/\/victoriavynn.ca\/fr\/wp-json\/wp\/v2\/types\/product"}],"replies":[{"embeddable":true,"href":"https:\/\/victoriavynn.ca\/fr\/wp-json\/wp\/v2\/comments?post=13892"}],"wp:featuredmedia":[{"embeddable":true,"href":"https:\/\/victoriavynn.ca\/fr\/wp-json\/wp\/v2\/media\/13949"}],"wp:attachment":[{"href":"https:\/\/victoriavynn.ca\/fr\/wp-json\/wp\/v2\/media?parent=13892"}],"wp:term":[{"taxonomy":"product_brand","embeddable":true,"href":"https:\/\/victoriavynn.ca\/fr\/wp-json\/wp\/v2\/product_brand?post=13892"},{"taxonomy":"product_cat","embeddable":true,"href":"https:\/\/victoriavynn.ca\/fr\/wp-json\/wp\/v2\/product_cat?post=13892"},{"taxonomy":"product_tag","embeddable":true,"href":"https:\/\/victoriavynn.ca\/fr\/wp-json\/wp\/v2\/product_tag?post=13892"}],"curies":[{"name":"wp","href":"https:\/\/api.w.org\/{rel}","templated":true}]}}