{"id":14007,"date":"2023-07-03T14:16:27","date_gmt":"2023-07-03T18:16:27","guid":{"rendered":"https:\/\/victoriavynn.ca\/?post_type=product&#038;p=14007"},"modified":"2026-03-04T18:50:12","modified_gmt":"2026-03-04T23:50:12","slug":"staleks-pro-papmam-nail-file-refill-donut-roll","status":"publish","type":"product","link":"https:\/\/victoriavynn.ca\/fr\/product\/staleks-pro-papmam-nail-file-refill-donut-roll\/","title":{"rendered":"Staleks PRO papmAm Nail File Refill Donut Roll"},"content":{"rendered":"<h4>Staleks PRO papmAm Nail File Refill Donut Roll<\/h4>\n<ul>\n<li>Les limes jetables Papmam sont plac\u00e9es sur la base de la lime \u00e0 ongles en tant qu'\u00e9tui.<\/li>\n<li>La longueur de la bande abrasive jetable est de 7 m.<\/li>\n<li>La possibilit\u00e9 de mesurer librement la longueur du fichier amovible<\/li>\n<li>Abrasif blanc de haute qualit\u00e9 EXPERT White est hygi\u00e9nique dans le travail<\/li>\n<li>Fixation fiable<\/li>\n<li>Fixation et retrait ais\u00e9s du dossier papmAm de la base<\/li>\n<li>Un outil propre et sans colle apr\u00e8s le travail<\/li>\n<li>Le bo\u00eetier en plastique prot\u00e8ge la bande abrasive de la salet\u00e9 et des dommages.<\/li>\n<li>Clip sp\u00e9cial pour diviser facilement le ruban abrasif papmAm<\/li>\n<li>L'abrasif conserve ses propri\u00e9t\u00e9s pendant longtemps<\/li>\n<li>Base artisanale respectueuse de l'environnement<\/li>\n<li>Nouvelle forme d'\u00e9tui et clip sp\u00e9cial pour diviser facilement le ruban abrasif papmAm<\/li>\n<li>Jusqu'\u00e0 80 dossiers papmAm jetables par rouleau<\/li>\n<li>Taille compacte<\/li>\n<\/ul>","protected":false},"excerpt":{"rendered":"<p>Staleks PRO papmAm Nail File Refill Donut Roll est l'un des outils les plus efficaces et les plus professionnels que tout technicien de l'ongle puisse avoir !  Une large gamme de tailles, de grains, de types et de couleurs est disponible dans cette cat\u00e9gorie. Victoria VYNN s'est associ\u00e9e \u00e0 Staleks au Canada pour fournir un ensemble complet de produits professionnels afin de rendre le travail de la technicienne en ongles compl\u00e8tement id\u00e9al.<\/p>\n<p>Compatible avec :<\/p>\n<ul>\n<li><a href=\"https:\/\/victoriavynn.ca\/fr\/produit\/staleks-pro-metal-straight-base-for-nail-file-expert-20\/\">Staleks PRO Base droite en m\u00e9tal pour lime \u00e0 ongles Expert 20<\/a><\/li>\n<li><a href=\"https:\/\/victoriavynn.ca\/fr\/produit\/staleks-pro-base-droite-inclinee-en-plastique-pour-lime-a-ongles\/\">Staleks PRO Base plastique droite inclin\u00e9e pour lime \u00e0 ongles Expert 20<\/a><\/li>\n<\/ul>\n<p>Sp\u00e9cifications du produit :<\/p>\n<p><img loading=\"lazy\" decoding=\"async\" class=\"size-full wp-image-13079 alignleft\" src=\"http:\/\/victoriavynn.ca\/wp-content\/uploads\/2023\/06\/moisture-resistant.webp\" alt=\"R\u00c9SISTANT \u00c0 L&#039;HUMIDIT\u00c9\" width=\"125\" height=\"150\" srcset=\"https:\/\/i0.wp.com\/victoriavynn.ca\/wp-content\/uploads\/2023\/06\/moisture-resistant.webp?w=125&amp;ssl=1 125w, https:\/\/i0.wp.com\/victoriavynn.ca\/wp-content\/uploads\/2023\/06\/moisture-resistant.webp?resize=10%2C12&amp;ssl=1 10w, https:\/\/i0.wp.com\/victoriavynn.ca\/wp-content\/uploads\/2023\/06\/moisture-resistant.webp?resize=64%2C77&amp;ssl=1 64w\" sizes=\"auto, (max-width: 125px) 100vw, 125px\" \/><\/p>\n<p><img loading=\"lazy\" decoding=\"async\" class=\"size-full wp-image-13618 alignleft\" src=\"https:\/\/victoriavynn.ca\/wp-content\/uploads\/2023\/07\/economical.webp\" alt=\"ECONOMIQUE\" width=\"125\" height=\"150\" srcset=\"https:\/\/i0.wp.com\/victoriavynn.ca\/wp-content\/uploads\/2023\/07\/economical.webp?w=125&amp;ssl=1 125w, https:\/\/i0.wp.com\/victoriavynn.ca\/wp-content\/uploads\/2023\/07\/economical.webp?resize=64%2C77&amp;ssl=1 64w, https:\/\/i0.wp.com\/victoriavynn.ca\/wp-content\/uploads\/2023\/07\/economical.webp?resize=10%2C12&amp;ssl=1 10w\" sizes=\"auto, (max-width: 125px) 100vw, 125px\" \/><\/p>\n<p><img loading=\"lazy\" decoding=\"async\" class=\"size-full wp-image-13477 alignleft\" src=\"https:\/\/victoriavynn.ca\/wp-content\/uploads\/2023\/06\/modern-look.webp\" alt=\"\" width=\"125\" height=\"150\" srcset=\"https:\/\/i0.wp.com\/victoriavynn.ca\/wp-content\/uploads\/2023\/06\/modern-look.webp?w=125&amp;ssl=1 125w, https:\/\/i0.wp.com\/victoriavynn.ca\/wp-content\/uploads\/2023\/06\/modern-look.webp?resize=64%2C77&amp;ssl=1 64w, https:\/\/i0.wp.com\/victoriavynn.ca\/wp-content\/uploads\/2023\/06\/modern-look.webp?resize=10%2C12&amp;ssl=1 10w\" sizes=\"auto, (max-width: 125px) 100vw, 125px\" \/><img loading=\"lazy\" decoding=\"async\" class=\"size-full wp-image-8772 alignleft\" src=\"https:\/\/victoriavynn.ca\/wp-content\/uploads\/2019\/11\/SALON-QUALITY.webp\" alt=\"GEL NAIL BUILDER\" width=\"125\" height=\"150\" \/><\/p>\n<p>&nbsp;<\/p>\n<p>&nbsp;<\/p>\n<p>&nbsp;<\/p>\n<p>&nbsp;<\/p>","protected":false},"featured_media":14041,"comment_status":"open","ping_status":"closed","template":"","meta":{"jetpack_post_was_ever_published":false,"jetpack_publicize_message":"","jetpack_publicize_feature_enabled":true,"jetpack_social_post_already_shared":false,"jetpack_social_options":{"image_generator_settings":{"template":"highway","default_image_id":0,"font":"","enabled":false},"version":2}},"product_brand":[935],"product_cat":[647],"product_tag":[650],"class_list":{"0":"post-14007","1":"product","2":"type-product","3":"status-publish","4":"has-post-thumbnail","6":"product_brand-staleks","7":"product_cat-staleks-abrasives-bases","8":"product_tag-papmam-abrasives-bases","10":"first","11":"instock","12":"taxable","13":"shipping-taxable","14":"purchasable","15":"product-type-variable"},"jetpack_publicize_connections":[],"jetpack-related-posts":[{"id":41803,"url":"https:\/\/victoriavynn.ca\/fr\/product\/staleks-pro-crescent-mineral-nail-file-expert-40-180-240-grit-25-pcs\/","url_meta":{"origin":14007,"position":0},"title":"Staleks PRO Crescent Mineral Nail File EXPERT 40 180\/240 grit (25 pcs)","author":"Serge Sahakian","date":"novembre 22, 2025","format":false,"excerpt":"","rel":"","context":"Similar post","block_context":{"text":"Similar post","link":""},"img":{"alt_text":"","src":"https:\/\/i0.wp.com\/victoriavynn.ca\/wp-content\/uploads\/2025\/11\/170209fb3f397da0f5397a707e858cfd.jpg?fit=1200%2C1200&ssl=1&resize=350%2C200","width":350,"height":200,"srcset":"https:\/\/i0.wp.com\/victoriavynn.ca\/wp-content\/uploads\/2025\/11\/170209fb3f397da0f5397a707e858cfd.jpg?fit=1200%2C1200&ssl=1&resize=350%2C200 1x, https:\/\/i0.wp.com\/victoriavynn.ca\/wp-content\/uploads\/2025\/11\/170209fb3f397da0f5397a707e858cfd.jpg?fit=1200%2C1200&ssl=1&resize=525%2C300 1.5x, https:\/\/i0.wp.com\/victoriavynn.ca\/wp-content\/uploads\/2025\/11\/170209fb3f397da0f5397a707e858cfd.jpg?fit=1200%2C1200&ssl=1&resize=700%2C400 2x, https:\/\/i0.wp.com\/victoriavynn.ca\/wp-content\/uploads\/2025\/11\/170209fb3f397da0f5397a707e858cfd.jpg?fit=1200%2C1200&ssl=1&resize=1050%2C600 3x"},"classes":[]},{"id":41801,"url":"https:\/\/victoriavynn.ca\/fr\/product\/staleks-pro-crescent-mineral-nail-file-expert-40-100-180-grit-25-pcs\/","url_meta":{"origin":14007,"position":1},"title":"Staleks PRO Crescent Mineral Nail File EXPERT 40 100\/180 grit (25 pcs)","author":"Serge Sahakian","date":"novembre 22, 2025","format":false,"excerpt":"NFE-40-100\/180-25","rel":"","context":"Similar post","block_context":{"text":"Similar post","link":""},"img":{"alt_text":"","src":"https:\/\/i0.wp.com\/victoriavynn.ca\/wp-content\/uploads\/2025\/11\/nfe-40-100-180-25-2.jpg?fit=1200%2C1200&ssl=1&resize=350%2C200","width":350,"height":200,"srcset":"https:\/\/i0.wp.com\/victoriavynn.ca\/wp-content\/uploads\/2025\/11\/nfe-40-100-180-25-2.jpg?fit=1200%2C1200&ssl=1&resize=350%2C200 1x, https:\/\/i0.wp.com\/victoriavynn.ca\/wp-content\/uploads\/2025\/11\/nfe-40-100-180-25-2.jpg?fit=1200%2C1200&ssl=1&resize=525%2C300 1.5x, https:\/\/i0.wp.com\/victoriavynn.ca\/wp-content\/uploads\/2025\/11\/nfe-40-100-180-25-2.jpg?fit=1200%2C1200&ssl=1&resize=700%2C400 2x, https:\/\/i0.wp.com\/victoriavynn.ca\/wp-content\/uploads\/2025\/11\/nfe-40-100-180-25-2.jpg?fit=1200%2C1200&ssl=1&resize=1050%2C600 3x"},"classes":[]},{"id":42356,"url":"https:\/\/victoriavynn.ca\/fr\/product\/staleks-pro-polishing-buff-crescent-expert-41-400-3000\/","url_meta":{"origin":14007,"position":2},"title":"Staleks PRO Polishing Buff Crescent EXPERT 41 400\/3000","author":"Serge Sahakian","date":"D\u00e9cembre 2, 2025","format":false,"excerpt":"","rel":"","context":"Similar post","block_context":{"text":"Similar post","link":""},"img":{"alt_text":"","src":"https:\/\/i0.wp.com\/victoriavynn.ca\/wp-content\/uploads\/2025\/12\/nfp-41-400-3000_.jpg?fit=1200%2C1200&ssl=1&resize=350%2C200","width":350,"height":200,"srcset":"https:\/\/i0.wp.com\/victoriavynn.ca\/wp-content\/uploads\/2025\/12\/nfp-41-400-3000_.jpg?fit=1200%2C1200&ssl=1&resize=350%2C200 1x, https:\/\/i0.wp.com\/victoriavynn.ca\/wp-content\/uploads\/2025\/12\/nfp-41-400-3000_.jpg?fit=1200%2C1200&ssl=1&resize=525%2C300 1.5x, https:\/\/i0.wp.com\/victoriavynn.ca\/wp-content\/uploads\/2025\/12\/nfp-41-400-3000_.jpg?fit=1200%2C1200&ssl=1&resize=700%2C400 2x, https:\/\/i0.wp.com\/victoriavynn.ca\/wp-content\/uploads\/2025\/12\/nfp-41-400-3000_.jpg?fit=1200%2C1200&ssl=1&resize=1050%2C600 3x"},"classes":[]},{"id":42362,"url":"https:\/\/victoriavynn.ca\/fr\/product\/staleks-pro-grinding-buff-rectangular-expert-51-150-grit-10-pcs\/","url_meta":{"origin":14007,"position":3},"title":"Staleks PRO Meule rectangulaire EXPERT 51 150 grit (10 pcs)","author":"Serge Sahakian","date":"D\u00e9cembre 2, 2025","format":false,"excerpt":"NFB-51-150-10","rel":"","context":"Similar post","block_context":{"text":"Similar post","link":""},"img":{"alt_text":"","src":"https:\/\/i0.wp.com\/victoriavynn.ca\/wp-content\/uploads\/2025\/12\/staleks-blok-polerka-prostokatna-pilnik-do-paznokci-kostka-nfb-51-150-10szt.jpg?fit=500%2C500&ssl=1&resize=350%2C200","width":350,"height":200},"classes":[]},{"id":42358,"url":"https:\/\/victoriavynn.ca\/fr\/product\/staleks-pro-grinding-buff-crescent-expert-41-100-180-grit-10-pcs\/","url_meta":{"origin":14007,"position":4},"title":"Staleks PRO Tampon de pon\u00e7age croissant EXPERT 41 100\/180 grit (10 pcs)","author":"Serge Sahakian","date":"D\u00e9cembre 2, 2025","format":false,"excerpt":"NFB-41-100\/180-10","rel":"","context":"Similar post","block_context":{"text":"Similar post","link":""},"img":{"alt_text":"","src":"https:\/\/i0.wp.com\/victoriavynn.ca\/wp-content\/uploads\/2025\/12\/nfb-41-100-180-10-1.jpg?fit=1000%2C1000&ssl=1&resize=350%2C200","width":350,"height":200,"srcset":"https:\/\/i0.wp.com\/victoriavynn.ca\/wp-content\/uploads\/2025\/12\/nfb-41-100-180-10-1.jpg?fit=1000%2C1000&ssl=1&resize=350%2C200 1x, https:\/\/i0.wp.com\/victoriavynn.ca\/wp-content\/uploads\/2025\/12\/nfb-41-100-180-10-1.jpg?fit=1000%2C1000&ssl=1&resize=525%2C300 1.5x, https:\/\/i0.wp.com\/victoriavynn.ca\/wp-content\/uploads\/2025\/12\/nfb-41-100-180-10-1.jpg?fit=1000%2C1000&ssl=1&resize=700%2C400 2x"},"classes":[]},{"id":42360,"url":"https:\/\/victoriavynn.ca\/fr\/product\/staleks-pro-grinding-buff-crescent-mini-expert-41-100-180-grit-20-pcs\/","url_meta":{"origin":14007,"position":5},"title":"Staleks PRO Tampon de pon\u00e7age crescent mini EXPERT 41 100\/180 grit (20 pcs)","author":"Serge Sahakian","date":"D\u00e9cembre 2, 2025","format":false,"excerpt":"NFB-41m-100\/180-20","rel":"","context":"Similar post","block_context":{"text":"Similar post","link":""},"img":{"alt_text":"","src":"https:\/\/i0.wp.com\/victoriavynn.ca\/wp-content\/uploads\/2025\/12\/staleks-buffer_mini_boat_100_180grit_nfb-41m-100-180-20-set20tmx.jpg?fit=500%2C500&ssl=1&resize=350%2C200","width":350,"height":200},"classes":[]}],"jetpack_sharing_enabled":true,"_links":{"self":[{"href":"https:\/\/victoriavynn.ca\/fr\/wp-json\/wp\/v2\/product\/14007","targetHints":{"allow":["GET"]}}],"collection":[{"href":"https:\/\/victoriavynn.ca\/fr\/wp-json\/wp\/v2\/product"}],"about":[{"href":"https:\/\/victoriavynn.ca\/fr\/wp-json\/wp\/v2\/types\/product"}],"replies":[{"embeddable":true,"href":"https:\/\/victoriavynn.ca\/fr\/wp-json\/wp\/v2\/comments?post=14007"}],"wp:featuredmedia":[{"embeddable":true,"href":"https:\/\/victoriavynn.ca\/fr\/wp-json\/wp\/v2\/media\/14041"}],"wp:attachment":[{"href":"https:\/\/victoriavynn.ca\/fr\/wp-json\/wp\/v2\/media?parent=14007"}],"wp:term":[{"taxonomy":"product_brand","embeddable":true,"href":"https:\/\/victoriavynn.ca\/fr\/wp-json\/wp\/v2\/product_brand?post=14007"},{"taxonomy":"product_cat","embeddable":true,"href":"https:\/\/victoriavynn.ca\/fr\/wp-json\/wp\/v2\/product_cat?post=14007"},{"taxonomy":"product_tag","embeddable":true,"href":"https:\/\/victoriavynn.ca\/fr\/wp-json\/wp\/v2\/product_tag?post=14007"}],"curies":[{"name":"wp","href":"https:\/\/api.w.org\/{rel}","templated":true}]}}