{"id":14044,"date":"2023-07-03T16:56:50","date_gmt":"2023-07-03T20:56:50","guid":{"rendered":"https:\/\/victoriavynn.ca\/?post_type=product&#038;p=14044"},"modified":"2026-03-04T18:50:11","modified_gmt":"2026-03-04T23:50:11","slug":"fiches-papmam-jetables-staleks-pro-sur-un-support-en-bois","status":"publish","type":"product","link":"https:\/\/victoriavynn.ca\/fr\/product\/staleks-pro-disposable-papmam-files-on-a-wooden-base\/","title":{"rendered":"Staleks PRO Fiches papmAm jetables sur socle en bois (pr\u00eates \u00e0 l'emploi)"},"content":{"rendered":"<p>Staleks PRO Limes papmAm jetables sur une base en bois<\/p>\n<ul>\n<li>La lime \u00e0 ongles est pr\u00eate \u00e0 l'emploi et la technicienne ne perd pas de temps \u00e0 pr\u00e9parer l'outil pour le travail.<\/li>\n<li>PapmAm lime jetable innovante ;<\/li>\n<li>abrasif Smart - un rev\u00eatement sp\u00e9cial en st\u00e9arate emp\u00eache le colmatage de l'abrasif ;<\/li>\n<li>une fine couche de mousse r\u00e9duit la pression sur la plaque de l'ongle ;<\/li>\n<li>Base l\u00e9g\u00e8re en bois de bouleau, un mat\u00e9riau respectueux de l'environnement ;<\/li>\n<li>l'hygi\u00e8ne et la s\u00e9curit\u00e9 au travail ;<\/li>\n<li>accessibilit\u00e9 financi\u00e8re<\/li>\n<li>PapmAm EXPERT White lime jetable innovante avec un abrasif de haute qualit\u00e9 pour un limage de haute qualit\u00e9 de la plaque ungu\u00e9ale.<\/li>\n<li>Gr\u00e2ce aux extr\u00e9mit\u00e9s s\u00fbres en papier kraft, il est impossible de blesser le client avec une lime \u00e0 ongles.<\/li>\n<li>Base en bois de bouleau \u00e9cologique, qui rend la lime \u00e0 ongles plus facile et plus pratique \u00e0 utiliser.<\/li>\n<li>A usage unique<\/li>\n<li>La lime \u00e0 ongles double face est pr\u00eate \u00e0 l'emploi et la technicienne ne perd pas de temps \u00e0 pr\u00e9parer l'outil de travail (Expert)<\/li>\n<li>Les limes jetables innovantes Papmam Mix, dot\u00e9es d'un abrasif de haute qualit\u00e9, permettent un limage de haute qualit\u00e9 de la plaque de l'ongle : (Expert)<br \/>\nabrasif noir - grain inf\u00e9rieur (pour les travaux de base)<br \/>\nabrasif bleu - grain sup\u00e9rieur (pour les travaux de finition)<\/li>\n<li>Gr\u00e2ce aux extr\u00e9mit\u00e9s s\u00e9curis\u00e9es en papier kraft, il est impossible de blesser le client avec une lime \u00e0 ongles (Expert)<\/li>\n<\/ul>","protected":false},"excerpt":{"rendered":"<p>Les limes papmAm jetables Staleks PRO sur une base en bois sont parmi les outils les plus efficaces et les plus professionnels qu'un technicien de l'ongle puisse avoir !  Une large gamme de tailles, de grains, de types et de couleurs est disponible dans cette cat\u00e9gorie. Victoria VYNN s'est associ\u00e9e \u00e0 Staleks au Canada pour fournir un ensemble complet de produits professionnels afin de rendre le travail de la technicienne en ongles compl\u00e8tement id\u00e9al.<\/p>\n<p>Sp\u00e9cifications du produit :<\/p>\n<p><img loading=\"lazy\" decoding=\"async\" class=\"size-full wp-image-13079 alignleft\" src=\"https:\/\/victoriavynn.ca\/wp-content\/uploads\/2023\/06\/moisture-resistant.webp\" alt=\"R\u00c9SISTANT \u00c0 L&#039;HUMIDIT\u00c9\" width=\"125\" height=\"150\" srcset=\"https:\/\/i0.wp.com\/victoriavynn.ca\/wp-content\/uploads\/2023\/06\/moisture-resistant.webp?w=125&amp;ssl=1 125w, https:\/\/i0.wp.com\/victoriavynn.ca\/wp-content\/uploads\/2023\/06\/moisture-resistant.webp?resize=10%2C12&amp;ssl=1 10w, https:\/\/i0.wp.com\/victoriavynn.ca\/wp-content\/uploads\/2023\/06\/moisture-resistant.webp?resize=64%2C77&amp;ssl=1 64w\" sizes=\"auto, (max-width: 125px) 100vw, 125px\" \/><\/p>\n<p><img loading=\"lazy\" decoding=\"async\" class=\"size-full wp-image-13618 alignleft\" src=\"https:\/\/victoriavynn.ca\/wp-content\/uploads\/2023\/07\/economical.webp\" alt=\"ECONOMIQUE\" width=\"125\" height=\"150\" srcset=\"https:\/\/i0.wp.com\/victoriavynn.ca\/wp-content\/uploads\/2023\/07\/economical.webp?w=125&amp;ssl=1 125w, https:\/\/i0.wp.com\/victoriavynn.ca\/wp-content\/uploads\/2023\/07\/economical.webp?resize=64%2C77&amp;ssl=1 64w, https:\/\/i0.wp.com\/victoriavynn.ca\/wp-content\/uploads\/2023\/07\/economical.webp?resize=10%2C12&amp;ssl=1 10w\" sizes=\"auto, (max-width: 125px) 100vw, 125px\" \/><\/p>\n<p><img loading=\"lazy\" decoding=\"async\" class=\"size-full wp-image-8772 alignleft\" src=\"https:\/\/victoriavynn.ca\/wp-content\/uploads\/2019\/11\/SALON-QUALITY.webp\" alt=\"GEL NAIL BUILDER\" width=\"125\" height=\"150\" \/><\/p>\n<p>&nbsp;<\/p>\n<p>&nbsp;<\/p>\n<p>&nbsp;<\/p>\n<p>&nbsp;<\/p>\n<p>&nbsp;<\/p>\n<p>&nbsp;<\/p>\n<p>&nbsp;<\/p>\n<p>&nbsp;<\/p>","protected":false},"featured_media":14084,"comment_status":"open","ping_status":"closed","template":"","meta":[],"product_brand":[935],"product_cat":[647],"product_tag":[650],"class_list":{"0":"post-14044","1":"product","2":"type-product","3":"status-publish","4":"has-post-thumbnail","6":"product_brand-staleks","7":"product_cat-staleks-abrasives-bases","8":"product_tag-papmam-abrasives-bases","10":"first","11":"instock","12":"taxable","13":"shipping-taxable","14":"purchasable","15":"product-type-variable"},"jetpack_sharing_enabled":true,"_links":{"self":[{"href":"https:\/\/victoriavynn.ca\/fr\/wp-json\/wp\/v2\/product\/14044","targetHints":{"allow":["GET"]}}],"collection":[{"href":"https:\/\/victoriavynn.ca\/fr\/wp-json\/wp\/v2\/product"}],"about":[{"href":"https:\/\/victoriavynn.ca\/fr\/wp-json\/wp\/v2\/types\/product"}],"replies":[{"embeddable":true,"href":"https:\/\/victoriavynn.ca\/fr\/wp-json\/wp\/v2\/comments?post=14044"}],"wp:featuredmedia":[{"embeddable":true,"href":"https:\/\/victoriavynn.ca\/fr\/wp-json\/wp\/v2\/media\/14084"}],"wp:attachment":[{"href":"https:\/\/victoriavynn.ca\/fr\/wp-json\/wp\/v2\/media?parent=14044"}],"wp:term":[{"taxonomy":"product_brand","embeddable":true,"href":"https:\/\/victoriavynn.ca\/fr\/wp-json\/wp\/v2\/product_brand?post=14044"},{"taxonomy":"product_cat","embeddable":true,"href":"https:\/\/victoriavynn.ca\/fr\/wp-json\/wp\/v2\/product_cat?post=14044"},{"taxonomy":"product_tag","embeddable":true,"href":"https:\/\/victoriavynn.ca\/fr\/wp-json\/wp\/v2\/product_tag?post=14044"}],"curies":[{"name":"wp","href":"https:\/\/api.w.org\/{rel}","templated":true}]}}