{"id":14510,"date":"2023-07-10T16:17:12","date_gmt":"2023-07-10T20:17:12","guid":{"rendered":"https:\/\/victoriavynn.ca\/?post_type=product&#038;p=14510"},"modified":"2026-03-04T18:40:45","modified_gmt":"2026-03-04T23:40:45","slug":"staleks-professional-ingrown-nail-nippers","status":"publish","type":"product","link":"https:\/\/victoriavynn.ca\/fr\/product\/staleks-professional-ingrown-nail-nippers\/","title":{"rendered":"Staleks Smart 71 14mm Pince \u00e0 ongles incarn\u00e9s \u00e0 m\u00e2choire compl\u00e8te"},"content":{"rendered":"<div class=\"elementor-element elementor-element-ccfb871 elementor-widget elementor-widget-heading\" data-id=\"ccfb871\" data-element_type=\"widget\" data-widget_type=\"heading.default\">\n<div class=\"elementor-widget-container\">\n<p>Double Spring Smart Professional Ingrown Nail Nippers.<\/p>\n<p class=\"elementor-heading-title elementor-size-default\">Qualit\u00e9 des produits Staleks<\/p>\n<\/div>\n<\/div>\n<div class=\"elementor-element elementor-element-145f648 u-links-anim-ul elementor-widget elementor-widget-text-editor\" data-id=\"145f648\" data-element_type=\"widget\" data-widget_type=\"text-editor.default\">\n<div class=\"elementor-widget-container\">\n<p>Staleks se consacre \u00e0 la qualit\u00e9 du produit. Le cycle de production comprend des processus d'assurance qualit\u00e9 \u00e0 l'entr\u00e9e et \u00e0 la sortie. La qualit\u00e9 des mati\u00e8res premi\u00e8res entrantes est v\u00e9rifi\u00e9e dans les laboratoires certifi\u00e9s o\u00f9 les aspects physiques et chimiques de l'acier sont analys\u00e9s. Un acier inoxydable de qualit\u00e9 m\u00e9dicale import\u00e9 d'Espagne est utilis\u00e9 pour la fabrication de tous les instruments. Ce type d'acier est exceptionnellement r\u00e9sistant \u00e0 la corrosion et poss\u00e8de une duret\u00e9 in\u00e9gal\u00e9e, garantissant un tranchant durable. L'acier est utilis\u00e9 pour les gammes d'instruments \u00e0 usage professionnel et domestique.<\/p>\n<p>L'assurance qualit\u00e9 de la production est assur\u00e9e par le d\u00e9partement CQ. Les sp\u00e9cialistes du CQ v\u00e9rifient la conformit\u00e9 de tous les produits aux r\u00e8glements et aux normes. Si des d\u00e9fauts sont constat\u00e9s, l'instrument est renvoy\u00e9 pour \u00eatre retravaill\u00e9. Cette approche m\u00e9ticuleuse garantit que seuls les produits de haute qualit\u00e9 r\u00e9pondant \u00e0 toutes les normes sont mis sur le march\u00e9.<\/p>\n<p>Staleks a mis en place la norme ISO 9001:2015, un syst\u00e8me de gestion de la qualit\u00e9 efficace et conforme aux normes internationales. Une gestion comp\u00e9tente du cycle de travail est le facteur cl\u00e9 de la fabrication de produits de premier ordre.<\/p>\n<p>Double Spring Smart Professional Ingrown Nail Nippers.<\/p>\n<\/div>\n<\/div>","protected":false},"excerpt":{"rendered":"<p>Pince \u00e0 ongles incarn\u00e9s professionnelle \u00e0 double ressort de haute qualit\u00e9.<\/p>\n<p>Staleks se consacre \u00e0 la qualit\u00e9 de ses produits. L'acier utilis\u00e9 pour la production des embouts est exceptionnellement r\u00e9sistant \u00e0 la corrosion et poss\u00e8de une duret\u00e9 in\u00e9gal\u00e9e, garantissant un tranchant durable.<\/p>\n<p>Nous nous sommes associ\u00e9s \u00e0 Staleks au Canada pour fournir un ensemble complet de produits professionnels destin\u00e9s \u00e0 rendre le travail du proth\u00e9siste ongulaire totalement id\u00e9al.<\/p>","protected":false},"featured_media":14511,"comment_status":"open","ping_status":"closed","template":"","meta":{"jetpack_post_was_ever_published":false,"jetpack_publicize_message":"","jetpack_publicize_feature_enabled":true,"jetpack_social_post_already_shared":false,"jetpack_social_options":{"image_generator_settings":{"template":"highway","default_image_id":0,"font":"","enabled":false},"version":2}},"product_brand":[935],"product_cat":[660],"product_tag":[661,368],"class_list":{"0":"post-14510","1":"product","2":"type-product","3":"status-publish","4":"has-post-thumbnail","6":"product_brand-staleks","7":"product_cat-staleks-nail-nippers-clippers","8":"product_tag-nail-nippers","9":"product_tag-staleks-smart-series","10":"product_shipping_class-cardboard-box","12":"first","13":"instock","14":"taxable","15":"shipping-taxable","16":"purchasable","17":"product-type-simple"},"jetpack_publicize_connections":[],"jetpack-related-posts":[{"id":14515,"url":"https:\/\/victoriavynn.ca\/fr\/product\/expert-professional-ingrown-nail-nippers\/","url_meta":{"origin":14510,"position":0},"title":"Staleks Expert 61 Pince \u00e0 ongles incarn\u00e9s \u00e0 m\u00e2choire compl\u00e8te","author":"Serge Sahakian","date":"juillet 10, 2023","format":false,"excerpt":"Super High Quality Double Spring Expert Professional Ingrown Nail Nippers. Staleks dedicates itself to the product quality. The Steel used for the production of the bits is exceptionally resistant to corrosion and has unmatched hardness, ensuring long-lasting sharpness. We have Partnered with Staleks in Canada to provide a Full Professional\u2026","rel":"","context":"Similar post","block_context":{"text":"Similar post","link":""},"img":{"alt_text":"Staleks Expert Professional Ingrown nail Nippers Smart 61","src":"https:\/\/i0.wp.com\/victoriavynn.ca\/wp-content\/uploads\/2023\/07\/staleks-expert-professional-ingrown-nail-nippers-smart-61-.webp?fit=750%2C1000&ssl=1&resize=350%2C200","width":350,"height":200,"srcset":"https:\/\/i0.wp.com\/victoriavynn.ca\/wp-content\/uploads\/2023\/07\/staleks-expert-professional-ingrown-nail-nippers-smart-61-.webp?fit=750%2C1000&ssl=1&resize=350%2C200 1x, https:\/\/i0.wp.com\/victoriavynn.ca\/wp-content\/uploads\/2023\/07\/staleks-expert-professional-ingrown-nail-nippers-smart-61-.webp?fit=750%2C1000&ssl=1&resize=525%2C300 1.5x, https:\/\/i0.wp.com\/victoriavynn.ca\/wp-content\/uploads\/2023\/07\/staleks-expert-professional-ingrown-nail-nippers-smart-61-.webp?fit=750%2C1000&ssl=1&resize=700%2C400 2x"},"classes":[]},{"id":14504,"url":"https:\/\/victoriavynn.ca\/fr\/product\/double-spring-smart-professional-nail-nippers\/","url_meta":{"origin":14510,"position":1},"title":"Staleks Smart 70 14mm Full Jaw Nail Nippers","author":"Serge Sahakian","date":"juillet 10, 2023","format":false,"excerpt":"Hight Quality Double Spring Smart Professional Nail Nippers. Staleks dedicates itself to the product quality. The Steel used for the production of the bits is exceptionally resistant to corrosion and has unmatched hardness, ensuring long-lasting sharpness. We have Partnered with Staleks in Canada to provide a Full Professional Package of\u2026","rel":"","context":"Similar post","block_context":{"text":"Similar post","link":""},"img":{"alt_text":"Staleks Double Spring Smart Professional Nail Nippers Professional Nail Nippers Smart 70 14mm","src":"https:\/\/i0.wp.com\/victoriavynn.ca\/wp-content\/uploads\/2023\/07\/staleks-professional-nail-nippers-smart-70-14mm-.webp?fit=750%2C1000&ssl=1&resize=350%2C200","width":350,"height":200,"srcset":"https:\/\/i0.wp.com\/victoriavynn.ca\/wp-content\/uploads\/2023\/07\/staleks-professional-nail-nippers-smart-70-14mm-.webp?fit=750%2C1000&ssl=1&resize=350%2C200 1x, https:\/\/i0.wp.com\/victoriavynn.ca\/wp-content\/uploads\/2023\/07\/staleks-professional-nail-nippers-smart-70-14mm-.webp?fit=750%2C1000&ssl=1&resize=525%2C300 1.5x, https:\/\/i0.wp.com\/victoriavynn.ca\/wp-content\/uploads\/2023\/07\/staleks-professional-nail-nippers-smart-70-14mm-.webp?fit=750%2C1000&ssl=1&resize=700%2C400 2x"},"classes":[]},{"id":14487,"url":"https:\/\/victoriavynn.ca\/fr\/product\/staleks-double-spring-classic-nail-nipper\/","url_meta":{"origin":14510,"position":2},"title":"Staleks Classic 63 14mm pince \u00e0 ongles","author":"Serge Sahakian","date":"juillet 10, 2023","format":false,"excerpt":"Double Spring Classic Nail Nipper. Staleks dedicates itself to the product quality. The Steel used for the production of the bits is exceptionally resistant to corrosion and has unmatched hardness, ensuring long-lasting sharpness. We have Partnered with Staleks in Canada to provide a Full Professional Package of Products to make\u2026","rel":"","context":"Similar post","block_context":{"text":"Similar post","link":""},"img":{"alt_text":"Staleks Classic Nail Nipper 63 14mm","src":"https:\/\/i0.wp.com\/victoriavynn.ca\/wp-content\/uploads\/2023\/07\/staleks-classic-nail-nipper-63-14mm.webp?fit=750%2C1000&ssl=1&resize=350%2C200","width":350,"height":200,"srcset":"https:\/\/i0.wp.com\/victoriavynn.ca\/wp-content\/uploads\/2023\/07\/staleks-classic-nail-nipper-63-14mm.webp?fit=750%2C1000&ssl=1&resize=350%2C200 1x, https:\/\/i0.wp.com\/victoriavynn.ca\/wp-content\/uploads\/2023\/07\/staleks-classic-nail-nipper-63-14mm.webp?fit=750%2C1000&ssl=1&resize=525%2C300 1.5x, https:\/\/i0.wp.com\/victoriavynn.ca\/wp-content\/uploads\/2023\/07\/staleks-classic-nail-nipper-63-14mm.webp?fit=750%2C1000&ssl=1&resize=700%2C400 2x"},"classes":[]},{"id":14527,"url":"https:\/\/victoriavynn.ca\/fr\/product\/staleks-expert-professional-nail-nippers\/","url_meta":{"origin":14510,"position":3},"title":"Staleks Expert 60 Pince \u00e0 ongles \u00e0 m\u00e2choire compl\u00e8te","author":"Serge Sahakian","date":"juillet 10, 2023","format":false,"excerpt":"Super High Double Spring Staleks Expert Professional Nail Nippers. Staleks dedicates itself to the product quality. The Steel used for the production of the bits is exceptionally resistant to corrosion and has unmatched hardness, ensuring long-lasting sharpness. We have Partnered with Staleks in Canada to provide a Full Professional Package\u2026","rel":"","context":"Similar post","block_context":{"text":"Similar post","link":""},"img":{"alt_text":"Staleks Expert Professional nail Nippers 60","src":"https:\/\/i0.wp.com\/victoriavynn.ca\/wp-content\/uploads\/2023\/07\/staleks-expert-professional-nail-nippers-60-.webp?fit=750%2C1000&ssl=1&resize=350%2C200","width":350,"height":200,"srcset":"https:\/\/i0.wp.com\/victoriavynn.ca\/wp-content\/uploads\/2023\/07\/staleks-expert-professional-nail-nippers-60-.webp?fit=750%2C1000&ssl=1&resize=350%2C200 1x, https:\/\/i0.wp.com\/victoriavynn.ca\/wp-content\/uploads\/2023\/07\/staleks-expert-professional-nail-nippers-60-.webp?fit=750%2C1000&ssl=1&resize=525%2C300 1.5x, https:\/\/i0.wp.com\/victoriavynn.ca\/wp-content\/uploads\/2023\/07\/staleks-expert-professional-nail-nippers-60-.webp?fit=750%2C1000&ssl=1&resize=700%2C400 2x"},"classes":[]},{"id":10310,"url":"https:\/\/victoriavynn.ca\/fr\/product\/staleks-cuticle-nipper-for-nails-smart-31\/","url_meta":{"origin":14510,"position":4},"title":"Staleks Smart 31 Pince \u00e0 cuticules professionnelle","author":"Serge Sahakian","date":"f\u00e9vrier 1, 2023","format":false,"excerpt":"Pince \u00e0 cuticules professionnelle de haute qualit\u00e9 pour les ongles. Staleks se consacre \u00e0 la qualit\u00e9 de ses produits. L'acier utilis\u00e9 pour la production des embouts est exceptionnellement r\u00e9sistant \u00e0 la corrosion et d'une duret\u00e9 in\u00e9gal\u00e9e, garantissant un tranchant durable. Nous nous sommes associ\u00e9s \u00e0 Staleks au Canada pour fournir un ensemble professionnel complet de...","rel":"","context":"Similar post","block_context":{"text":"Similar post","link":""},"img":{"alt_text":"Staleks Smart 31 Cuticle Nipper for nails","src":"https:\/\/i0.wp.com\/victoriavynn.ca\/wp-content\/uploads\/2023\/02\/Staleks-Smart-31-.webp?fit=750%2C1000&ssl=1&resize=350%2C200","width":350,"height":200,"srcset":"https:\/\/i0.wp.com\/victoriavynn.ca\/wp-content\/uploads\/2023\/02\/Staleks-Smart-31-.webp?fit=750%2C1000&ssl=1&resize=350%2C200 1x, https:\/\/i0.wp.com\/victoriavynn.ca\/wp-content\/uploads\/2023\/02\/Staleks-Smart-31-.webp?fit=750%2C1000&ssl=1&resize=525%2C300 1.5x, https:\/\/i0.wp.com\/victoriavynn.ca\/wp-content\/uploads\/2023\/02\/Staleks-Smart-31-.webp?fit=750%2C1000&ssl=1&resize=700%2C400 2x"},"classes":[]},{"id":10289,"url":"https:\/\/victoriavynn.ca\/fr\/product\/best-coil-spring-cuticle-nippers-smart-30\/","url_meta":{"origin":14510,"position":5},"title":"Staleks Smart 30 Pince \u00e0 cuticules professionnelle","author":"Serge Sahakian","date":"janvier 31, 2023","format":false,"excerpt":"Hight Quality Professional Smart Coil Spring Cuticle Nippers. Staleks dedicates itself to the product quality. The Steel used for the production of the bits is exceptionally resistant to corrosion and has unmatched hardness, ensuring long-lasting sharpness. We have Partnered with Staleks in Canada to provide a Full Professional Package of\u2026","rel":"","context":"Similar post","block_context":{"text":"Similar post","link":""},"img":{"alt_text":"Staleks Best Coil Spring Cuticle Nippers Smart 30 Series","src":"https:\/\/i0.wp.com\/victoriavynn.ca\/wp-content\/uploads\/2023\/01\/Staleks-Best-Coil-Spring-Cuticle-Nippers-Smart-30-Series.webp?fit=750%2C1000&ssl=1&resize=350%2C200","width":350,"height":200,"srcset":"https:\/\/i0.wp.com\/victoriavynn.ca\/wp-content\/uploads\/2023\/01\/Staleks-Best-Coil-Spring-Cuticle-Nippers-Smart-30-Series.webp?fit=750%2C1000&ssl=1&resize=350%2C200 1x, https:\/\/i0.wp.com\/victoriavynn.ca\/wp-content\/uploads\/2023\/01\/Staleks-Best-Coil-Spring-Cuticle-Nippers-Smart-30-Series.webp?fit=750%2C1000&ssl=1&resize=525%2C300 1.5x, https:\/\/i0.wp.com\/victoriavynn.ca\/wp-content\/uploads\/2023\/01\/Staleks-Best-Coil-Spring-Cuticle-Nippers-Smart-30-Series.webp?fit=750%2C1000&ssl=1&resize=700%2C400 2x"},"classes":[]}],"jetpack_sharing_enabled":true,"_links":{"self":[{"href":"https:\/\/victoriavynn.ca\/fr\/wp-json\/wp\/v2\/product\/14510","targetHints":{"allow":["GET"]}}],"collection":[{"href":"https:\/\/victoriavynn.ca\/fr\/wp-json\/wp\/v2\/product"}],"about":[{"href":"https:\/\/victoriavynn.ca\/fr\/wp-json\/wp\/v2\/types\/product"}],"replies":[{"embeddable":true,"href":"https:\/\/victoriavynn.ca\/fr\/wp-json\/wp\/v2\/comments?post=14510"}],"wp:featuredmedia":[{"embeddable":true,"href":"https:\/\/victoriavynn.ca\/fr\/wp-json\/wp\/v2\/media\/14511"}],"wp:attachment":[{"href":"https:\/\/victoriavynn.ca\/fr\/wp-json\/wp\/v2\/media?parent=14510"}],"wp:term":[{"taxonomy":"product_brand","embeddable":true,"href":"https:\/\/victoriavynn.ca\/fr\/wp-json\/wp\/v2\/product_brand?post=14510"},{"taxonomy":"product_cat","embeddable":true,"href":"https:\/\/victoriavynn.ca\/fr\/wp-json\/wp\/v2\/product_cat?post=14510"},{"taxonomy":"product_tag","embeddable":true,"href":"https:\/\/victoriavynn.ca\/fr\/wp-json\/wp\/v2\/product_tag?post=14510"}],"curies":[{"name":"wp","href":"https:\/\/api.w.org\/{rel}","templated":true}]}}