{"id":15125,"date":"2023-09-09T21:09:17","date_gmt":"2023-09-10T01:09:17","guid":{"rendered":"https:\/\/victoriavynn.ca\/product\/staleks-beauty-care-20-3mm-quarter-jaw-cuticle-nipper\/"},"modified":"2026-03-05T19:57:47","modified_gmt":"2026-03-06T00:57:47","slug":"staleks-beauty-care-20-3mm-quarter-jaw-cuticle-pincer","status":"publish","type":"product","link":"https:\/\/victoriavynn.ca\/fr\/product\/staleks-beauty-care-20-3mm-quarter-jaw-cuticle-nipper\/","title":{"rendered":"Staleks Beauty &amp; Care 20 3mm Quarter Jaw Cuticle Nipper"},"content":{"rendered":"","protected":false},"excerpt":{"rendered":"<p>NBC-20-3<\/p>","protected":false},"featured_media":15126,"comment_status":"open","ping_status":"closed","template":"","meta":{"jetpack_post_was_ever_published":false,"jetpack_publicize_message":"","jetpack_publicize_feature_enabled":true,"jetpack_social_post_already_shared":false,"jetpack_social_options":{"image_generator_settings":{"template":"highway","default_image_id":0,"font":"","enabled":false},"version":2}},"product_brand":[935],"product_cat":[528],"product_tag":[],"class_list":{"0":"post-15125","1":"product","2":"type-product","3":"status-publish","4":"has-post-thumbnail","6":"product_brand-staleks","7":"product_cat-staleks-cuticle-nippers","9":"first","10":"instock","11":"taxable","12":"shipping-taxable","13":"purchasable","14":"product-type-simple"},"jetpack_publicize_connections":[],"jetpack-related-posts":[{"id":18090,"url":"https:\/\/victoriavynn.ca\/fr\/product\/staleks-smart-50-3mm-quarter-jaw-professional-cuticle-nipper\/","url_meta":{"origin":15125,"position":0},"title":"Staleks Smart 50 3mm Quarter Jaw Professional Cuticle Nipper (pince \u00e0 cuticules professionnelle)","author":"Serge Sahakian","date":"mai 30, 2024","format":false,"excerpt":"NS-50-3","rel":"","context":"Similar post","block_context":{"text":"Similar post","link":""},"img":{"alt_text":"","src":"https:\/\/i0.wp.com\/victoriavynn.ca\/wp-content\/uploads\/2024\/05\/b195e77b9958af38b54f01fd09e4d38d-800x800-1.jpg?fit=800%2C800&ssl=1&resize=350%2C200","width":350,"height":200,"srcset":"https:\/\/i0.wp.com\/victoriavynn.ca\/wp-content\/uploads\/2024\/05\/b195e77b9958af38b54f01fd09e4d38d-800x800-1.jpg?fit=800%2C800&ssl=1&resize=350%2C200 1x, https:\/\/i0.wp.com\/victoriavynn.ca\/wp-content\/uploads\/2024\/05\/b195e77b9958af38b54f01fd09e4d38d-800x800-1.jpg?fit=800%2C800&ssl=1&resize=525%2C300 1.5x, https:\/\/i0.wp.com\/victoriavynn.ca\/wp-content\/uploads\/2024\/05\/b195e77b9958af38b54f01fd09e4d38d-800x800-1.jpg?fit=800%2C800&ssl=1&resize=700%2C400 2x"},"classes":[]},{"id":14498,"url":"https:\/\/victoriavynn.ca\/fr\/product\/staleks-double-spring-cuticle-nippers-bc20\/","url_meta":{"origin":15125,"position":1},"title":"Staleks Beauty &amp; Care 20 Pince \u00e0 cuticules 3mm","author":"Serge Sahakian","date":"juillet 10, 2023","format":false,"excerpt":"Staleks Beauty &amp; Care Pince \u00e0 cuticules \u00e0 double ressort. Staleks se consacre \u00e0 la qualit\u00e9 de ses produits. L'acier utilis\u00e9 pour la production des embouts est exceptionnellement r\u00e9sistant \u00e0 la corrosion et poss\u00e8de une duret\u00e9 in\u00e9gal\u00e9e, garantissant un tranchant durable. Nous nous sommes associ\u00e9s \u00e0 Staleks au Canada pour fournir un ensemble professionnel complet de...","rel":"","context":"Similar post","block_context":{"text":"Similar post","link":""},"img":{"alt_text":"STALEKS BEAUTY & CARE Double Spring cuticle nippers 20","src":"https:\/\/i0.wp.com\/victoriavynn.ca\/wp-content\/uploads\/2023\/07\/staleks-beauty-care-cuticle-nipper-20.webp?fit=750%2C1000&ssl=1&resize=350%2C200","width":350,"height":200,"srcset":"https:\/\/i0.wp.com\/victoriavynn.ca\/wp-content\/uploads\/2023\/07\/staleks-beauty-care-cuticle-nipper-20.webp?fit=750%2C1000&ssl=1&resize=350%2C200 1x, https:\/\/i0.wp.com\/victoriavynn.ca\/wp-content\/uploads\/2023\/07\/staleks-beauty-care-cuticle-nipper-20.webp?fit=750%2C1000&ssl=1&resize=525%2C300 1.5x, https:\/\/i0.wp.com\/victoriavynn.ca\/wp-content\/uploads\/2023\/07\/staleks-beauty-care-cuticle-nipper-20.webp?fit=750%2C1000&ssl=1&resize=700%2C400 2x"},"classes":[]},{"id":18088,"url":"https:\/\/victoriavynn.ca\/fr\/product\/staleks-smart-50-4mm-quarter-jaw-professional-cuticle-nipper\/","url_meta":{"origin":15125,"position":2},"title":"Staleks Smart 50 4mm Quart de m\u00e2choire Pince \u00e0 cuticules professionnelle","author":"Serge Sahakian","date":"mai 30, 2024","format":false,"excerpt":"NS-50-4","rel":"","context":"Similar post","block_context":{"text":"Similar post","link":""},"img":{"alt_text":"","src":"https:\/\/i0.wp.com\/victoriavynn.ca\/wp-content\/uploads\/2024\/05\/968ecb09193951e602e1d69c775edc39-800x800-1.jpg?fit=800%2C800&ssl=1&resize=350%2C200","width":350,"height":200,"srcset":"https:\/\/i0.wp.com\/victoriavynn.ca\/wp-content\/uploads\/2024\/05\/968ecb09193951e602e1d69c775edc39-800x800-1.jpg?fit=800%2C800&ssl=1&resize=350%2C200 1x, https:\/\/i0.wp.com\/victoriavynn.ca\/wp-content\/uploads\/2024\/05\/968ecb09193951e602e1d69c775edc39-800x800-1.jpg?fit=800%2C800&ssl=1&resize=525%2C300 1.5x, https:\/\/i0.wp.com\/victoriavynn.ca\/wp-content\/uploads\/2024\/05\/968ecb09193951e602e1d69c775edc39-800x800-1.jpg?fit=800%2C800&ssl=1&resize=700%2C400 2x"},"classes":[]},{"id":14492,"url":"https:\/\/victoriavynn.ca\/fr\/product\/staleks-beauty-care-cuticle-nipper\/","url_meta":{"origin":15125,"position":3},"title":"Staleks Beauty &amp; Care 10 pinces \u00e0 cuticules 3mm","author":"Serge Sahakian","date":"juillet 10, 2023","format":false,"excerpt":"Staleks Beauty &amp; Care Pince \u00e0 cuticules. Staleks se consacre \u00e0 la qualit\u00e9 de ses produits. L'acier utilis\u00e9 pour la production des embouts est exceptionnellement r\u00e9sistant \u00e0 la corrosion et d'une duret\u00e9 in\u00e9gal\u00e9e, garantissant un tranchant durable. Nous nous sommes associ\u00e9s \u00e0 Staleks au Canada pour fournir un ensemble complet de produits professionnels \u00e0...","rel":"","context":"Similar post","block_context":{"text":"Similar post","link":""},"img":{"alt_text":"STALEKS BEAUTY & CARE cuticle nipper 10","src":"https:\/\/i0.wp.com\/victoriavynn.ca\/wp-content\/uploads\/2023\/07\/staleks-beauty-care-cuticle-nipper-10.webp?fit=750%2C1000&ssl=1&resize=350%2C200","width":350,"height":200,"srcset":"https:\/\/i0.wp.com\/victoriavynn.ca\/wp-content\/uploads\/2023\/07\/staleks-beauty-care-cuticle-nipper-10.webp?fit=750%2C1000&ssl=1&resize=350%2C200 1x, https:\/\/i0.wp.com\/victoriavynn.ca\/wp-content\/uploads\/2023\/07\/staleks-beauty-care-cuticle-nipper-10.webp?fit=750%2C1000&ssl=1&resize=525%2C300 1.5x, https:\/\/i0.wp.com\/victoriavynn.ca\/wp-content\/uploads\/2023\/07\/staleks-beauty-care-cuticle-nipper-10.webp?fit=750%2C1000&ssl=1&resize=700%2C400 2x"},"classes":[]},{"id":17995,"url":"https:\/\/victoriavynn.ca\/fr\/product\/staleks-expert-80-9mm-full-jaw-professional-cuticle-nipper\/","url_meta":{"origin":15125,"position":4},"title":"Staleks Expert 80 9mm Full Jaw Professional Cuticle Nipper (pince \u00e0 cuticules professionnelle)","author":"Serge Sahakian","date":"mai 28, 2024","format":false,"excerpt":"NE-80-9","rel":"","context":"Similar post","block_context":{"text":"Similar post","link":""},"img":{"alt_text":"","src":"https:\/\/i0.wp.com\/victoriavynn.ca\/wp-content\/uploads\/2024\/05\/ne-80-9_3_result-800x800-1.jpg?fit=800%2C800&ssl=1&resize=350%2C200","width":350,"height":200,"srcset":"https:\/\/i0.wp.com\/victoriavynn.ca\/wp-content\/uploads\/2024\/05\/ne-80-9_3_result-800x800-1.jpg?fit=800%2C800&ssl=1&resize=350%2C200 1x, https:\/\/i0.wp.com\/victoriavynn.ca\/wp-content\/uploads\/2024\/05\/ne-80-9_3_result-800x800-1.jpg?fit=800%2C800&ssl=1&resize=525%2C300 1.5x, https:\/\/i0.wp.com\/victoriavynn.ca\/wp-content\/uploads\/2024\/05\/ne-80-9_3_result-800x800-1.jpg?fit=800%2C800&ssl=1&resize=700%2C400 2x"},"classes":[]},{"id":17997,"url":"https:\/\/victoriavynn.ca\/fr\/product\/staleks-expert-80-6mm-full-jaw-professional-cuticle-nipper\/","url_meta":{"origin":15125,"position":5},"title":"Staleks Expert 80 6mm Full Jaw Professional Cuticle Nipper","author":"Serge Sahakian","date":"mai 28, 2024","format":false,"excerpt":"NE-80-6","rel":"","context":"Similar post","block_context":{"text":"Similar post","link":""},"img":{"alt_text":"","src":"https:\/\/i0.wp.com\/victoriavynn.ca\/wp-content\/uploads\/2024\/05\/ne-80-6_3_result-800x800-1.jpg?fit=800%2C800&ssl=1&resize=350%2C200","width":350,"height":200,"srcset":"https:\/\/i0.wp.com\/victoriavynn.ca\/wp-content\/uploads\/2024\/05\/ne-80-6_3_result-800x800-1.jpg?fit=800%2C800&ssl=1&resize=350%2C200 1x, https:\/\/i0.wp.com\/victoriavynn.ca\/wp-content\/uploads\/2024\/05\/ne-80-6_3_result-800x800-1.jpg?fit=800%2C800&ssl=1&resize=525%2C300 1.5x, https:\/\/i0.wp.com\/victoriavynn.ca\/wp-content\/uploads\/2024\/05\/ne-80-6_3_result-800x800-1.jpg?fit=800%2C800&ssl=1&resize=700%2C400 2x"},"classes":[]}],"jetpack_sharing_enabled":true,"_links":{"self":[{"href":"https:\/\/victoriavynn.ca\/fr\/wp-json\/wp\/v2\/product\/15125","targetHints":{"allow":["GET"]}}],"collection":[{"href":"https:\/\/victoriavynn.ca\/fr\/wp-json\/wp\/v2\/product"}],"about":[{"href":"https:\/\/victoriavynn.ca\/fr\/wp-json\/wp\/v2\/types\/product"}],"replies":[{"embeddable":true,"href":"https:\/\/victoriavynn.ca\/fr\/wp-json\/wp\/v2\/comments?post=15125"}],"wp:featuredmedia":[{"embeddable":true,"href":"https:\/\/victoriavynn.ca\/fr\/wp-json\/wp\/v2\/media\/15126"}],"wp:attachment":[{"href":"https:\/\/victoriavynn.ca\/fr\/wp-json\/wp\/v2\/media?parent=15125"}],"wp:term":[{"taxonomy":"product_brand","embeddable":true,"href":"https:\/\/victoriavynn.ca\/fr\/wp-json\/wp\/v2\/product_brand?post=15125"},{"taxonomy":"product_cat","embeddable":true,"href":"https:\/\/victoriavynn.ca\/fr\/wp-json\/wp\/v2\/product_cat?post=15125"},{"taxonomy":"product_tag","embeddable":true,"href":"https:\/\/victoriavynn.ca\/fr\/wp-json\/wp\/v2\/product_tag?post=15125"}],"curies":[{"name":"wp","href":"https:\/\/api.w.org\/{rel}","templated":true}]}}