{"id":15127,"date":"2023-09-09T21:13:36","date_gmt":"2023-09-10T01:13:36","guid":{"rendered":"https:\/\/victoriavynn.ca\/product\/staleks-manicure-set-for-kids-nail-nippers-nail-file-beauty-care-10-type-6\/"},"modified":"2026-03-05T19:59:04","modified_gmt":"2026-03-06T00:59:04","slug":"set-de-manucure-pour-les-enfants-lime-a-ongles-10-type-6","status":"publish","type":"product","link":"https:\/\/victoriavynn.ca\/fr\/product\/staleks-manicure-set-for-kids-nail-nippers-nail-file-beauty-care-10-type-6\/","title":{"rendered":"Staleks Set de manucure pour enfants (pince \u00e0 ongles + lime \u00e0 ongles) Beaut\u00e9 &amp; Soins 10 Type 6"},"content":{"rendered":"","protected":false},"excerpt":{"rendered":"<p>SBC-10\/6<\/p>","protected":false},"featured_media":15128,"comment_status":"open","ping_status":"closed","template":"","meta":{"jetpack_post_was_ever_published":false,"jetpack_publicize_message":"","jetpack_publicize_feature_enabled":true,"jetpack_social_post_already_shared":false,"jetpack_social_options":{"image_generator_settings":{"template":"highway","default_image_id":0,"font":"","enabled":false},"version":2}},"product_brand":[935],"product_cat":[660],"product_tag":[],"class_list":{"0":"post-15127","1":"product","2":"type-product","3":"status-publish","4":"has-post-thumbnail","6":"product_brand-staleks","7":"product_cat-staleks-nail-nippers-clippers","9":"first","10":"instock","11":"taxable","12":"shipping-taxable","13":"purchasable","14":"product-type-simple"},"jetpack_publicize_connections":[],"jetpack-related-posts":[{"id":15129,"url":"https:\/\/victoriavynn.ca\/fr\/product\/staleks-set-of-matte-scissors-for-children-nail-file-beauty-care-10-type-7\/","url_meta":{"origin":15127,"position":0},"title":"Staleks Set de ciseaux mats pour enfants + lime \u00e0 ongles Beauty &amp; Care 10 Type 7","author":"Serge Sahakian","date":"septembre 9, 2023","format":false,"excerpt":"SBC-10\/7","rel":"","context":"Similar post","block_context":{"text":"Similar post","link":""},"img":{"alt_text":"","src":"https:\/\/i0.wp.com\/victoriavynn.ca\/wp-content\/uploads\/2023\/09\/sbc-10-7_7-1.jpg?fit=1200%2C1200&ssl=1&resize=350%2C200","width":350,"height":200,"srcset":"https:\/\/i0.wp.com\/victoriavynn.ca\/wp-content\/uploads\/2023\/09\/sbc-10-7_7-1.jpg?fit=1200%2C1200&ssl=1&resize=350%2C200 1x, https:\/\/i0.wp.com\/victoriavynn.ca\/wp-content\/uploads\/2023\/09\/sbc-10-7_7-1.jpg?fit=1200%2C1200&ssl=1&resize=525%2C300 1.5x, https:\/\/i0.wp.com\/victoriavynn.ca\/wp-content\/uploads\/2023\/09\/sbc-10-7_7-1.jpg?fit=1200%2C1200&ssl=1&resize=700%2C400 2x, https:\/\/i0.wp.com\/victoriavynn.ca\/wp-content\/uploads\/2023\/09\/sbc-10-7_7-1.jpg?fit=1200%2C1200&ssl=1&resize=1050%2C600 3x"},"classes":[]},{"id":17989,"url":"https:\/\/victoriavynn.ca\/fr\/product\/staleks-beauty-care-10-type-4-matte-nail-scissors-for-kids\/","url_meta":{"origin":15127,"position":1},"title":"Staleks Beauty &amp; Care 10 Type 4 Matte Ciseaux \u00e0 ongles pour enfants","author":"Serge Sahakian","date":"mai 28, 2024","format":false,"excerpt":"SBC-10\/4","rel":"","context":"Similar post","block_context":{"text":"Similar post","link":""},"img":{"alt_text":"","src":"https:\/\/i0.wp.com\/victoriavynn.ca\/wp-content\/uploads\/2024\/05\/sbc-10-4-800x800-1.jpg?fit=800%2C800&ssl=1&resize=350%2C200","width":350,"height":200,"srcset":"https:\/\/i0.wp.com\/victoriavynn.ca\/wp-content\/uploads\/2024\/05\/sbc-10-4-800x800-1.jpg?fit=800%2C800&ssl=1&resize=350%2C200 1x, https:\/\/i0.wp.com\/victoriavynn.ca\/wp-content\/uploads\/2024\/05\/sbc-10-4-800x800-1.jpg?fit=800%2C800&ssl=1&resize=525%2C300 1.5x, https:\/\/i0.wp.com\/victoriavynn.ca\/wp-content\/uploads\/2024\/05\/sbc-10-4-800x800-1.jpg?fit=800%2C800&ssl=1&resize=700%2C400 2x"},"classes":[]},{"id":17987,"url":"https:\/\/victoriavynn.ca\/fr\/product\/staleks-beauty-care-10-type-2-matte-cuticle-scissors\/","url_meta":{"origin":15127,"position":2},"title":"Staleks Beauty &amp; Care 10 Type 2 Matte Ciseaux \u00e0 cuticules","author":"Serge Sahakian","date":"mai 28, 2024","format":false,"excerpt":"SBC-10\/2","rel":"","context":"Similar post","block_context":{"text":"Similar post","link":""},"img":{"alt_text":"","src":"https:\/\/i0.wp.com\/victoriavynn.ca\/wp-content\/uploads\/2024\/05\/nozhniczy-dlya-nogtej-sbc-10-2_2-1-800x800-1.jpg?fit=800%2C800&ssl=1&resize=350%2C200","width":350,"height":200,"srcset":"https:\/\/i0.wp.com\/victoriavynn.ca\/wp-content\/uploads\/2024\/05\/nozhniczy-dlya-nogtej-sbc-10-2_2-1-800x800-1.jpg?fit=800%2C800&ssl=1&resize=350%2C200 1x, https:\/\/i0.wp.com\/victoriavynn.ca\/wp-content\/uploads\/2024\/05\/nozhniczy-dlya-nogtej-sbc-10-2_2-1-800x800-1.jpg?fit=800%2C800&ssl=1&resize=525%2C300 1.5x, https:\/\/i0.wp.com\/victoriavynn.ca\/wp-content\/uploads\/2024\/05\/nozhniczy-dlya-nogtej-sbc-10-2_2-1-800x800-1.jpg?fit=800%2C800&ssl=1&resize=700%2C400 2x"},"classes":[]},{"id":14594,"url":"https:\/\/victoriavynn.ca\/fr\/product\/staleks-large-nail-clipper-with-nail-file\/","url_meta":{"origin":15127,"position":3},"title":"Staleks Beauty &amp; Care 51 Grand coupe-ongles avec lime \u00e0 ongles","author":"Serge Sahakian","date":"juillet 12, 2023","format":false,"excerpt":"Staleks Beauty & Care High Quality Large Nail Clipper with Nail File. Staleks dedicates itself to the product quality. The Steel used for the production of the bits is exceptionally resistant to corrosion and has unmatched hardness, ensuring long-lasting sharpness. We have Partnered with Staleks in Canada to provide a\u2026","rel":"","context":"Similar post","block_context":{"text":"Similar post","link":""},"img":{"alt_text":"Staleks LARGE nail clipper with nail file beauty & care 51 KBC-51__","src":"https:\/\/i0.wp.com\/victoriavynn.ca\/wp-content\/uploads\/2023\/07\/staleks-large-professional-nail-clipper-with-nail-file-beauty-care-51-kbc-51__-.webp?fit=750%2C1000&ssl=1&resize=350%2C200","width":350,"height":200,"srcset":"https:\/\/i0.wp.com\/victoriavynn.ca\/wp-content\/uploads\/2023\/07\/staleks-large-professional-nail-clipper-with-nail-file-beauty-care-51-kbc-51__-.webp?fit=750%2C1000&ssl=1&resize=350%2C200 1x, https:\/\/i0.wp.com\/victoriavynn.ca\/wp-content\/uploads\/2023\/07\/staleks-large-professional-nail-clipper-with-nail-file-beauty-care-51-kbc-51__-.webp?fit=750%2C1000&ssl=1&resize=525%2C300 1.5x, https:\/\/i0.wp.com\/victoriavynn.ca\/wp-content\/uploads\/2023\/07\/staleks-large-professional-nail-clipper-with-nail-file-beauty-care-51-kbc-51__-.webp?fit=750%2C1000&ssl=1&resize=700%2C400 2x"},"classes":[]},{"id":51501,"url":"https:\/\/victoriavynn.ca\/fr\/product\/staleks-manicure-pusher-gummy-with-silicone-handle-uniq-10-type-6-rounded-wide-pusher-and-nail-cleaner\/","url_meta":{"origin":15127,"position":4},"title":"Staleks Pousseur manucure Gummy avec manche en silicone UNIQ 10 TYPE 6 (pousseur large arrondi et nettoyeur d'ongles)","author":"Serge Sahakian","date":"mars 4, 2026","format":false,"excerpt":"","rel":"","context":"Similar post","block_context":{"text":"Similar post","link":""},"img":{"alt_text":"","src":"https:\/\/i0.wp.com\/victoriavynn.ca\/wp-content\/uploads\/2026\/03\/ab32c0c0aa025561c333ce06e31edc49.jpg?fit=1200%2C1200&ssl=1&resize=350%2C200","width":350,"height":200,"srcset":"https:\/\/i0.wp.com\/victoriavynn.ca\/wp-content\/uploads\/2026\/03\/ab32c0c0aa025561c333ce06e31edc49.jpg?fit=1200%2C1200&ssl=1&resize=350%2C200 1x, https:\/\/i0.wp.com\/victoriavynn.ca\/wp-content\/uploads\/2026\/03\/ab32c0c0aa025561c333ce06e31edc49.jpg?fit=1200%2C1200&ssl=1&resize=525%2C300 1.5x, https:\/\/i0.wp.com\/victoriavynn.ca\/wp-content\/uploads\/2026\/03\/ab32c0c0aa025561c333ce06e31edc49.jpg?fit=1200%2C1200&ssl=1&resize=700%2C400 2x, https:\/\/i0.wp.com\/victoriavynn.ca\/wp-content\/uploads\/2026\/03\/ab32c0c0aa025561c333ce06e31edc49.jpg?fit=1200%2C1200&ssl=1&resize=1050%2C600 3x"},"classes":[]},{"id":14577,"url":"https:\/\/victoriavynn.ca\/fr\/product\/staleks-beauty-care-10-mini-nail-clipper\/","url_meta":{"origin":15127,"position":5},"title":"Staleks Beauty &amp; Care 10 Mini coupe-ongles","author":"Serge Sahakian","date":"juillet 12, 2023","format":false,"excerpt":"Staleks Beauty & Care High Quality Mini Nail Clipper. Staleks dedicates itself to the product quality. The Steel used for the production of the bits is exceptionally resistant to corrosion and has unmatched hardness, ensuring long-lasting sharpness. We have Partnered with Staleks in Canada to provide a Full Professional Package\u2026","rel":"","context":"Similar post","block_context":{"text":"Similar post","link":""},"img":{"alt_text":"Staleks mini nail clipper beauty & care 10 KBC-10","src":"https:\/\/i0.wp.com\/victoriavynn.ca\/wp-content\/uploads\/2023\/07\/staleks-mini-nail-clipper-beauty-care-10-kbc-10.webp?fit=750%2C1000&ssl=1&resize=350%2C200","width":350,"height":200,"srcset":"https:\/\/i0.wp.com\/victoriavynn.ca\/wp-content\/uploads\/2023\/07\/staleks-mini-nail-clipper-beauty-care-10-kbc-10.webp?fit=750%2C1000&ssl=1&resize=350%2C200 1x, https:\/\/i0.wp.com\/victoriavynn.ca\/wp-content\/uploads\/2023\/07\/staleks-mini-nail-clipper-beauty-care-10-kbc-10.webp?fit=750%2C1000&ssl=1&resize=525%2C300 1.5x, https:\/\/i0.wp.com\/victoriavynn.ca\/wp-content\/uploads\/2023\/07\/staleks-mini-nail-clipper-beauty-care-10-kbc-10.webp?fit=750%2C1000&ssl=1&resize=700%2C400 2x"},"classes":[]}],"jetpack_sharing_enabled":true,"_links":{"self":[{"href":"https:\/\/victoriavynn.ca\/fr\/wp-json\/wp\/v2\/product\/15127","targetHints":{"allow":["GET"]}}],"collection":[{"href":"https:\/\/victoriavynn.ca\/fr\/wp-json\/wp\/v2\/product"}],"about":[{"href":"https:\/\/victoriavynn.ca\/fr\/wp-json\/wp\/v2\/types\/product"}],"replies":[{"embeddable":true,"href":"https:\/\/victoriavynn.ca\/fr\/wp-json\/wp\/v2\/comments?post=15127"}],"wp:featuredmedia":[{"embeddable":true,"href":"https:\/\/victoriavynn.ca\/fr\/wp-json\/wp\/v2\/media\/15128"}],"wp:attachment":[{"href":"https:\/\/victoriavynn.ca\/fr\/wp-json\/wp\/v2\/media?parent=15127"}],"wp:term":[{"taxonomy":"product_brand","embeddable":true,"href":"https:\/\/victoriavynn.ca\/fr\/wp-json\/wp\/v2\/product_brand?post=15127"},{"taxonomy":"product_cat","embeddable":true,"href":"https:\/\/victoriavynn.ca\/fr\/wp-json\/wp\/v2\/product_cat?post=15127"},{"taxonomy":"product_tag","embeddable":true,"href":"https:\/\/victoriavynn.ca\/fr\/wp-json\/wp\/v2\/product_tag?post=15127"}],"curies":[{"name":"wp","href":"https:\/\/api.w.org\/{rel}","templated":true}]}}