{"id":15133,"date":"2023-09-09T21:13:47","date_gmt":"2023-09-10T01:13:47","guid":{"rendered":"https:\/\/victoriavynn.ca\/product\/staleks-professional-scissors-for-eyebrows-modeling-expert-30-type-1\/"},"modified":"2026-03-04T18:40:31","modified_gmt":"2026-03-04T23:40:31","slug":"ciseaux-professionnels-staleks-pour-sourcils-modelage-expert-30-type-1","status":"publish","type":"product","link":"https:\/\/victoriavynn.ca\/fr\/product\/staleks-professional-scissors-for-eyebrows-modeling-expert-30-type-1\/","title":{"rendered":"Staleks Ciseaux professionnels pour le modelage des sourcils Expert 30 Type 1"},"content":{"rendered":"","protected":false},"excerpt":{"rendered":"<p>SE-30\/1<\/p>","protected":false},"featured_media":15134,"comment_status":"open","ping_status":"closed","template":"","meta":{"jetpack_post_was_ever_published":false,"jetpack_publicize_message":"","jetpack_publicize_feature_enabled":true,"jetpack_social_post_already_shared":false,"jetpack_social_options":{"image_generator_settings":{"template":"highway","default_image_id":0,"font":"","enabled":false},"version":2}},"product_brand":[935],"product_cat":[325],"product_tag":[],"class_list":{"0":"post-15133","1":"product","2":"type-product","3":"status-publish","4":"has-post-thumbnail","6":"product_brand-staleks","7":"product_cat-staleks-manicure-tool-sets","9":"first","10":"instock","11":"taxable","12":"shipping-taxable","13":"purchasable","14":"product-type-simple"},"jetpack_publicize_connections":[],"jetpack-related-posts":[{"id":15131,"url":"https:\/\/victoriavynn.ca\/fr\/product\/staleks-professional-micro-scissors-for-eyebrows-modeling-expert-90-type-2\/","url_meta":{"origin":15133,"position":0},"title":"Staleks Professional micro ciseaux pour le modelage des sourcils Expert 90 Type 2","author":"Serge Sahakian","date":"septembre 9, 2023","format":false,"excerpt":"SE-90\/2","rel":"","context":"Similar post","block_context":{"text":"Similar post","link":""},"img":{"alt_text":"","src":"https:\/\/i0.wp.com\/victoriavynn.ca\/wp-content\/uploads\/2023\/09\/tvizery-dlya-modelirovaniya-brovej-se-90-2_5.jpg?fit=1200%2C1200&ssl=1&resize=350%2C200","width":350,"height":200,"srcset":"https:\/\/i0.wp.com\/victoriavynn.ca\/wp-content\/uploads\/2023\/09\/tvizery-dlya-modelirovaniya-brovej-se-90-2_5.jpg?fit=1200%2C1200&ssl=1&resize=350%2C200 1x, https:\/\/i0.wp.com\/victoriavynn.ca\/wp-content\/uploads\/2023\/09\/tvizery-dlya-modelirovaniya-brovej-se-90-2_5.jpg?fit=1200%2C1200&ssl=1&resize=525%2C300 1.5x, https:\/\/i0.wp.com\/victoriavynn.ca\/wp-content\/uploads\/2023\/09\/tvizery-dlya-modelirovaniya-brovej-se-90-2_5.jpg?fit=1200%2C1200&ssl=1&resize=700%2C400 2x, https:\/\/i0.wp.com\/victoriavynn.ca\/wp-content\/uploads\/2023\/09\/tvizery-dlya-modelirovaniya-brovej-se-90-2_5.jpg?fit=1200%2C1200&ssl=1&resize=1050%2C600 3x"},"classes":[]},{"id":51495,"url":"https:\/\/victoriavynn.ca\/fr\/product\/staleks-professional-cuticle-micro-scissors-with-hook-expert-93-type-1\/","url_meta":{"origin":15133,"position":1},"title":"Staleks Professional cuticle micro ciseaux avec crochet EXPERT 93 TYPE 1","author":"Serge Sahakian","date":"mars 4, 2026","format":false,"excerpt":"SE-93\/1","rel":"","context":"Similar post","block_context":{"text":"Similar post","link":""},"img":{"alt_text":"","src":"https:\/\/i0.wp.com\/victoriavynn.ca\/wp-content\/uploads\/2026\/03\/bd397a158b5206b084cdf68b5d5aee5d.jpg?fit=1200%2C1200&ssl=1&resize=350%2C200","width":350,"height":200,"srcset":"https:\/\/i0.wp.com\/victoriavynn.ca\/wp-content\/uploads\/2026\/03\/bd397a158b5206b084cdf68b5d5aee5d.jpg?fit=1200%2C1200&ssl=1&resize=350%2C200 1x, https:\/\/i0.wp.com\/victoriavynn.ca\/wp-content\/uploads\/2026\/03\/bd397a158b5206b084cdf68b5d5aee5d.jpg?fit=1200%2C1200&ssl=1&resize=525%2C300 1.5x, https:\/\/i0.wp.com\/victoriavynn.ca\/wp-content\/uploads\/2026\/03\/bd397a158b5206b084cdf68b5d5aee5d.jpg?fit=1200%2C1200&ssl=1&resize=700%2C400 2x, https:\/\/i0.wp.com\/victoriavynn.ca\/wp-content\/uploads\/2026\/03\/bd397a158b5206b084cdf68b5d5aee5d.jpg?fit=1200%2C1200&ssl=1&resize=1050%2C600 3x"},"classes":[]},{"id":10545,"url":"https:\/\/victoriavynn.ca\/fr\/product\/staleks-best-nail-scissors-smart-30\/","url_meta":{"origin":15133,"position":2},"title":"Staleks Smart 30 Type 1 Ciseaux \u00e0 ongles professionnels","author":"Serge Sahakian","date":"f\u00e9vrier 5, 2023","format":false,"excerpt":"Ciseaux \u00e0 ongles professionnels de haute qualit\u00e9. Staleks se consacre \u00e0 la qualit\u00e9 de ses produits. L'acier utilis\u00e9 pour la production des embouts est exceptionnellement r\u00e9sistant \u00e0 la corrosion et d'une duret\u00e9 in\u00e9gal\u00e9e, garantissant un tranchant durable. Nous nous sommes associ\u00e9s \u00e0 Staleks au Canada pour fournir un ensemble complet de produits professionnels \u00e0...","rel":"","context":"Similar post","block_context":{"text":"Similar post","link":""},"img":{"alt_text":"Staleks Best Nail Scissors Smart 30 Type 1","src":"https:\/\/i0.wp.com\/victoriavynn.ca\/wp-content\/uploads\/2023\/02\/Staleks-Best-Nail-Scissors-Smart-30-Type-1-.webp?fit=750%2C1000&ssl=1&resize=350%2C200","width":350,"height":200,"srcset":"https:\/\/i0.wp.com\/victoriavynn.ca\/wp-content\/uploads\/2023\/02\/Staleks-Best-Nail-Scissors-Smart-30-Type-1-.webp?fit=750%2C1000&ssl=1&resize=350%2C200 1x, https:\/\/i0.wp.com\/victoriavynn.ca\/wp-content\/uploads\/2023\/02\/Staleks-Best-Nail-Scissors-Smart-30-Type-1-.webp?fit=750%2C1000&ssl=1&resize=525%2C300 1.5x, https:\/\/i0.wp.com\/victoriavynn.ca\/wp-content\/uploads\/2023\/02\/Staleks-Best-Nail-Scissors-Smart-30-Type-1-.webp?fit=750%2C1000&ssl=1&resize=700%2C400 2x"},"classes":[]},{"id":18074,"url":"https:\/\/victoriavynn.ca\/fr\/product\/stalesk-pro-professional-cuticle-scissors-asymmetric-uniq-30-type-4\/","url_meta":{"origin":15133,"position":3},"title":"Stalesk PRO Ciseaux \u00e0 cuticules professionnels asym\u00e9triques UNIQ 30 TYPE 4","author":"Serge Sahakian","date":"mai 29, 2024","format":false,"excerpt":"SQ-30\/4","rel":"","context":"Similar post","block_context":{"text":"Similar post","link":""},"img":{"alt_text":"","src":"https:\/\/i0.wp.com\/victoriavynn.ca\/wp-content\/uploads\/2024\/05\/sq-30-4_result-800x800-1.jpg?fit=800%2C800&ssl=1&resize=350%2C200","width":350,"height":200,"srcset":"https:\/\/i0.wp.com\/victoriavynn.ca\/wp-content\/uploads\/2024\/05\/sq-30-4_result-800x800-1.jpg?fit=800%2C800&ssl=1&resize=350%2C200 1x, https:\/\/i0.wp.com\/victoriavynn.ca\/wp-content\/uploads\/2024\/05\/sq-30-4_result-800x800-1.jpg?fit=800%2C800&ssl=1&resize=525%2C300 1.5x, https:\/\/i0.wp.com\/victoriavynn.ca\/wp-content\/uploads\/2024\/05\/sq-30-4_result-800x800-1.jpg?fit=800%2C800&ssl=1&resize=700%2C400 2x"},"classes":[]},{"id":10586,"url":"https:\/\/victoriavynn.ca\/fr\/product\/best-professional-micro-scissors-expert-90\/","url_meta":{"origin":15133,"position":4},"title":"Staleks Expert 90 Type 1 Micro-ciseaux professionnels","author":"Serge Sahakian","date":"f\u00e9vrier 6, 2023","format":false,"excerpt":"High Quality Best Professional Micro Scissors. Staleks dedicates itself to the product quality. The Steel used for the production of the bits is exceptionally resistant to corrosion and has unmatched hardness, ensuring long-lasting sharpness. We have Partnered with Staleks in Canada to provide a Full Professional Package of Products to\u2026","rel":"","context":"Similar post","block_context":{"text":"Similar post","link":""},"img":{"alt_text":"Staleks Best Professional Micro Scissors Expert 90 Type 1","src":"https:\/\/i0.wp.com\/victoriavynn.ca\/wp-content\/uploads\/2023\/02\/Staleks-Best-Professional-Micro-Scissors-Expert-90-Type-1.webp?fit=750%2C1000&ssl=1&resize=350%2C200","width":350,"height":200,"srcset":"https:\/\/i0.wp.com\/victoriavynn.ca\/wp-content\/uploads\/2023\/02\/Staleks-Best-Professional-Micro-Scissors-Expert-90-Type-1.webp?fit=750%2C1000&ssl=1&resize=350%2C200 1x, https:\/\/i0.wp.com\/victoriavynn.ca\/wp-content\/uploads\/2023\/02\/Staleks-Best-Professional-Micro-Scissors-Expert-90-Type-1.webp?fit=750%2C1000&ssl=1&resize=525%2C300 1.5x, https:\/\/i0.wp.com\/victoriavynn.ca\/wp-content\/uploads\/2023\/02\/Staleks-Best-Professional-Micro-Scissors-Expert-90-Type-1.webp?fit=750%2C1000&ssl=1&resize=700%2C400 2x"},"classes":[]},{"id":10503,"url":"https:\/\/victoriavynn.ca\/fr\/product\/best-left-handed-cuticle-scissors-se-11\/","url_meta":{"origin":15133,"position":5},"title":"Staleks Expert 11 Ciseaux \u00e0 cuticules professionnels (con\u00e7us pour les gauchers)","author":"Serge Sahakian","date":"f\u00e9vrier 4, 2023","format":false,"excerpt":"Ciseaux \u00e0 cuticules pour gauchers de haute qualit\u00e9. Staleks se consacre \u00e0 la qualit\u00e9 de ses produits. L'acier utilis\u00e9 pour la production des embouts est exceptionnellement r\u00e9sistant \u00e0 la corrosion et d'une duret\u00e9 in\u00e9gal\u00e9e, garantissant un tranchant durable. Nous nous sommes associ\u00e9s \u00e0 Staleks au Canada pour fournir un ensemble professionnel complet de...","rel":"","context":"Similar post","block_context":{"text":"Similar post","link":""},"img":{"alt_text":"Staleks Best left handed cuticle scissors Expert 11","src":"https:\/\/i0.wp.com\/victoriavynn.ca\/wp-content\/uploads\/2023\/02\/Staleks-Best-left-handed-cuticle-scissors-Expert-11.webp?fit=750%2C1000&ssl=1&resize=350%2C200","width":350,"height":200,"srcset":"https:\/\/i0.wp.com\/victoriavynn.ca\/wp-content\/uploads\/2023\/02\/Staleks-Best-left-handed-cuticle-scissors-Expert-11.webp?fit=750%2C1000&ssl=1&resize=350%2C200 1x, https:\/\/i0.wp.com\/victoriavynn.ca\/wp-content\/uploads\/2023\/02\/Staleks-Best-left-handed-cuticle-scissors-Expert-11.webp?fit=750%2C1000&ssl=1&resize=525%2C300 1.5x, https:\/\/i0.wp.com\/victoriavynn.ca\/wp-content\/uploads\/2023\/02\/Staleks-Best-left-handed-cuticle-scissors-Expert-11.webp?fit=750%2C1000&ssl=1&resize=700%2C400 2x"},"classes":[]}],"jetpack_sharing_enabled":true,"_links":{"self":[{"href":"https:\/\/victoriavynn.ca\/fr\/wp-json\/wp\/v2\/product\/15133","targetHints":{"allow":["GET"]}}],"collection":[{"href":"https:\/\/victoriavynn.ca\/fr\/wp-json\/wp\/v2\/product"}],"about":[{"href":"https:\/\/victoriavynn.ca\/fr\/wp-json\/wp\/v2\/types\/product"}],"replies":[{"embeddable":true,"href":"https:\/\/victoriavynn.ca\/fr\/wp-json\/wp\/v2\/comments?post=15133"}],"wp:featuredmedia":[{"embeddable":true,"href":"https:\/\/victoriavynn.ca\/fr\/wp-json\/wp\/v2\/media\/15134"}],"wp:attachment":[{"href":"https:\/\/victoriavynn.ca\/fr\/wp-json\/wp\/v2\/media?parent=15133"}],"wp:term":[{"taxonomy":"product_brand","embeddable":true,"href":"https:\/\/victoriavynn.ca\/fr\/wp-json\/wp\/v2\/product_brand?post=15133"},{"taxonomy":"product_cat","embeddable":true,"href":"https:\/\/victoriavynn.ca\/fr\/wp-json\/wp\/v2\/product_cat?post=15133"},{"taxonomy":"product_tag","embeddable":true,"href":"https:\/\/victoriavynn.ca\/fr\/wp-json\/wp\/v2\/product_tag?post=15133"}],"curies":[{"name":"wp","href":"https:\/\/api.w.org\/{rel}","templated":true}]}}