{"id":15152,"date":"2023-09-09T22:38:34","date_gmt":"2023-09-10T02:38:34","guid":{"rendered":"https:\/\/victoriavynn.ca\/product\/victoria-vynn-nail-art-black-box-178x108x15mm\/"},"modified":"2026-02-13T19:02:34","modified_gmt":"2026-02-14T00:02:34","slug":"victoria-vynn-nail-art-boite-noire-178x108x15mm","status":"publish","type":"product","link":"https:\/\/victoriavynn.ca\/fr\/product\/victoria-vynn-nail-art-black-box-178x108x15mm\/","title":{"rendered":"Victoria VYNN Nail Art Bo\u00eete noire 178x108x15mm"},"content":{"rendered":"","protected":false},"excerpt":{"rendered":"","protected":false},"featured_media":15153,"comment_status":"open","ping_status":"closed","template":"","meta":{"jetpack_post_was_ever_published":false,"jetpack_publicize_message":"","jetpack_publicize_feature_enabled":true,"jetpack_social_post_already_shared":false,"jetpack_social_options":{"image_generator_settings":{"template":"highway","default_image_id":0,"font":"","enabled":false},"version":2}},"product_brand":[],"product_cat":[31],"product_tag":[],"class_list":{"0":"post-15152","1":"product","2":"type-product","3":"status-publish","4":"has-post-thumbnail","6":"product_cat-nail-tools-and-accessories","8":"first","9":"instock","10":"taxable","11":"shipping-taxable","12":"purchasable","13":"product-type-simple"},"jetpack_publicize_connections":[],"jetpack-related-posts":[{"id":15154,"url":"https:\/\/victoriavynn.ca\/fr\/product\/victoria-vynn-nail-art-silver-box-178x108x15mm\/","url_meta":{"origin":15152,"position":0},"title":"Victoria VYNN Nail Art Bo\u00eete argent\u00e9e 178x108x15mm","author":"Serge Sahakian","date":"septembre 9, 2023","format":false,"excerpt":"","rel":"","context":"Similar post","block_context":{"text":"Similar post","link":""},"img":{"alt_text":"","src":"https:\/\/i0.wp.com\/victoriavynn.ca\/wp-content\/uploads\/2023\/09\/nail-art-silver-box-178x108x15mm.jpg?fit=1200%2C1200&ssl=1&resize=350%2C200","width":350,"height":200,"srcset":"https:\/\/i0.wp.com\/victoriavynn.ca\/wp-content\/uploads\/2023\/09\/nail-art-silver-box-178x108x15mm.jpg?fit=1200%2C1200&ssl=1&resize=350%2C200 1x, https:\/\/i0.wp.com\/victoriavynn.ca\/wp-content\/uploads\/2023\/09\/nail-art-silver-box-178x108x15mm.jpg?fit=1200%2C1200&ssl=1&resize=525%2C300 1.5x, https:\/\/i0.wp.com\/victoriavynn.ca\/wp-content\/uploads\/2023\/09\/nail-art-silver-box-178x108x15mm.jpg?fit=1200%2C1200&ssl=1&resize=700%2C400 2x, https:\/\/i0.wp.com\/victoriavynn.ca\/wp-content\/uploads\/2023\/09\/nail-art-silver-box-178x108x15mm.jpg?fit=1200%2C1200&ssl=1&resize=1050%2C600 3x"},"classes":[]},{"id":2880,"url":"https:\/\/victoriavynn.ca\/fr\/product\/nail-art-gel-3d-creamy-black\/","url_meta":{"origin":15152,"position":1},"title":"Gel de salon pour ongles 3D UV\/LED Noir cr\u00e8me","author":"Serge Sahakian","date":"ao\u00fbt 18, 2022","format":false,"excerpt":"Victoria VYNN 3D UV\/LED Gel sont des gels de nail art \u00e0 forte pigmentation, recommand\u00e9s pour divers types de d\u00e9corations ou comme couche uniforme sur les ongles. Durcis dans une lampe UV et LED. La marque de vernis gel la plus vendue au Canada, Victoria VYNN, fournit aux proth\u00e9sistes ongulaires et aux professionnels...","rel":"","context":"Similar post","block_context":{"text":"Similar post","link":""},"img":{"alt_text":"nail art gel 3d","src":"https:\/\/i0.wp.com\/victoriavynn.ca\/wp-content\/uploads\/2022\/08\/art-gel-3d-02-creamy-black-5ml.jpeg?fit=753%2C753&ssl=1&resize=350%2C200","width":350,"height":200,"srcset":"https:\/\/i0.wp.com\/victoriavynn.ca\/wp-content\/uploads\/2022\/08\/art-gel-3d-02-creamy-black-5ml.jpeg?fit=753%2C753&ssl=1&resize=350%2C200 1x, https:\/\/i0.wp.com\/victoriavynn.ca\/wp-content\/uploads\/2022\/08\/art-gel-3d-02-creamy-black-5ml.jpeg?fit=753%2C753&ssl=1&resize=525%2C300 1.5x, https:\/\/i0.wp.com\/victoriavynn.ca\/wp-content\/uploads\/2022\/08\/art-gel-3d-02-creamy-black-5ml.jpeg?fit=753%2C753&ssl=1&resize=700%2C400 2x"},"classes":[]},{"id":2888,"url":"https:\/\/victoriavynn.ca\/fr\/product\/nail-art-gel-3d-no-wipe-black\/","url_meta":{"origin":15152,"position":2},"title":"Salon Art Gel 3D UV\/LED No Wipe Black","author":"Serge Sahakian","date":"ao\u00fbt 18, 2022","format":false,"excerpt":"Victoria VYNN 3D UV\/LED Gel sont des gels de nail art \u00e0 forte pigmentation, recommand\u00e9s pour divers types de d\u00e9corations ou comme couche uniforme sur les ongles. Durcis dans une lampe UV et LED. La marque de vernis gel la plus vendue au Canada, Victoria VYNN, fournit aux proth\u00e9sistes ongulaires et aux professionnels...","rel":"","context":"Similar post","block_context":{"text":"Similar post","link":""},"img":{"alt_text":"Nail Art Gel 3D","src":"https:\/\/i0.wp.com\/victoriavynn.ca\/wp-content\/uploads\/2022\/08\/Art-Gel-3D-1-1.png?fit=1000%2C1000&ssl=1&resize=350%2C200","width":350,"height":200,"srcset":"https:\/\/i0.wp.com\/victoriavynn.ca\/wp-content\/uploads\/2022\/08\/Art-Gel-3D-1-1.png?fit=1000%2C1000&ssl=1&resize=350%2C200 1x, https:\/\/i0.wp.com\/victoriavynn.ca\/wp-content\/uploads\/2022\/08\/Art-Gel-3D-1-1.png?fit=1000%2C1000&ssl=1&resize=525%2C300 1.5x, https:\/\/i0.wp.com\/victoriavynn.ca\/wp-content\/uploads\/2022\/08\/Art-Gel-3D-1-1.png?fit=1000%2C1000&ssl=1&resize=700%2C400 2x"},"classes":[]},{"id":2944,"url":"https:\/\/victoriavynn.ca\/fr\/product\/victoria-vynn-nail-art-ombre-brush\/","url_meta":{"origin":15152,"position":3},"title":"Pinceau Ombre Victoria VYNN Nail Art","author":"Serge Sahakian","date":"ao\u00fbt 18, 2022","format":false,"excerpt":"Victoria VYNN Instruments et accessoires","rel":"","context":"Similar post","block_context":{"text":"Similar post","link":""},"img":{"alt_text":"","src":"https:\/\/i0.wp.com\/victoriavynn.ca\/wp-content\/uploads\/2022\/08\/nail-art-pedzel-do-ombre.jpeg?fit=700%2C700&ssl=1&resize=350%2C200","width":350,"height":200,"srcset":"https:\/\/i0.wp.com\/victoriavynn.ca\/wp-content\/uploads\/2022\/08\/nail-art-pedzel-do-ombre.jpeg?fit=700%2C700&ssl=1&resize=350%2C200 1x, https:\/\/i0.wp.com\/victoriavynn.ca\/wp-content\/uploads\/2022\/08\/nail-art-pedzel-do-ombre.jpeg?fit=700%2C700&ssl=1&resize=525%2C300 1.5x, https:\/\/i0.wp.com\/victoriavynn.ca\/wp-content\/uploads\/2022\/08\/nail-art-pedzel-do-ombre.jpeg?fit=700%2C700&ssl=1&resize=700%2C400 2x"},"classes":[]},{"id":2958,"url":"https:\/\/victoriavynn.ca\/fr\/product\/victoria-vynn-nail-art-zhostovo-brush-001\/","url_meta":{"origin":15152,"position":4},"title":"Victoria VYNN Nail Art Zhostovo pinceau 001","author":"Serge Sahakian","date":"ao\u00fbt 18, 2022","format":false,"excerpt":"Victoria VYNN Instruments et accessoires","rel":"","context":"Similar post","block_context":{"text":"Similar post","link":""},"img":{"alt_text":"","src":"https:\/\/i0.wp.com\/victoriavynn.ca\/wp-content\/uploads\/2022\/08\/nail-art-pedzel-zhostovo-001.jpeg?fit=1200%2C1200&ssl=1&resize=350%2C200","width":350,"height":200,"srcset":"https:\/\/i0.wp.com\/victoriavynn.ca\/wp-content\/uploads\/2022\/08\/nail-art-pedzel-zhostovo-001.jpeg?fit=1200%2C1200&ssl=1&resize=350%2C200 1x, https:\/\/i0.wp.com\/victoriavynn.ca\/wp-content\/uploads\/2022\/08\/nail-art-pedzel-zhostovo-001.jpeg?fit=1200%2C1200&ssl=1&resize=525%2C300 1.5x, https:\/\/i0.wp.com\/victoriavynn.ca\/wp-content\/uploads\/2022\/08\/nail-art-pedzel-zhostovo-001.jpeg?fit=1200%2C1200&ssl=1&resize=700%2C400 2x, https:\/\/i0.wp.com\/victoriavynn.ca\/wp-content\/uploads\/2022\/08\/nail-art-pedzel-zhostovo-001.jpeg?fit=1200%2C1200&ssl=1&resize=1050%2C600 3x"},"classes":[]},{"id":2960,"url":"https:\/\/victoriavynn.ca\/fr\/product\/victoria-vynn-nail-art-zhostovo-brush-002\/","url_meta":{"origin":15152,"position":5},"title":"Victoria VYNN Nail Art Pinceau Zhostovo 002","author":"Serge Sahakian","date":"ao\u00fbt 18, 2022","format":false,"excerpt":"Victoria VYNN Instruments et accessoires","rel":"","context":"Similar post","block_context":{"text":"Similar post","link":""},"img":{"alt_text":"","src":"https:\/\/i0.wp.com\/victoriavynn.ca\/wp-content\/uploads\/2022\/08\/nail-art-pedzel-zhostovo-002.jpeg?fit=1200%2C1200&ssl=1&resize=350%2C200","width":350,"height":200,"srcset":"https:\/\/i0.wp.com\/victoriavynn.ca\/wp-content\/uploads\/2022\/08\/nail-art-pedzel-zhostovo-002.jpeg?fit=1200%2C1200&ssl=1&resize=350%2C200 1x, https:\/\/i0.wp.com\/victoriavynn.ca\/wp-content\/uploads\/2022\/08\/nail-art-pedzel-zhostovo-002.jpeg?fit=1200%2C1200&ssl=1&resize=525%2C300 1.5x, https:\/\/i0.wp.com\/victoriavynn.ca\/wp-content\/uploads\/2022\/08\/nail-art-pedzel-zhostovo-002.jpeg?fit=1200%2C1200&ssl=1&resize=700%2C400 2x, https:\/\/i0.wp.com\/victoriavynn.ca\/wp-content\/uploads\/2022\/08\/nail-art-pedzel-zhostovo-002.jpeg?fit=1200%2C1200&ssl=1&resize=1050%2C600 3x"},"classes":[]}],"jetpack_sharing_enabled":true,"_links":{"self":[{"href":"https:\/\/victoriavynn.ca\/fr\/wp-json\/wp\/v2\/product\/15152","targetHints":{"allow":["GET"]}}],"collection":[{"href":"https:\/\/victoriavynn.ca\/fr\/wp-json\/wp\/v2\/product"}],"about":[{"href":"https:\/\/victoriavynn.ca\/fr\/wp-json\/wp\/v2\/types\/product"}],"replies":[{"embeddable":true,"href":"https:\/\/victoriavynn.ca\/fr\/wp-json\/wp\/v2\/comments?post=15152"}],"wp:featuredmedia":[{"embeddable":true,"href":"https:\/\/victoriavynn.ca\/fr\/wp-json\/wp\/v2\/media\/15153"}],"wp:attachment":[{"href":"https:\/\/victoriavynn.ca\/fr\/wp-json\/wp\/v2\/media?parent=15152"}],"wp:term":[{"taxonomy":"product_brand","embeddable":true,"href":"https:\/\/victoriavynn.ca\/fr\/wp-json\/wp\/v2\/product_brand?post=15152"},{"taxonomy":"product_cat","embeddable":true,"href":"https:\/\/victoriavynn.ca\/fr\/wp-json\/wp\/v2\/product_cat?post=15152"},{"taxonomy":"product_tag","embeddable":true,"href":"https:\/\/victoriavynn.ca\/fr\/wp-json\/wp\/v2\/product_tag?post=15152"}],"curies":[{"name":"wp","href":"https:\/\/api.w.org\/{rel}","templated":true}]}}