{"id":15154,"date":"2023-09-09T22:38:36","date_gmt":"2023-09-10T02:38:36","guid":{"rendered":"https:\/\/victoriavynn.ca\/product\/victoria-vynn-nail-art-silver-box-178x108x15mm\/"},"modified":"2026-02-13T19:02:34","modified_gmt":"2026-02-14T00:02:34","slug":"victoria-vynn-nail-art-boite-argentee-178x108x15mm","status":"publish","type":"product","link":"https:\/\/victoriavynn.ca\/fr\/product\/victoria-vynn-nail-art-silver-box-178x108x15mm\/","title":{"rendered":"Victoria VYNN Nail Art Bo\u00eete argent\u00e9e 178x108x15mm"},"content":{"rendered":"","protected":false},"excerpt":{"rendered":"","protected":false},"featured_media":15155,"comment_status":"open","ping_status":"closed","template":"","meta":{"jetpack_post_was_ever_published":false,"jetpack_publicize_message":"","jetpack_publicize_feature_enabled":true,"jetpack_social_post_already_shared":false,"jetpack_social_options":{"image_generator_settings":{"template":"highway","default_image_id":0,"font":"","enabled":false},"version":2}},"product_brand":[],"product_cat":[31],"product_tag":[],"class_list":{"0":"post-15154","1":"product","2":"type-product","3":"status-publish","4":"has-post-thumbnail","6":"product_cat-nail-tools-and-accessories","8":"first","9":"instock","10":"taxable","11":"shipping-taxable","12":"purchasable","13":"product-type-simple"},"jetpack_publicize_connections":[],"jetpack-related-posts":[{"id":15152,"url":"https:\/\/victoriavynn.ca\/fr\/product\/victoria-vynn-nail-art-black-box-178x108x15mm\/","url_meta":{"origin":15154,"position":0},"title":"Victoria VYNN Nail Art Bo\u00eete noire 178x108x15mm","author":"Serge Sahakian","date":"septembre 9, 2023","format":false,"excerpt":"","rel":"","context":"Similar post","block_context":{"text":"Similar post","link":""},"img":{"alt_text":"","src":"https:\/\/i0.wp.com\/victoriavynn.ca\/wp-content\/uploads\/2023\/09\/nail-art-black-box-178x108x15mm.jpg?fit=1200%2C1200&ssl=1&resize=350%2C200","width":350,"height":200,"srcset":"https:\/\/i0.wp.com\/victoriavynn.ca\/wp-content\/uploads\/2023\/09\/nail-art-black-box-178x108x15mm.jpg?fit=1200%2C1200&ssl=1&resize=350%2C200 1x, https:\/\/i0.wp.com\/victoriavynn.ca\/wp-content\/uploads\/2023\/09\/nail-art-black-box-178x108x15mm.jpg?fit=1200%2C1200&ssl=1&resize=525%2C300 1.5x, https:\/\/i0.wp.com\/victoriavynn.ca\/wp-content\/uploads\/2023\/09\/nail-art-black-box-178x108x15mm.jpg?fit=1200%2C1200&ssl=1&resize=700%2C400 2x, https:\/\/i0.wp.com\/victoriavynn.ca\/wp-content\/uploads\/2023\/09\/nail-art-black-box-178x108x15mm.jpg?fit=1200%2C1200&ssl=1&resize=1050%2C600 3x"},"classes":[]},{"id":10743,"url":"https:\/\/victoriavynn.ca\/fr\/product\/bit-foil-for-nail-art-designs-silver-gold\/","url_meta":{"origin":15154,"position":1},"title":"Victoria VYNN Bit Foil","author":"Serge Sahakian","date":"f\u00e9vrier 12, 2023","format":false,"excerpt":"Feuille d'aluminium de meilleure qualit\u00e9 pour les dessins d'ongles. Les Bit Foils sont des morceaux de feuilles \u00e0 appliquer sur la couche de dispersion d'un dessin d'ongle hybride, gel ou gel-acrylique pour cr\u00e9er une composition.  Les dessins avec n'importe quel type de feuille doivent \u00eatre fix\u00e9s avec un top Victoria Vynn appropri\u00e9 et le...","rel":"","context":"Similar post","block_context":{"text":"Similar post","link":""},"img":{"alt_text":"Best Selling Bit Foil for nail art designs Silver Victoria VYNN","src":"https:\/\/i0.wp.com\/victoriavynn.ca\/wp-content\/uploads\/2023\/02\/Best-Selling-Bit-Foil-for-nail-art-designs-Silver-Victoria-VYNN-.webp?fit=750%2C1000&ssl=1&resize=350%2C200","width":350,"height":200,"srcset":"https:\/\/i0.wp.com\/victoriavynn.ca\/wp-content\/uploads\/2023\/02\/Best-Selling-Bit-Foil-for-nail-art-designs-Silver-Victoria-VYNN-.webp?fit=750%2C1000&ssl=1&resize=350%2C200 1x, https:\/\/i0.wp.com\/victoriavynn.ca\/wp-content\/uploads\/2023\/02\/Best-Selling-Bit-Foil-for-nail-art-designs-Silver-Victoria-VYNN-.webp?fit=750%2C1000&ssl=1&resize=525%2C300 1.5x, https:\/\/i0.wp.com\/victoriavynn.ca\/wp-content\/uploads\/2023\/02\/Best-Selling-Bit-Foil-for-nail-art-designs-Silver-Victoria-VYNN-.webp?fit=750%2C1000&ssl=1&resize=700%2C400 2x"},"classes":[]},{"id":10730,"url":"https:\/\/victoriavynn.ca\/fr\/product\/nail-foil-transfer-gold-silver-rose-gold\/","url_meta":{"origin":15154,"position":2},"title":"Feuille de transfert Victoria VYNN","author":"Serge Sahakian","date":"f\u00e9vrier 12, 2023","format":false,"excerpt":"Salon Quality Nail Foil Transfer. Victoria VYNN Transfer Foil can be impressed partially or over the entire nail. Apply the foil with the matt side to the dispersion layer of hybrid, gel or gel-acrylic design. Designs with any type of foil should be fixed with a suitable Victoria Vynn top\u2026","rel":"","context":"Similar post","block_context":{"text":"Similar post","link":""},"img":{"alt_text":"Best Selling Nail Foil Transfer Rose Gold Victoria VYNN","src":"https:\/\/i0.wp.com\/victoriavynn.ca\/wp-content\/uploads\/2023\/02\/Best-Selling-Nail-Foil-Transfer-Rose-Gold-Victoria-VYNN-1-2.webp?fit=750%2C1000&ssl=1&resize=350%2C200","width":350,"height":200,"srcset":"https:\/\/i0.wp.com\/victoriavynn.ca\/wp-content\/uploads\/2023\/02\/Best-Selling-Nail-Foil-Transfer-Rose-Gold-Victoria-VYNN-1-2.webp?fit=750%2C1000&ssl=1&resize=350%2C200 1x, https:\/\/i0.wp.com\/victoriavynn.ca\/wp-content\/uploads\/2023\/02\/Best-Selling-Nail-Foil-Transfer-Rose-Gold-Victoria-VYNN-1-2.webp?fit=750%2C1000&ssl=1&resize=525%2C300 1.5x, https:\/\/i0.wp.com\/victoriavynn.ca\/wp-content\/uploads\/2023\/02\/Best-Selling-Nail-Foil-Transfer-Rose-Gold-Victoria-VYNN-1-2.webp?fit=750%2C1000&ssl=1&resize=700%2C400 2x"},"classes":[]},{"id":2944,"url":"https:\/\/victoriavynn.ca\/fr\/product\/victoria-vynn-nail-art-ombre-brush\/","url_meta":{"origin":15154,"position":3},"title":"Pinceau Ombre Victoria VYNN Nail Art","author":"Serge Sahakian","date":"ao\u00fbt 18, 2022","format":false,"excerpt":"Victoria VYNN Instruments et accessoires","rel":"","context":"Similar post","block_context":{"text":"Similar post","link":""},"img":{"alt_text":"","src":"https:\/\/i0.wp.com\/victoriavynn.ca\/wp-content\/uploads\/2022\/08\/nail-art-pedzel-do-ombre.jpeg?fit=700%2C700&ssl=1&resize=350%2C200","width":350,"height":200,"srcset":"https:\/\/i0.wp.com\/victoriavynn.ca\/wp-content\/uploads\/2022\/08\/nail-art-pedzel-do-ombre.jpeg?fit=700%2C700&ssl=1&resize=350%2C200 1x, https:\/\/i0.wp.com\/victoriavynn.ca\/wp-content\/uploads\/2022\/08\/nail-art-pedzel-do-ombre.jpeg?fit=700%2C700&ssl=1&resize=525%2C300 1.5x, https:\/\/i0.wp.com\/victoriavynn.ca\/wp-content\/uploads\/2022\/08\/nail-art-pedzel-do-ombre.jpeg?fit=700%2C700&ssl=1&resize=700%2C400 2x"},"classes":[]},{"id":2952,"url":"https:\/\/victoriavynn.ca\/fr\/product\/victoria-vynn-nail-art-precision-brush-002\/","url_meta":{"origin":15154,"position":4},"title":"Victoria VYNN Pinceau de pr\u00e9cision Nail Art 002","author":"Serge Sahakian","date":"ao\u00fbt 18, 2022","format":false,"excerpt":"Victoria VYNN Instruments et accessoires","rel":"","context":"Similar post","block_context":{"text":"Similar post","link":""},"img":{"alt_text":"","src":"https:\/\/i0.wp.com\/victoriavynn.ca\/wp-content\/uploads\/2022\/08\/nail-art-pedzel-precyzyjny-002.jpeg?fit=700%2C700&ssl=1&resize=350%2C200","width":350,"height":200,"srcset":"https:\/\/i0.wp.com\/victoriavynn.ca\/wp-content\/uploads\/2022\/08\/nail-art-pedzel-precyzyjny-002.jpeg?fit=700%2C700&ssl=1&resize=350%2C200 1x, https:\/\/i0.wp.com\/victoriavynn.ca\/wp-content\/uploads\/2022\/08\/nail-art-pedzel-precyzyjny-002.jpeg?fit=700%2C700&ssl=1&resize=525%2C300 1.5x, https:\/\/i0.wp.com\/victoriavynn.ca\/wp-content\/uploads\/2022\/08\/nail-art-pedzel-precyzyjny-002.jpeg?fit=700%2C700&ssl=1&resize=700%2C400 2x"},"classes":[]},{"id":2954,"url":"https:\/\/victoriavynn.ca\/fr\/product\/victoria-vynn-nail-art-precision-brush-003\/","url_meta":{"origin":15154,"position":5},"title":"Victoria VYNN Pinceau de pr\u00e9cision Nail Art 003","author":"Serge Sahakian","date":"ao\u00fbt 18, 2022","format":false,"excerpt":"Victoria VYNN Instruments et accessoires","rel":"","context":"Similar post","block_context":{"text":"Similar post","link":""},"img":{"alt_text":"","src":"https:\/\/i0.wp.com\/victoriavynn.ca\/wp-content\/uploads\/2022\/08\/nail-art-pedzel-precyzyjny-003.jpeg?fit=700%2C700&ssl=1&resize=350%2C200","width":350,"height":200,"srcset":"https:\/\/i0.wp.com\/victoriavynn.ca\/wp-content\/uploads\/2022\/08\/nail-art-pedzel-precyzyjny-003.jpeg?fit=700%2C700&ssl=1&resize=350%2C200 1x, https:\/\/i0.wp.com\/victoriavynn.ca\/wp-content\/uploads\/2022\/08\/nail-art-pedzel-precyzyjny-003.jpeg?fit=700%2C700&ssl=1&resize=525%2C300 1.5x, https:\/\/i0.wp.com\/victoriavynn.ca\/wp-content\/uploads\/2022\/08\/nail-art-pedzel-precyzyjny-003.jpeg?fit=700%2C700&ssl=1&resize=700%2C400 2x"},"classes":[]}],"jetpack_sharing_enabled":true,"_links":{"self":[{"href":"https:\/\/victoriavynn.ca\/fr\/wp-json\/wp\/v2\/product\/15154","targetHints":{"allow":["GET"]}}],"collection":[{"href":"https:\/\/victoriavynn.ca\/fr\/wp-json\/wp\/v2\/product"}],"about":[{"href":"https:\/\/victoriavynn.ca\/fr\/wp-json\/wp\/v2\/types\/product"}],"replies":[{"embeddable":true,"href":"https:\/\/victoriavynn.ca\/fr\/wp-json\/wp\/v2\/comments?post=15154"}],"wp:featuredmedia":[{"embeddable":true,"href":"https:\/\/victoriavynn.ca\/fr\/wp-json\/wp\/v2\/media\/15155"}],"wp:attachment":[{"href":"https:\/\/victoriavynn.ca\/fr\/wp-json\/wp\/v2\/media?parent=15154"}],"wp:term":[{"taxonomy":"product_brand","embeddable":true,"href":"https:\/\/victoriavynn.ca\/fr\/wp-json\/wp\/v2\/product_brand?post=15154"},{"taxonomy":"product_cat","embeddable":true,"href":"https:\/\/victoriavynn.ca\/fr\/wp-json\/wp\/v2\/product_cat?post=15154"},{"taxonomy":"product_tag","embeddable":true,"href":"https:\/\/victoriavynn.ca\/fr\/wp-json\/wp\/v2\/product_tag?post=15154"}],"curies":[{"name":"wp","href":"https:\/\/api.w.org\/{rel}","templated":true}]}}