{"id":15170,"date":"2023-09-09T22:38:52","date_gmt":"2023-09-10T02:38:52","guid":{"rendered":"https:\/\/victoriavynn.ca\/product\/pharm-foot-glamour-shine-set-spa-ritual\/"},"modified":"2026-02-13T19:02:33","modified_gmt":"2026-02-14T00:02:33","slug":"pharm-foot-glamour-shine-set-spa-ritual","status":"publish","type":"product","link":"https:\/\/victoriavynn.ca\/fr\/product\/pharm-foot-glamour-shine-set-spa-ritual\/","title":{"rendered":"Pharm Foot Glamour Shine Set (SPA Ritual)"},"content":{"rendered":"","protected":false},"excerpt":{"rendered":"","protected":false},"featured_media":15171,"comment_status":"open","ping_status":"closed","template":"","meta":{"jetpack_post_was_ever_published":false,"jetpack_publicize_message":"","jetpack_publicize_feature_enabled":true,"jetpack_social_post_already_shared":false,"jetpack_social_options":{"image_generator_settings":{"template":"highway","default_image_id":0,"font":"","enabled":false},"version":2}},"product_brand":[],"product_cat":[572],"product_tag":[],"class_list":{"0":"post-15170","1":"product","2":"type-product","3":"status-publish","4":"has-post-thumbnail","6":"product_cat-spa-ritual-paradise-touch","8":"first","9":"outofstock","10":"taxable","11":"shipping-taxable","12":"purchasable","13":"product-type-simple"},"jetpack_publicize_connections":[],"jetpack-related-posts":[{"id":15168,"url":"https:\/\/victoriavynn.ca\/fr\/product\/pharm-foot-spa-ritual-glamour-oil-120ml\/","url_meta":{"origin":15170,"position":0},"title":"Pharm Foot SPA RITUAL Glamour Oil 120ml","author":"Serge Sahakian","date":"septembre 9, 2023","format":false,"excerpt":"","rel":"","context":"Similar post","block_context":{"text":"Similar post","link":""},"img":{"alt_text":"","src":"https:\/\/i0.wp.com\/victoriavynn.ca\/wp-content\/uploads\/2023\/09\/spa-ritual-glamour-oil.jpg?fit=1200%2C1200&ssl=1&resize=350%2C200","width":350,"height":200,"srcset":"https:\/\/i0.wp.com\/victoriavynn.ca\/wp-content\/uploads\/2023\/09\/spa-ritual-glamour-oil.jpg?fit=1200%2C1200&ssl=1&resize=350%2C200 1x, https:\/\/i0.wp.com\/victoriavynn.ca\/wp-content\/uploads\/2023\/09\/spa-ritual-glamour-oil.jpg?fit=1200%2C1200&ssl=1&resize=525%2C300 1.5x, https:\/\/i0.wp.com\/victoriavynn.ca\/wp-content\/uploads\/2023\/09\/spa-ritual-glamour-oil.jpg?fit=1200%2C1200&ssl=1&resize=700%2C400 2x, https:\/\/i0.wp.com\/victoriavynn.ca\/wp-content\/uploads\/2023\/09\/spa-ritual-glamour-oil.jpg?fit=1200%2C1200&ssl=1&resize=1050%2C600 3x"},"classes":[]},{"id":15180,"url":"https:\/\/victoriavynn.ca\/fr\/product\/pharm-foot-glamour-scrub-120ml-spa-ritual\/","url_meta":{"origin":15170,"position":1},"title":"Pharm Foot Glamour Scrub 120ml (SPA Ritual)","author":"Serge Sahakian","date":"septembre 9, 2023","format":false,"excerpt":"GOMMAGE SUCRE POUR LE CORPS ENTIER mangue et noix de coco","rel":"","context":"Similar post","block_context":{"text":"Similar post","link":""},"img":{"alt_text":"","src":"https:\/\/i0.wp.com\/victoriavynn.ca\/wp-content\/uploads\/2023\/09\/spa-ritual-glamour-scrub-120ml.jpg?fit=1200%2C1200&ssl=1&resize=350%2C200","width":350,"height":200,"srcset":"https:\/\/i0.wp.com\/victoriavynn.ca\/wp-content\/uploads\/2023\/09\/spa-ritual-glamour-scrub-120ml.jpg?fit=1200%2C1200&ssl=1&resize=350%2C200 1x, https:\/\/i0.wp.com\/victoriavynn.ca\/wp-content\/uploads\/2023\/09\/spa-ritual-glamour-scrub-120ml.jpg?fit=1200%2C1200&ssl=1&resize=525%2C300 1.5x, https:\/\/i0.wp.com\/victoriavynn.ca\/wp-content\/uploads\/2023\/09\/spa-ritual-glamour-scrub-120ml.jpg?fit=1200%2C1200&ssl=1&resize=700%2C400 2x, https:\/\/i0.wp.com\/victoriavynn.ca\/wp-content\/uploads\/2023\/09\/spa-ritual-glamour-scrub-120ml.jpg?fit=1200%2C1200&ssl=1&resize=1050%2C600 3x"},"classes":[]},{"id":15182,"url":"https:\/\/victoriavynn.ca\/fr\/product\/pharm-foot-glamour-mousse-120ml-spa-ritual\/","url_meta":{"origin":15170,"position":2},"title":"Pharm Foot Glamour Mousse 120ml (SPA Ritual)","author":"Serge Sahakian","date":"septembre 9, 2023","format":false,"excerpt":"MOUSSE ILLUMINANTE CORPS ENTIER mangue et noix de coco","rel":"","context":"Similar post","block_context":{"text":"Similar post","link":""},"img":{"alt_text":"","src":"https:\/\/i0.wp.com\/victoriavynn.ca\/wp-content\/uploads\/2023\/09\/spa-ritual-glamour-mousse-120ml.jpg?fit=1200%2C1200&ssl=1&resize=350%2C200","width":350,"height":200,"srcset":"https:\/\/i0.wp.com\/victoriavynn.ca\/wp-content\/uploads\/2023\/09\/spa-ritual-glamour-mousse-120ml.jpg?fit=1200%2C1200&ssl=1&resize=350%2C200 1x, https:\/\/i0.wp.com\/victoriavynn.ca\/wp-content\/uploads\/2023\/09\/spa-ritual-glamour-mousse-120ml.jpg?fit=1200%2C1200&ssl=1&resize=525%2C300 1.5x, https:\/\/i0.wp.com\/victoriavynn.ca\/wp-content\/uploads\/2023\/09\/spa-ritual-glamour-mousse-120ml.jpg?fit=1200%2C1200&ssl=1&resize=700%2C400 2x, https:\/\/i0.wp.com\/victoriavynn.ca\/wp-content\/uploads\/2023\/09\/spa-ritual-glamour-mousse-120ml.jpg?fit=1200%2C1200&ssl=1&resize=1050%2C600 3x"},"classes":[]},{"id":11348,"url":"https:\/\/victoriavynn.ca\/fr\/product\/pharm-foot-best-body-scrub-and-body-butter\/","url_meta":{"origin":15170,"position":3},"title":"Pharm Foot Paradise Touch Set (SPA Ritual Paradise Touch)","author":"Serge Sahakian","date":"avril 13, 2023","format":false,"excerpt":"L'ensemble du meilleur gommage et du meilleur beurre pour le corps se compose de : Pharm Foot Paradise Scrub 120ml (SPA Ritual Paradise Touch) Pharm Foot Paradise Butter 120ml (SPA Ritual Paradise Touch) Enrichi de 100% ingr\u00e9dients naturels tels que les huiles d'abricot, d'avocat, d'amande douce, le beurre de karit\u00e9 et la cire d'abeille, le SPA Ritual Scrub...","rel":"","context":"Similar post","block_context":{"text":"Similar post","link":""},"img":{"alt_text":"Victoria VYNN Pharm Foot SPA Ritual Paradise Touch Best body scrub and Body butter bergamot & grapefruit","src":"https:\/\/i0.wp.com\/victoriavynn.ca\/wp-content\/uploads\/2023\/04\/Victoria-VYNN-Pharm-Foot-SPA-Ritual-Paradise-Touch-Best-body-scrub-and-Body-butter-bergamot-grapefruit-.webp?fit=750%2C1000&ssl=1&resize=350%2C200","width":350,"height":200,"srcset":"https:\/\/i0.wp.com\/victoriavynn.ca\/wp-content\/uploads\/2023\/04\/Victoria-VYNN-Pharm-Foot-SPA-Ritual-Paradise-Touch-Best-body-scrub-and-Body-butter-bergamot-grapefruit-.webp?fit=750%2C1000&ssl=1&resize=350%2C200 1x, https:\/\/i0.wp.com\/victoriavynn.ca\/wp-content\/uploads\/2023\/04\/Victoria-VYNN-Pharm-Foot-SPA-Ritual-Paradise-Touch-Best-body-scrub-and-Body-butter-bergamot-grapefruit-.webp?fit=750%2C1000&ssl=1&resize=525%2C300 1.5x, https:\/\/i0.wp.com\/victoriavynn.ca\/wp-content\/uploads\/2023\/04\/Victoria-VYNN-Pharm-Foot-SPA-Ritual-Paradise-Touch-Best-body-scrub-and-Body-butter-bergamot-grapefruit-.webp?fit=750%2C1000&ssl=1&resize=700%2C400 2x"},"classes":[]},{"id":11352,"url":"https:\/\/victoriavynn.ca\/fr\/product\/pharm-foot-best-hand-and-body-scrub\/","url_meta":{"origin":15170,"position":4},"title":"Pharm Foot Paradise Scrub 120ml (SPA Ritual Paradise Touch)","author":"Serge Sahakian","date":"avril 13, 2023","format":false,"excerpt":"SPA Ritual Paradise Touch Scrub est le meilleur gommage pour les mains et le corps, sp\u00e9cialement utilis\u00e9 pour le gommage doux de la peau du corps et le massage manuel des pieds. Enrichi de 100% ingr\u00e9dients naturels tels que les huiles d'abricot, d'avocat, d'amande douce, le beurre de karit\u00e9 et la cire d'abeille, le SPA Ritual Scrub laisse la peau merveilleusement hydrat\u00e9e,...","rel":"","context":"Similar post","block_context":{"text":"Similar post","link":""},"img":{"alt_text":"Victoria VYNN Pharm Foot SPA Ritual Paradise Touch Best Hand and Body Scrub bergamot & grapefruit","src":"https:\/\/i0.wp.com\/victoriavynn.ca\/wp-content\/uploads\/2023\/04\/Victoria-VYNN-Pharm-Foot-SPA-Ritual-Paradise-Touch-Best-Hand-and-Body-Scrub-bergamot-grapefruit-.webp?fit=750%2C1000&ssl=1&resize=350%2C200","width":350,"height":200,"srcset":"https:\/\/i0.wp.com\/victoriavynn.ca\/wp-content\/uploads\/2023\/04\/Victoria-VYNN-Pharm-Foot-SPA-Ritual-Paradise-Touch-Best-Hand-and-Body-Scrub-bergamot-grapefruit-.webp?fit=750%2C1000&ssl=1&resize=350%2C200 1x, https:\/\/i0.wp.com\/victoriavynn.ca\/wp-content\/uploads\/2023\/04\/Victoria-VYNN-Pharm-Foot-SPA-Ritual-Paradise-Touch-Best-Hand-and-Body-Scrub-bergamot-grapefruit-.webp?fit=750%2C1000&ssl=1&resize=525%2C300 1.5x, https:\/\/i0.wp.com\/victoriavynn.ca\/wp-content\/uploads\/2023\/04\/Victoria-VYNN-Pharm-Foot-SPA-Ritual-Paradise-Touch-Best-Hand-and-Body-Scrub-bergamot-grapefruit-.webp?fit=750%2C1000&ssl=1&resize=700%2C400 2x"},"classes":[]},{"id":11350,"url":"https:\/\/victoriavynn.ca\/fr\/product\/pharm-foot-best-hand-and-body-butter\/","url_meta":{"origin":15170,"position":5},"title":"Pharm Foot Paradise Butter 120ml (SPA Ritual Paradise Touch)","author":"Serge Sahakian","date":"avril 13, 2023","format":false,"excerpt":"SPA Ritual Paradise Touch Butter est le meilleur beurre pour les mains et le corps qui est sp\u00e9cialement utilis\u00e9 pour garder la peau de tout le corps en parfaite condition, saine, radieuse et nourrie. Enrichi de 100% ingr\u00e9dients naturels tels que les huiles d'abricot, d'avocat, d'amande douce, le beurre de karit\u00e9 et la cire d'abeille, le...","rel":"","context":"Similar post","block_context":{"text":"Similar post","link":""},"img":{"alt_text":"Victoria VYNN Pharm Foot SPA Ritual Paradise Touch Best Hand and Body butter bergamot & grapefruit","src":"https:\/\/i0.wp.com\/victoriavynn.ca\/wp-content\/uploads\/2023\/04\/Victoria-VYNN-Pharm-Foot-SPA-Ritual-Paradise-Touch-Best-Hand-and-Body-butter-bergamot-grapefruit-1-1.webp?fit=750%2C1000&ssl=1&resize=350%2C200","width":350,"height":200,"srcset":"https:\/\/i0.wp.com\/victoriavynn.ca\/wp-content\/uploads\/2023\/04\/Victoria-VYNN-Pharm-Foot-SPA-Ritual-Paradise-Touch-Best-Hand-and-Body-butter-bergamot-grapefruit-1-1.webp?fit=750%2C1000&ssl=1&resize=350%2C200 1x, https:\/\/i0.wp.com\/victoriavynn.ca\/wp-content\/uploads\/2023\/04\/Victoria-VYNN-Pharm-Foot-SPA-Ritual-Paradise-Touch-Best-Hand-and-Body-butter-bergamot-grapefruit-1-1.webp?fit=750%2C1000&ssl=1&resize=525%2C300 1.5x, https:\/\/i0.wp.com\/victoriavynn.ca\/wp-content\/uploads\/2023\/04\/Victoria-VYNN-Pharm-Foot-SPA-Ritual-Paradise-Touch-Best-Hand-and-Body-butter-bergamot-grapefruit-1-1.webp?fit=750%2C1000&ssl=1&resize=700%2C400 2x"},"classes":[]}],"jetpack_sharing_enabled":true,"_links":{"self":[{"href":"https:\/\/victoriavynn.ca\/fr\/wp-json\/wp\/v2\/product\/15170","targetHints":{"allow":["GET"]}}],"collection":[{"href":"https:\/\/victoriavynn.ca\/fr\/wp-json\/wp\/v2\/product"}],"about":[{"href":"https:\/\/victoriavynn.ca\/fr\/wp-json\/wp\/v2\/types\/product"}],"replies":[{"embeddable":true,"href":"https:\/\/victoriavynn.ca\/fr\/wp-json\/wp\/v2\/comments?post=15170"}],"wp:featuredmedia":[{"embeddable":true,"href":"https:\/\/victoriavynn.ca\/fr\/wp-json\/wp\/v2\/media\/15171"}],"wp:attachment":[{"href":"https:\/\/victoriavynn.ca\/fr\/wp-json\/wp\/v2\/media?parent=15170"}],"wp:term":[{"taxonomy":"product_brand","embeddable":true,"href":"https:\/\/victoriavynn.ca\/fr\/wp-json\/wp\/v2\/product_brand?post=15170"},{"taxonomy":"product_cat","embeddable":true,"href":"https:\/\/victoriavynn.ca\/fr\/wp-json\/wp\/v2\/product_cat?post=15170"},{"taxonomy":"product_tag","embeddable":true,"href":"https:\/\/victoriavynn.ca\/fr\/wp-json\/wp\/v2\/product_tag?post=15170"}],"curies":[{"name":"wp","href":"https:\/\/api.w.org\/{rel}","templated":true}]}}