{"id":15172,"date":"2023-09-09T22:38:54","date_gmt":"2023-09-10T02:38:54","guid":{"rendered":"https:\/\/victoriavynn.ca\/product\/victoria-vynn-nail-wipes-500-pieces\/"},"modified":"2026-02-13T19:02:33","modified_gmt":"2026-02-14T00:02:33","slug":"victoria-vynn-lingettes-pour-ongles-500-pieces","status":"publish","type":"product","link":"https:\/\/victoriavynn.ca\/fr\/product\/victoria-vynn-nail-wipes-500-pieces\/","title":{"rendered":"Victoria VYNN Lingettes pour ongles (500 pi\u00e8ces)"},"content":{"rendered":"","protected":false},"excerpt":{"rendered":"","protected":false},"featured_media":15173,"comment_status":"open","ping_status":"closed","template":"","meta":{"jetpack_post_was_ever_published":false,"jetpack_publicize_message":"","jetpack_publicize_feature_enabled":true,"jetpack_social_post_already_shared":false,"jetpack_social_options":{"image_generator_settings":{"template":"highway","default_image_id":0,"font":"","enabled":false},"version":2}},"product_brand":[],"product_cat":[31],"product_tag":[],"class_list":{"0":"post-15172","1":"product","2":"type-product","3":"status-publish","4":"has-post-thumbnail","6":"product_cat-nail-tools-and-accessories","8":"first","9":"instock","10":"taxable","11":"shipping-taxable","12":"purchasable","13":"product-type-simple"},"jetpack_publicize_connections":[],"jetpack-related-posts":[{"id":21217,"url":"https:\/\/victoriavynn.ca\/fr\/product\/victoria-vynn-universal-wipes-100-pieces\/","url_meta":{"origin":15172,"position":0},"title":"Victoria VYNN Universal Wipes, 100 Pieces","author":"Serge Sahakian","date":"mars 19, 2025","format":false,"excerpt":"","rel":"","context":"Similar post","block_context":{"text":"Similar post","link":""},"img":{"alt_text":"","src":"https:\/\/i0.wp.com\/victoriavynn.ca\/wp-content\/uploads\/2025\/03\/universal-wipes-100pcs-1.jpg?fit=1200%2C1200&ssl=1&resize=350%2C200","width":350,"height":200,"srcset":"https:\/\/i0.wp.com\/victoriavynn.ca\/wp-content\/uploads\/2025\/03\/universal-wipes-100pcs-1.jpg?fit=1200%2C1200&ssl=1&resize=350%2C200 1x, https:\/\/i0.wp.com\/victoriavynn.ca\/wp-content\/uploads\/2025\/03\/universal-wipes-100pcs-1.jpg?fit=1200%2C1200&ssl=1&resize=525%2C300 1.5x, https:\/\/i0.wp.com\/victoriavynn.ca\/wp-content\/uploads\/2025\/03\/universal-wipes-100pcs-1.jpg?fit=1200%2C1200&ssl=1&resize=700%2C400 2x, https:\/\/i0.wp.com\/victoriavynn.ca\/wp-content\/uploads\/2025\/03\/universal-wipes-100pcs-1.jpg?fit=1200%2C1200&ssl=1&resize=1050%2C600 3x"},"classes":[]},{"id":11338,"url":"https:\/\/victoriavynn.ca\/fr\/product\/soft-gel-nail-tips-top-coat-no-wipe\/","url_meta":{"origin":15172,"position":1},"title":"Victoria VYNN Soft Gel Tips Top Coat No Wipe 15ml","author":"Serge Sahakian","date":"avril 13, 2023","format":false,"excerpt":"Victoria VYNN Soft Gel Nail Tips Top Coat No Wipe, hybrid top with a shine, without a dispersion layer. A thin layer provides fixation and protection for design. Step 4 of the Preparation. Product Specifications: \u00a0 \u00a0 \u00a0 \u00a0 \u00a0 \u00a0 \u00a0","rel":"","context":"Similar post","block_context":{"text":"Similar post","link":""},"img":{"alt_text":"victoria vynn soft gel nail tips top coat no wipe","src":"https:\/\/i0.wp.com\/victoriavynn.ca\/wp-content\/uploads\/2023\/04\/victoria-vynn-soft-gel-nail-tips-top-coat-no-wipe.webp?fit=750%2C1000&ssl=1&resize=350%2C200","width":350,"height":200,"srcset":"https:\/\/i0.wp.com\/victoriavynn.ca\/wp-content\/uploads\/2023\/04\/victoria-vynn-soft-gel-nail-tips-top-coat-no-wipe.webp?fit=750%2C1000&ssl=1&resize=350%2C200 1x, https:\/\/i0.wp.com\/victoriavynn.ca\/wp-content\/uploads\/2023\/04\/victoria-vynn-soft-gel-nail-tips-top-coat-no-wipe.webp?fit=750%2C1000&ssl=1&resize=525%2C300 1.5x, https:\/\/i0.wp.com\/victoriavynn.ca\/wp-content\/uploads\/2023\/04\/victoria-vynn-soft-gel-nail-tips-top-coat-no-wipe.webp?fit=750%2C1000&ssl=1&resize=700%2C400 2x"},"classes":[]},{"id":2936,"url":"https:\/\/victoriavynn.ca\/fr\/product\/victoria-vynn-buffer-320-500-grit\/","url_meta":{"origin":15172,"position":2},"title":"Tampon 320\/500 Grit","author":"Serge Sahakian","date":"ao\u00fbt 18, 2022","format":false,"excerpt":"Victoria VYNN Instruments et accessoires","rel":"","context":"Similar post","block_context":{"text":"Similar post","link":""},"img":{"alt_text":"","src":"https:\/\/i0.wp.com\/victoriavynn.ca\/wp-content\/uploads\/2022\/08\/buffer-320-500-polksiezyc.jpeg?fit=751%2C558&ssl=1&resize=350%2C200","width":350,"height":200,"srcset":"https:\/\/i0.wp.com\/victoriavynn.ca\/wp-content\/uploads\/2022\/08\/buffer-320-500-polksiezyc.jpeg?fit=751%2C558&ssl=1&resize=350%2C200 1x, https:\/\/i0.wp.com\/victoriavynn.ca\/wp-content\/uploads\/2022\/08\/buffer-320-500-polksiezyc.jpeg?fit=751%2C558&ssl=1&resize=525%2C300 1.5x, https:\/\/i0.wp.com\/victoriavynn.ca\/wp-content\/uploads\/2022\/08\/buffer-320-500-polksiezyc.jpeg?fit=751%2C558&ssl=1&resize=700%2C400 2x"},"classes":[]},{"id":2886,"url":"https:\/\/victoriavynn.ca\/fr\/product\/nail-art-gel-3d-no-wipe-white\/","url_meta":{"origin":15172,"position":3},"title":"Salon Art Gel 3D UV\/LED No Wipe White","author":"Serge Sahakian","date":"ao\u00fbt 18, 2022","format":false,"excerpt":"Victoria VYNN 3D UV\/LED Gel sont des gels de nail art \u00e0 forte pigmentation, recommand\u00e9s pour divers types de d\u00e9corations ou comme couche uniforme sur les ongles. Durcis dans une lampe UV et LED. La marque de vernis gel la plus vendue au Canada, Victoria VYNN, fournit aux proth\u00e9sistes ongulaires et aux professionnels...","rel":"","context":"Similar post","block_context":{"text":"Similar post","link":""},"img":{"alt_text":"Nail Art Gel 3D","src":"https:\/\/i0.wp.com\/victoriavynn.ca\/wp-content\/uploads\/2022\/08\/Art-Gel-3D-1-2.jpg?fit=1000%2C1000&ssl=1&resize=350%2C200","width":350,"height":200,"srcset":"https:\/\/i0.wp.com\/victoriavynn.ca\/wp-content\/uploads\/2022\/08\/Art-Gel-3D-1-2.jpg?fit=1000%2C1000&ssl=1&resize=350%2C200 1x, https:\/\/i0.wp.com\/victoriavynn.ca\/wp-content\/uploads\/2022\/08\/Art-Gel-3D-1-2.jpg?fit=1000%2C1000&ssl=1&resize=525%2C300 1.5x, https:\/\/i0.wp.com\/victoriavynn.ca\/wp-content\/uploads\/2022\/08\/Art-Gel-3D-1-2.jpg?fit=1000%2C1000&ssl=1&resize=700%2C400 2x"},"classes":[]},{"id":2888,"url":"https:\/\/victoriavynn.ca\/fr\/product\/nail-art-gel-3d-no-wipe-black\/","url_meta":{"origin":15172,"position":4},"title":"Salon Art Gel 3D UV\/LED No Wipe Black","author":"Serge Sahakian","date":"ao\u00fbt 18, 2022","format":false,"excerpt":"Victoria VYNN 3D UV\/LED Gel sont des gels de nail art \u00e0 forte pigmentation, recommand\u00e9s pour divers types de d\u00e9corations ou comme couche uniforme sur les ongles. Durcis dans une lampe UV et LED. La marque de vernis gel la plus vendue au Canada, Victoria VYNN, fournit aux proth\u00e9sistes ongulaires et aux professionnels...","rel":"","context":"Similar post","block_context":{"text":"Similar post","link":""},"img":{"alt_text":"Nail Art Gel 3D","src":"https:\/\/i0.wp.com\/victoriavynn.ca\/wp-content\/uploads\/2022\/08\/Art-Gel-3D-1-1.png?fit=1000%2C1000&ssl=1&resize=350%2C200","width":350,"height":200,"srcset":"https:\/\/i0.wp.com\/victoriavynn.ca\/wp-content\/uploads\/2022\/08\/Art-Gel-3D-1-1.png?fit=1000%2C1000&ssl=1&resize=350%2C200 1x, https:\/\/i0.wp.com\/victoriavynn.ca\/wp-content\/uploads\/2022\/08\/Art-Gel-3D-1-1.png?fit=1000%2C1000&ssl=1&resize=525%2C300 1.5x, https:\/\/i0.wp.com\/victoriavynn.ca\/wp-content\/uploads\/2022\/08\/Art-Gel-3D-1-1.png?fit=1000%2C1000&ssl=1&resize=700%2C400 2x"},"classes":[]},{"id":8383,"url":"https:\/\/victoriavynn.ca\/fr\/product\/blue-night-top-coat-no-wipe\/","url_meta":{"origin":15172,"position":5},"title":"Top Coat Blue Night No Wipe","author":"Serge Sahakian","date":"D\u00e9cembre 15, 2022","format":false,"excerpt":"Victoria VYNN Salon Gel Polish Blue Night Top Coat No Wipe is another star among Victoria VYNN Tops. An idea for elegant nails, which are so fashionable this season. A colorless top with shiny particles of various sizes and in several shades of blue will enrich even the simplest styling.\u2026","rel":"","context":"Similar post","block_context":{"text":"Similar post","link":""},"img":{"alt_text":"blue night top coat","src":"https:\/\/i0.wp.com\/victoriavynn.ca\/wp-content\/uploads\/2022\/12\/Top-Coat-No-Wipe-Blue-Night.png?fit=1000%2C1000&ssl=1&resize=350%2C200","width":350,"height":200,"srcset":"https:\/\/i0.wp.com\/victoriavynn.ca\/wp-content\/uploads\/2022\/12\/Top-Coat-No-Wipe-Blue-Night.png?fit=1000%2C1000&ssl=1&resize=350%2C200 1x, https:\/\/i0.wp.com\/victoriavynn.ca\/wp-content\/uploads\/2022\/12\/Top-Coat-No-Wipe-Blue-Night.png?fit=1000%2C1000&ssl=1&resize=525%2C300 1.5x, https:\/\/i0.wp.com\/victoriavynn.ca\/wp-content\/uploads\/2022\/12\/Top-Coat-No-Wipe-Blue-Night.png?fit=1000%2C1000&ssl=1&resize=700%2C400 2x"},"classes":[]}],"jetpack_sharing_enabled":true,"_links":{"self":[{"href":"https:\/\/victoriavynn.ca\/fr\/wp-json\/wp\/v2\/product\/15172","targetHints":{"allow":["GET"]}}],"collection":[{"href":"https:\/\/victoriavynn.ca\/fr\/wp-json\/wp\/v2\/product"}],"about":[{"href":"https:\/\/victoriavynn.ca\/fr\/wp-json\/wp\/v2\/types\/product"}],"replies":[{"embeddable":true,"href":"https:\/\/victoriavynn.ca\/fr\/wp-json\/wp\/v2\/comments?post=15172"}],"wp:featuredmedia":[{"embeddable":true,"href":"https:\/\/victoriavynn.ca\/fr\/wp-json\/wp\/v2\/media\/15173"}],"wp:attachment":[{"href":"https:\/\/victoriavynn.ca\/fr\/wp-json\/wp\/v2\/media?parent=15172"}],"wp:term":[{"taxonomy":"product_brand","embeddable":true,"href":"https:\/\/victoriavynn.ca\/fr\/wp-json\/wp\/v2\/product_brand?post=15172"},{"taxonomy":"product_cat","embeddable":true,"href":"https:\/\/victoriavynn.ca\/fr\/wp-json\/wp\/v2\/product_cat?post=15172"},{"taxonomy":"product_tag","embeddable":true,"href":"https:\/\/victoriavynn.ca\/fr\/wp-json\/wp\/v2\/product_tag?post=15172"}],"curies":[{"name":"wp","href":"https:\/\/api.w.org\/{rel}","templated":true}]}}