{"id":16077,"date":"2023-10-19T22:22:19","date_gmt":"2023-10-20T02:22:19","guid":{"rendered":"https:\/\/victoriavynn.ca\/product\/victoria-vynn-pure-creamy-hybrid-gel-polish-no-246-deep-sea\/"},"modified":"2026-02-24T21:07:59","modified_gmt":"2026-02-25T02:07:59","slug":"victoria-vynn-pure-creamy-hybrid-gel-polish-no-246-deep-sea","status":"publish","type":"product","link":"https:\/\/victoriavynn.ca\/fr\/product\/victoria-vynn-pure-creamy-hybrid-gel-polish-no-246-deep-sea\/","title":{"rendered":"Victoria VYNN Pure Creamy Hybrid Gel Polish No. 246 Deep Sea"},"content":{"rendered":"","protected":false},"excerpt":{"rendered":"","protected":false},"featured_media":16137,"comment_status":"open","ping_status":"closed","template":"","meta":{"jetpack_post_was_ever_published":false,"jetpack_publicize_message":"","jetpack_publicize_feature_enabled":true,"jetpack_social_post_already_shared":false,"jetpack_social_options":{"image_generator_settings":{"template":"highway","default_image_id":0,"font":"","enabled":false},"version":2}},"product_brand":[],"product_cat":[48],"product_tag":[958,828,103],"class_list":{"0":"post-16077","1":"product","2":"type-product","3":"status-publish","4":"has-post-thumbnail","6":"product_cat-hybrid-gel-nail-colors","7":"product_tag-autumn-winter-pure-creamy-hybrid-colors","8":"product_tag-pure-creamy-hybrid-earthy-collection","9":"product_tag-creamy-gel-polish","11":"first","12":"instock","13":"taxable","14":"shipping-taxable","15":"purchasable","16":"product-type-simple"},"jetpack_publicize_connections":[],"jetpack-related-posts":[{"id":4267,"url":"https:\/\/victoriavynn.ca\/fr\/product\/victoria-vynn-dark-fuchsia-gel-polish-128\/","url_meta":{"origin":16077,"position":0},"title":"Pure Creamy Hybrid Gel Polish No. 128 Dark Fuchsia","author":"Serge Sahakian","date":"septembre 2, 2022","format":false,"excerpt":"Le meilleur gel de polissage Dark Fuchsia ! Victoria VYNN Pure Creamy Hybrid High Pigment Gel Polish 128 Dark Fuchsia est un Fuchsia profond et d\u00e9cisif avec une goutte de violet. Le premier distributeur canadien de fournitures professionnelles pour les ongles. Achetez en toute confiance ! Sp\u00e9cifications du produit :               Disponibilit\u00e9 du stock :","rel":"","context":"Similar post","block_context":{"text":"Similar post","link":""},"img":{"alt_text":"Victoria VYNN Pure Dark Fuchsia Gel Polish Pure Creamy No. 128","src":"https:\/\/i0.wp.com\/victoriavynn.ca\/wp-content\/uploads\/2022\/09\/victoria-vynn-pure-dark-fuchsia-gel-polish-pure-creamy-no.-128-.webp?fit=750%2C1000&ssl=1&resize=350%2C200","width":350,"height":200,"srcset":"https:\/\/i0.wp.com\/victoriavynn.ca\/wp-content\/uploads\/2022\/09\/victoria-vynn-pure-dark-fuchsia-gel-polish-pure-creamy-no.-128-.webp?fit=750%2C1000&ssl=1&resize=350%2C200 1x, https:\/\/i0.wp.com\/victoriavynn.ca\/wp-content\/uploads\/2022\/09\/victoria-vynn-pure-dark-fuchsia-gel-polish-pure-creamy-no.-128-.webp?fit=750%2C1000&ssl=1&resize=525%2C300 1.5x, https:\/\/i0.wp.com\/victoriavynn.ca\/wp-content\/uploads\/2022\/09\/victoria-vynn-pure-dark-fuchsia-gel-polish-pure-creamy-no.-128-.webp?fit=750%2C1000&ssl=1&resize=700%2C400 2x"},"classes":[]},{"id":4269,"url":"https:\/\/victoriavynn.ca\/fr\/product\/victoria-vynn-violet-pink-gel-polish-127\/","url_meta":{"origin":16077,"position":1},"title":"Vernis gel hybride cr\u00e9meux Pure n\u00b0 127 Rose Madder","author":"Serge Sahakian","date":"septembre 2, 2022","format":false,"excerpt":"Le meilleur vernis en gel rose violet merveilleux ! Victoria VYNN Pure Creamy Hybrid High Pigment Gel Polish 127 Rose Madder est un rose profond et d\u00e9cisif avec une goutte de violet. Le premier distributeur canadien de fournitures professionnelles pour les ongles. Achetez en toute confiance ! Sp\u00e9cifications du produit :               Disponibilit\u00e9 du stock :","rel":"","context":"Similar post","block_context":{"text":"Similar post","link":""},"img":{"alt_text":"Victoria VYNN Pure Violet Pink Gel Polish Rose Madder No. 127 Pure Creamy","src":"https:\/\/i0.wp.com\/victoriavynn.ca\/wp-content\/uploads\/2022\/09\/victoria-vynn-pure-violet-pink-gel-polish-rose-madder-no.-127-pure-creamy.webp?fit=750%2C1000&ssl=1&resize=350%2C200","width":350,"height":200,"srcset":"https:\/\/i0.wp.com\/victoriavynn.ca\/wp-content\/uploads\/2022\/09\/victoria-vynn-pure-violet-pink-gel-polish-rose-madder-no.-127-pure-creamy.webp?fit=750%2C1000&ssl=1&resize=350%2C200 1x, https:\/\/i0.wp.com\/victoriavynn.ca\/wp-content\/uploads\/2022\/09\/victoria-vynn-pure-violet-pink-gel-polish-rose-madder-no.-127-pure-creamy.webp?fit=750%2C1000&ssl=1&resize=525%2C300 1.5x, https:\/\/i0.wp.com\/victoriavynn.ca\/wp-content\/uploads\/2022\/09\/victoria-vynn-pure-violet-pink-gel-polish-rose-madder-no.-127-pure-creamy.webp?fit=750%2C1000&ssl=1&resize=700%2C400 2x"},"classes":[]},{"id":4353,"url":"https:\/\/victoriavynn.ca\/fr\/product\/purple-lavender-nails-059-deep-lavender\/","url_meta":{"origin":16077,"position":2},"title":"Gel Polish Hybride Cr\u00e9meux Pur n\u00b0 059 Lavande Profonde","author":"Serge Sahakian","date":"septembre 2, 2022","format":false,"excerpt":"Charming Deep Purple Lavender Nails! Victoria VYNN Pure Creamy Hybrid High Pigment Gel Polish 059 Deep Lavender is a decent purple shade of Lavender. Canada's Leading Distributor of Professional Nail Supplies. Buy with Confidence! Product Specifications: \u00a0 \u00a0 \u00a0 \u00a0 \u00a0 \u00a0 \u00a0 Stock Availability:","rel":"","context":"Similar post","block_context":{"text":"Similar post","link":""},"img":{"alt_text":"Best Deep Purple lavender nails Victoria VYNN Pure Creamy Hybrid 059 Deep Lavender","src":"https:\/\/i0.wp.com\/victoriavynn.ca\/wp-content\/uploads\/2022\/09\/Best-Deep-Purple-lavender-nails-Victoria-VYNN-Pure-Creamy-Hybrid-059-Deep-Lavender-.webp?fit=750%2C1000&ssl=1&resize=350%2C200","width":350,"height":200,"srcset":"https:\/\/i0.wp.com\/victoriavynn.ca\/wp-content\/uploads\/2022\/09\/Best-Deep-Purple-lavender-nails-Victoria-VYNN-Pure-Creamy-Hybrid-059-Deep-Lavender-.webp?fit=750%2C1000&ssl=1&resize=350%2C200 1x, https:\/\/i0.wp.com\/victoriavynn.ca\/wp-content\/uploads\/2022\/09\/Best-Deep-Purple-lavender-nails-Victoria-VYNN-Pure-Creamy-Hybrid-059-Deep-Lavender-.webp?fit=750%2C1000&ssl=1&resize=525%2C300 1.5x, https:\/\/i0.wp.com\/victoriavynn.ca\/wp-content\/uploads\/2022\/09\/Best-Deep-Purple-lavender-nails-Victoria-VYNN-Pure-Creamy-Hybrid-059-Deep-Lavender-.webp?fit=750%2C1000&ssl=1&resize=700%2C400 2x"},"classes":[]},{"id":4277,"url":"https:\/\/victoriavynn.ca\/fr\/product\/marigold-orange-nails-gel-polish-pure-123\/","url_meta":{"origin":16077,"position":3},"title":"Vernis gel hybride cr\u00e9meux Pure n\u00b0 123 Deep Marigold","author":"Serge Sahakian","date":"septembre 2, 2022","format":false,"excerpt":"Le meilleur vernis en gel pour ongles Marigold Orange ! Victoria VYNN Pure Creamy Hybrid High Pigment Gel Polish 123 Deep Marigold est une teinte orange pure qui a \u00e9t\u00e9 tir\u00e9e de la couleur des p\u00e9tales de souci. Le premier distributeur canadien de fournitures professionnelles pour les ongles. Achetez en toute confiance ! Sp\u00e9cifications du produit :        ...","rel":"","context":"Similar post","block_context":{"text":"Similar post","link":""},"img":{"alt_text":"Victoria VYNN Pure Marigold Orange Nails Gel Polish no. 123 Deep Marigold","src":"https:\/\/i0.wp.com\/victoriavynn.ca\/wp-content\/uploads\/2022\/09\/victoria-vynn-pure-marigold-orange-nails-gel-polish-no.-123-deep-marigold-.webp?fit=750%2C1000&ssl=1&resize=350%2C200","width":350,"height":200,"srcset":"https:\/\/i0.wp.com\/victoriavynn.ca\/wp-content\/uploads\/2022\/09\/victoria-vynn-pure-marigold-orange-nails-gel-polish-no.-123-deep-marigold-.webp?fit=750%2C1000&ssl=1&resize=350%2C200 1x, https:\/\/i0.wp.com\/victoriavynn.ca\/wp-content\/uploads\/2022\/09\/victoria-vynn-pure-marigold-orange-nails-gel-polish-no.-123-deep-marigold-.webp?fit=750%2C1000&ssl=1&resize=525%2C300 1.5x, https:\/\/i0.wp.com\/victoriavynn.ca\/wp-content\/uploads\/2022\/09\/victoria-vynn-pure-marigold-orange-nails-gel-polish-no.-123-deep-marigold-.webp?fit=750%2C1000&ssl=1&resize=700%2C400 2x"},"classes":[]},{"id":16073,"url":"https:\/\/victoriavynn.ca\/fr\/product\/victoria-vynn-pure-creamy-hybrid-gel-polish-no-242-dreamlike-marble\/","url_meta":{"origin":16077,"position":4},"title":"Victoria VYNN Pure Creamy Hybrid Gel Polish No. 242 Dreamlike Marble","author":"Serge Sahakian","date":"octobre 19, 2023","format":false,"excerpt":"","rel":"","context":"Similar post","block_context":{"text":"Similar post","link":""},"img":{"alt_text":"victoria vynn pure creamy hybrid fall 2023 earthy collection no. 242 dreamlike marble","src":"https:\/\/i0.wp.com\/victoriavynn.ca\/wp-content\/uploads\/2023\/10\/victoria-vynn-pure-creamy-hybrid-fall-2023-earthy-collection-no.-242-dreamlike-marble.webp?fit=750%2C1000&ssl=1&resize=350%2C200","width":350,"height":200,"srcset":"https:\/\/i0.wp.com\/victoriavynn.ca\/wp-content\/uploads\/2023\/10\/victoria-vynn-pure-creamy-hybrid-fall-2023-earthy-collection-no.-242-dreamlike-marble.webp?fit=750%2C1000&ssl=1&resize=350%2C200 1x, https:\/\/i0.wp.com\/victoriavynn.ca\/wp-content\/uploads\/2023\/10\/victoria-vynn-pure-creamy-hybrid-fall-2023-earthy-collection-no.-242-dreamlike-marble.webp?fit=750%2C1000&ssl=1&resize=525%2C300 1.5x, https:\/\/i0.wp.com\/victoriavynn.ca\/wp-content\/uploads\/2023\/10\/victoria-vynn-pure-creamy-hybrid-fall-2023-earthy-collection-no.-242-dreamlike-marble.webp?fit=750%2C1000&ssl=1&resize=700%2C400 2x"},"classes":[]},{"id":16074,"url":"https:\/\/victoriavynn.ca\/fr\/product\/victoria-vynn-pure-creamy-hybrid-gel-polish-no-243-desert-sand\/","url_meta":{"origin":16077,"position":5},"title":"Victoria VYNN Pure Creamy Hybrid Gel Polish No. 243 Desert Sand","author":"Serge Sahakian","date":"octobre 19, 2023","format":false,"excerpt":"","rel":"","context":"Similar post","block_context":{"text":"Similar post","link":""},"img":{"alt_text":"victoria vynn pure creamy hybrid fall 2023 earthy collection no. 243 desert sand","src":"https:\/\/i0.wp.com\/victoriavynn.ca\/wp-content\/uploads\/2023\/10\/victoria-vynn-pure-creamy-hybrid-fall-2023-earthy-collection-no.-243-desert-sand.webp?fit=750%2C1000&ssl=1&resize=350%2C200","width":350,"height":200,"srcset":"https:\/\/i0.wp.com\/victoriavynn.ca\/wp-content\/uploads\/2023\/10\/victoria-vynn-pure-creamy-hybrid-fall-2023-earthy-collection-no.-243-desert-sand.webp?fit=750%2C1000&ssl=1&resize=350%2C200 1x, https:\/\/i0.wp.com\/victoriavynn.ca\/wp-content\/uploads\/2023\/10\/victoria-vynn-pure-creamy-hybrid-fall-2023-earthy-collection-no.-243-desert-sand.webp?fit=750%2C1000&ssl=1&resize=525%2C300 1.5x, https:\/\/i0.wp.com\/victoriavynn.ca\/wp-content\/uploads\/2023\/10\/victoria-vynn-pure-creamy-hybrid-fall-2023-earthy-collection-no.-243-desert-sand.webp?fit=750%2C1000&ssl=1&resize=700%2C400 2x"},"classes":[]}],"jetpack_sharing_enabled":true,"_links":{"self":[{"href":"https:\/\/victoriavynn.ca\/fr\/wp-json\/wp\/v2\/product\/16077","targetHints":{"allow":["GET"]}}],"collection":[{"href":"https:\/\/victoriavynn.ca\/fr\/wp-json\/wp\/v2\/product"}],"about":[{"href":"https:\/\/victoriavynn.ca\/fr\/wp-json\/wp\/v2\/types\/product"}],"replies":[{"embeddable":true,"href":"https:\/\/victoriavynn.ca\/fr\/wp-json\/wp\/v2\/comments?post=16077"}],"wp:featuredmedia":[{"embeddable":true,"href":"https:\/\/victoriavynn.ca\/fr\/wp-json\/wp\/v2\/media\/16137"}],"wp:attachment":[{"href":"https:\/\/victoriavynn.ca\/fr\/wp-json\/wp\/v2\/media?parent=16077"}],"wp:term":[{"taxonomy":"product_brand","embeddable":true,"href":"https:\/\/victoriavynn.ca\/fr\/wp-json\/wp\/v2\/product_brand?post=16077"},{"taxonomy":"product_cat","embeddable":true,"href":"https:\/\/victoriavynn.ca\/fr\/wp-json\/wp\/v2\/product_cat?post=16077"},{"taxonomy":"product_tag","embeddable":true,"href":"https:\/\/victoriavynn.ca\/fr\/wp-json\/wp\/v2\/product_tag?post=16077"}],"curies":[{"name":"wp","href":"https:\/\/api.w.org\/{rel}","templated":true}]}}