{"id":16078,"date":"2023-10-19T22:22:20","date_gmt":"2023-10-20T02:22:20","guid":{"rendered":"https:\/\/victoriavynn.ca\/product\/vynn-pure-creamy-hybrid-gel-polish-no-247-in-the-dark\/"},"modified":"2026-03-22T14:10:51","modified_gmt":"2026-03-22T18:10:51","slug":"vynn-pure-creamy-hybrid-gel-polish-no-247-in-the-dark","status":"publish","type":"product","link":"https:\/\/victoriavynn.ca\/fr\/product\/vynn-pure-creamy-hybrid-gel-polish-no-247-in-the-dark\/","title":{"rendered":"VYNN Pure Creamy Hybrid Gel Polish No. 247 In the Dark (Dans l'obscurit\u00e9)"},"content":{"rendered":"","protected":false},"excerpt":{"rendered":"","protected":false},"featured_media":16134,"comment_status":"open","ping_status":"closed","template":"","meta":{"jetpack_post_was_ever_published":false,"jetpack_publicize_message":"","jetpack_publicize_feature_enabled":true,"jetpack_social_post_already_shared":false,"jetpack_social_options":{"image_generator_settings":{"template":"highway","default_image_id":0,"font":"","enabled":false},"version":2}},"product_brand":[],"product_cat":[48],"product_tag":[958,828,103],"class_list":{"0":"post-16078","1":"product","2":"type-product","3":"status-publish","4":"has-post-thumbnail","6":"product_cat-hybrid-gel-nail-colors","7":"product_tag-autumn-winter-pure-creamy-hybrid-colors","8":"product_tag-pure-creamy-hybrid-earthy-collection","9":"product_tag-creamy-gel-polish","11":"first","12":"instock","13":"taxable","14":"shipping-taxable","15":"purchasable","16":"product-type-simple"},"jetpack_publicize_connections":[],"jetpack-related-posts":[{"id":4267,"url":"https:\/\/victoriavynn.ca\/fr\/product\/victoria-vynn-dark-fuchsia-gel-polish-128\/","url_meta":{"origin":16078,"position":0},"title":"Pure Creamy Hybrid Gel Polish No. 128 Dark Fuchsia","author":"Serge Sahakian","date":"septembre 2, 2022","format":false,"excerpt":"Le meilleur gel de polissage Dark Fuchsia ! Victoria VYNN Pure Creamy Hybrid High Pigment Gel Polish 128 Dark Fuchsia est un Fuchsia profond et d\u00e9cisif avec une goutte de violet. Le premier distributeur canadien de fournitures professionnelles pour les ongles. Achetez en toute confiance ! Sp\u00e9cifications du produit :               Disponibilit\u00e9 du stock :","rel":"","context":"Similar post","block_context":{"text":"Similar post","link":""},"img":{"alt_text":"Victoria VYNN Pure Dark Fuchsia Gel Polish Pure Creamy No. 128","src":"https:\/\/i0.wp.com\/victoriavynn.ca\/wp-content\/uploads\/2022\/09\/victoria-vynn-pure-dark-fuchsia-gel-polish-pure-creamy-no.-128-.webp?fit=750%2C1000&ssl=1&resize=350%2C200","width":350,"height":200,"srcset":"https:\/\/i0.wp.com\/victoriavynn.ca\/wp-content\/uploads\/2022\/09\/victoria-vynn-pure-dark-fuchsia-gel-polish-pure-creamy-no.-128-.webp?fit=750%2C1000&ssl=1&resize=350%2C200 1x, https:\/\/i0.wp.com\/victoriavynn.ca\/wp-content\/uploads\/2022\/09\/victoria-vynn-pure-dark-fuchsia-gel-polish-pure-creamy-no.-128-.webp?fit=750%2C1000&ssl=1&resize=525%2C300 1.5x, https:\/\/i0.wp.com\/victoriavynn.ca\/wp-content\/uploads\/2022\/09\/victoria-vynn-pure-dark-fuchsia-gel-polish-pure-creamy-no.-128-.webp?fit=750%2C1000&ssl=1&resize=700%2C400 2x"},"classes":[]},{"id":4257,"url":"https:\/\/victoriavynn.ca\/fr\/product\/victoria-vynn-dark-chocolate-truffle-nails\/","url_meta":{"origin":16078,"position":1},"title":"Pure Creamy Hybrid Gel Polish No. 136 Dark Truffle","author":"Serge Sahakian","date":"septembre 2, 2022","format":false,"excerpt":"Vernis \u00e0 ongles fantaisie au chocolat noir et \u00e0 la truffe ! Victoria VYNN Pure Creamy Hybrid High Pigment Gel Polish 136 Dark Truffle est une couleur truffe tr\u00e8s fonc\u00e9e qui rassemble toutes les nuances uniques de brun, violet et rouge. Le premier distributeur canadien de fournitures professionnelles pour les ongles. Achetez en toute confiance ! Sp\u00e9cifications du produit :  ...","rel":"","context":"Similar post","block_context":{"text":"Similar post","link":""},"img":{"alt_text":"Victoria VYNN Pure dark chocolate truffle nails gel polish 136 dark truffle","src":"https:\/\/i0.wp.com\/victoriavynn.ca\/wp-content\/uploads\/2022\/09\/victoria-vynn-pure-dark-chocolate-truffle-nails-gel-polish-136-dark-truffle.webp?fit=750%2C1000&ssl=1&resize=350%2C200","width":350,"height":200,"srcset":"https:\/\/i0.wp.com\/victoriavynn.ca\/wp-content\/uploads\/2022\/09\/victoria-vynn-pure-dark-chocolate-truffle-nails-gel-polish-136-dark-truffle.webp?fit=750%2C1000&ssl=1&resize=350%2C200 1x, https:\/\/i0.wp.com\/victoriavynn.ca\/wp-content\/uploads\/2022\/09\/victoria-vynn-pure-dark-chocolate-truffle-nails-gel-polish-136-dark-truffle.webp?fit=750%2C1000&ssl=1&resize=525%2C300 1.5x, https:\/\/i0.wp.com\/victoriavynn.ca\/wp-content\/uploads\/2022\/09\/victoria-vynn-pure-dark-chocolate-truffle-nails-gel-polish-136-dark-truffle.webp?fit=750%2C1000&ssl=1&resize=700%2C400 2x"},"classes":[]},{"id":4307,"url":"https:\/\/victoriavynn.ca\/fr\/product\/victoria-vynn-dark-grey-nails-pure-094\/","url_meta":{"origin":16078,"position":2},"title":"Pure Creamy Hybrid Gel Polish No. 094 Fashion Grey","author":"Serge Sahakian","date":"septembre 2, 2022","format":false,"excerpt":"Des ongles gris fonc\u00e9 incroyables ! Victoria VYNN Pure Creamy Hybrid High Pigment Gel Polish 094 Fashion Grey est une teinte gris fonc\u00e9 unique ! Le principal distributeur canadien de fournitures professionnelles pour les ongles. Achetez en toute confiance ! Sp\u00e9cifications du produit :               Disponibilit\u00e9 du stock :","rel":"","context":"Similar post","block_context":{"text":"Similar post","link":""},"img":{"alt_text":"victoria vynn dark grey nails pure creamy hybrid 094 Fashion Grey","src":"https:\/\/i0.wp.com\/victoriavynn.ca\/wp-content\/uploads\/2022\/09\/victoria-vynn-dark-grey-nails-pure-creamy-hybrid-094-fashion-grey.webp?fit=750%2C1000&ssl=1&resize=350%2C200","width":350,"height":200,"srcset":"https:\/\/i0.wp.com\/victoriavynn.ca\/wp-content\/uploads\/2022\/09\/victoria-vynn-dark-grey-nails-pure-creamy-hybrid-094-fashion-grey.webp?fit=750%2C1000&ssl=1&resize=350%2C200 1x, https:\/\/i0.wp.com\/victoriavynn.ca\/wp-content\/uploads\/2022\/09\/victoria-vynn-dark-grey-nails-pure-creamy-hybrid-094-fashion-grey.webp?fit=750%2C1000&ssl=1&resize=525%2C300 1.5x, https:\/\/i0.wp.com\/victoriavynn.ca\/wp-content\/uploads\/2022\/09\/victoria-vynn-dark-grey-nails-pure-creamy-hybrid-094-fashion-grey.webp?fit=750%2C1000&ssl=1&resize=700%2C400 2x"},"classes":[]},{"id":4347,"url":"https:\/\/victoriavynn.ca\/fr\/product\/aubergine-dark-purple-black-gel-polish-062\/","url_meta":{"origin":16078,"position":3},"title":"Vernis gel hybride cr\u00e9meux pur n\u00b0 062 Black Tulip","author":"Serge Sahakian","date":"septembre 2, 2022","format":false,"excerpt":"Gel Polish Aubergine violet fonc\u00e9 noir super \u00e9l\u00e9gant ! Victoria VYNN Pure Creamy Hybrid High Pigment Gel Polish 061 After Party est agr\u00e9ment\u00e9 de particules multicolores dans une \u00e9tonnante teinte violet fonc\u00e9. Le premier distributeur canadien de fournitures professionnelles pour les ongles. Achetez en toute confiance ! Sp\u00e9cifications du produit :               Stock...","rel":"","context":"Similar post","block_context":{"text":"Similar post","link":""},"img":{"alt_text":"Best Aubergine Dark Purple Black Gel Polish Victoria VYNN Pure Creamy Hybrid 062 Black Tulip","src":"https:\/\/i0.wp.com\/victoriavynn.ca\/wp-content\/uploads\/2022\/09\/Best-Aubergine-Dark-Ourple-Black-Gel-Polish-Victoria-VYNN-Pure-Creamy-Hybrid-062-Black-Tulip.webp?fit=750%2C1000&ssl=1&resize=350%2C200","width":350,"height":200,"srcset":"https:\/\/i0.wp.com\/victoriavynn.ca\/wp-content\/uploads\/2022\/09\/Best-Aubergine-Dark-Ourple-Black-Gel-Polish-Victoria-VYNN-Pure-Creamy-Hybrid-062-Black-Tulip.webp?fit=750%2C1000&ssl=1&resize=350%2C200 1x, https:\/\/i0.wp.com\/victoriavynn.ca\/wp-content\/uploads\/2022\/09\/Best-Aubergine-Dark-Ourple-Black-Gel-Polish-Victoria-VYNN-Pure-Creamy-Hybrid-062-Black-Tulip.webp?fit=750%2C1000&ssl=1&resize=525%2C300 1.5x, https:\/\/i0.wp.com\/victoriavynn.ca\/wp-content\/uploads\/2022\/09\/Best-Aubergine-Dark-Ourple-Black-Gel-Polish-Victoria-VYNN-Pure-Creamy-Hybrid-062-Black-Tulip.webp?fit=750%2C1000&ssl=1&resize=700%2C400 2x"},"classes":[]},{"id":4413,"url":"https:\/\/victoriavynn.ca\/fr\/product\/gel-nail-polish-dark-red-024-forever-crims\/","url_meta":{"origin":16078,"position":4},"title":"Vernis gel hybride cr\u00e9meux Pure No. 024 Forever Crims","author":"Serge Sahakian","date":"septembre 2, 2022","format":false,"excerpt":"Le plus \u00e9l\u00e9gant des vernis \u00e0 ongles en gel rouge fonc\u00e9 ! Victoria VYNN Pure Creamy Hybrid High Pigment Gel Polish 024 Forever Crims est un rouge \u00e9carlate qui ajoute de la classe \u00e0 n'importe quel design. Le premier distributeur canadien de fournitures professionnelles pour les ongles. Achetez en toute confiance ! Sp\u00e9cifications du produit :               Disponibilit\u00e9 du stock :","rel":"","context":"Similar post","block_context":{"text":"Similar post","link":""},"img":{"alt_text":"Best Selling Gel Red nail polish dark red Victoria VYNN Pure Creamy Hybrid 024 Forever Crimson","src":"https:\/\/i0.wp.com\/victoriavynn.ca\/wp-content\/uploads\/2022\/09\/Best-Selling-Gel-Red-nail-polish-dark-red-Victoria-VYNN-Pure-Creamy-Hybrid-024-Forever-Crimson.webp?fit=750%2C1000&ssl=1&resize=350%2C200","width":350,"height":200,"srcset":"https:\/\/i0.wp.com\/victoriavynn.ca\/wp-content\/uploads\/2022\/09\/Best-Selling-Gel-Red-nail-polish-dark-red-Victoria-VYNN-Pure-Creamy-Hybrid-024-Forever-Crimson.webp?fit=750%2C1000&ssl=1&resize=350%2C200 1x, https:\/\/i0.wp.com\/victoriavynn.ca\/wp-content\/uploads\/2022\/09\/Best-Selling-Gel-Red-nail-polish-dark-red-Victoria-VYNN-Pure-Creamy-Hybrid-024-Forever-Crimson.webp?fit=750%2C1000&ssl=1&resize=525%2C300 1.5x, https:\/\/i0.wp.com\/victoriavynn.ca\/wp-content\/uploads\/2022\/09\/Best-Selling-Gel-Red-nail-polish-dark-red-Victoria-VYNN-Pure-Creamy-Hybrid-024-Forever-Crimson.webp?fit=750%2C1000&ssl=1&resize=700%2C400 2x"},"classes":[]},{"id":4349,"url":"https:\/\/victoriavynn.ca\/fr\/product\/shimmery-dark-purple-nails-061-after-party\/","url_meta":{"origin":16078,"position":5},"title":"Gel Polish Hybride Cr\u00e9meux Pur n\u00b0 061 After Party","author":"Serge Sahakian","date":"septembre 2, 2022","format":false,"excerpt":"Fantastic Shimmery Dark Purple Gel Nails! Victoria VYNN Pure Creamy Hybrid High Pigment Gel Polish 061 After Party is enlivened with multicolored particles in an amazing dark purple shade.\u00a0Canada's Leading Distributor of Professional Nail Supplies. Buy with Confidence! Product Specifications: \u00a0 \u00a0 \u00a0 \u00a0 \u00a0 \u00a0 \u00a0 Stock Availability:","rel":"","context":"Similar post","block_context":{"text":"Similar post","link":""},"img":{"alt_text":"Best Shimmery Dark Purple Nails Victoria VYNN Pure Creamy Hybrid 061 After Party","src":"https:\/\/i0.wp.com\/victoriavynn.ca\/wp-content\/uploads\/2022\/09\/Best-Shimmery-Dark-Pruple-Nails-Victoria-VYNN-Pure-Creamy-Hybrid-061-After-Party.webp?fit=750%2C1000&ssl=1&resize=350%2C200","width":350,"height":200,"srcset":"https:\/\/i0.wp.com\/victoriavynn.ca\/wp-content\/uploads\/2022\/09\/Best-Shimmery-Dark-Pruple-Nails-Victoria-VYNN-Pure-Creamy-Hybrid-061-After-Party.webp?fit=750%2C1000&ssl=1&resize=350%2C200 1x, https:\/\/i0.wp.com\/victoriavynn.ca\/wp-content\/uploads\/2022\/09\/Best-Shimmery-Dark-Pruple-Nails-Victoria-VYNN-Pure-Creamy-Hybrid-061-After-Party.webp?fit=750%2C1000&ssl=1&resize=525%2C300 1.5x, https:\/\/i0.wp.com\/victoriavynn.ca\/wp-content\/uploads\/2022\/09\/Best-Shimmery-Dark-Pruple-Nails-Victoria-VYNN-Pure-Creamy-Hybrid-061-After-Party.webp?fit=750%2C1000&ssl=1&resize=700%2C400 2x"},"classes":[]}],"jetpack_sharing_enabled":true,"_links":{"self":[{"href":"https:\/\/victoriavynn.ca\/fr\/wp-json\/wp\/v2\/product\/16078","targetHints":{"allow":["GET"]}}],"collection":[{"href":"https:\/\/victoriavynn.ca\/fr\/wp-json\/wp\/v2\/product"}],"about":[{"href":"https:\/\/victoriavynn.ca\/fr\/wp-json\/wp\/v2\/types\/product"}],"replies":[{"embeddable":true,"href":"https:\/\/victoriavynn.ca\/fr\/wp-json\/wp\/v2\/comments?post=16078"}],"wp:featuredmedia":[{"embeddable":true,"href":"https:\/\/victoriavynn.ca\/fr\/wp-json\/wp\/v2\/media\/16134"}],"wp:attachment":[{"href":"https:\/\/victoriavynn.ca\/fr\/wp-json\/wp\/v2\/media?parent=16078"}],"wp:term":[{"taxonomy":"product_brand","embeddable":true,"href":"https:\/\/victoriavynn.ca\/fr\/wp-json\/wp\/v2\/product_brand?post=16078"},{"taxonomy":"product_cat","embeddable":true,"href":"https:\/\/victoriavynn.ca\/fr\/wp-json\/wp\/v2\/product_cat?post=16078"},{"taxonomy":"product_tag","embeddable":true,"href":"https:\/\/victoriavynn.ca\/fr\/wp-json\/wp\/v2\/product_tag?post=16078"}],"curies":[{"name":"wp","href":"https:\/\/api.w.org\/{rel}","templated":true}]}}