{"id":16079,"date":"2023-10-19T22:22:21","date_gmt":"2023-10-20T02:22:21","guid":{"rendered":"https:\/\/victoriavynn.ca\/product\/vynn-pure-creamy-hybrid-gel-polish-no-248-hot-rock\/"},"modified":"2026-03-22T14:10:52","modified_gmt":"2026-03-22T18:10:52","slug":"vynn-pure-creamy-hybrid-gel-polish-no-248-hot-rock","status":"publish","type":"product","link":"https:\/\/victoriavynn.ca\/fr\/product\/vynn-pure-creamy-hybrid-gel-polish-no-248-hot-rock\/","title":{"rendered":"VYNN Pure Creamy Hybrid Gel Polish No. 248 Hot Rock"},"content":{"rendered":"","protected":false},"excerpt":{"rendered":"","protected":false},"featured_media":16133,"comment_status":"open","ping_status":"closed","template":"","meta":{"jetpack_post_was_ever_published":false,"jetpack_publicize_message":"","jetpack_publicize_feature_enabled":true,"jetpack_social_post_already_shared":false,"jetpack_social_options":{"image_generator_settings":{"template":"highway","default_image_id":0,"font":"","enabled":false},"version":2}},"product_brand":[],"product_cat":[48],"product_tag":[958,828,103],"class_list":{"0":"post-16079","1":"product","2":"type-product","3":"status-publish","4":"has-post-thumbnail","6":"product_cat-hybrid-gel-nail-colors","7":"product_tag-autumn-winter-pure-creamy-hybrid-colors","8":"product_tag-pure-creamy-hybrid-earthy-collection","9":"product_tag-creamy-gel-polish","11":"first","12":"instock","13":"taxable","14":"shipping-taxable","15":"purchasable","16":"product-type-simple"},"jetpack_publicize_connections":[],"jetpack-related-posts":[{"id":4297,"url":"https:\/\/victoriavynn.ca\/fr\/product\/hot-passionate-fuchsia-gel-polish-pure-103\/","url_meta":{"origin":16079,"position":0},"title":"Pure Creamy Hybrid Gel Polish No. 103 Fiery Fuchsia","author":"Serge Sahakian","date":"septembre 2, 2022","format":false,"excerpt":"Hot Passionate Fuchsia Gel Polish! Victoria VYNN Pure Creamy Hybrid High Pigment Gel Polish 103\u00a0Fiery Fuchsia ignites the dormant emotions and passions. Canada's Leading Distributor of Professional Nail Supplies. Buy with Confidence! Product Specifications: \u00a0 \u00a0 \u00a0 \u00a0 \u00a0 \u00a0 \u00a0 Stock Availability:","rel":"","context":"Similar post","block_context":{"text":"Similar post","link":""},"img":{"alt_text":"victoria vynn hot passionate fuchsia gel polish pure creamy 103 fiery fuchsia","src":"https:\/\/i0.wp.com\/victoriavynn.ca\/wp-content\/uploads\/2022\/09\/victoria-vynn-hot-passionate-fuchsia-gel-polish-pure-creamy-103-fiery-fuchsia.webp?fit=750%2C1000&ssl=1&resize=350%2C200","width":350,"height":200,"srcset":"https:\/\/i0.wp.com\/victoriavynn.ca\/wp-content\/uploads\/2022\/09\/victoria-vynn-hot-passionate-fuchsia-gel-polish-pure-creamy-103-fiery-fuchsia.webp?fit=750%2C1000&ssl=1&resize=350%2C200 1x, https:\/\/i0.wp.com\/victoriavynn.ca\/wp-content\/uploads\/2022\/09\/victoria-vynn-hot-passionate-fuchsia-gel-polish-pure-creamy-103-fiery-fuchsia.webp?fit=750%2C1000&ssl=1&resize=525%2C300 1.5x, https:\/\/i0.wp.com\/victoriavynn.ca\/wp-content\/uploads\/2022\/09\/victoria-vynn-hot-passionate-fuchsia-gel-polish-pure-creamy-103-fiery-fuchsia.webp?fit=750%2C1000&ssl=1&resize=700%2C400 2x"},"classes":[]},{"id":4431,"url":"https:\/\/victoriavynn.ca\/fr\/product\/fuchsia-gel-nail-polish-015-fuschsia-dream\/","url_meta":{"origin":16079,"position":1},"title":"Pure Creamy Hybrid Gel Polish No. 015 Fuchsia Dream","author":"Serge Sahakian","date":"septembre 2, 2022","format":false,"excerpt":"Vernis \u00e0 ongles en gel Fuchsia chaud ! Victoria VYNN Pure Creamy Hybrid High Pigment Gel Polish Fuchsia Dream No. 015 est une nuance de rose funky, irr\u00e9ductible et \u00e0 la mode. Le premier distributeur canadien de fournitures professionnelles pour les ongles. Achetez en toute confiance ! Sp\u00e9cifications du produit :               Disponibilit\u00e9 en stock :","rel":"","context":"Similar post","block_context":{"text":"Similar post","link":""},"img":{"alt_text":"Hot Fuchsia Gel Nail Polish Victoria VYNN Pure Creamy Hybrid 015 Fuchsia Dream","src":"https:\/\/i0.wp.com\/victoriavynn.ca\/wp-content\/uploads\/2022\/09\/Hot-Fuchsia-Gel-Nail-Polish-Victoria-VYNN-Pure-Creamy-Hybrid-015-Fuchsia-Dream.webp?fit=750%2C1000&ssl=1&resize=350%2C200","width":350,"height":200,"srcset":"https:\/\/i0.wp.com\/victoriavynn.ca\/wp-content\/uploads\/2022\/09\/Hot-Fuchsia-Gel-Nail-Polish-Victoria-VYNN-Pure-Creamy-Hybrid-015-Fuchsia-Dream.webp?fit=750%2C1000&ssl=1&resize=350%2C200 1x, https:\/\/i0.wp.com\/victoriavynn.ca\/wp-content\/uploads\/2022\/09\/Hot-Fuchsia-Gel-Nail-Polish-Victoria-VYNN-Pure-Creamy-Hybrid-015-Fuchsia-Dream.webp?fit=750%2C1000&ssl=1&resize=525%2C300 1.5x, https:\/\/i0.wp.com\/victoriavynn.ca\/wp-content\/uploads\/2022\/09\/Hot-Fuchsia-Gel-Nail-Polish-Victoria-VYNN-Pure-Creamy-Hybrid-015-Fuchsia-Dream.webp?fit=750%2C1000&ssl=1&resize=700%2C400 2x"},"classes":[]},{"id":4327,"url":"https:\/\/victoriavynn.ca\/fr\/product\/burnt-orange-nails-075-hot-orange\/","url_meta":{"origin":16079,"position":2},"title":"Gel Polish Hybride Cr\u00e9meux Pur n\u00b0 075 Orange Chaude","author":"Serge Sahakian","date":"septembre 2, 2022","format":false,"excerpt":"Impressive Burnt Orange Nails! Victoria VYNN Pure Creamy Hybrid High Pigment Gel Polish 075 Hot Orange is a tempting and seductive hot orange. Canada's Leading Distributor of Professional Nail Supplies. Buy with Confidence! Product Specifications: \u00a0 \u00a0 \u00a0 \u00a0 \u00a0 \u00a0 \u00a0 Stock Availability:","rel":"","context":"Similar post","block_context":{"text":"Similar post","link":""},"img":{"alt_text":"Best Burnt Orange Nails Victoria VYNN Pure Creamy Hybrid 075 Hot Orange","src":"https:\/\/i0.wp.com\/victoriavynn.ca\/wp-content\/uploads\/2022\/09\/Best-Burn-Orange-Nails-Victoria-VYNN-Pure-Creamy-Hybrid-075-Hot-Orange.webp?fit=750%2C1000&ssl=1&resize=350%2C200","width":350,"height":200,"srcset":"https:\/\/i0.wp.com\/victoriavynn.ca\/wp-content\/uploads\/2022\/09\/Best-Burn-Orange-Nails-Victoria-VYNN-Pure-Creamy-Hybrid-075-Hot-Orange.webp?fit=750%2C1000&ssl=1&resize=350%2C200 1x, https:\/\/i0.wp.com\/victoriavynn.ca\/wp-content\/uploads\/2022\/09\/Best-Burn-Orange-Nails-Victoria-VYNN-Pure-Creamy-Hybrid-075-Hot-Orange.webp?fit=750%2C1000&ssl=1&resize=525%2C300 1.5x, https:\/\/i0.wp.com\/victoriavynn.ca\/wp-content\/uploads\/2022\/09\/Best-Burn-Orange-Nails-Victoria-VYNN-Pure-Creamy-Hybrid-075-Hot-Orange.webp?fit=750%2C1000&ssl=1&resize=700%2C400 2x"},"classes":[]},{"id":4323,"url":"https:\/\/victoriavynn.ca\/fr\/product\/best-bright-neon-pink-nails-077-hot-shot\/","url_meta":{"origin":16079,"position":3},"title":"Pure Creamy Hybrid Gel Polish No. 077 Hot Shot","author":"Serge Sahakian","date":"septembre 2, 2022","format":false,"excerpt":"Les meilleurs ongles rose fluo ! Victoria VYNN Pure Creamy Hybrid High Pigment Gel Polish 077 Hot Shot est un rose vif et chaud qui attire toujours l'attention. Le principal distributeur canadien de fournitures professionnelles pour les ongles. Achetez en toute confiance ! Sp\u00e9cifications du produit :               Disponibilit\u00e9 du stock :","rel":"","context":"Similar post","block_context":{"text":"Similar post","link":""},"img":{"alt_text":"Best Bright Neon Pink Nails Victoria VYNN Pure Creamy Hybrid 077 Hot Shot","src":"https:\/\/i0.wp.com\/victoriavynn.ca\/wp-content\/uploads\/2022\/09\/Best-Bright-Neon-Pink-Nails-Victoria-VYNN-Pure-Creamy-Hybrid-077-Hot-Shot.webp?fit=750%2C1000&ssl=1&resize=350%2C200","width":350,"height":200,"srcset":"https:\/\/i0.wp.com\/victoriavynn.ca\/wp-content\/uploads\/2022\/09\/Best-Bright-Neon-Pink-Nails-Victoria-VYNN-Pure-Creamy-Hybrid-077-Hot-Shot.webp?fit=750%2C1000&ssl=1&resize=350%2C200 1x, https:\/\/i0.wp.com\/victoriavynn.ca\/wp-content\/uploads\/2022\/09\/Best-Bright-Neon-Pink-Nails-Victoria-VYNN-Pure-Creamy-Hybrid-077-Hot-Shot.webp?fit=750%2C1000&ssl=1&resize=525%2C300 1.5x, https:\/\/i0.wp.com\/victoriavynn.ca\/wp-content\/uploads\/2022\/09\/Best-Bright-Neon-Pink-Nails-Victoria-VYNN-Pure-Creamy-Hybrid-077-Hot-Shot.webp?fit=750%2C1000&ssl=1&resize=700%2C400 2x"},"classes":[]},{"id":4433,"url":"https:\/\/victoriavynn.ca\/fr\/product\/best-bright-pink-nails-014-rose-time\/","url_meta":{"origin":16079,"position":4},"title":"Pure Creamy Hybrid Gel Polish No. 014 Rose Time","author":"Serge Sahakian","date":"septembre 2, 2022","format":false,"excerpt":"Des ongles d'un rose vif et chaud ! Victoria VYNN Pure Creamy Hybrid High Pigment Gel Polish Rose Time No. 014 est un charmant rose vif et d\u00e9cisif. Le premier distributeur canadien de fournitures professionnelles pour les ongles. Achetez en toute confiance ! Sp\u00e9cifications du produit :               Disponibilit\u00e9 du stock :","rel":"","context":"Similar post","block_context":{"text":"Similar post","link":""},"img":{"alt_text":"best hot bright pink nails victoria vynn pure creamy hybrid 014 rose time","src":"https:\/\/i0.wp.com\/victoriavynn.ca\/wp-content\/uploads\/2022\/09\/best-hot-bright-pink-nails-victoria-vynn-pure-creamy-hybrid-014-rose-time-1-7.webp?fit=750%2C1000&ssl=1&resize=350%2C200","width":350,"height":200,"srcset":"https:\/\/i0.wp.com\/victoriavynn.ca\/wp-content\/uploads\/2022\/09\/best-hot-bright-pink-nails-victoria-vynn-pure-creamy-hybrid-014-rose-time-1-7.webp?fit=750%2C1000&ssl=1&resize=350%2C200 1x, https:\/\/i0.wp.com\/victoriavynn.ca\/wp-content\/uploads\/2022\/09\/best-hot-bright-pink-nails-victoria-vynn-pure-creamy-hybrid-014-rose-time-1-7.webp?fit=750%2C1000&ssl=1&resize=525%2C300 1.5x, https:\/\/i0.wp.com\/victoriavynn.ca\/wp-content\/uploads\/2022\/09\/best-hot-bright-pink-nails-victoria-vynn-pure-creamy-hybrid-014-rose-time-1-7.webp?fit=750%2C1000&ssl=1&resize=700%2C400 2x"},"classes":[]},{"id":4411,"url":"https:\/\/victoriavynn.ca\/fr\/product\/hot-red-valentines-day-nails-025-dry-wine\/","url_meta":{"origin":16079,"position":5},"title":"Pure Creamy Hybrid Gel Polish No. 025 Dry Wine","author":"Serge Sahakian","date":"septembre 2, 2022","format":false,"excerpt":"Most Seducing Hot Red Valentines Day Nails?! Victoria VYNN Pure Creamy Hybrid High Pigment Gel Polish 025 Dry Wine is a deep, seductive shade of burgundy Dry Wine, which no snappy dresser will be able to resist. Canada's Leading Distributor of Professional Nail Supplies. Buy with Confidence! Product Specifications: \u00a0\u2026","rel":"","context":"Similar post","block_context":{"text":"Similar post","link":""},"img":{"alt_text":"Most seducing red valentines day nails Victoria VYNN Pure Creamy Hybrid 024 Dry Wine","src":"https:\/\/i0.wp.com\/victoriavynn.ca\/wp-content\/uploads\/2022\/09\/Most-seducing-red-valentines-day-nails-Victoria-VYNN-Pure-Creamy-Hybrid-024-Dry-Wine.webp?fit=750%2C1000&ssl=1&resize=350%2C200","width":350,"height":200,"srcset":"https:\/\/i0.wp.com\/victoriavynn.ca\/wp-content\/uploads\/2022\/09\/Most-seducing-red-valentines-day-nails-Victoria-VYNN-Pure-Creamy-Hybrid-024-Dry-Wine.webp?fit=750%2C1000&ssl=1&resize=350%2C200 1x, https:\/\/i0.wp.com\/victoriavynn.ca\/wp-content\/uploads\/2022\/09\/Most-seducing-red-valentines-day-nails-Victoria-VYNN-Pure-Creamy-Hybrid-024-Dry-Wine.webp?fit=750%2C1000&ssl=1&resize=525%2C300 1.5x, https:\/\/i0.wp.com\/victoriavynn.ca\/wp-content\/uploads\/2022\/09\/Most-seducing-red-valentines-day-nails-Victoria-VYNN-Pure-Creamy-Hybrid-024-Dry-Wine.webp?fit=750%2C1000&ssl=1&resize=700%2C400 2x"},"classes":[]}],"jetpack_sharing_enabled":true,"_links":{"self":[{"href":"https:\/\/victoriavynn.ca\/fr\/wp-json\/wp\/v2\/product\/16079","targetHints":{"allow":["GET"]}}],"collection":[{"href":"https:\/\/victoriavynn.ca\/fr\/wp-json\/wp\/v2\/product"}],"about":[{"href":"https:\/\/victoriavynn.ca\/fr\/wp-json\/wp\/v2\/types\/product"}],"replies":[{"embeddable":true,"href":"https:\/\/victoriavynn.ca\/fr\/wp-json\/wp\/v2\/comments?post=16079"}],"wp:featuredmedia":[{"embeddable":true,"href":"https:\/\/victoriavynn.ca\/fr\/wp-json\/wp\/v2\/media\/16133"}],"wp:attachment":[{"href":"https:\/\/victoriavynn.ca\/fr\/wp-json\/wp\/v2\/media?parent=16079"}],"wp:term":[{"taxonomy":"product_brand","embeddable":true,"href":"https:\/\/victoriavynn.ca\/fr\/wp-json\/wp\/v2\/product_brand?post=16079"},{"taxonomy":"product_cat","embeddable":true,"href":"https:\/\/victoriavynn.ca\/fr\/wp-json\/wp\/v2\/product_cat?post=16079"},{"taxonomy":"product_tag","embeddable":true,"href":"https:\/\/victoriavynn.ca\/fr\/wp-json\/wp\/v2\/product_tag?post=16079"}],"curies":[{"name":"wp","href":"https:\/\/api.w.org\/{rel}","templated":true}]}}