{"id":16080,"date":"2023-10-19T22:22:22","date_gmt":"2023-10-20T02:22:22","guid":{"rendered":"https:\/\/victoriavynn.ca\/product\/vynn-pure-creamy-hybrid-gel-polish-no-249-fiery-leaf\/"},"modified":"2026-02-20T11:54:58","modified_gmt":"2026-02-20T16:54:58","slug":"victoria-vynn-rouge-pur-automne-249","status":"publish","type":"product","link":"https:\/\/victoriavynn.ca\/fr\/product\/victoria-vynn-pure-red-fall-nails-249\/","title":{"rendered":"Victoria VYNN Pure Creamy Hybrid Gel Polish No. 249 Fiery Leaf (Feuille de feu)"},"content":{"rendered":"<h2>Ongles d'automne rouge fonc\u00e9 ?<\/h2>\n<p>Victoria VYNN Pure Creamy Hybrid Gel Polish Fiery Leaf No. 249 est le rouge ardent de l'\u00e9rable qui est typiquement la couleur des ongles rouges d'automne.<\/p>\n<h2>Le meilleur choix pour les ongles fonc\u00e9s de l'automne !<\/h2>\n<p>Pr\u00e9parez-vous pour la saison d'automne avec de superbes ongles rouge fonc\u00e9 qui ajouteront une touche d'\u00e9l\u00e9gance \u00e0 votre look. Embrassez le temps douillet et montrez votre c\u00f4t\u00e9 \u00e9l\u00e9gant avec cette audacieuse et magnifique couleur d'ongles d'automne rouge fonc\u00e9 en gel.<\/p>\n<h3>Tombez amoureux des ongles rouges et orange de l'automne : 8 id\u00e9es tendance pour la saison<\/h3>\n<p>Entrez dans la saison avec des ongles rouge fonc\u00e9 pour l'automne. Am\u00e9liorez votre jeu d'ongles avec ces tendances d'ongles rouges et bruns pour l'automne.<\/p>\n<h4><a href=\"https:\/\/victoriavynn.ca\/fr\/vernis-a-ongles-hybrides\/\">Ligne Victoria VYNN Pure Creamy Hybrid<\/a><\/h4>\n<p>Le syst\u00e8me Pure Creamy Hybrid comprend <a href=\"https:\/\/victoriavynn.ca\/fr\/vernis-a-ongles-hybrides\/couleurs-dongles-hybrides-en-gel\/\">vernis gel hybride cr\u00e9meux<\/a> d'une couverture et d'une durabilit\u00e9 excellentes. Il s'agit d'une formule \u00e0 l'indice de s\u00e9curit\u00e9 \u00e9lev\u00e9, sans odeur irritante et qui s'\u00e9limine avec de l'alcool cosm\u00e9tique. Le pinceau court et plat, con\u00e7u sp\u00e9cialement pour la ligne de produits Pure, facilite une application uniforme. Le syst\u00e8me permet de r\u00e9aliser des manucures hybrides ultra fines. Durcissement uniquement dans des lampes LED !<\/p>\n<p>Le site <a href=\"https:\/\/victoriavynn.ca\/fr\/vernis-a-ongles-hybrides\/couleurs-dongles-hybrides-en-gel\/\">Vernis hybrides purs<\/a> r\u00e9pondre aux attentes des femmes du monde entier ! Nous cr\u00e9ons nos collections en fonction des derni\u00e8res tendances, nous r\u00e9pondons aux besoins de nos clientes et nous mettons en valeur la beaut\u00e9 de leurs mains !<\/p>\n<p>D\u00e9couvrez \u00e9galement un monde de couleurs vibrantes avec notre <a href=\"https:\/\/victoriavynn.ca\/fr\/vernis-a-ongles-professionnel-en-gel\/\">gel polish de salon<\/a> collections. Laissez-vous s\u00e9duire par la derni\u00e8re collection d'automne et d\u00e9couvrez les teintes captivantes de notre collection d'automne. <a href=\"https:\/\/victoriavynn.ca\/fr\/tags\/salon-gel-polish-feel-the-flow-collection\/\">Collection Feel the Flow<\/a>.<\/p>\n<p>R\u00e9alisez la manucure parfaite avec notre <a href=\"https:\/\/victoriavynn.ca\/fr\/produit\/mega-base-rubber-base-coat\/\">MEGA couche de base<\/a> et <a href=\"https:\/\/victoriavynn.ca\/fr\/produit\/top-coat-no-wipe-gloss\/\">super glossy top coat gloss no wipe<\/a>. Compl\u00e9tez votre set d\u00e8s aujourd'hui !<\/p>","protected":false},"excerpt":{"rendered":"<h3>Les ongles rouges de l'automne !<\/h3>\n<p>Pr\u00e9parez-vous pour l'automne avec de superbes ongles rouges en gel : Une tendance incontournable. La couleur id\u00e9ale des ongles d'automne rouge orang\u00e9.  Embrassez le temps douillet et montrez votre c\u00f4t\u00e9 \u00e9l\u00e9gant avec cette audacieuse et belle couleur d'ongles d'automne en gel rouge.<\/p>\n<p>Collection : <a href=\"https:\/\/victoriavynn.ca\/fr\/tags\/pure-creamy-hybrid-earthy-collection\/\">Pur Cr\u00e9meux Hybride Terreux<\/a><\/p>\n<p>Sp\u00e9cifications du produit :<\/p>\n<p><a href=\"https:\/\/victoriavynn.ca\/wp-content\/uploads\/2022\/12\/CREAMY-FORMULA-1.webp\"><img loading=\"lazy\" decoding=\"async\" class=\"size-full wp-image-8777 alignleft\" src=\"https:\/\/victoriavynn.ca\/wp-content\/uploads\/2022\/12\/CREAMY-FORMULA-1.webp\" alt=\"VERNIS GEL CR\u00c9MEUX\" width=\"125\" height=\"150\" \/><\/a> <img loading=\"lazy\" decoding=\"async\" class=\"size-full wp-image-8778 alignleft\" src=\"https:\/\/victoriavynn.ca\/wp-content\/uploads\/2022\/12\/FLAT-SHORT-BRUSH.webp\" alt=\"VERNIS GEL CR\u00c9MEUX\" width=\"125\" height=\"150\" \/><img loading=\"lazy\" decoding=\"async\" class=\"size-full wp-image-8779 alignleft\" src=\"https:\/\/victoriavynn.ca\/wp-content\/uploads\/2022\/12\/FOR-LED-LAMP.webp\" alt=\"VERNIS GEL CR\u00c9MEUX\" width=\"125\" height=\"150\" \/><a href=\"https:\/\/victoriavynn.ca\/wp-content\/uploads\/2019\/11\/SALON-QUALITY.webp\"><img loading=\"lazy\" decoding=\"async\" class=\"size-full wp-image-8772 alignleft\" src=\"https:\/\/victoriavynn.ca\/wp-content\/uploads\/2019\/11\/SALON-QUALITY.webp\" alt=\"GEL NAIL BUILDER\" width=\"125\" height=\"150\" \/><\/a><\/p>\n<p>&nbsp;<\/p>\n<p>&nbsp;<\/p>\n<p>&nbsp;<\/p>\n<p>&nbsp;<\/p>\n<p>&nbsp;<\/p>","protected":false},"featured_media":16131,"comment_status":"open","ping_status":"closed","template":"","meta":{"jetpack_post_was_ever_published":false,"jetpack_publicize_message":"","jetpack_publicize_feature_enabled":true,"jetpack_social_post_already_shared":false,"jetpack_social_options":{"image_generator_settings":{"template":"highway","default_image_id":0,"font":"","enabled":false},"version":2}},"product_brand":[],"product_cat":[48],"product_tag":[958,828,103],"class_list":{"0":"post-16080","1":"product","2":"type-product","3":"status-publish","4":"has-post-thumbnail","6":"product_cat-hybrid-gel-nail-colors","7":"product_tag-autumn-winter-pure-creamy-hybrid-colors","8":"product_tag-pure-creamy-hybrid-earthy-collection","9":"product_tag-creamy-gel-polish","11":"first","12":"instock","13":"taxable","14":"shipping-taxable","15":"purchasable","16":"product-type-simple"},"jetpack_publicize_connections":[],"jetpack-related-posts":[{"id":4413,"url":"https:\/\/victoriavynn.ca\/fr\/product\/gel-nail-polish-dark-red-024-forever-crims\/","url_meta":{"origin":16080,"position":0},"title":"Vernis gel hybride cr\u00e9meux Pure No. 024 Forever Crims","author":"Serge Sahakian","date":"septembre 2, 2022","format":false,"excerpt":"Le plus \u00e9l\u00e9gant des vernis \u00e0 ongles en gel rouge fonc\u00e9 ! Victoria VYNN Pure Creamy Hybrid High Pigment Gel Polish 024 Forever Crims est un rouge \u00e9carlate qui ajoute de la classe \u00e0 n'importe quel design. Le premier distributeur canadien de fournitures professionnelles pour les ongles. Achetez en toute confiance ! Sp\u00e9cifications du produit :               Disponibilit\u00e9 du stock :","rel":"","context":"Similar post","block_context":{"text":"Similar post","link":""},"img":{"alt_text":"Best Selling Gel Red nail polish dark red Victoria VYNN Pure Creamy Hybrid 024 Forever Crimson","src":"https:\/\/i0.wp.com\/victoriavynn.ca\/wp-content\/uploads\/2022\/09\/Best-Selling-Gel-Red-nail-polish-dark-red-Victoria-VYNN-Pure-Creamy-Hybrid-024-Forever-Crimson.webp?fit=750%2C1000&ssl=1&resize=350%2C200","width":350,"height":200,"srcset":"https:\/\/i0.wp.com\/victoriavynn.ca\/wp-content\/uploads\/2022\/09\/Best-Selling-Gel-Red-nail-polish-dark-red-Victoria-VYNN-Pure-Creamy-Hybrid-024-Forever-Crimson.webp?fit=750%2C1000&ssl=1&resize=350%2C200 1x, https:\/\/i0.wp.com\/victoriavynn.ca\/wp-content\/uploads\/2022\/09\/Best-Selling-Gel-Red-nail-polish-dark-red-Victoria-VYNN-Pure-Creamy-Hybrid-024-Forever-Crimson.webp?fit=750%2C1000&ssl=1&resize=525%2C300 1.5x, https:\/\/i0.wp.com\/victoriavynn.ca\/wp-content\/uploads\/2022\/09\/Best-Selling-Gel-Red-nail-polish-dark-red-Victoria-VYNN-Pure-Creamy-Hybrid-024-Forever-Crimson.webp?fit=750%2C1000&ssl=1&resize=700%2C400 2x"},"classes":[]},{"id":4257,"url":"https:\/\/victoriavynn.ca\/fr\/product\/victoria-vynn-dark-chocolate-truffle-nails\/","url_meta":{"origin":16080,"position":1},"title":"Pure Creamy Hybrid Gel Polish No. 136 Dark Truffle","author":"Serge Sahakian","date":"septembre 2, 2022","format":false,"excerpt":"Vernis \u00e0 ongles fantaisie au chocolat noir et \u00e0 la truffe ! Victoria VYNN Pure Creamy Hybrid High Pigment Gel Polish 136 Dark Truffle est une couleur truffe tr\u00e8s fonc\u00e9e qui rassemble toutes les nuances uniques de brun, violet et rouge. Le premier distributeur canadien de fournitures professionnelles pour les ongles. Achetez en toute confiance ! Sp\u00e9cifications du produit :  ...","rel":"","context":"Similar post","block_context":{"text":"Similar post","link":""},"img":{"alt_text":"Victoria VYNN Pure dark chocolate truffle nails gel polish 136 dark truffle","src":"https:\/\/i0.wp.com\/victoriavynn.ca\/wp-content\/uploads\/2022\/09\/victoria-vynn-pure-dark-chocolate-truffle-nails-gel-polish-136-dark-truffle.webp?fit=750%2C1000&ssl=1&resize=350%2C200","width":350,"height":200,"srcset":"https:\/\/i0.wp.com\/victoriavynn.ca\/wp-content\/uploads\/2022\/09\/victoria-vynn-pure-dark-chocolate-truffle-nails-gel-polish-136-dark-truffle.webp?fit=750%2C1000&ssl=1&resize=350%2C200 1x, https:\/\/i0.wp.com\/victoriavynn.ca\/wp-content\/uploads\/2022\/09\/victoria-vynn-pure-dark-chocolate-truffle-nails-gel-polish-136-dark-truffle.webp?fit=750%2C1000&ssl=1&resize=525%2C300 1.5x, https:\/\/i0.wp.com\/victoriavynn.ca\/wp-content\/uploads\/2022\/09\/victoria-vynn-pure-dark-chocolate-truffle-nails-gel-polish-136-dark-truffle.webp?fit=750%2C1000&ssl=1&resize=700%2C400 2x"},"classes":[]},{"id":4291,"url":"https:\/\/victoriavynn.ca\/fr\/product\/victoria-vynn-red-orange-nails-pure-106\/","url_meta":{"origin":16080,"position":2},"title":"Pure Creamy Hybrid Gel Polish No. 106 Birthday Cake","author":"Serge Sahakian","date":"septembre 2, 2022","format":false,"excerpt":"Des ongles naturellement rouges et orang\u00e9s ! Victoria VYNN Pure Creamy Hybrid High Pigment Gel Polish 106 Birthday Cake est une nuance de rouge l\u00e9g\u00e8rement teint\u00e9e d'orange. Le premier distributeur canadien de fournitures professionnelles pour les ongles. Achetez en toute confiance ! Sp\u00e9cifications du produit :               Disponibilit\u00e9 du stock :","rel":"","context":"Similar post","block_context":{"text":"Similar post","link":""},"img":{"alt_text":"victoria vynn pure creamy red orange nails birthday cake no. 106","src":"https:\/\/i0.wp.com\/victoriavynn.ca\/wp-content\/uploads\/2022\/09\/victoria-vynn-pure-creamy-red-orange-nails-birthday-cake-no.-106.webp?fit=750%2C1000&ssl=1&resize=350%2C200","width":350,"height":200,"srcset":"https:\/\/i0.wp.com\/victoriavynn.ca\/wp-content\/uploads\/2022\/09\/victoria-vynn-pure-creamy-red-orange-nails-birthday-cake-no.-106.webp?fit=750%2C1000&ssl=1&resize=350%2C200 1x, https:\/\/i0.wp.com\/victoriavynn.ca\/wp-content\/uploads\/2022\/09\/victoria-vynn-pure-creamy-red-orange-nails-birthday-cake-no.-106.webp?fit=750%2C1000&ssl=1&resize=525%2C300 1.5x, https:\/\/i0.wp.com\/victoriavynn.ca\/wp-content\/uploads\/2022\/09\/victoria-vynn-pure-creamy-red-orange-nails-birthday-cake-no.-106.webp?fit=750%2C1000&ssl=1&resize=700%2C400 2x"},"classes":[]},{"id":4293,"url":"https:\/\/victoriavynn.ca\/fr\/product\/victoria-vynn-coca-cola-red-nails-pure-105\/","url_meta":{"origin":16080,"position":3},"title":"Gel polissant hybride Pure Creamy No. 105 California Poppy","author":"Serge Sahakian","date":"septembre 2, 2022","format":false,"excerpt":"Des ongles naturels rouge Coca Cola ! Victoria VYNN Pure Creamy Hybrid High Pigment Gel Polish 105 California Poppy est un rouge l\u00e9g\u00e8rement chaud. Le premier distributeur canadien de fournitures professionnelles pour les ongles. Achetez en toute confiance ! Sp\u00e9cifications du produit :               Disponibilit\u00e9 du stock :","rel":"","context":"Similar post","block_context":{"text":"Similar post","link":""},"img":{"alt_text":"victoria vynn coca cola red nail pure creamy no. 105 california poppy","src":"https:\/\/i0.wp.com\/victoriavynn.ca\/wp-content\/uploads\/2022\/09\/victoria-vynn-coca-cola-red-nail-pure-creamy-no.-105-california-poppy.webp?fit=750%2C1000&ssl=1&resize=350%2C200","width":350,"height":200,"srcset":"https:\/\/i0.wp.com\/victoriavynn.ca\/wp-content\/uploads\/2022\/09\/victoria-vynn-coca-cola-red-nail-pure-creamy-no.-105-california-poppy.webp?fit=750%2C1000&ssl=1&resize=350%2C200 1x, https:\/\/i0.wp.com\/victoriavynn.ca\/wp-content\/uploads\/2022\/09\/victoria-vynn-coca-cola-red-nail-pure-creamy-no.-105-california-poppy.webp?fit=750%2C1000&ssl=1&resize=525%2C300 1.5x, https:\/\/i0.wp.com\/victoriavynn.ca\/wp-content\/uploads\/2022\/09\/victoria-vynn-coca-cola-red-nail-pure-creamy-no.-105-california-poppy.webp?fit=750%2C1000&ssl=1&resize=700%2C400 2x"},"classes":[]},{"id":4295,"url":"https:\/\/victoriavynn.ca\/fr\/product\/victoria-vynn-pinky-red-nails-pure-104\/","url_meta":{"origin":16080,"position":4},"title":"Pure Creamy Hybrid Gel Polish No. 104 Tropical Smoothie","author":"Serge Sahakian","date":"septembre 2, 2022","format":false,"excerpt":"Charmant vernis en gel rouge ros\u00e9 pour les ongles ! Victoria VYNN Pure Creamy Hybrid High Pigment Gel Polish 104 Tropical Smoothie est un rouge m\u00e9lang\u00e9 \u00e0 un peu de rose qui donne de l'\u00e9nergie tout au long de la journ\u00e9e. Le principal distributeur canadien de fournitures professionnelles pour les ongles. Achetez en toute confiance ! Sp\u00e9cifications du produit :               Stock...","rel":"","context":"Similar post","block_context":{"text":"Similar post","link":""},"img":{"alt_text":"victoria vynn pinky red nails pure creamy 104 tropical smoothie","src":"https:\/\/i0.wp.com\/victoriavynn.ca\/wp-content\/uploads\/2022\/09\/victoria-vynn-pinky-red-nails-pure-creamy-104-tropical-smoothie.webp?fit=750%2C1000&ssl=1&resize=350%2C200","width":350,"height":200,"srcset":"https:\/\/i0.wp.com\/victoriavynn.ca\/wp-content\/uploads\/2022\/09\/victoria-vynn-pinky-red-nails-pure-creamy-104-tropical-smoothie.webp?fit=750%2C1000&ssl=1&resize=350%2C200 1x, https:\/\/i0.wp.com\/victoriavynn.ca\/wp-content\/uploads\/2022\/09\/victoria-vynn-pinky-red-nails-pure-creamy-104-tropical-smoothie.webp?fit=750%2C1000&ssl=1&resize=525%2C300 1.5x, https:\/\/i0.wp.com\/victoriavynn.ca\/wp-content\/uploads\/2022\/09\/victoria-vynn-pinky-red-nails-pure-creamy-104-tropical-smoothie.webp?fit=750%2C1000&ssl=1&resize=700%2C400 2x"},"classes":[]},{"id":4401,"url":"https:\/\/victoriavynn.ca\/fr\/product\/best-diamond-blue-nails-033-emerald-ocean\/","url_meta":{"origin":16080,"position":5},"title":"Pure Creamy Hybrid Gel Polish No. 033 Emerald Ocean","author":"Serge Sahakian","date":"septembre 2, 2022","format":false,"excerpt":"Des ongles bleu diamant \u00e9tonnants ! Victoria VYNN Pure Creamy Hybrid High Pigment Gel Polish 033 Emerald Ocean est un bleu \u00e9meraude dont il est impossible de ne pas tomber amoureux. Le plus grand distributeur canadien de fournitures professionnelles pour les ongles. Achetez en toute confiance ! Sp\u00e9cifications du produit :               Disponibilit\u00e9 du stock :","rel":"","context":"Similar post","block_context":{"text":"Similar post","link":""},"img":{"alt_text":"Best Diamond Blue Nails Victoria VYNN Pure Creany Hybrid 033 Emerald Ocean","src":"https:\/\/i0.wp.com\/victoriavynn.ca\/wp-content\/uploads\/2022\/09\/Best-Diamond-Blue-Nails-Victoria-VYNN-Pure-Creany-Hybrid-033-Emerald-Ocean-.webp?fit=750%2C1000&ssl=1&resize=350%2C200","width":350,"height":200,"srcset":"https:\/\/i0.wp.com\/victoriavynn.ca\/wp-content\/uploads\/2022\/09\/Best-Diamond-Blue-Nails-Victoria-VYNN-Pure-Creany-Hybrid-033-Emerald-Ocean-.webp?fit=750%2C1000&ssl=1&resize=350%2C200 1x, https:\/\/i0.wp.com\/victoriavynn.ca\/wp-content\/uploads\/2022\/09\/Best-Diamond-Blue-Nails-Victoria-VYNN-Pure-Creany-Hybrid-033-Emerald-Ocean-.webp?fit=750%2C1000&ssl=1&resize=525%2C300 1.5x, https:\/\/i0.wp.com\/victoriavynn.ca\/wp-content\/uploads\/2022\/09\/Best-Diamond-Blue-Nails-Victoria-VYNN-Pure-Creany-Hybrid-033-Emerald-Ocean-.webp?fit=750%2C1000&ssl=1&resize=700%2C400 2x"},"classes":[]}],"jetpack_sharing_enabled":true,"_links":{"self":[{"href":"https:\/\/victoriavynn.ca\/fr\/wp-json\/wp\/v2\/product\/16080","targetHints":{"allow":["GET"]}}],"collection":[{"href":"https:\/\/victoriavynn.ca\/fr\/wp-json\/wp\/v2\/product"}],"about":[{"href":"https:\/\/victoriavynn.ca\/fr\/wp-json\/wp\/v2\/types\/product"}],"replies":[{"embeddable":true,"href":"https:\/\/victoriavynn.ca\/fr\/wp-json\/wp\/v2\/comments?post=16080"}],"wp:featuredmedia":[{"embeddable":true,"href":"https:\/\/victoriavynn.ca\/fr\/wp-json\/wp\/v2\/media\/16131"}],"wp:attachment":[{"href":"https:\/\/victoriavynn.ca\/fr\/wp-json\/wp\/v2\/media?parent=16080"}],"wp:term":[{"taxonomy":"product_brand","embeddable":true,"href":"https:\/\/victoriavynn.ca\/fr\/wp-json\/wp\/v2\/product_brand?post=16080"},{"taxonomy":"product_cat","embeddable":true,"href":"https:\/\/victoriavynn.ca\/fr\/wp-json\/wp\/v2\/product_cat?post=16080"},{"taxonomy":"product_tag","embeddable":true,"href":"https:\/\/victoriavynn.ca\/fr\/wp-json\/wp\/v2\/product_tag?post=16080"}],"curies":[{"name":"wp","href":"https:\/\/api.w.org\/{rel}","templated":true}]}}