{"id":16085,"date":"2023-10-19T22:22:35","date_gmt":"2023-10-20T02:22:35","guid":{"rendered":"https:\/\/victoriavynn.ca\/product\/victoria-vynn-3-pack-promo-set-mega-base-04\/"},"modified":"2026-03-04T17:46:27","modified_gmt":"2026-03-04T22:46:27","slug":"victoria-vynn-3-pack-promo-set-mega-base-04","status":"publish","type":"product","link":"https:\/\/victoriavynn.ca\/fr\/product\/victoria-vynn-3-pack-promo-set-mega-base-04\/","title":{"rendered":"Victoria VYNN 3 Pack Promo Set Mega Base 04"},"content":{"rendered":"","protected":false},"excerpt":{"rendered":"","protected":false},"featured_media":16086,"comment_status":"open","ping_status":"closed","template":"","meta":{"jetpack_post_was_ever_published":false,"jetpack_publicize_message":"","jetpack_publicize_feature_enabled":true,"jetpack_social_post_already_shared":false,"jetpack_social_options":{"image_generator_settings":{"template":"highway","default_image_id":0,"font":"","enabled":false},"version":2}},"product_brand":[],"product_cat":[46],"product_tag":[],"class_list":{"0":"post-16085","1":"product","2":"type-product","3":"status-publish","4":"has-post-thumbnail","6":"product_cat-nail-gel-kit","8":"first","9":"outofstock","10":"taxable","11":"shipping-taxable","12":"purchasable","13":"product-type-simple"},"jetpack_publicize_connections":[],"jetpack-related-posts":[{"id":3186,"url":"https:\/\/victoriavynn.ca\/fr\/product\/victoria-vynn-8-pack-mega-base-04\/","url_meta":{"origin":16085,"position":0},"title":"Victoria VYNN 8 Pack Promo Set Mega Base 04","author":"Serge Sahakian","date":"ao\u00fbt 18, 2022","format":false,"excerpt":"Mega Base Beige, Clear, Cold Pink, Milky White, Pink + Gel Polish Tape Bond + Top Unblue no wipe + Top Gloss no wipe","rel":"","context":"Similar post","block_context":{"text":"Similar post","link":""},"img":{"alt_text":"","src":"https:\/\/i0.wp.com\/victoriavynn.ca\/wp-content\/uploads\/2022\/08\/8-pack-mega-base-04.jpeg?fit=1200%2C1200&ssl=1&resize=350%2C200","width":350,"height":200,"srcset":"https:\/\/i0.wp.com\/victoriavynn.ca\/wp-content\/uploads\/2022\/08\/8-pack-mega-base-04.jpeg?fit=1200%2C1200&ssl=1&resize=350%2C200 1x, https:\/\/i0.wp.com\/victoriavynn.ca\/wp-content\/uploads\/2022\/08\/8-pack-mega-base-04.jpeg?fit=1200%2C1200&ssl=1&resize=525%2C300 1.5x, https:\/\/i0.wp.com\/victoriavynn.ca\/wp-content\/uploads\/2022\/08\/8-pack-mega-base-04.jpeg?fit=1200%2C1200&ssl=1&resize=700%2C400 2x, https:\/\/i0.wp.com\/victoriavynn.ca\/wp-content\/uploads\/2022\/08\/8-pack-mega-base-04.jpeg?fit=1200%2C1200&ssl=1&resize=1050%2C600 3x"},"classes":[]},{"id":3148,"url":"https:\/\/victoriavynn.ca\/fr\/product\/victoria-vynn-3-pack-mega-base-02\/","url_meta":{"origin":16085,"position":1},"title":"Victoria VYNN 3 Pack Promo Set Mega Base 02","author":"Serge Sahakian","date":"ao\u00fbt 18, 2022","format":false,"excerpt":"Mega Base Clear + Top Gloss no wipe + Top Matt no wipe","rel":"","context":"Similar post","block_context":{"text":"Similar post","link":""},"img":{"alt_text":"","src":"https:\/\/i0.wp.com\/victoriavynn.ca\/wp-content\/uploads\/2022\/08\/3-pack-mega-base-02.jpeg?fit=753%2C753&ssl=1&resize=350%2C200","width":350,"height":200,"srcset":"https:\/\/i0.wp.com\/victoriavynn.ca\/wp-content\/uploads\/2022\/08\/3-pack-mega-base-02.jpeg?fit=753%2C753&ssl=1&resize=350%2C200 1x, https:\/\/i0.wp.com\/victoriavynn.ca\/wp-content\/uploads\/2022\/08\/3-pack-mega-base-02.jpeg?fit=753%2C753&ssl=1&resize=525%2C300 1.5x, https:\/\/i0.wp.com\/victoriavynn.ca\/wp-content\/uploads\/2022\/08\/3-pack-mega-base-02.jpeg?fit=753%2C753&ssl=1&resize=700%2C400 2x"},"classes":[]},{"id":3150,"url":"https:\/\/victoriavynn.ca\/fr\/product\/victoria-vynn-3-pack-mega-base-03\/","url_meta":{"origin":16085,"position":2},"title":"Victoria VYNN 3 Pack Promo Set Mega Base 03","author":"Serge Sahakian","date":"ao\u00fbt 18, 2022","format":false,"excerpt":"Mega Base Milky White + Gel Polish Tape Bond + Top Gloss","rel":"","context":"Similar post","block_context":{"text":"Similar post","link":""},"img":{"alt_text":"","src":"https:\/\/i0.wp.com\/victoriavynn.ca\/wp-content\/uploads\/2022\/08\/3-pack-mega-base-03.jpeg?fit=1200%2C1200&ssl=1&resize=350%2C200","width":350,"height":200,"srcset":"https:\/\/i0.wp.com\/victoriavynn.ca\/wp-content\/uploads\/2022\/08\/3-pack-mega-base-03.jpeg?fit=1200%2C1200&ssl=1&resize=350%2C200 1x, https:\/\/i0.wp.com\/victoriavynn.ca\/wp-content\/uploads\/2022\/08\/3-pack-mega-base-03.jpeg?fit=1200%2C1200&ssl=1&resize=525%2C300 1.5x, https:\/\/i0.wp.com\/victoriavynn.ca\/wp-content\/uploads\/2022\/08\/3-pack-mega-base-03.jpeg?fit=1200%2C1200&ssl=1&resize=700%2C400 2x, https:\/\/i0.wp.com\/victoriavynn.ca\/wp-content\/uploads\/2022\/08\/3-pack-mega-base-03.jpeg?fit=1200%2C1200&ssl=1&resize=1050%2C600 3x"},"classes":[]},{"id":34499,"url":"https:\/\/victoriavynn.ca\/fr\/product\/victoria-vynn-3-pack-promo-set-mega-base-cover-natural-cover-cream-cover-tan\/","url_meta":{"origin":16085,"position":3},"title":"Victoria VYNN 3 Pack Promo Set Mega Base Cover Natural, Cover Cream &amp; Cover Tan","author":"Serge Sahakian","date":"octobre 16, 2025","format":false,"excerpt":"D\u00e9couvrez les teintes Victoria Vynn Mega Base Cover - Tan, Cream et Natural - qui offrent des tons nude \u00e9l\u00e9gants avec une couvrance allant jusqu'\u00e0 90%. Ces bases renforc\u00e9es et autonivelantes mettent en valeur tous les tons de peau, parfaites pour les looks naturels ou les manucures \u00e0 la fran\u00e7aise. Sp\u00e9cifications du produit : \u00a0 \u00a0 \u00a0 \u00a0 \u00a0","rel":"","context":"Similar post","block_context":{"text":"Similar post","link":""},"img":{"alt_text":"victoria vynn mega base pack of 3","src":"https:\/\/i0.wp.com\/victoriavynn.ca\/wp-content\/uploads\/2025\/10\/victoria-vynn-mega-base-pack-of-3.webp?fit=750%2C1000&ssl=1&resize=350%2C200","width":350,"height":200,"srcset":"https:\/\/i0.wp.com\/victoriavynn.ca\/wp-content\/uploads\/2025\/10\/victoria-vynn-mega-base-pack-of-3.webp?fit=750%2C1000&ssl=1&resize=350%2C200 1x, https:\/\/i0.wp.com\/victoriavynn.ca\/wp-content\/uploads\/2025\/10\/victoria-vynn-mega-base-pack-of-3.webp?fit=750%2C1000&ssl=1&resize=525%2C300 1.5x, https:\/\/i0.wp.com\/victoriavynn.ca\/wp-content\/uploads\/2025\/10\/victoria-vynn-mega-base-pack-of-3.webp?fit=750%2C1000&ssl=1&resize=700%2C400 2x"},"classes":[]},{"id":16083,"url":"https:\/\/victoriavynn.ca\/fr\/product\/victoria-vynn-5-pack-promo-set-mega-base-lily-pink\/","url_meta":{"origin":16085,"position":4},"title":"Victoria VYNN 5 Pack Promo Set Mega Base Lily Pink","author":"Serge Sahakian","date":"octobre 19, 2023","format":false,"excerpt":"MEGA BASE Lily Pink 8ml + MEGA BASE Cold Pink 8ml + MEGA BASE Pink 8ml + MEGA BASE Milky White 8ml + MEGA BASE Clear 8ml","rel":"","context":"Similar post","block_context":{"text":"Similar post","link":""},"img":{"alt_text":"","src":"https:\/\/i0.wp.com\/victoriavynn.ca\/wp-content\/uploads\/2023\/10\/5-pack-mega-base-lily-pink.jpeg?fit=753%2C753&ssl=1&resize=350%2C200","width":350,"height":200,"srcset":"https:\/\/i0.wp.com\/victoriavynn.ca\/wp-content\/uploads\/2023\/10\/5-pack-mega-base-lily-pink.jpeg?fit=753%2C753&ssl=1&resize=350%2C200 1x, https:\/\/i0.wp.com\/victoriavynn.ca\/wp-content\/uploads\/2023\/10\/5-pack-mega-base-lily-pink.jpeg?fit=753%2C753&ssl=1&resize=525%2C300 1.5x, https:\/\/i0.wp.com\/victoriavynn.ca\/wp-content\/uploads\/2023\/10\/5-pack-mega-base-lily-pink.jpeg?fit=753%2C753&ssl=1&resize=700%2C400 2x"},"classes":[]},{"id":3140,"url":"https:\/\/victoriavynn.ca\/fr\/product\/victoria-vynn-2-pack-mega-base-01\/","url_meta":{"origin":16085,"position":5},"title":"Victoria VYNN 2 Pack Promo Set Mega Base 01","author":"Serge Sahakian","date":"ao\u00fbt 18, 2022","format":false,"excerpt":"2 PACK Mega Base 01","rel":"","context":"Similar post","block_context":{"text":"Similar post","link":""},"img":{"alt_text":"","src":"https:\/\/i0.wp.com\/victoriavynn.ca\/wp-content\/uploads\/2022\/08\/2-pack-mega-base-01.jpeg?fit=1200%2C1200&ssl=1&resize=350%2C200","width":350,"height":200,"srcset":"https:\/\/i0.wp.com\/victoriavynn.ca\/wp-content\/uploads\/2022\/08\/2-pack-mega-base-01.jpeg?fit=1200%2C1200&ssl=1&resize=350%2C200 1x, https:\/\/i0.wp.com\/victoriavynn.ca\/wp-content\/uploads\/2022\/08\/2-pack-mega-base-01.jpeg?fit=1200%2C1200&ssl=1&resize=525%2C300 1.5x, https:\/\/i0.wp.com\/victoriavynn.ca\/wp-content\/uploads\/2022\/08\/2-pack-mega-base-01.jpeg?fit=1200%2C1200&ssl=1&resize=700%2C400 2x, https:\/\/i0.wp.com\/victoriavynn.ca\/wp-content\/uploads\/2022\/08\/2-pack-mega-base-01.jpeg?fit=1200%2C1200&ssl=1&resize=1050%2C600 3x"},"classes":[]}],"jetpack_sharing_enabled":true,"_links":{"self":[{"href":"https:\/\/victoriavynn.ca\/fr\/wp-json\/wp\/v2\/product\/16085","targetHints":{"allow":["GET"]}}],"collection":[{"href":"https:\/\/victoriavynn.ca\/fr\/wp-json\/wp\/v2\/product"}],"about":[{"href":"https:\/\/victoriavynn.ca\/fr\/wp-json\/wp\/v2\/types\/product"}],"replies":[{"embeddable":true,"href":"https:\/\/victoriavynn.ca\/fr\/wp-json\/wp\/v2\/comments?post=16085"}],"wp:featuredmedia":[{"embeddable":true,"href":"https:\/\/victoriavynn.ca\/fr\/wp-json\/wp\/v2\/media\/16086"}],"wp:attachment":[{"href":"https:\/\/victoriavynn.ca\/fr\/wp-json\/wp\/v2\/media?parent=16085"}],"wp:term":[{"taxonomy":"product_brand","embeddable":true,"href":"https:\/\/victoriavynn.ca\/fr\/wp-json\/wp\/v2\/product_brand?post=16085"},{"taxonomy":"product_cat","embeddable":true,"href":"https:\/\/victoriavynn.ca\/fr\/wp-json\/wp\/v2\/product_cat?post=16085"},{"taxonomy":"product_tag","embeddable":true,"href":"https:\/\/victoriavynn.ca\/fr\/wp-json\/wp\/v2\/product_tag?post=16085"}],"curies":[{"name":"wp","href":"https:\/\/api.w.org\/{rel}","templated":true}]}}