{"id":16583,"date":"2023-12-11T21:17:09","date_gmt":"2023-12-12T02:17:09","guid":{"rendered":"https:\/\/victoriavynn.ca\/product\/victoria-vynn-gel-polish-no-354-cat-eye-aurora-shine\/"},"modified":"2026-02-20T12:03:23","modified_gmt":"2026-02-20T17:03:23","slug":"vernis-gel-catchy-cat-eye-354-aurora-shine","status":"publish","type":"product","link":"https:\/\/victoriavynn.ca\/fr\/product\/catchy-cat-eye-gel-polish-354-aurora-shine\/","title":{"rendered":"Victoria VYNN Gel Polish No. 354 Cat Eye Aurora Shine"},"content":{"rendered":"<p>Le syst\u00e8me Gel Polish comprend des vernis hybrides classiques et durables, durcis dans des lampes UV et LED. Le syst\u00e8me contient des bases et des tops de diff\u00e9rentes propri\u00e9t\u00e9s, durabilit\u00e9 et finition.<\/p>\n<p>Nous r\u00e9pondons aux besoins de nos clients en offrant une riche vari\u00e9t\u00e9 de couleurs avec des vernis hybrides de diff\u00e9rentes couvertures et effets, dans plus de 200 couleurs.<\/p>\n<p>Superbe Gel Polish pour yeux de chat !  Victoria VYNN Salon Gel Polish No. 354 - Aurora Shine est une teinte rose ambigu\u00eb.<\/p>\n<p>Victoria VYNN Gel Polish Color est une gamme de vernis hybrides \u00e0 durcissement l\u00e9ger, qui s'utilise dans deux types de coiffage : Syst\u00e8me hybride en 3 \u00e9tapes et Syst\u00e8me Soak Off en 4 \u00e9tapes. Gel Polish Color impressionne par la qualit\u00e9 du coiffage et les applications possibles - une palette de couleurs, deux types de coiffage.<\/p>\n<p>Sp\u00e9cifications du produit :<\/p>\n<ul>\n<li>\u00c0 utiliser pour les manucures hybrides et Soak Off.<\/li>\n<li>Formule laque-gel.<\/li>\n<li>Deux couches fines assurent une couverture et une profondeur de couleur parfaites.<\/li>\n<li>Il s'\u00e9tale uniform\u00e9ment, sans traces.<\/li>\n<li>Une large gamme de couleurs : \u00e9maux, paillettes, pastels, n\u00e9ons, semi-transparents et couleurs fran\u00e7aises.<\/li>\n<\/ul>","protected":false},"excerpt":{"rendered":"<p>Incroyable Gel Polish Cat Eye !  Victoria VYNN Salon Gel Polish No. 354 - Aurora Shine est une teinte rose ambigu\u00eb.... Le principal distributeur canadien de fournitures professionnelles pour les ongles. Achetez en toute confiance !<\/p>\n<p>Collection : <a href=\"https:\/\/victoriavynn.ca\/fr\/tags\/gel-polish-de-noel\/\">Gel Polish de salon de No\u00ebl<\/a><\/p>\n<p>Sp\u00e9cifications du produit :<\/p>\n<p><img loading=\"lazy\" decoding=\"async\" class=\"size-full wp-image-10680 alignleft\" src=\"https:\/\/victoriavynn.ca\/wp-content\/uploads\/2023\/02\/DIFFERENT-FINISHING-EFFECTS.webp\" alt=\"DIFF\u00c9RENTS EFFETS DE FINITION\" width=\"125\" height=\"150\" srcset=\"https:\/\/i0.wp.com\/victoriavynn.ca\/wp-content\/uploads\/2023\/02\/DIFFERENT-FINISHING-EFFECTS.webp?w=125&amp;ssl=1 125w, https:\/\/i0.wp.com\/victoriavynn.ca\/wp-content\/uploads\/2023\/02\/DIFFERENT-FINISHING-EFFECTS.webp?resize=10%2C12&amp;ssl=1 10w\" sizes=\"auto, (max-width: 125px) 100vw, 125px\" \/><\/p>\n<p><img loading=\"lazy\" decoding=\"async\" class=\"size-full wp-image-10681 alignleft\" src=\"https:\/\/victoriavynn.ca\/wp-content\/uploads\/2023\/02\/FLAT-CLASSIC-BRUSH.webp\" alt=\"BROSSE PLATE CLASSIQUE\" width=\"125\" height=\"150\" srcset=\"https:\/\/i0.wp.com\/victoriavynn.ca\/wp-content\/uploads\/2023\/02\/FLAT-CLASSIC-BRUSH.webp?w=125&amp;ssl=1 125w, https:\/\/i0.wp.com\/victoriavynn.ca\/wp-content\/uploads\/2023\/02\/FLAT-CLASSIC-BRUSH.webp?resize=10%2C12&amp;ssl=1 10w\" sizes=\"auto, (max-width: 125px) 100vw, 125px\" \/><\/p>\n<p><img loading=\"lazy\" decoding=\"async\" class=\"size-full wp-image-8758 alignleft\" src=\"https:\/\/victoriavynn.ca\/wp-content\/uploads\/2020\/03\/FOR-UV-LED-LAMPS.webp\" alt=\"couche de base en caoutchouc\" width=\"125\" height=\"150\" \/><\/p>\n<p><img loading=\"lazy\" decoding=\"async\" class=\"size-full wp-image-8772 alignleft\" src=\"https:\/\/victoriavynn.ca\/wp-content\/uploads\/2019\/11\/SALON-QUALITY.webp\" alt=\"GEL NAIL BUILDER\" width=\"125\" height=\"150\" \/><\/p>\n<p>&nbsp;<\/p>\n<p>&nbsp;<\/p>\n<p>&nbsp;<\/p>\n<p>&nbsp;<\/p>\n<p>&nbsp;<\/p>","protected":false},"featured_media":16612,"comment_status":"open","ping_status":"closed","template":"","meta":{"jetpack_post_was_ever_published":false,"jetpack_publicize_message":"","jetpack_publicize_feature_enabled":true,"jetpack_social_post_already_shared":false,"jetpack_social_options":{"image_generator_settings":{"template":"highway","default_image_id":0,"font":"","enabled":false},"version":2}},"product_brand":[],"product_cat":[51],"product_tag":[957,833,832,69],"class_list":{"0":"post-16583","1":"product","2":"type-product","3":"status-publish","4":"has-post-thumbnail","6":"product_cat-professional-nail-colours-gel","7":"product_tag-autumn-winter-gp-colors","8":"product_tag-cat-eye-gel-polish","9":"product_tag-christmas-gel-polish","10":"product_tag-gel-polish-colors","11":"product_shipping_class-cardboard-box","12":"pa_size-8ml","14":"first","15":"outofstock","16":"taxable","17":"shipping-taxable","18":"purchasable","19":"product-type-simple"},"jetpack_publicize_connections":[],"jetpack-related-posts":[{"id":16589,"url":"https:\/\/victoriavynn.ca\/fr\/product\/beautiful-purple-cat-eye-gel-polish-357\/","url_meta":{"origin":16583,"position":0},"title":"Victoria VYNN Gel Polish No. 357 Cat Eye Party Flash","author":"Serge Sahakian","date":"D\u00e9cembre 11, 2023","format":false,"excerpt":"Beautiful Purple Cat Eye Gel Polish! \u00a0Victoria VYNN Salon Gel Polish No. 357 - Party Flash has a beautiful diverse purple shade.\u00a0Canada's Leading Distributor of Professional Nail Supplies. Buy with Confidence! Collection: Christmas Salon Gel Polish Product Specifications: \u00a0 \u00a0 \u00a0 \u00a0 \u00a0","rel":"","context":"Similar post","block_context":{"text":"Similar post","link":""},"img":{"alt_text":"beautiful purple cat eye gel polish victoria vynn party flash no. 357","src":"https:\/\/i0.wp.com\/victoriavynn.ca\/wp-content\/uploads\/2023\/12\/beautiful-purple-cat-eye-gel-polish-victoria-vynn-party-flash-no.-357.webp?fit=750%2C1000&ssl=1&resize=350%2C200","width":350,"height":200,"srcset":"https:\/\/i0.wp.com\/victoriavynn.ca\/wp-content\/uploads\/2023\/12\/beautiful-purple-cat-eye-gel-polish-victoria-vynn-party-flash-no.-357.webp?fit=750%2C1000&ssl=1&resize=350%2C200 1x, https:\/\/i0.wp.com\/victoriavynn.ca\/wp-content\/uploads\/2023\/12\/beautiful-purple-cat-eye-gel-polish-victoria-vynn-party-flash-no.-357.webp?fit=750%2C1000&ssl=1&resize=525%2C300 1.5x, https:\/\/i0.wp.com\/victoriavynn.ca\/wp-content\/uploads\/2023\/12\/beautiful-purple-cat-eye-gel-polish-victoria-vynn-party-flash-no.-357.webp?fit=750%2C1000&ssl=1&resize=700%2C400 2x"},"classes":[]},{"id":20023,"url":"https:\/\/victoriavynn.ca\/fr\/product\/victoria-vynn-gel-polish-no-392-cat-eye-max\/","url_meta":{"origin":16583,"position":1},"title":"Victoria VYNN Gel Polish No. 392 Cat Eye Max","author":"Serge Sahakian","date":"D\u00e9cembre 2, 2024","format":false,"excerpt":"La nouvelle collection de vernis \u00e0 ongles hybrides magn\u00e9tiques avec effet \u0153il de chat s'inspire du monde de la technologie moderne et de l'intelligence artificielle, o\u00f9 la perfection est atteinte \u00e0 un niveau totalement nouveau. Avec la nouvelle collection AI_CAT_EYE, les possibilit\u00e9s sont infinies et chaque dessin peut devenir une \u0153uvre unique et parfaite...","rel":"","context":"Similar post","block_context":{"text":"Similar post","link":""},"img":{"alt_text":"Victoria VYNN Salon Gel Polish Cat Eye Ai No. 392 - Max","src":"https:\/\/i0.wp.com\/victoriavynn.ca\/wp-content\/uploads\/2024\/12\/victoria-vynn-salon-gel-polish-cat-eye-ai-no.-392-max.webp?fit=750%2C1000&ssl=1&resize=350%2C200","width":350,"height":200,"srcset":"https:\/\/i0.wp.com\/victoriavynn.ca\/wp-content\/uploads\/2024\/12\/victoria-vynn-salon-gel-polish-cat-eye-ai-no.-392-max.webp?fit=750%2C1000&ssl=1&resize=350%2C200 1x, https:\/\/i0.wp.com\/victoriavynn.ca\/wp-content\/uploads\/2024\/12\/victoria-vynn-salon-gel-polish-cat-eye-ai-no.-392-max.webp?fit=750%2C1000&ssl=1&resize=525%2C300 1.5x, https:\/\/i0.wp.com\/victoriavynn.ca\/wp-content\/uploads\/2024\/12\/victoria-vynn-salon-gel-polish-cat-eye-ai-no.-392-max.webp?fit=750%2C1000&ssl=1&resize=700%2C400 2x"},"classes":[]},{"id":20025,"url":"https:\/\/victoriavynn.ca\/fr\/product\/victoria-vynn-gel-polish-no-393-cat-eye-jarvis\/","url_meta":{"origin":16583,"position":2},"title":"Victoria VYNN Gel Polish No. 393 Cat Eye Jarvis","author":"Serge Sahakian","date":"D\u00e9cembre 2, 2024","format":false,"excerpt":"La nouvelle collection de vernis \u00e0 ongles hybrides magn\u00e9tiques avec effet \u0153il de chat s'inspire du monde de la technologie moderne et de l'intelligence artificielle, o\u00f9 la perfection est atteinte \u00e0 un niveau totalement nouveau. Avec la nouvelle collection AI_CAT_EYE, les possibilit\u00e9s sont infinies et chaque dessin peut devenir une \u0153uvre unique et parfaite...","rel":"","context":"Similar post","block_context":{"text":"Similar post","link":""},"img":{"alt_text":"Victoria VYNN Salon Gel Polish Cat Eye Ai No. 393 - Jarvis","src":"https:\/\/i0.wp.com\/victoriavynn.ca\/wp-content\/uploads\/2024\/12\/victoria-vynn-salon-gel-polish-cat-eye-ai-no.-393-jarvis.webp?fit=750%2C1000&ssl=1&resize=350%2C200","width":350,"height":200,"srcset":"https:\/\/i0.wp.com\/victoriavynn.ca\/wp-content\/uploads\/2024\/12\/victoria-vynn-salon-gel-polish-cat-eye-ai-no.-393-jarvis.webp?fit=750%2C1000&ssl=1&resize=350%2C200 1x, https:\/\/i0.wp.com\/victoriavynn.ca\/wp-content\/uploads\/2024\/12\/victoria-vynn-salon-gel-polish-cat-eye-ai-no.-393-jarvis.webp?fit=750%2C1000&ssl=1&resize=525%2C300 1.5x, https:\/\/i0.wp.com\/victoriavynn.ca\/wp-content\/uploads\/2024\/12\/victoria-vynn-salon-gel-polish-cat-eye-ai-no.-393-jarvis.webp?fit=750%2C1000&ssl=1&resize=700%2C400 2x"},"classes":[]},{"id":20027,"url":"https:\/\/victoriavynn.ca\/fr\/product\/victoria-vynn-gel-polish-no-394-cat-eye-bixby\/","url_meta":{"origin":16583,"position":3},"title":"Victoria VYNN Gel Polish No. 394 Cat Eye Bixby","author":"Serge Sahakian","date":"D\u00e9cembre 2, 2024","format":false,"excerpt":"La nouvelle collection de vernis \u00e0 ongles hybrides magn\u00e9tiques avec effet \u0153il de chat s'inspire du monde de la technologie moderne et de l'intelligence artificielle, o\u00f9 la perfection est atteinte \u00e0 un niveau totalement nouveau. Avec la nouvelle collection AI_CAT_EYE, les possibilit\u00e9s sont infinies et chaque dessin peut devenir un v\u00e9ritable...","rel":"","context":"Similar post","block_context":{"text":"Similar post","link":""},"img":{"alt_text":"Victoria VYNN Salon Gel Polish Cat Eye Ai No. 394 - Bixby","src":"https:\/\/i0.wp.com\/victoriavynn.ca\/wp-content\/uploads\/2024\/12\/victoria-vynn-salon-gel-polish-cat-eye-ai-no.-394-bixby.webp?fit=750%2C1000&ssl=1&resize=350%2C200","width":350,"height":200,"srcset":"https:\/\/i0.wp.com\/victoriavynn.ca\/wp-content\/uploads\/2024\/12\/victoria-vynn-salon-gel-polish-cat-eye-ai-no.-394-bixby.webp?fit=750%2C1000&ssl=1&resize=350%2C200 1x, https:\/\/i0.wp.com\/victoriavynn.ca\/wp-content\/uploads\/2024\/12\/victoria-vynn-salon-gel-polish-cat-eye-ai-no.-394-bixby.webp?fit=750%2C1000&ssl=1&resize=525%2C300 1.5x, https:\/\/i0.wp.com\/victoriavynn.ca\/wp-content\/uploads\/2024\/12\/victoria-vynn-salon-gel-polish-cat-eye-ai-no.-394-bixby.webp?fit=750%2C1000&ssl=1&resize=700%2C400 2x"},"classes":[]},{"id":20029,"url":"https:\/\/victoriavynn.ca\/fr\/product\/victoria-vynn-gel-polish-no-395-cat-eye-siri\/","url_meta":{"origin":16583,"position":4},"title":"Victoria VYNN Gel Polish No. 395 Cat Eye Siri","author":"Serge Sahakian","date":"D\u00e9cembre 2, 2024","format":false,"excerpt":"La nouvelle collection de vernis \u00e0 ongles hybrides magn\u00e9tiques avec effet \u0153il de chat s'inspire du monde de la technologie moderne et de l'intelligence artificielle, o\u00f9 la perfection est atteinte \u00e0 un niveau totalement nouveau. Avec la nouvelle collection AI_CAT_EYE, les possibilit\u00e9s sont infinies et chaque dessin peut devenir un v\u00e9ritable...","rel":"","context":"Similar post","block_context":{"text":"Similar post","link":""},"img":{"alt_text":"Victoria VYNN Salon Gel Polish Cat Eye Ai No. 395 - Siri","src":"https:\/\/i0.wp.com\/victoriavynn.ca\/wp-content\/uploads\/2024\/12\/victoria-vynn-salon-gel-polish-cat-eye-ai-no.-395-siri.webp?fit=750%2C1000&ssl=1&resize=350%2C200","width":350,"height":200,"srcset":"https:\/\/i0.wp.com\/victoriavynn.ca\/wp-content\/uploads\/2024\/12\/victoria-vynn-salon-gel-polish-cat-eye-ai-no.-395-siri.webp?fit=750%2C1000&ssl=1&resize=350%2C200 1x, https:\/\/i0.wp.com\/victoriavynn.ca\/wp-content\/uploads\/2024\/12\/victoria-vynn-salon-gel-polish-cat-eye-ai-no.-395-siri.webp?fit=750%2C1000&ssl=1&resize=525%2C300 1.5x, https:\/\/i0.wp.com\/victoriavynn.ca\/wp-content\/uploads\/2024\/12\/victoria-vynn-salon-gel-polish-cat-eye-ai-no.-395-siri.webp?fit=750%2C1000&ssl=1&resize=700%2C400 2x"},"classes":[]},{"id":20033,"url":"https:\/\/victoriavynn.ca\/fr\/product\/victoria-vynn-gel-polish-no-397-cat-eye-cortana\/","url_meta":{"origin":16583,"position":5},"title":"Victoria VYNN Gel Polish No. 397 Cat Eye Cortana","author":"Serge Sahakian","date":"D\u00e9cembre 2, 2024","format":false,"excerpt":"La nouvelle collection de vernis \u00e0 ongles hybrides magn\u00e9tiques avec effet \u0153il de chat s'inspire du monde de la technologie moderne et de l'intelligence artificielle, o\u00f9 la perfection est atteinte \u00e0 un niveau totalement nouveau. Avec la nouvelle collection AI_CAT_EYE, les possibilit\u00e9s sont infinies et chaque dessin peut devenir un v\u00e9ritable...","rel":"","context":"Similar post","block_context":{"text":"Similar post","link":""},"img":{"alt_text":"Victoria VYNN Salon Gel Polish Cat Eye Ai No. 397 - Cortana","src":"https:\/\/i0.wp.com\/victoriavynn.ca\/wp-content\/uploads\/2024\/12\/victoria-vynn-salon-gel-polish-cat-eye-ai-no.-397-cortana.webp?fit=750%2C1000&ssl=1&resize=350%2C200","width":350,"height":200,"srcset":"https:\/\/i0.wp.com\/victoriavynn.ca\/wp-content\/uploads\/2024\/12\/victoria-vynn-salon-gel-polish-cat-eye-ai-no.-397-cortana.webp?fit=750%2C1000&ssl=1&resize=350%2C200 1x, https:\/\/i0.wp.com\/victoriavynn.ca\/wp-content\/uploads\/2024\/12\/victoria-vynn-salon-gel-polish-cat-eye-ai-no.-397-cortana.webp?fit=750%2C1000&ssl=1&resize=525%2C300 1.5x, https:\/\/i0.wp.com\/victoriavynn.ca\/wp-content\/uploads\/2024\/12\/victoria-vynn-salon-gel-polish-cat-eye-ai-no.-397-cortana.webp?fit=750%2C1000&ssl=1&resize=700%2C400 2x"},"classes":[]}],"jetpack_sharing_enabled":true,"_links":{"self":[{"href":"https:\/\/victoriavynn.ca\/fr\/wp-json\/wp\/v2\/product\/16583","targetHints":{"allow":["GET"]}}],"collection":[{"href":"https:\/\/victoriavynn.ca\/fr\/wp-json\/wp\/v2\/product"}],"about":[{"href":"https:\/\/victoriavynn.ca\/fr\/wp-json\/wp\/v2\/types\/product"}],"replies":[{"embeddable":true,"href":"https:\/\/victoriavynn.ca\/fr\/wp-json\/wp\/v2\/comments?post=16583"}],"wp:featuredmedia":[{"embeddable":true,"href":"https:\/\/victoriavynn.ca\/fr\/wp-json\/wp\/v2\/media\/16612"}],"wp:attachment":[{"href":"https:\/\/victoriavynn.ca\/fr\/wp-json\/wp\/v2\/media?parent=16583"}],"wp:term":[{"taxonomy":"product_brand","embeddable":true,"href":"https:\/\/victoriavynn.ca\/fr\/wp-json\/wp\/v2\/product_brand?post=16583"},{"taxonomy":"product_cat","embeddable":true,"href":"https:\/\/victoriavynn.ca\/fr\/wp-json\/wp\/v2\/product_cat?post=16583"},{"taxonomy":"product_tag","embeddable":true,"href":"https:\/\/victoriavynn.ca\/fr\/wp-json\/wp\/v2\/product_tag?post=16583"}],"curies":[{"name":"wp","href":"https:\/\/api.w.org\/{rel}","templated":true}]}}