{"id":16591,"date":"2023-12-11T21:17:21","date_gmt":"2023-12-12T02:17:21","guid":{"rendered":"https:\/\/victoriavynn.ca\/product\/victoria-vynn-5-pack-christmas-cat-eye-gel-polish-collection\/"},"modified":"2026-03-04T17:58:48","modified_gmt":"2026-03-04T22:58:48","slug":"victoria-vynn-5-packs-de-vernis-gel-pour-les-yeux-de-chat-de-noel","status":"publish","type":"product","link":"https:\/\/victoriavynn.ca\/fr\/product\/victoria-vynn-5-pack-christmas-cat-eye-gel-polish-collection\/","title":{"rendered":"Victoria VYNN 5 packs de gel polissant de No\u00ebl pour les yeux de chat"},"content":{"rendered":"","protected":false},"excerpt":{"rendered":"<p>Le kit comprend Gel Polish 354-357 + Top Unblue no wipe<\/p>","protected":false},"featured_media":16592,"comment_status":"open","ping_status":"closed","template":"","meta":{"jetpack_post_was_ever_published":false,"jetpack_publicize_message":"","jetpack_publicize_feature_enabled":true,"jetpack_social_post_already_shared":false,"jetpack_social_options":{"image_generator_settings":{"template":"highway","default_image_id":0,"font":"","enabled":false},"version":2}},"product_brand":[],"product_cat":[46],"product_tag":[562,833,832],"class_list":{"0":"post-16591","1":"product","2":"type-product","3":"status-publish","4":"has-post-thumbnail","6":"product_cat-nail-gel-kit","7":"product_tag-bundles","8":"product_tag-cat-eye-gel-polish","9":"product_tag-christmas-gel-polish","11":"first","12":"outofstock","13":"taxable","14":"shipping-taxable","15":"purchasable","16":"product-type-simple"},"jetpack_publicize_connections":[],"jetpack-related-posts":[{"id":16634,"url":"https:\/\/victoriavynn.ca\/fr\/product\/victoria-vynn-color-chart-christmas-cat-eye-gel-polish-354-357-2\/","url_meta":{"origin":16591,"position":0},"title":"Victoria VYNN Color Chart Christmas Cat Eye Gel Polish 354-357","author":"Serge Sahakian","date":"D\u00e9cembre 12, 2023","format":false,"excerpt":"","rel":"","context":"Similar post","block_context":{"text":"Similar post","link":""},"img":{"alt_text":"","src":"","width":0,"height":0},"classes":[]},{"id":16583,"url":"https:\/\/victoriavynn.ca\/fr\/product\/catchy-cat-eye-gel-polish-354-aurora-shine\/","url_meta":{"origin":16591,"position":1},"title":"Victoria VYNN Gel Polish No. 354 Cat Eye Aurora Shine","author":"Serge Sahakian","date":"D\u00e9cembre 11, 2023","format":false,"excerpt":"Incroyable Gel Polish Cat Eye !  Victoria VYNN Salon Gel Polish No. 354 - Aurora Shine est une teinte rose ambigu\u00eb.... Le principal distributeur canadien de fournitures professionnelles pour les ongles. Achetez en toute confiance ! Collection : Christmas Salon Gel Polish Sp\u00e9cifications du produit : \u00a0 \u00a0 \u00a0 \u00a0 \u00a0","rel":"","context":"Similar post","block_context":{"text":"Similar post","link":""},"img":{"alt_text":"best catchy cat eye gel polish victoira vynn gel polish 354 aurora shine","src":"https:\/\/i0.wp.com\/victoriavynn.ca\/wp-content\/uploads\/2023\/12\/best-catchy-cat-eye-gel-polish-victoira-vynn-gel-polish-354-aurora-shine.webp?fit=750%2C1000&ssl=1&resize=350%2C200","width":350,"height":200,"srcset":"https:\/\/i0.wp.com\/victoriavynn.ca\/wp-content\/uploads\/2023\/12\/best-catchy-cat-eye-gel-polish-victoira-vynn-gel-polish-354-aurora-shine.webp?fit=750%2C1000&ssl=1&resize=350%2C200 1x, https:\/\/i0.wp.com\/victoriavynn.ca\/wp-content\/uploads\/2023\/12\/best-catchy-cat-eye-gel-polish-victoira-vynn-gel-polish-354-aurora-shine.webp?fit=750%2C1000&ssl=1&resize=525%2C300 1.5x, https:\/\/i0.wp.com\/victoriavynn.ca\/wp-content\/uploads\/2023\/12\/best-catchy-cat-eye-gel-polish-victoira-vynn-gel-polish-354-aurora-shine.webp?fit=750%2C1000&ssl=1&resize=700%2C400 2x"},"classes":[]},{"id":16589,"url":"https:\/\/victoriavynn.ca\/fr\/product\/beautiful-purple-cat-eye-gel-polish-357\/","url_meta":{"origin":16591,"position":2},"title":"Victoria VYNN Gel Polish No. 357 Cat Eye Party Flash","author":"Serge Sahakian","date":"D\u00e9cembre 11, 2023","format":false,"excerpt":"Beautiful Purple Cat Eye Gel Polish! \u00a0Victoria VYNN Salon Gel Polish No. 357 - Party Flash has a beautiful diverse purple shade.\u00a0Canada's Leading Distributor of Professional Nail Supplies. Buy with Confidence! Collection: Christmas Salon Gel Polish Product Specifications: \u00a0 \u00a0 \u00a0 \u00a0 \u00a0","rel":"","context":"Similar post","block_context":{"text":"Similar post","link":""},"img":{"alt_text":"beautiful purple cat eye gel polish victoria vynn party flash no. 357","src":"https:\/\/i0.wp.com\/victoriavynn.ca\/wp-content\/uploads\/2023\/12\/beautiful-purple-cat-eye-gel-polish-victoria-vynn-party-flash-no.-357.webp?fit=750%2C1000&ssl=1&resize=350%2C200","width":350,"height":200,"srcset":"https:\/\/i0.wp.com\/victoriavynn.ca\/wp-content\/uploads\/2023\/12\/beautiful-purple-cat-eye-gel-polish-victoria-vynn-party-flash-no.-357.webp?fit=750%2C1000&ssl=1&resize=350%2C200 1x, https:\/\/i0.wp.com\/victoriavynn.ca\/wp-content\/uploads\/2023\/12\/beautiful-purple-cat-eye-gel-polish-victoria-vynn-party-flash-no.-357.webp?fit=750%2C1000&ssl=1&resize=525%2C300 1.5x, https:\/\/i0.wp.com\/victoriavynn.ca\/wp-content\/uploads\/2023\/12\/beautiful-purple-cat-eye-gel-polish-victoria-vynn-party-flash-no.-357.webp?fit=750%2C1000&ssl=1&resize=700%2C400 2x"},"classes":[]},{"id":21238,"url":"https:\/\/victoriavynn.ca\/fr\/product\/victoria-vynn-5-pack-forget-me-nude-gel-polish-404-407-top-coat-oh-my-gloss-8ml-free\/","url_meta":{"origin":16591,"position":3},"title":"Victoria VYNN 5 Pack Forget me Nude Gel Polish 404-407 et Top Coat Oh ! My Gloss 8ml Gratuit","author":"Serge Sahakian","date":"mars 19, 2025","format":false,"excerpt":"La collection Forget-Me-Nude Gel Polish de Victoria Vynn se compose de teintes nude semi-transparentes et de couleurs Cat Eye \u00e0 la mode, inspir\u00e9es par le naturel de la nudit\u00e9 et la d\u00e9licatesse sensuelle des fleurs. Que vous souhaitiez cr\u00e9er un look quotidien minimaliste ou que vous recherchiez une manucure unique pour...","rel":"","context":"Similar post","block_context":{"text":"Similar post","link":""},"img":{"alt_text":"","src":"https:\/\/i0.wp.com\/victoriavynn.ca\/wp-content\/uploads\/2025\/03\/victoria-vynn-5-pack-set-forget-me-nude-8ml-set-2.png?fit=750%2C1000&ssl=1&resize=350%2C200","width":350,"height":200,"srcset":"https:\/\/i0.wp.com\/victoriavynn.ca\/wp-content\/uploads\/2025\/03\/victoria-vynn-5-pack-set-forget-me-nude-8ml-set-2.png?fit=750%2C1000&ssl=1&resize=350%2C200 1x, https:\/\/i0.wp.com\/victoriavynn.ca\/wp-content\/uploads\/2025\/03\/victoria-vynn-5-pack-set-forget-me-nude-8ml-set-2.png?fit=750%2C1000&ssl=1&resize=525%2C300 1.5x, https:\/\/i0.wp.com\/victoriavynn.ca\/wp-content\/uploads\/2025\/03\/victoria-vynn-5-pack-set-forget-me-nude-8ml-set-2.png?fit=750%2C1000&ssl=1&resize=700%2C400 2x"},"classes":[]},{"id":16593,"url":"https:\/\/victoriavynn.ca\/fr\/product\/victoria-vynn-3-pack-christmas-gel-polish-collection\/","url_meta":{"origin":16591,"position":4},"title":"Victoria VYNN 3 packs de vernis en gel de No\u00ebl","author":"Serge Sahakian","date":"D\u00e9cembre 11, 2023","format":false,"excerpt":"Le kit comprend Gel Polish 351-353","rel":"","context":"Similar post","block_context":{"text":"Similar post","link":""},"img":{"alt_text":"","src":"https:\/\/i0.wp.com\/victoriavynn.ca\/wp-content\/uploads\/2023\/12\/coffret-gp-collection-christmas-.jpg?fit=600%2C600&ssl=1&resize=350%2C200","width":350,"height":200,"srcset":"https:\/\/i0.wp.com\/victoriavynn.ca\/wp-content\/uploads\/2023\/12\/coffret-gp-collection-christmas-.jpg?fit=600%2C600&ssl=1&resize=350%2C200 1x, https:\/\/i0.wp.com\/victoriavynn.ca\/wp-content\/uploads\/2023\/12\/coffret-gp-collection-christmas-.jpg?fit=600%2C600&ssl=1&resize=525%2C300 1.5x"},"classes":[]},{"id":24452,"url":"https:\/\/victoriavynn.ca\/fr\/product\/victoria-vynn-8-pack-cherry-on-top-gel-polish-423-429-free-on-top-top-coat-no-wipe\/","url_meta":{"origin":16591,"position":5},"title":"Victoria VYNN 8 Pack Cherry on Top Gel Polish 423-429 + Free On Top Top Coat No Wipe","author":"Serge Sahakian","date":"septembre 17, 2025","format":false,"excerpt":"La collection Cherry on Top de Victoria Vynn est une gamme de vernis gels inspir\u00e9s de desserts, sans TPO, m\u00e9langeant des neutres cr\u00e9meux, des bruns riches et des tons de cerise avec une brillance longue dur\u00e9e. Termin\u00e9e par un top coat scintillant \"On Top\", c'est la fa\u00e7on la plus douce d'ajouter de l'\u00e9l\u00e9gance et de l'indulgence \u00e0 toute manucure. Collection : Cherry on Top L'ensemble...","rel":"","context":"Similar post","block_context":{"text":"Similar post","link":""},"img":{"alt_text":"victoria vynn hcerry on top pack of 7+1","src":"https:\/\/i0.wp.com\/victoriavynn.ca\/wp-content\/uploads\/2025\/09\/victoria-vynn-hcerry-on-top-pack-of-71-.webp?fit=750%2C1000&ssl=1&resize=350%2C200","width":350,"height":200,"srcset":"https:\/\/i0.wp.com\/victoriavynn.ca\/wp-content\/uploads\/2025\/09\/victoria-vynn-hcerry-on-top-pack-of-71-.webp?fit=750%2C1000&ssl=1&resize=350%2C200 1x, https:\/\/i0.wp.com\/victoriavynn.ca\/wp-content\/uploads\/2025\/09\/victoria-vynn-hcerry-on-top-pack-of-71-.webp?fit=750%2C1000&ssl=1&resize=525%2C300 1.5x, https:\/\/i0.wp.com\/victoriavynn.ca\/wp-content\/uploads\/2025\/09\/victoria-vynn-hcerry-on-top-pack-of-71-.webp?fit=750%2C1000&ssl=1&resize=700%2C400 2x"},"classes":[]}],"jetpack_sharing_enabled":true,"_links":{"self":[{"href":"https:\/\/victoriavynn.ca\/fr\/wp-json\/wp\/v2\/product\/16591","targetHints":{"allow":["GET"]}}],"collection":[{"href":"https:\/\/victoriavynn.ca\/fr\/wp-json\/wp\/v2\/product"}],"about":[{"href":"https:\/\/victoriavynn.ca\/fr\/wp-json\/wp\/v2\/types\/product"}],"replies":[{"embeddable":true,"href":"https:\/\/victoriavynn.ca\/fr\/wp-json\/wp\/v2\/comments?post=16591"}],"wp:featuredmedia":[{"embeddable":true,"href":"https:\/\/victoriavynn.ca\/fr\/wp-json\/wp\/v2\/media\/16592"}],"wp:attachment":[{"href":"https:\/\/victoriavynn.ca\/fr\/wp-json\/wp\/v2\/media?parent=16591"}],"wp:term":[{"taxonomy":"product_brand","embeddable":true,"href":"https:\/\/victoriavynn.ca\/fr\/wp-json\/wp\/v2\/product_brand?post=16591"},{"taxonomy":"product_cat","embeddable":true,"href":"https:\/\/victoriavynn.ca\/fr\/wp-json\/wp\/v2\/product_cat?post=16591"},{"taxonomy":"product_tag","embeddable":true,"href":"https:\/\/victoriavynn.ca\/fr\/wp-json\/wp\/v2\/product_tag?post=16591"}],"curies":[{"name":"wp","href":"https:\/\/api.w.org\/{rel}","templated":true}]}}