{"id":16703,"date":"2023-12-30T19:47:39","date_gmt":"2023-12-31T00:47:39","guid":{"rendered":"https:\/\/victoriavynn.ca\/product\/victoria-vynn-8-pack-promo-set-pure-creamy-hybrid-earthy-collection\/"},"modified":"2026-03-04T17:53:13","modified_gmt":"2026-03-04T22:53:13","slug":"victoria-vynn-8-packs-promo-set-pure-creamy-hybrid-earthy-collection","status":"publish","type":"product","link":"https:\/\/victoriavynn.ca\/fr\/product\/victoria-vynn-8-pack-promo-set-pure-creamy-hybrid-earthy-collection\/","title":{"rendered":"Victoria VYNN 8 Pack Promo Set Pure Creamy Hybrid Earthy Collection"},"content":{"rendered":"","protected":false},"excerpt":{"rendered":"","protected":false},"featured_media":16753,"comment_status":"open","ping_status":"closed","template":"","meta":{"jetpack_post_was_ever_published":false,"jetpack_publicize_message":"","jetpack_publicize_feature_enabled":true,"jetpack_social_post_already_shared":false,"jetpack_social_options":{"image_generator_settings":{"template":"highway","default_image_id":0,"font":"","enabled":false},"version":2}},"product_brand":[],"product_cat":[46],"product_tag":[],"class_list":{"0":"post-16703","1":"product","2":"type-product","3":"status-publish","4":"has-post-thumbnail","6":"product_cat-nail-gel-kit","8":"first","9":"instock","10":"taxable","11":"shipping-taxable","12":"purchasable","13":"product-type-simple"},"jetpack_publicize_connections":[],"jetpack-related-posts":[{"id":20607,"url":"https:\/\/victoriavynn.ca\/fr\/product\/victoria-vynn-8-pack-promo-set-pomodoro-pure-262-267-base-top-free\/","url_meta":{"origin":16703,"position":0},"title":"Victoria VYNN 8 Pack Promo Set Pomodoro Pure 262-267 + Base &amp; Top Free","author":"Serge Sahakian","date":"f\u00e9vrier 7, 2025","format":false,"excerpt":"Victoria VYNN Hybrid Pure Creamy Gel Polish Pomodoro Collection. Une touche d\u00e9licate, une \u00e9nergie \u00e9lectrisante, une tension croissante - c'est la magie du flirt dans le monde des couleurs s\u00e9duisantes de POMODORO ! Le syst\u00e8me Pure Creamy Hybrid comprend des vernis hybrides cr\u00e9meux d'une couverture et d'une durabilit\u00e9 excellentes. Il s'agit d'une formule...","rel":"","context":"Similar post","block_context":{"text":"Similar post","link":""},"img":{"alt_text":"Victoria VYNN Pure Creamy Hybrid Pomodoro Collection No. 262-267 promotion","src":"https:\/\/i0.wp.com\/victoriavynn.ca\/wp-content\/uploads\/2025\/02\/victoria-vynn-pure-creamy-hybrid-pomodoro-collection-no.-262-267-promotion-.webp?fit=750%2C1000&ssl=1&resize=350%2C200","width":350,"height":200,"srcset":"https:\/\/i0.wp.com\/victoriavynn.ca\/wp-content\/uploads\/2025\/02\/victoria-vynn-pure-creamy-hybrid-pomodoro-collection-no.-262-267-promotion-.webp?fit=750%2C1000&ssl=1&resize=350%2C200 1x, https:\/\/i0.wp.com\/victoriavynn.ca\/wp-content\/uploads\/2025\/02\/victoria-vynn-pure-creamy-hybrid-pomodoro-collection-no.-262-267-promotion-.webp?fit=750%2C1000&ssl=1&resize=525%2C300 1.5x, https:\/\/i0.wp.com\/victoriavynn.ca\/wp-content\/uploads\/2025\/02\/victoria-vynn-pure-creamy-hybrid-pomodoro-collection-no.-262-267-promotion-.webp?fit=750%2C1000&ssl=1&resize=700%2C400 2x"},"classes":[]},{"id":3208,"url":"https:\/\/victoriavynn.ca\/fr\/product\/victoria-vynn-8-pack-wedding-collection-03\/","url_meta":{"origin":16703,"position":1},"title":"Victoria VYNN 8 Pack Promo Set Wedding Collection 03","author":"Serge Sahakian","date":"ao\u00fbt 18, 2022","format":false,"excerpt":"Gel Polish 263 - 266 + Pure Creamy Hybrid 178 - 181","rel":"","context":"Similar post","block_context":{"text":"Similar post","link":""},"img":{"alt_text":"","src":"https:\/\/i0.wp.com\/victoriavynn.ca\/wp-content\/uploads\/2022\/08\/8-pack-wedding-collection-03.jpeg?fit=753%2C753&ssl=1&resize=350%2C200","width":350,"height":200,"srcset":"https:\/\/i0.wp.com\/victoriavynn.ca\/wp-content\/uploads\/2022\/08\/8-pack-wedding-collection-03.jpeg?fit=753%2C753&ssl=1&resize=350%2C200 1x, https:\/\/i0.wp.com\/victoriavynn.ca\/wp-content\/uploads\/2022\/08\/8-pack-wedding-collection-03.jpeg?fit=753%2C753&ssl=1&resize=525%2C300 1.5x, https:\/\/i0.wp.com\/victoriavynn.ca\/wp-content\/uploads\/2022\/08\/8-pack-wedding-collection-03.jpeg?fit=753%2C753&ssl=1&resize=700%2C400 2x"},"classes":[]},{"id":3180,"url":"https:\/\/victoriavynn.ca\/fr\/product\/victoria-vynn-8-pack-kiss\/","url_meta":{"origin":16703,"position":2},"title":"Victoria VYNN 8 Pack Promo Set Kiss","author":"Serge Sahakian","date":"ao\u00fbt 18, 2022","format":false,"excerpt":"Hybride pur et cr\u00e9meux 154 - 161","rel":"","context":"Similar post","block_context":{"text":"Similar post","link":""},"img":{"alt_text":"","src":"https:\/\/i0.wp.com\/victoriavynn.ca\/wp-content\/uploads\/2022\/08\/8-pack-kiss.jpeg?fit=753%2C753&ssl=1&resize=350%2C200","width":350,"height":200,"srcset":"https:\/\/i0.wp.com\/victoriavynn.ca\/wp-content\/uploads\/2022\/08\/8-pack-kiss.jpeg?fit=753%2C753&ssl=1&resize=350%2C200 1x, https:\/\/i0.wp.com\/victoriavynn.ca\/wp-content\/uploads\/2022\/08\/8-pack-kiss.jpeg?fit=753%2C753&ssl=1&resize=525%2C300 1.5x, https:\/\/i0.wp.com\/victoriavynn.ca\/wp-content\/uploads\/2022\/08\/8-pack-kiss.jpeg?fit=753%2C753&ssl=1&resize=700%2C400 2x"},"classes":[]},{"id":3190,"url":"https:\/\/victoriavynn.ca\/fr\/product\/victoria-vynn-8-pack-neonlove-02\/","url_meta":{"origin":16703,"position":3},"title":"Victoria VYNN 8 Pack Promo Set Neon Love 02","author":"Serge Sahakian","date":"ao\u00fbt 18, 2022","format":false,"excerpt":"Pure Creamy Hybrid 202 - 205 + Mega Base Clear + Pure Base + Pure Top + Top Matt no wipe","rel":"","context":"Similar post","block_context":{"text":"Similar post","link":""},"img":{"alt_text":"","src":"https:\/\/i0.wp.com\/victoriavynn.ca\/wp-content\/uploads\/2022\/08\/8-pack-neonlove-02.jpeg?fit=753%2C753&ssl=1&resize=350%2C200","width":350,"height":200,"srcset":"https:\/\/i0.wp.com\/victoriavynn.ca\/wp-content\/uploads\/2022\/08\/8-pack-neonlove-02.jpeg?fit=753%2C753&ssl=1&resize=350%2C200 1x, https:\/\/i0.wp.com\/victoriavynn.ca\/wp-content\/uploads\/2022\/08\/8-pack-neonlove-02.jpeg?fit=753%2C753&ssl=1&resize=525%2C300 1.5x, https:\/\/i0.wp.com\/victoriavynn.ca\/wp-content\/uploads\/2022\/08\/8-pack-neonlove-02.jpeg?fit=753%2C753&ssl=1&resize=700%2C400 2x"},"classes":[]},{"id":3158,"url":"https:\/\/victoriavynn.ca\/fr\/product\/victoria-vynn-8-pack-blossom-chick\/","url_meta":{"origin":16703,"position":4},"title":"Victoria VYNN 8 Pack Promo Set Blossom Chick","author":"Serge Sahakian","date":"ao\u00fbt 18, 2022","format":false,"excerpt":"Hybride pur et cr\u00e9meux 190 - 197","rel":"","context":"Similar post","block_context":{"text":"Similar post","link":""},"img":{"alt_text":"","src":"https:\/\/i0.wp.com\/victoriavynn.ca\/wp-content\/uploads\/2022\/08\/8-pack-blossom-chick.jpeg?fit=753%2C753&ssl=1&resize=350%2C200","width":350,"height":200,"srcset":"https:\/\/i0.wp.com\/victoriavynn.ca\/wp-content\/uploads\/2022\/08\/8-pack-blossom-chick.jpeg?fit=753%2C753&ssl=1&resize=350%2C200 1x, https:\/\/i0.wp.com\/victoriavynn.ca\/wp-content\/uploads\/2022\/08\/8-pack-blossom-chick.jpeg?fit=753%2C753&ssl=1&resize=525%2C300 1.5x, https:\/\/i0.wp.com\/victoriavynn.ca\/wp-content\/uploads\/2022\/08\/8-pack-blossom-chick.jpeg?fit=753%2C753&ssl=1&resize=700%2C400 2x"},"classes":[]},{"id":3182,"url":"https:\/\/victoriavynn.ca\/fr\/product\/victoria-vynn-8-pack-kiss-intense\/","url_meta":{"origin":16703,"position":5},"title":"Victoria VYNN 8 Packs Promo Set Kiss Intense","author":"Serge Sahakian","date":"ao\u00fbt 18, 2022","format":false,"excerpt":"Hybride pur et cr\u00e9meux 214 - 221","rel":"","context":"Similar post","block_context":{"text":"Similar post","link":""},"img":{"alt_text":"","src":"https:\/\/i0.wp.com\/victoriavynn.ca\/wp-content\/uploads\/2022\/08\/8-pack-kiss-intense.jpeg?fit=753%2C753&ssl=1&resize=350%2C200","width":350,"height":200,"srcset":"https:\/\/i0.wp.com\/victoriavynn.ca\/wp-content\/uploads\/2022\/08\/8-pack-kiss-intense.jpeg?fit=753%2C753&ssl=1&resize=350%2C200 1x, https:\/\/i0.wp.com\/victoriavynn.ca\/wp-content\/uploads\/2022\/08\/8-pack-kiss-intense.jpeg?fit=753%2C753&ssl=1&resize=525%2C300 1.5x, https:\/\/i0.wp.com\/victoriavynn.ca\/wp-content\/uploads\/2022\/08\/8-pack-kiss-intense.jpeg?fit=753%2C753&ssl=1&resize=700%2C400 2x"},"classes":[]}],"jetpack_sharing_enabled":true,"_links":{"self":[{"href":"https:\/\/victoriavynn.ca\/fr\/wp-json\/wp\/v2\/product\/16703","targetHints":{"allow":["GET"]}}],"collection":[{"href":"https:\/\/victoriavynn.ca\/fr\/wp-json\/wp\/v2\/product"}],"about":[{"href":"https:\/\/victoriavynn.ca\/fr\/wp-json\/wp\/v2\/types\/product"}],"replies":[{"embeddable":true,"href":"https:\/\/victoriavynn.ca\/fr\/wp-json\/wp\/v2\/comments?post=16703"}],"wp:featuredmedia":[{"embeddable":true,"href":"https:\/\/victoriavynn.ca\/fr\/wp-json\/wp\/v2\/media\/16753"}],"wp:attachment":[{"href":"https:\/\/victoriavynn.ca\/fr\/wp-json\/wp\/v2\/media?parent=16703"}],"wp:term":[{"taxonomy":"product_brand","embeddable":true,"href":"https:\/\/victoriavynn.ca\/fr\/wp-json\/wp\/v2\/product_brand?post=16703"},{"taxonomy":"product_cat","embeddable":true,"href":"https:\/\/victoriavynn.ca\/fr\/wp-json\/wp\/v2\/product_cat?post=16703"},{"taxonomy":"product_tag","embeddable":true,"href":"https:\/\/victoriavynn.ca\/fr\/wp-json\/wp\/v2\/product_tag?post=16703"}],"curies":[{"name":"wp","href":"https:\/\/api.w.org\/{rel}","templated":true}]}}