{"id":1684,"date":"2020-03-17T19:13:38","date_gmt":"2020-03-17T23:13:38","guid":{"rendered":"https:\/\/victoriavynn.ca\/?post_type=product&#038;p=1684"},"modified":"2026-05-01T08:08:02","modified_gmt":"2026-05-01T12:08:02","slug":"boost-nail-repair-base-coat-2in1","status":"publish","type":"product","link":"https:\/\/victoriavynn.ca\/fr\/product\/boost-nail-repair-base-coat-2in1\/","title":{"rendered":"Vitamin Boost Base Nail Repair"},"content":{"rendered":"<p>Boost Base (Nail Repair Base Coat) est une base hybride 2en1 et un conditionneur pour les ongles naturels. La formule BOOST BASE contient des fibres de polyamide tr\u00e8s r\u00e9sistantes (Fiber Glass) qui renforcent la plaque de l'ongle naturel, et du calcium, des vitamines E et B5 qui r\u00e9g\u00e9n\u00e8rent les couches profondes des ongles pendant l'application. Gr\u00e2ce aux microparticules de fibres de verre contenues dans la formule Boost Base, les ongles deviennent plus flexibles, r\u00e9sistants aux cassures et aux fissures.<\/p>\n<ul>\n<li>renforce intens\u00e9ment les ongles fins et d\u00e9doubl\u00e9s<\/li>\n<li>Durcit instantan\u00e9ment les plaques d'ongles souples et les rend r\u00e9sistantes \u00e0 la rupture.<\/li>\n<li>r\u00e9g\u00e9n\u00e8re la plaque de l'ongle pendant l'application gr\u00e2ce aux vitamines contenues dans la formule<\/li>\n<li>cr\u00e9e une \"armure\" protectrice contre les facteurs externes nuisibles et destructeurs.<\/li>\n<li>comble parfaitement les irr\u00e9gularit\u00e9s, les microfissures de la surface de l'ongle<\/li>\n<li>prolonge la dur\u00e9e de vie et am\u00e9liore l'adh\u00e9rence de la manucure<\/li>\n<\/ul>\n<p><strong>Utilisation de la base Boost (Nail Repair Base Coat) :<\/strong><\/p>\n<ul>\n<li>Conditionneur - un traitement de renforcement jusqu'\u00e0 l'\u00e9limination des motifs<\/li>\n<li>Protection des ongles naturels<\/li>\n<li>Base sous le vernis hybride<\/li>\n<li>Prolonge la dur\u00e9e de la manucure sur les ongles endommag\u00e9s.<\/li>\n<\/ul>","protected":false},"excerpt":{"rendered":"<p>Boost Base (Nail Repair Base Coat) est une base hybride 2 en 1 et une vitamine pour les ongles naturels. La formule BOOST BASE contient des fibres de polyamide haute r\u00e9sistance (Fiber Glass) qui renforcent la plaque de l'ongle naturel, et du calcium, des vitamines E et B5 qui r\u00e9g\u00e9n\u00e8rent les couches profondes de l'ongle lors de l'application. Gr\u00e2ce aux microparticules de fibres de verre contenues dans la formule Boost Base, les ongles deviennent plus flexibles, r\u00e9sistants aux cassures et aux fissures.<\/p>\n<p>Sp\u00e9cifications du produit :<\/p>\n<p><img loading=\"lazy\" decoding=\"async\" class=\"size-full wp-image-53000 alignleft\" src=\"https:\/\/victoriavynn.ca\/wp-content\/uploads\/2026\/03\/regeneration-copy.webp\" alt=\"copie de r\u00e9g\u00e9n\u00e9ration\" width=\"125\" height=\"125\" srcset=\"https:\/\/i0.wp.com\/victoriavynn.ca\/wp-content\/uploads\/2026\/03\/regeneration-copy.webp?w=125&amp;ssl=1 125w, https:\/\/i0.wp.com\/victoriavynn.ca\/wp-content\/uploads\/2026\/03\/regeneration-copy.webp?resize=12%2C12&amp;ssl=1 12w, https:\/\/i0.wp.com\/victoriavynn.ca\/wp-content\/uploads\/2026\/03\/regeneration-copy.webp?resize=32%2C32&amp;ssl=1 32w, https:\/\/i0.wp.com\/victoriavynn.ca\/wp-content\/uploads\/2026\/03\/regeneration-copy.webp?resize=50%2C50&amp;ssl=1 50w, https:\/\/i0.wp.com\/victoriavynn.ca\/wp-content\/uploads\/2026\/03\/regeneration-copy.webp?resize=100%2C100&amp;ssl=1 100w, https:\/\/i0.wp.com\/victoriavynn.ca\/wp-content\/uploads\/2026\/03\/regeneration-copy.webp?resize=64%2C64&amp;ssl=1 64w\" sizes=\"auto, (max-width: 125px) 100vw, 125px\" \/> <img loading=\"lazy\" decoding=\"async\" class=\"size-full wp-image-52998 alignleft\" src=\"https:\/\/victoriavynn.ca\/wp-content\/uploads\/2026\/03\/reinforcement-copy.webp\" alt=\"copie de renforcement\" width=\"125\" height=\"125\" srcset=\"https:\/\/i0.wp.com\/victoriavynn.ca\/wp-content\/uploads\/2026\/03\/reinforcement-copy.webp?w=125&amp;ssl=1 125w, https:\/\/i0.wp.com\/victoriavynn.ca\/wp-content\/uploads\/2026\/03\/reinforcement-copy.webp?resize=12%2C12&amp;ssl=1 12w, https:\/\/i0.wp.com\/victoriavynn.ca\/wp-content\/uploads\/2026\/03\/reinforcement-copy.webp?resize=32%2C32&amp;ssl=1 32w, https:\/\/i0.wp.com\/victoriavynn.ca\/wp-content\/uploads\/2026\/03\/reinforcement-copy.webp?resize=50%2C50&amp;ssl=1 50w, https:\/\/i0.wp.com\/victoriavynn.ca\/wp-content\/uploads\/2026\/03\/reinforcement-copy.webp?resize=100%2C100&amp;ssl=1 100w, https:\/\/i0.wp.com\/victoriavynn.ca\/wp-content\/uploads\/2026\/03\/reinforcement-copy.webp?resize=64%2C64&amp;ssl=1 64w\" sizes=\"auto, (max-width: 125px) 100vw, 125px\" \/><img loading=\"lazy\" decoding=\"async\" class=\"size-full wp-image-8779 alignleft\" src=\"https:\/\/victoriavynn.ca\/wp-content\/uploads\/2022\/12\/FOR-LED-LAMP.webp\" alt=\"VERNIS GEL CR\u00c9MEUX\" width=\"125\" height=\"150\" \/><\/p>\n<p>&nbsp;<\/p>\n<p>&nbsp;<\/p>\n<p>&nbsp;<\/p>\n<p>&nbsp;<\/p>\n<p>&nbsp;<\/p>\n<p>&nbsp;<\/p>","protected":false},"featured_media":53013,"comment_status":"open","ping_status":"closed","template":"","meta":[],"product_brand":[922],"product_cat":[17,54,976],"product_tag":[90,977],"class_list":{"0":"post-1684","1":"product","2":"type-product","3":"status-publish","4":"has-post-thumbnail","6":"product_brand-victoria-vynn","7":"product_cat-professional-gel-nail-polish","8":"product_cat-best-professional-gel-base-coats","9":"product_cat-vitamin-boost-base","10":"product_tag-nail-preparations","11":"product_tag-vitamin-boost-base","12":"product_shipping_class-cardboard-box","13":"pa_size-15ml","14":"pa_size-8ml","16":"first","17":"instock","18":"taxable","19":"shipping-taxable","20":"purchasable","21":"product-type-variable"},"jetpack_sharing_enabled":true,"_links":{"self":[{"href":"https:\/\/victoriavynn.ca\/fr\/wp-json\/wp\/v2\/product\/1684","targetHints":{"allow":["GET"]}}],"collection":[{"href":"https:\/\/victoriavynn.ca\/fr\/wp-json\/wp\/v2\/product"}],"about":[{"href":"https:\/\/victoriavynn.ca\/fr\/wp-json\/wp\/v2\/types\/product"}],"replies":[{"embeddable":true,"href":"https:\/\/victoriavynn.ca\/fr\/wp-json\/wp\/v2\/comments?post=1684"}],"wp:featuredmedia":[{"embeddable":true,"href":"https:\/\/victoriavynn.ca\/fr\/wp-json\/wp\/v2\/media\/53013"}],"wp:attachment":[{"href":"https:\/\/victoriavynn.ca\/fr\/wp-json\/wp\/v2\/media?parent=1684"}],"wp:term":[{"taxonomy":"product_brand","embeddable":true,"href":"https:\/\/victoriavynn.ca\/fr\/wp-json\/wp\/v2\/product_brand?post=1684"},{"taxonomy":"product_cat","embeddable":true,"href":"https:\/\/victoriavynn.ca\/fr\/wp-json\/wp\/v2\/product_cat?post=1684"},{"taxonomy":"product_tag","embeddable":true,"href":"https:\/\/victoriavynn.ca\/fr\/wp-json\/wp\/v2\/product_tag?post=1684"}],"curies":[{"name":"wp","href":"https:\/\/api.w.org\/{rel}","templated":true}]}}