{"id":1690,"date":"2020-03-17T15:24:02","date_gmt":"2020-03-17T19:24:02","guid":{"rendered":"https:\/\/victoriavynn.ca\/?post_type=product&#038;p=1690"},"modified":"2026-03-30T21:59:12","modified_gmt":"2026-03-31T01:59:12","slug":"couche-de-base-a-tremper","status":"publish","type":"product","link":"https:\/\/victoriavynn.ca\/fr\/product\/base-coat-soak-off\/","title":{"rendered":"Base pour vernis \u00e0 ongles de salon (Soak Off)"},"content":{"rendered":"<p>Victoria VYNN Professional Base Coat Soak Off est une base de gel auto-nivelante \u00e0 faible viscosit\u00e9. Elle est purement utilis\u00e9e pour maximiser l'adh\u00e9sion du vernis gel \u00e0 la plaque \u00e0 ongles naturelle tout en la prot\u00e9geant contre la d\u00e9coloration. Elle nivelle et masque toute irr\u00e9gularit\u00e9 de la plaque \u00e0 ongles et cr\u00e9e une couche qui renforce la manucure.<\/p>\n<p>Mode d'emploi :<\/p>\n<ul>\n<li>Tenir \u00e0 l'\u00e9cart des enfants<\/li>\n<li>\u00c9viter le contact avec la peau et les yeux<\/li>\n<li>Utiliser comme pr\u00e9vu<\/li>\n<li>Ne pas utiliser en cas d'hypersensibilit\u00e9 \u00e0 l'un des ingr\u00e9dients du produit.<\/li>\n<li>En cas d'effet ind\u00e9sirable ou d'apparition d'une hypersensibilit\u00e9, par exemple une sensation de br\u00fblure, des d\u00e9mangeaisons, des rougeurs, etc.<\/li>\n<li>A utiliser uniquement sur une plaque d'ongle saine et non affaiblie.<\/li>\n<li>Pour un usage professionnel uniquement\n<div class=\"et_pb_row_inner et_pb_row_inner_6 price-button-woo\">\n<div class=\"et_pb_column et_pb_column_4_4 et_pb_column_inner et_pb_column_inner_9 et-last-child\"><\/div>\n<\/div>\n<\/li>\n<\/ul>","protected":false},"excerpt":{"rendered":"<p>Victoria VYNN Professional Base Coat Soak Off est une base de gel auto-nivelante \u00e0 faible viscosit\u00e9. Elle est purement utilis\u00e9e pour maximiser l'adh\u00e9sion du vernis gel \u00e0 la plaque \u00e0 ongles naturelle tout en la prot\u00e9geant contre la d\u00e9coloration. Elle nivelle et masque toute irr\u00e9gularit\u00e9 de la plaque \u00e0 ongles et cr\u00e9e une couche qui renforce la manucure.<\/p>","protected":false},"featured_media":7910,"comment_status":"open","ping_status":"closed","template":"","meta":{"jetpack_post_was_ever_published":false,"jetpack_publicize_message":"","jetpack_publicize_feature_enabled":true,"jetpack_social_post_already_shared":false,"jetpack_social_options":{"image_generator_settings":{"template":"highway","default_image_id":0,"font":"","enabled":false},"version":2}},"product_brand":[],"product_cat":[17,54],"product_tag":[90],"class_list":{"0":"post-1690","1":"product","2":"type-product","3":"status-publish","4":"has-post-thumbnail","6":"product_cat-professional-gel-nail-polish","7":"product_cat-best-professional-gel-base-coats","8":"product_tag-nail-preparations","9":"product_shipping_class-cardboard-box","10":"pa_size-8ml","12":"first","13":"outofstock","14":"taxable","15":"shipping-taxable","16":"purchasable","17":"product-type-simple"},"jetpack_publicize_connections":[],"jetpack-related-posts":[{"id":1692,"url":"https:\/\/victoriavynn.ca\/fr\/product\/top-coat-soak-off\/","url_meta":{"origin":1690,"position":0},"title":"Vernis gel de salon Soak Off Top Coat","author":"Serge Sahakian","date":"mars 17, 2020","format":false,"excerpt":"Victoria VYNN Professional Top Coat Soak Off est un gel top autonivelant \u00e0 faible viscosit\u00e9. Il donne une finition dure sans abrasion, sans matage et sans endommager le vernis en gel. Il scelle le style et prot\u00e8ge les couleurs du jaunissement. Donne une brillance intense et durable jusqu'\u00e0 4 semaines. Contient des filtres UV...","rel":"","context":"Similar post","block_context":{"text":"Similar post","link":""},"img":{"alt_text":"top coat soak off","src":"https:\/\/i0.wp.com\/victoriavynn.ca\/wp-content\/uploads\/2020\/03\/top-coat-soak-off.png?fit=1000%2C1000&ssl=1&resize=350%2C200","width":350,"height":200,"srcset":"https:\/\/i0.wp.com\/victoriavynn.ca\/wp-content\/uploads\/2020\/03\/top-coat-soak-off.png?fit=1000%2C1000&ssl=1&resize=350%2C200 1x, https:\/\/i0.wp.com\/victoriavynn.ca\/wp-content\/uploads\/2020\/03\/top-coat-soak-off.png?fit=1000%2C1000&ssl=1&resize=525%2C300 1.5x, https:\/\/i0.wp.com\/victoriavynn.ca\/wp-content\/uploads\/2020\/03\/top-coat-soak-off.png?fit=1000%2C1000&ssl=1&resize=700%2C400 2x"},"classes":[]},{"id":2904,"url":"https:\/\/victoriavynn.ca\/fr\/product\/gel-polish-remover-soak-off-manicure\/","url_meta":{"origin":1690,"position":1},"title":"Remover Soak Off Manicure","author":"Serge Sahakian","date":"ao\u00fbt 18, 2022","format":false,"excerpt":"Victoria VYNN Gel Polish Remover Soak Off Manicure enl\u00e8ve efficacement le vernis hybride en 10 minutes.  Contient de l'huile de macadamia et de la vitamine E, qui ont un effet tr\u00e8s positif sur la peau et la plaque de l'ongle : hydratent, renforcent et tonifient.","rel":"","context":"Similar post","block_context":{"text":"Similar post","link":""},"img":{"alt_text":"gel polish remover soak off","src":"https:\/\/i0.wp.com\/victoriavynn.ca\/wp-content\/uploads\/2022\/08\/gel-polish-remover-soak-off.png?fit=1000%2C1000&ssl=1&resize=350%2C200","width":350,"height":200,"srcset":"https:\/\/i0.wp.com\/victoriavynn.ca\/wp-content\/uploads\/2022\/08\/gel-polish-remover-soak-off.png?fit=1000%2C1000&ssl=1&resize=350%2C200 1x, https:\/\/i0.wp.com\/victoriavynn.ca\/wp-content\/uploads\/2022\/08\/gel-polish-remover-soak-off.png?fit=1000%2C1000&ssl=1&resize=525%2C300 1.5x, https:\/\/i0.wp.com\/victoriavynn.ca\/wp-content\/uploads\/2022\/08\/gel-polish-remover-soak-off.png?fit=1000%2C1000&ssl=1&resize=700%2C400 2x"},"classes":[]},{"id":52698,"url":"https:\/\/victoriavynn.ca\/fr\/product\/victoria-vynn-pure-creamy-hybrid-gel-polish-no-269-pink-cell\/","url_meta":{"origin":1690,"position":2},"title":"Victoria VYNN Pure Creamy Hybrid Gel Polish No. 269 Pink Cell","author":"Serge Sahakian","date":"mars 20, 2026","format":false,"excerpt":"Discover the elegance of Victoria VYNN Pure Creamy Hybrid Gel Polish No. 269 Pink Cell, a professional hybrid gel polish designed for smooth application, rich color payoff, and long-lasting salon-quality results. Its creamy, medium-thick formula and modern fan-shaped brush allow for precise, even coverage, making it ideal for both full\u2026","rel":"","context":"Similar post","block_context":{"text":"Similar post","link":""},"img":{"alt_text":"pure vegan creamy 269","src":"https:\/\/i0.wp.com\/victoriavynn.ca\/wp-content\/uploads\/2026\/03\/pure-vegan-creamy-269.webp?fit=750%2C1000&ssl=1&resize=350%2C200","width":350,"height":200,"srcset":"https:\/\/i0.wp.com\/victoriavynn.ca\/wp-content\/uploads\/2026\/03\/pure-vegan-creamy-269.webp?fit=750%2C1000&ssl=1&resize=350%2C200 1x, https:\/\/i0.wp.com\/victoriavynn.ca\/wp-content\/uploads\/2026\/03\/pure-vegan-creamy-269.webp?fit=750%2C1000&ssl=1&resize=525%2C300 1.5x, https:\/\/i0.wp.com\/victoriavynn.ca\/wp-content\/uploads\/2026\/03\/pure-vegan-creamy-269.webp?fit=750%2C1000&ssl=1&resize=700%2C400 2x"},"classes":[]},{"id":52696,"url":"https:\/\/victoriavynn.ca\/fr\/product\/victoria-vynn-pure-creamy-hybrid-gel-polish-no-268-almost-pink\/","url_meta":{"origin":1690,"position":3},"title":"Victoria VYNN Pure Creamy Hybrid Gel Polish No. 268 Almost Pink","author":"Serge Sahakian","date":"mars 20, 2026","format":false,"excerpt":"Victoria VYNN Pure Vegan 268 Almost Pink est un vernis gel hybride cr\u00e9meux avec une teinte douce et \u00e9l\u00e9gante, une application douce et des r\u00e9sultats professionnels de longue dur\u00e9e. Sp\u00e9cifications du produit : \u00a0 \u00a0 \u00a0 \u00a0 \u00a0 \u00a0","rel":"","context":"Similar post","block_context":{"text":"Similar post","link":""},"img":{"alt_text":"","src":"https:\/\/i0.wp.com\/victoriavynn.ca\/wp-content\/uploads\/2026\/03\/pure-vegan-creamy-268.webp?fit=750%2C1000&ssl=1&resize=350%2C200","width":350,"height":200,"srcset":"https:\/\/i0.wp.com\/victoriavynn.ca\/wp-content\/uploads\/2026\/03\/pure-vegan-creamy-268.webp?fit=750%2C1000&ssl=1&resize=350%2C200 1x, https:\/\/i0.wp.com\/victoriavynn.ca\/wp-content\/uploads\/2026\/03\/pure-vegan-creamy-268.webp?fit=750%2C1000&ssl=1&resize=525%2C300 1.5x, https:\/\/i0.wp.com\/victoriavynn.ca\/wp-content\/uploads\/2026\/03\/pure-vegan-creamy-268.webp?fit=750%2C1000&ssl=1&resize=700%2C400 2x"},"classes":[]},{"id":52676,"url":"https:\/\/victoriavynn.ca\/fr\/product\/victoria-vynn-insta-gel\/","url_meta":{"origin":1690,"position":4},"title":"Gel Insta Victoria VYNN","author":"Serge Sahakian","date":"mars 20, 2026","format":false,"excerpt":"Victoria VYNN Insta Gel est con\u00e7u pour une application rapide et efficace, aidant les proth\u00e9sistes ongulaires \u00e0 fournir des r\u00e9sultats rapides, impeccables et brillants avec un temps de service r\u00e9duit. Sp\u00e9cifications du produit : \u00a0 \u00a0 \u00a0 \u00a0 \u00a0 \u00a0","rel":"","context":"Similar post","block_context":{"text":"Similar post","link":""},"img":{"alt_text":"victoria vynn insta gel 01","src":"https:\/\/i0.wp.com\/victoriavynn.ca\/wp-content\/uploads\/2026\/03\/victoria-vynn-insta-gel-01.webp?fit=750%2C1000&ssl=1&resize=350%2C200","width":350,"height":200,"srcset":"https:\/\/i0.wp.com\/victoriavynn.ca\/wp-content\/uploads\/2026\/03\/victoria-vynn-insta-gel-01.webp?fit=750%2C1000&ssl=1&resize=350%2C200 1x, https:\/\/i0.wp.com\/victoriavynn.ca\/wp-content\/uploads\/2026\/03\/victoria-vynn-insta-gel-01.webp?fit=750%2C1000&ssl=1&resize=525%2C300 1.5x, https:\/\/i0.wp.com\/victoriavynn.ca\/wp-content\/uploads\/2026\/03\/victoria-vynn-insta-gel-01.webp?fit=750%2C1000&ssl=1&resize=700%2C400 2x"},"classes":[]},{"id":52716,"url":"https:\/\/victoriavynn.ca\/fr\/product\/victoria-vynn-pure-vegan-gel-polish-no-277-pinkment\/","url_meta":{"origin":1690,"position":5},"title":"Victoria VYNN Pure Creamy Hybrid Gel Polish No. 277 PINKment","author":"Serge Sahakian","date":"mars 20, 2026","format":false,"excerpt":"Add a playful yet sophisticated touch to your manicure with Victoria VYNN Pure Creamy Hybrid Gel Polish No. 277 PINKment, a trendy pink shade designed for modern, expressive nail styling. Its creamy, medium-thick consistency ensures smooth, streak-free coverage, while the fan-shaped precision brush allows for effortless, controlled application. Created for\u2026","rel":"","context":"Similar post","block_context":{"text":"Similar post","link":""},"img":{"alt_text":"pure vegan creamy 277","src":"https:\/\/i0.wp.com\/victoriavynn.ca\/wp-content\/uploads\/2026\/03\/pure-vegan-creamy-277.webp?fit=750%2C1000&ssl=1&resize=350%2C200","width":350,"height":200,"srcset":"https:\/\/i0.wp.com\/victoriavynn.ca\/wp-content\/uploads\/2026\/03\/pure-vegan-creamy-277.webp?fit=750%2C1000&ssl=1&resize=350%2C200 1x, https:\/\/i0.wp.com\/victoriavynn.ca\/wp-content\/uploads\/2026\/03\/pure-vegan-creamy-277.webp?fit=750%2C1000&ssl=1&resize=525%2C300 1.5x, https:\/\/i0.wp.com\/victoriavynn.ca\/wp-content\/uploads\/2026\/03\/pure-vegan-creamy-277.webp?fit=750%2C1000&ssl=1&resize=700%2C400 2x"},"classes":[]}],"jetpack_sharing_enabled":true,"_links":{"self":[{"href":"https:\/\/victoriavynn.ca\/fr\/wp-json\/wp\/v2\/product\/1690","targetHints":{"allow":["GET"]}}],"collection":[{"href":"https:\/\/victoriavynn.ca\/fr\/wp-json\/wp\/v2\/product"}],"about":[{"href":"https:\/\/victoriavynn.ca\/fr\/wp-json\/wp\/v2\/types\/product"}],"replies":[{"embeddable":true,"href":"https:\/\/victoriavynn.ca\/fr\/wp-json\/wp\/v2\/comments?post=1690"}],"wp:featuredmedia":[{"embeddable":true,"href":"https:\/\/victoriavynn.ca\/fr\/wp-json\/wp\/v2\/media\/7910"}],"wp:attachment":[{"href":"https:\/\/victoriavynn.ca\/fr\/wp-json\/wp\/v2\/media?parent=1690"}],"wp:term":[{"taxonomy":"product_brand","embeddable":true,"href":"https:\/\/victoriavynn.ca\/fr\/wp-json\/wp\/v2\/product_brand?post=1690"},{"taxonomy":"product_cat","embeddable":true,"href":"https:\/\/victoriavynn.ca\/fr\/wp-json\/wp\/v2\/product_cat?post=1690"},{"taxonomy":"product_tag","embeddable":true,"href":"https:\/\/victoriavynn.ca\/fr\/wp-json\/wp\/v2\/product_tag?post=1690"}],"curies":[{"name":"wp","href":"https:\/\/api.w.org\/{rel}","templated":true}]}}