{"id":1692,"date":"2020-03-17T15:25:45","date_gmt":"2020-03-17T19:25:45","guid":{"rendered":"https:\/\/victoriavynn.ca\/?post_type=product&#038;p=1692"},"modified":"2026-03-09T19:16:22","modified_gmt":"2026-03-09T23:16:22","slug":"top-coat-soak-off","status":"publish","type":"product","link":"https:\/\/victoriavynn.ca\/fr\/product\/top-coat-soak-off\/","title":{"rendered":"Vernis gel de salon Soak Off Top Coat"},"content":{"rendered":"<div class=\"et_pb_section et_pb_section_8 my-row4 et_section_specialty\">\n<div class=\"et_pb_row et_pb_gutters3\">\n<div class=\"et_pb_column et_pb_column_1_2 et_pb_column_14 et_pb_specialty_column et_pb_css_mix_blend_mode_passthrough\">\n<div class=\"et_pb_row_inner et_pb_row_inner_6 price-button-woo\">\n<div class=\"et_pb_column et_pb_column_4_4 et_pb_column_inner et_pb_column_inner_9 et-last-child\">\n<div class=\"et_pb_module et_pb_woopro_price et_pb_woopro_price_1\">\n<div class=\"et_pb_module_inner\">\n<div class=\"et_pb_section et_pb_section_8 my-row4 et_section_specialty\">\n<div class=\"et_pb_row et_pb_gutters3\">\n<div class=\"et_pb_column et_pb_column_1_2 et_pb_column_14 et_pb_specialty_column et_pb_css_mix_blend_mode_passthrough\">\n<div class=\"et_pb_row_inner et_pb_row_inner_5 et_pb_row_1-4_1-4\">\n<div class=\"et_pb_column et_pb_column_1_4 et_pb_column_inner et_pb_column_inner_8\">\n<div class=\"et_pb_module et_pb_text et_pb_text_16 et_pb_bg_layout_light et_pb_text_align_left\">\n<div class=\"et_pb_text_inner\">Victoria VYNN Professional Top Coat Soak Off est un gel top autonivelant \u00e0 faible viscosit\u00e9. Il donne une finition dure sans abrasion, sans matage et sans endommager le vernis en gel. Il scelle le style et prot\u00e8ge les couleurs du jaunissement. Il donne une brillance intense et durable jusqu'\u00e0 4 semaines. Contient des filtres UV et une couche collante apr\u00e8s le durcissement.<\/div>\n<\/div>\n<div><\/div>\n<div>Mode d'emploi :<\/div>\n<\/div>\n<\/div>\n<\/div>\n<\/div>\n<\/div>\n<div class=\"et_pb_section et_pb_section_9 et_section_regular\">\n<div class=\"et_pb_row et_pb_row_7\">\n<ul>\n<li>Tenir \u00e0 l'\u00e9cart des enfants<\/li>\n<li>\u00c9viter le contact avec la peau et les yeux<\/li>\n<li>Utiliser comme pr\u00e9vu<\/li>\n<li>Ne pas utiliser en cas d'hypersensibilit\u00e9 \u00e0 l'un des ingr\u00e9dients du produit.<\/li>\n<li>En cas d'effet ind\u00e9sirable ou d'apparition d'une hypersensibilit\u00e9, par exemple une sensation de br\u00fblure, des d\u00e9mangeaisons, des rougeurs, etc.<\/li>\n<li>A utiliser uniquement sur une plaque d'ongle saine et non affaiblie.<\/li>\n<li>Pour un usage professionnel uniquement<\/li>\n<\/ul>\n<\/div>\n<\/div>\n<\/div>\n<\/div>\n<div class=\"et_pb_module et_pb_woopro_add_to_cart et_pb_woopro_add_to_cart_1 hide-quantity\">\n<div class=\"et_pb_module_inner\"><\/div>\n<\/div>\n<\/div>\n<\/div>\n<\/div>\n<\/div>\n<\/div>\n<div class=\"et_pb_section et_pb_section_9 et_section_regular\">\n<div class=\"et_pb_row et_pb_row_7\"><\/div>\n<\/div>","protected":false},"excerpt":{"rendered":"<p>Victoria VYNN Professional Top Coat Soak Off est un gel top autonivelant \u00e0 faible viscosit\u00e9. Il donne une finition dure sans abrasion, sans matage et sans endommager le vernis en gel. Il scelle le style et prot\u00e8ge les couleurs du jaunissement. Il donne une brillance intense et durable jusqu'\u00e0 4 semaines. Contient des filtres UV et une couche collante apr\u00e8s le durcissement.<\/p>","protected":false},"featured_media":7919,"comment_status":"open","ping_status":"closed","template":"","meta":{"jetpack_post_was_ever_published":false,"jetpack_publicize_message":"","jetpack_publicize_feature_enabled":true,"jetpack_social_post_already_shared":false,"jetpack_social_options":{"image_generator_settings":{"template":"highway","default_image_id":0,"font":"","enabled":false},"version":2}},"product_brand":[],"product_cat":[17,55],"product_tag":[90],"class_list":{"0":"post-1692","1":"product","2":"type-product","3":"status-publish","4":"has-post-thumbnail","6":"product_cat-professional-gel-nail-polish","7":"product_cat-best-gel-top-coats","8":"product_tag-nail-preparations","9":"product_shipping_class-cardboard-box","10":"pa_size-8ml","12":"first","13":"instock","14":"taxable","15":"shipping-taxable","16":"purchasable","17":"product-type-simple"},"jetpack_publicize_connections":[],"jetpack-related-posts":[{"id":1690,"url":"https:\/\/victoriavynn.ca\/fr\/product\/base-coat-soak-off\/","url_meta":{"origin":1692,"position":0},"title":"Base pour vernis \u00e0 ongles de salon (Soak Off)","author":"Serge Sahakian","date":"mars 17, 2020","format":false,"excerpt":"Victoria VYNN Professional Base Coat Soak Off est une base de gel autonivelante \u00e0 faible viscosit\u00e9. Elle est utilis\u00e9e uniquement pour maximiser l'adh\u00e9rence du vernis en gel \u00e0 la plaque de l'ongle naturel tout en la prot\u00e9geant contre la d\u00e9coloration. Elle nivelle et masque toutes les irr\u00e9gularit\u00e9s de la plaque de l'ongle et cr\u00e9e une...","rel":"","context":"Similar post","block_context":{"text":"Similar post","link":""},"img":{"alt_text":"base coat soak off","src":"https:\/\/i0.wp.com\/victoriavynn.ca\/wp-content\/uploads\/2020\/03\/base-coat-soak-off.png?fit=1000%2C1000&ssl=1&resize=350%2C200","width":350,"height":200,"srcset":"https:\/\/i0.wp.com\/victoriavynn.ca\/wp-content\/uploads\/2020\/03\/base-coat-soak-off.png?fit=1000%2C1000&ssl=1&resize=350%2C200 1x, https:\/\/i0.wp.com\/victoriavynn.ca\/wp-content\/uploads\/2020\/03\/base-coat-soak-off.png?fit=1000%2C1000&ssl=1&resize=525%2C300 1.5x, https:\/\/i0.wp.com\/victoriavynn.ca\/wp-content\/uploads\/2020\/03\/base-coat-soak-off.png?fit=1000%2C1000&ssl=1&resize=700%2C400 2x"},"classes":[]},{"id":24383,"url":"https:\/\/victoriavynn.ca\/fr\/product\/victoria-vynn-color-chart-cherry-on-top-gel-polish-423-429-on-top-coat\/","url_meta":{"origin":1692,"position":1},"title":"Victoria VYNN Color Chart Cherry on Top Gel Polish 423-429 + On Top Coat","author":"Serge Sahakian","date":"septembre 16, 2025","format":false,"excerpt":"Cherry on Top - un m\u00e9lange d\u00e9cadent de teintes inspir\u00e9es des desserts, des nougats cr\u00e9meux aux brownies p\u00e9tillants.","rel":"","context":"Similar post","block_context":{"text":"Similar post","link":""},"img":{"alt_text":"victoria vynn cherry on top color chart","src":"https:\/\/i0.wp.com\/victoriavynn.ca\/wp-content\/uploads\/2025\/09\/victoria-vynn-cherry-on-top-color-chart-.webp?fit=750%2C1000&ssl=1&resize=350%2C200","width":350,"height":200,"srcset":"https:\/\/i0.wp.com\/victoriavynn.ca\/wp-content\/uploads\/2025\/09\/victoria-vynn-cherry-on-top-color-chart-.webp?fit=750%2C1000&ssl=1&resize=350%2C200 1x, https:\/\/i0.wp.com\/victoriavynn.ca\/wp-content\/uploads\/2025\/09\/victoria-vynn-cherry-on-top-color-chart-.webp?fit=750%2C1000&ssl=1&resize=525%2C300 1.5x, https:\/\/i0.wp.com\/victoriavynn.ca\/wp-content\/uploads\/2025\/09\/victoria-vynn-cherry-on-top-color-chart-.webp?fit=750%2C1000&ssl=1&resize=700%2C400 2x"},"classes":[]},{"id":24452,"url":"https:\/\/victoriavynn.ca\/fr\/product\/victoria-vynn-8-pack-cherry-on-top-gel-polish-423-429-free-on-top-top-coat-no-wipe\/","url_meta":{"origin":1692,"position":2},"title":"Victoria VYNN 8 Pack Cherry on Top Gel Polish 423-429 + Free On Top Top Coat No Wipe","author":"Serge Sahakian","date":"septembre 17, 2025","format":false,"excerpt":"La collection Cherry on Top de Victoria Vynn est une gamme de vernis gels inspir\u00e9s de desserts, sans TPO, m\u00e9langeant des neutres cr\u00e9meux, des bruns riches et des tons de cerise avec une brillance longue dur\u00e9e. Termin\u00e9e par un top coat scintillant \"On Top\", c'est la fa\u00e7on la plus douce d'ajouter de l'\u00e9l\u00e9gance et de l'indulgence \u00e0 toute manucure. Collection : Cherry on Top L'ensemble...","rel":"","context":"Similar post","block_context":{"text":"Similar post","link":""},"img":{"alt_text":"victoria vynn hcerry on top pack of 7+1","src":"https:\/\/i0.wp.com\/victoriavynn.ca\/wp-content\/uploads\/2025\/09\/victoria-vynn-hcerry-on-top-pack-of-71-.webp?fit=750%2C1000&ssl=1&resize=350%2C200","width":350,"height":200,"srcset":"https:\/\/i0.wp.com\/victoriavynn.ca\/wp-content\/uploads\/2025\/09\/victoria-vynn-hcerry-on-top-pack-of-71-.webp?fit=750%2C1000&ssl=1&resize=350%2C200 1x, https:\/\/i0.wp.com\/victoriavynn.ca\/wp-content\/uploads\/2025\/09\/victoria-vynn-hcerry-on-top-pack-of-71-.webp?fit=750%2C1000&ssl=1&resize=525%2C300 1.5x, https:\/\/i0.wp.com\/victoriavynn.ca\/wp-content\/uploads\/2025\/09\/victoria-vynn-hcerry-on-top-pack-of-71-.webp?fit=750%2C1000&ssl=1&resize=700%2C400 2x"},"classes":[]},{"id":21236,"url":"https:\/\/victoriavynn.ca\/fr\/product\/victoria-vynn-5-pack-forget-me-nude-gel-polish-400-403-top-coat-oh-my-gloss-8ml-free\/","url_meta":{"origin":1692,"position":3},"title":"Victoria VYNN 5 Pack Forget me Nude Gel Polish 400-403 &amp; Top Coat Oh ! My Gloss 8ml Gratuit","author":"Serge Sahakian","date":"mars 19, 2025","format":false,"excerpt":"La collection Forget-Me-Nude Gel Polish de Victoria Vynn se compose de teintes nude semi-transparentes et de couleurs Cat Eye \u00e0 la mode, inspir\u00e9es par le naturel de la nudit\u00e9 et la d\u00e9licatesse sensuelle des fleurs. Que vous souhaitiez cr\u00e9er un look quotidien minimaliste ou que vous recherchiez une manucure unique pour...","rel":"","context":"Similar post","block_context":{"text":"Similar post","link":""},"img":{"alt_text":"Victoria VYNN 5 Pack Set Forget Me Nude 8ml Set 1 copy","src":"https:\/\/i0.wp.com\/victoriavynn.ca\/wp-content\/uploads\/2025\/03\/victoria-vynn-5-pack-set-forget-me-nude-8ml-set-1-copy.webp?fit=750%2C1000&ssl=1&resize=350%2C200","width":350,"height":200,"srcset":"https:\/\/i0.wp.com\/victoriavynn.ca\/wp-content\/uploads\/2025\/03\/victoria-vynn-5-pack-set-forget-me-nude-8ml-set-1-copy.webp?fit=750%2C1000&ssl=1&resize=350%2C200 1x, https:\/\/i0.wp.com\/victoriavynn.ca\/wp-content\/uploads\/2025\/03\/victoria-vynn-5-pack-set-forget-me-nude-8ml-set-1-copy.webp?fit=750%2C1000&ssl=1&resize=525%2C300 1.5x, https:\/\/i0.wp.com\/victoriavynn.ca\/wp-content\/uploads\/2025\/03\/victoria-vynn-5-pack-set-forget-me-nude-8ml-set-1-copy.webp?fit=750%2C1000&ssl=1&resize=700%2C400 2x"},"classes":[]},{"id":24367,"url":"https:\/\/victoriavynn.ca\/fr\/product\/victoria-vynn-gel-polish-no-427-cat-eye-sparkle-brownie\/","url_meta":{"origin":1692,"position":4},"title":"Victoria VYNN Gel Polish No. 427 Cat Eye Sparkle Brownie","author":"Serge Sahakian","date":"septembre 16, 2025","format":false,"excerpt":"Le vernis en gel n\u00b0 426 \u201cMocha \u00c9clair\u201d est un riche brun caf\u00e9 avec un effet chat-eye scintillant, donnant aux ongles un aspect brillant et glac\u00e9 au chocolat. Avec sa formule auto-nivelante, son s\u00e9chage UV\/LED et son retrait facile par trempage, c'est le m\u00e9lange parfait d'\u00e9l\u00e9gance et de drame dans la collection Cherry on Top. Collection : Cherry on Top Collection Cherry on Top...","rel":"","context":"Similar post","block_context":{"text":"Similar post","link":""},"img":{"alt_text":"victoria vynn salon gel polish cherry on top collection sparkle brownie 427","src":"https:\/\/i0.wp.com\/victoriavynn.ca\/wp-content\/uploads\/2025\/09\/victoria-vynn-salon-gel-polish-cherry-on-top-collection-sparkle-brownie-427.webp?fit=750%2C1000&ssl=1&resize=350%2C200","width":350,"height":200,"srcset":"https:\/\/i0.wp.com\/victoriavynn.ca\/wp-content\/uploads\/2025\/09\/victoria-vynn-salon-gel-polish-cherry-on-top-collection-sparkle-brownie-427.webp?fit=750%2C1000&ssl=1&resize=350%2C200 1x, https:\/\/i0.wp.com\/victoriavynn.ca\/wp-content\/uploads\/2025\/09\/victoria-vynn-salon-gel-polish-cherry-on-top-collection-sparkle-brownie-427.webp?fit=750%2C1000&ssl=1&resize=525%2C300 1.5x, https:\/\/i0.wp.com\/victoriavynn.ca\/wp-content\/uploads\/2025\/09\/victoria-vynn-salon-gel-polish-cherry-on-top-collection-sparkle-brownie-427.webp?fit=750%2C1000&ssl=1&resize=700%2C400 2x"},"classes":[]},{"id":24369,"url":"https:\/\/victoriavynn.ca\/fr\/product\/victoria-vynn-gel-polish-no-426-mocha-eclair\/","url_meta":{"origin":1692,"position":5},"title":"Victoria VYNN Gel Polish No. 426 Mocha \u00c9clair","author":"Serge Sahakian","date":"septembre 16, 2025","format":false,"excerpt":"Le vernis en gel n\u00b0 426 \"Mocha \u00c9clair\" est un riche brun caf\u00e9 avec un effet chat-eye scintillant, donnant aux ongles un aspect brillant, glac\u00e9 au chocolat. Avec sa formule auto-nivelante, son s\u00e9chage UV\/LED et son retrait facile par trempage, c'est le m\u00e9lange parfait d'\u00e9l\u00e9gance et de drame dans la collection Cherry on Top. Collection : Cherry on Top Cherry on...","rel":"","context":"Similar post","block_context":{"text":"Similar post","link":""},"img":{"alt_text":"victoria vynn salon gel polish cherry on top collection mocha eclaire 426","src":"https:\/\/i0.wp.com\/victoriavynn.ca\/wp-content\/uploads\/2025\/09\/victoria-vynn-salon-gel-polish-cherry-on-top-collection-mocha-eclaire-426.webp?fit=750%2C1000&ssl=1&resize=350%2C200","width":350,"height":200,"srcset":"https:\/\/i0.wp.com\/victoriavynn.ca\/wp-content\/uploads\/2025\/09\/victoria-vynn-salon-gel-polish-cherry-on-top-collection-mocha-eclaire-426.webp?fit=750%2C1000&ssl=1&resize=350%2C200 1x, https:\/\/i0.wp.com\/victoriavynn.ca\/wp-content\/uploads\/2025\/09\/victoria-vynn-salon-gel-polish-cherry-on-top-collection-mocha-eclaire-426.webp?fit=750%2C1000&ssl=1&resize=525%2C300 1.5x, https:\/\/i0.wp.com\/victoriavynn.ca\/wp-content\/uploads\/2025\/09\/victoria-vynn-salon-gel-polish-cherry-on-top-collection-mocha-eclaire-426.webp?fit=750%2C1000&ssl=1&resize=700%2C400 2x"},"classes":[]}],"jetpack_sharing_enabled":true,"_links":{"self":[{"href":"https:\/\/victoriavynn.ca\/fr\/wp-json\/wp\/v2\/product\/1692","targetHints":{"allow":["GET"]}}],"collection":[{"href":"https:\/\/victoriavynn.ca\/fr\/wp-json\/wp\/v2\/product"}],"about":[{"href":"https:\/\/victoriavynn.ca\/fr\/wp-json\/wp\/v2\/types\/product"}],"replies":[{"embeddable":true,"href":"https:\/\/victoriavynn.ca\/fr\/wp-json\/wp\/v2\/comments?post=1692"}],"wp:featuredmedia":[{"embeddable":true,"href":"https:\/\/victoriavynn.ca\/fr\/wp-json\/wp\/v2\/media\/7919"}],"wp:attachment":[{"href":"https:\/\/victoriavynn.ca\/fr\/wp-json\/wp\/v2\/media?parent=1692"}],"wp:term":[{"taxonomy":"product_brand","embeddable":true,"href":"https:\/\/victoriavynn.ca\/fr\/wp-json\/wp\/v2\/product_brand?post=1692"},{"taxonomy":"product_cat","embeddable":true,"href":"https:\/\/victoriavynn.ca\/fr\/wp-json\/wp\/v2\/product_cat?post=1692"},{"taxonomy":"product_tag","embeddable":true,"href":"https:\/\/victoriavynn.ca\/fr\/wp-json\/wp\/v2\/product_tag?post=1692"}],"curies":[{"name":"wp","href":"https:\/\/api.w.org\/{rel}","templated":true}]}}