{"id":1694,"date":"2020-03-17T19:30:05","date_gmt":"2020-03-17T23:30:05","guid":{"rendered":"https:\/\/victoriavynn.ca\/?post_type=product&#038;p=1694"},"modified":"2026-04-07T21:05:18","modified_gmt":"2026-04-08T01:05:18","slug":"liant-non-acide","status":"publish","type":"product","link":"https:\/\/victoriavynn.ca\/fr\/product\/non-acid-bonder\/","title":{"rendered":"Ruban adh\u00e9sif pour vernis \u00e0 ongles de salon"},"content":{"rendered":"<p>Victoria VYNN Tape Bond est un produit sans acide qui augmente l'adh\u00e9sion des produits \u00e0 la plaque de l'ongle naturel. Le Non Acid Bonder est la base de tout le design, il fusionne parfaitement les ongles naturels avec une base hybride, gel ou acrylique-gel.<\/p>\n<ul>\n<li>Ne n\u00e9cessite pas de matage de la plaque \u00e0 ongles<\/li>\n<li>Combine la plaque naturelle de l'ongle avec la couche de base, c'est une base pour l'ensemble du design.<\/li>\n<li class=\"p1\">Un appr\u00eat sans acide, qui n'attaque pas la plaque de l'ongle.<\/li>\n<li class=\"p1\">Laisse une couche collante sur la plaque de l'ongle apr\u00e8s l'application.<\/li>\n<li>Ne doit pas \u00eatre utilis\u00e9 avec une lampe !<\/li>\n<li>Attendez 30 secondes avant d'appliquer la couche de base<\/li>\n<\/ul>\n<p>Victoria VYNN, la marque de vernis \u00e0 gel la plus vendue au Canada, fournit aux proth\u00e9sistes ongulaires et aux professionnels des produits de haute qualit\u00e9 pour cr\u00e9er des finitions \u00e9tonnantes de nail art. V\u00e9rifiez notre site fr\u00e9quemment pour les nouveaux produits !<\/p>","protected":false},"excerpt":{"rendered":"<p>Victoria VYNN Tape Bond est un produit sans acide qui augmente l'adh\u00e9sion des produits \u00e0 la plaque de l'ongle naturel. Le Non Acid Bonder est la base de tout le design, il fusionne parfaitement les ongles naturels avec une base hybride, gel ou acrylique-gel.<\/p>\n<p>Victoria VYNN, la marque de vernis \u00e0 gel la plus vendue au Canada, fournit aux proth\u00e9sistes ongulaires et aux professionnels des produits de haute qualit\u00e9 pour cr\u00e9er des finitions \u00e9tonnantes de nail art. V\u00e9rifiez notre site fr\u00e9quemment pour les nouveaux produits !<\/p>","protected":false},"featured_media":17389,"comment_status":"open","ping_status":"closed","template":"","meta":{"jetpack_post_was_ever_published":false,"jetpack_publicize_message":"","jetpack_publicize_feature_enabled":true,"jetpack_social_post_already_shared":false,"jetpack_social_options":{"image_generator_settings":{"template":"highway","default_image_id":0,"font":"","enabled":false},"version":2}},"product_brand":[],"product_cat":[25,49,17,53],"product_tag":[90],"class_list":{"0":"post-1694","1":"product","2":"type-product","3":"status-publish","4":"has-post-thumbnail","6":"product_cat-gel-acrylic-nails","7":"product_cat-gel-manicure-preparations","8":"product_cat-professional-gel-nail-polish","9":"product_cat-gel-nail-preps","10":"product_tag-nail-preparations","11":"product_shipping_class-cardboard-box","12":"pa_size-15ml","13":"pa_size-8ml","15":"first","16":"instock","17":"taxable","18":"shipping-taxable","19":"purchasable","20":"product-type-variable","21":"wvs-archive-product-wrapper"},"jetpack_publicize_connections":[],"jetpack-related-posts":[{"id":11612,"url":"https:\/\/victoriavynn.ca\/fr\/product\/victoria-vynn-best-gel-polish-starter-kit\/","url_meta":{"origin":1694,"position":0},"title":"Victoria VYNN Salon Gel Polish Starter Kit (Pack de 5)","author":"Serge Sahakian","date":"avril 27, 2023","format":false,"excerpt":"Le meilleur kit de d\u00e9marrage pour Gel Polish avec la qualit\u00e9 Premium Salon ! Le kit est compos\u00e9 de 5 produits les plus vendus dans le syst\u00e8me de vernis en gel de salon : Pr\u00e9paration pour ongles de salon Tape Bond Mega Rubber Base Coat Top Coat No Wipe Gloss Sp\u00e9cifications du produit :          ...","rel":"","context":"With 1 comment","block_context":{"text":"With 1 comment","link":"https:\/\/victoriavynn.ca\/fr\/product\/victoria-vynn-best-gel-polish-starter-kit\/#comments"},"img":{"alt_text":"Victoria VYNN Best Gel Polish Starter Kit","src":"https:\/\/i0.wp.com\/victoriavynn.ca\/wp-content\/uploads\/2023\/04\/Gel-Polish-Starter-Pack.webp?fit=750%2C1000&ssl=1&resize=350%2C200","width":350,"height":200,"srcset":"https:\/\/i0.wp.com\/victoriavynn.ca\/wp-content\/uploads\/2023\/04\/Gel-Polish-Starter-Pack.webp?fit=750%2C1000&ssl=1&resize=350%2C200 1x, https:\/\/i0.wp.com\/victoriavynn.ca\/wp-content\/uploads\/2023\/04\/Gel-Polish-Starter-Pack.webp?fit=750%2C1000&ssl=1&resize=525%2C300 1.5x, https:\/\/i0.wp.com\/victoriavynn.ca\/wp-content\/uploads\/2023\/04\/Gel-Polish-Starter-Pack.webp?fit=750%2C1000&ssl=1&resize=700%2C400 2x"},"classes":[]},{"id":48323,"url":"https:\/\/victoriavynn.ca\/fr\/product\/victoria-vynn-starter-kit-7-2-free\/","url_meta":{"origin":1694,"position":1},"title":"Victoria VYNN 9 Pack Starter Kit 2026","author":"Serge Sahakian","date":"f\u00e9vrier 6, 2026","format":false,"excerpt":"Que contient le pack de 9 ? \u2714 PR\u00c9PARATION Salon Nail Prep 15 ml - D\u00e9shydrate efficacement la plaque de l'ongle naturel pour une adh\u00e9rence maximale. Gel Polish Tape Bond 8 ml - Primaire d'adh\u00e9rence sans acide pour une tenue longue dur\u00e9e. \u2714 BASE SYSTEM Boost Base Clearell 8 ml - Base renfor\u00e7ante autonivelante. Mega Base Cold...","rel":"","context":"Similar post","block_context":{"text":"Similar post","link":""},"img":{"alt_text":"victoria vynn 9 pack","src":"https:\/\/i0.wp.com\/victoriavynn.ca\/wp-content\/uploads\/2026\/02\/victoria-vynn-9-pack-.webp?fit=750%2C1000&ssl=1&resize=350%2C200","width":350,"height":200,"srcset":"https:\/\/i0.wp.com\/victoriavynn.ca\/wp-content\/uploads\/2026\/02\/victoria-vynn-9-pack-.webp?fit=750%2C1000&ssl=1&resize=350%2C200 1x, https:\/\/i0.wp.com\/victoriavynn.ca\/wp-content\/uploads\/2026\/02\/victoria-vynn-9-pack-.webp?fit=750%2C1000&ssl=1&resize=525%2C300 1.5x, https:\/\/i0.wp.com\/victoriavynn.ca\/wp-content\/uploads\/2026\/02\/victoria-vynn-9-pack-.webp?fit=750%2C1000&ssl=1&resize=700%2C400 2x"},"classes":[]},{"id":11322,"url":"https:\/\/victoriavynn.ca\/fr\/product\/soft-gel-tips-primer-acid-free\/","url_meta":{"origin":1694,"position":2},"title":"Victoria VYNN Soft Gel Tips Primer 15ml","author":"Serge Sahakian","date":"avril 13, 2023","format":false,"excerpt":"Victoria VYNN Soft Gel Tips Primer sans acide, essentiel pour garantir l'adh\u00e9rence des motifs SOFT GEL TIPS. En appliquant une fine couche sur une plaque naturelle et sur la face inf\u00e9rieure des tips, vous \u00eates assur\u00e9 d'obtenir un dessin durable. Il est sans danger pour les ongles naturels sensibles. \u00c9tape 2 de la pr\u00e9paration. Sp\u00e9cifications du produit :      ...","rel":"","context":"Similar post","block_context":{"text":"Similar post","link":""},"img":{"alt_text":"Soft Gel Tips Primer Acid Free","src":"https:\/\/i0.wp.com\/victoriavynn.ca\/wp-content\/uploads\/2023\/04\/Soft-Gel-Tips-Primer-Acid-Free.webp?fit=750%2C1000&ssl=1&resize=350%2C200","width":350,"height":200,"srcset":"https:\/\/i0.wp.com\/victoriavynn.ca\/wp-content\/uploads\/2023\/04\/Soft-Gel-Tips-Primer-Acid-Free.webp?fit=750%2C1000&ssl=1&resize=350%2C200 1x, https:\/\/i0.wp.com\/victoriavynn.ca\/wp-content\/uploads\/2023\/04\/Soft-Gel-Tips-Primer-Acid-Free.webp?fit=750%2C1000&ssl=1&resize=525%2C300 1.5x, https:\/\/i0.wp.com\/victoriavynn.ca\/wp-content\/uploads\/2023\/04\/Soft-Gel-Tips-Primer-Acid-Free.webp?fit=750%2C1000&ssl=1&resize=700%2C400 2x"},"classes":[]},{"id":11320,"url":"https:\/\/victoriavynn.ca\/fr\/product\/soft-gel-tips-preparation-kit-4-pieces-set\/","url_meta":{"origin":1694,"position":3},"title":"Victoria VYNN Soft Gel Tips Preparation Kit (4 Pieces Set)","author":"Serge Sahakian","date":"avril 13, 2023","format":false,"excerpt":"Victoria VYNN Soft Gel Tips Preparation Kit est un ensemble de pr\u00e9parations pour l'application de Soft Gel Tips. Le kit comprend le Nail Prep, le Acid-Free Primer, le Tips Gel et le Top Coat No Wipe. Etapes 1 \u00e0 4 de la pr\u00e9paration. Sp\u00e9cifications du produit : \u00a0 \u00a0 \u00a0 \u00a0 \u00a0 \u00a0 \u00a0","rel":"","context":"Similar post","block_context":{"text":"Similar post","link":""},"img":{"alt_text":"Soft Gel Tips Preparation Kit","src":"https:\/\/i0.wp.com\/victoriavynn.ca\/wp-content\/uploads\/2023\/04\/Soft-Gel-Tips-Preparation-Kit-.webp?fit=750%2C1000&ssl=1&resize=350%2C200","width":350,"height":200,"srcset":"https:\/\/i0.wp.com\/victoriavynn.ca\/wp-content\/uploads\/2023\/04\/Soft-Gel-Tips-Preparation-Kit-.webp?fit=750%2C1000&ssl=1&resize=350%2C200 1x, https:\/\/i0.wp.com\/victoriavynn.ca\/wp-content\/uploads\/2023\/04\/Soft-Gel-Tips-Preparation-Kit-.webp?fit=750%2C1000&ssl=1&resize=525%2C300 1.5x, https:\/\/i0.wp.com\/victoriavynn.ca\/wp-content\/uploads\/2023\/04\/Soft-Gel-Tips-Preparation-Kit-.webp?fit=750%2C1000&ssl=1&resize=700%2C400 2x"},"classes":[]},{"id":541,"url":"https:\/\/victoriavynn.ca\/fr\/product\/primer-acid\/","url_meta":{"origin":1694,"position":4},"title":"Acide primaire","author":"Serge Sahakian","date":"novembre 24, 2019","format":false,"excerpt":"Victoria VYNN Primer Acid est un produit acide avec un effet mordant. Il est destin\u00e9 aux ongles exigeants. Il lie fortement la plaque de l'ongle avec une base hybride, gel ou acrylique-gel. La marque de vernis gel la plus vendue au Canada, Victoria VYNN, fournit aux proth\u00e9sistes ongulaires et aux professionnels des produits de haute qualit\u00e9 pour les ongles...","rel":"","context":"Similar post","block_context":{"text":"Similar post","link":""},"img":{"alt_text":"victoria vynn salon primer","src":"https:\/\/i0.wp.com\/victoriavynn.ca\/wp-content\/uploads\/2019\/11\/victoria-vynn-salon-primer.webp?fit=750%2C1000&ssl=1&resize=350%2C200","width":350,"height":200,"srcset":"https:\/\/i0.wp.com\/victoriavynn.ca\/wp-content\/uploads\/2019\/11\/victoria-vynn-salon-primer.webp?fit=750%2C1000&ssl=1&resize=350%2C200 1x, https:\/\/i0.wp.com\/victoriavynn.ca\/wp-content\/uploads\/2019\/11\/victoria-vynn-salon-primer.webp?fit=750%2C1000&ssl=1&resize=525%2C300 1.5x, https:\/\/i0.wp.com\/victoriavynn.ca\/wp-content\/uploads\/2019\/11\/victoria-vynn-salon-primer.webp?fit=750%2C1000&ssl=1&resize=700%2C400 2x"},"classes":[]},{"id":52722,"url":"https:\/\/victoriavynn.ca\/fr\/product\/victoria-vynn-vitamin-boost-base-nail-repair-clearell-12-ml\/","url_meta":{"origin":1694,"position":5},"title":"Victoria VYNN Vitamin BOOST BASE Nail Repair Clearell 12 ml","author":"Serge Sahakian","date":"mars 20, 2026","format":false,"excerpt":"Experience the next level of nail strength and performance with Victoria VYNN Vitamin Boost Base Clearell. A fiber-infused strengthening base enriched with calcium, Vitamin E, and B5, designed to repair, reinforce, and extend the durability of every manicure. Perfect for professional nail technicians seeking speed, precision, and flawless adhesion. Product\u2026","rel":"","context":"Similar post","block_context":{"text":"Similar post","link":""},"img":{"alt_text":"","src":"https:\/\/i0.wp.com\/victoriavynn.ca\/wp-content\/uploads\/2026\/03\/boost-gel-clearelle-12-ml-jar.webp?fit=750%2C1000&ssl=1&resize=350%2C200","width":350,"height":200,"srcset":"https:\/\/i0.wp.com\/victoriavynn.ca\/wp-content\/uploads\/2026\/03\/boost-gel-clearelle-12-ml-jar.webp?fit=750%2C1000&ssl=1&resize=350%2C200 1x, https:\/\/i0.wp.com\/victoriavynn.ca\/wp-content\/uploads\/2026\/03\/boost-gel-clearelle-12-ml-jar.webp?fit=750%2C1000&ssl=1&resize=525%2C300 1.5x, https:\/\/i0.wp.com\/victoriavynn.ca\/wp-content\/uploads\/2026\/03\/boost-gel-clearelle-12-ml-jar.webp?fit=750%2C1000&ssl=1&resize=700%2C400 2x"},"classes":[]}],"jetpack_sharing_enabled":true,"_links":{"self":[{"href":"https:\/\/victoriavynn.ca\/fr\/wp-json\/wp\/v2\/product\/1694","targetHints":{"allow":["GET"]}}],"collection":[{"href":"https:\/\/victoriavynn.ca\/fr\/wp-json\/wp\/v2\/product"}],"about":[{"href":"https:\/\/victoriavynn.ca\/fr\/wp-json\/wp\/v2\/types\/product"}],"replies":[{"embeddable":true,"href":"https:\/\/victoriavynn.ca\/fr\/wp-json\/wp\/v2\/comments?post=1694"}],"wp:featuredmedia":[{"embeddable":true,"href":"https:\/\/victoriavynn.ca\/fr\/wp-json\/wp\/v2\/media\/17389"}],"wp:attachment":[{"href":"https:\/\/victoriavynn.ca\/fr\/wp-json\/wp\/v2\/media?parent=1694"}],"wp:term":[{"taxonomy":"product_brand","embeddable":true,"href":"https:\/\/victoriavynn.ca\/fr\/wp-json\/wp\/v2\/product_brand?post=1694"},{"taxonomy":"product_cat","embeddable":true,"href":"https:\/\/victoriavynn.ca\/fr\/wp-json\/wp\/v2\/product_cat?post=1694"},{"taxonomy":"product_tag","embeddable":true,"href":"https:\/\/victoriavynn.ca\/fr\/wp-json\/wp\/v2\/product_tag?post=1694"}],"curies":[{"name":"wp","href":"https:\/\/api.w.org\/{rel}","templated":true}]}}